{"id":82404,"date":"2024-12-06T13:42:45","date_gmt":"2024-12-06T13:42:45","guid":{"rendered":"https:\/\/www.headshop.nl\/?post_type=product&#038;p=82404"},"modified":"2025-11-18T14:37:55","modified_gmt":"2025-11-18T14:37:55","slug":"all-in-one-kratom","status":"publish","type":"product","link":"https:\/\/www.headshop.nl\/pl\/all-in-one-kratom\/","title":{"rendered":"All in One Kratom"},"content":{"rendered":"<h2>Co to jest Kratopia All in One Kratom?<\/h2>\n<p>Kratopia All in One Kratom to wyj\u0105tkowa i zr\u00f3wnowa\u017cona mieszanka r\u00f3\u017cnych rodzaj\u00f3w Kratom, w tym odmian Green, Red i White Vein, z dodatkow\u0105 moc\u0105 Maeng Da. Ta starannie opracowana mieszanka \u0142\u0105czy w sobie zalety wszystkich typ\u00f3w Kratom, zapewniaj\u0105c kompleksowy zakres efekt\u00f3w. Niezale\u017cnie od tego, czy szukasz energii, relaksu, czy ulgi w b\u00f3lu, Kratopia All in One Kratom oferuje elastyczne doznania, w zale\u017cno\u015bci od osobistego stanu u\u017cytkownika i dawki.<\/p>\n<p>Sk\u0142ad tej mieszanki uwzgl\u0119dnia r\u00f3\u017cne czynniki, takie jak \u015brodowisko, w kt\u00f3rym rosn\u0105 drzewa Kratom, czas zbior\u00f3w i spos\u00f3b przetwarzania li\u015bci. Ka\u017cdy element przyczynia si\u0119 do ko\u0144cowych efekt\u00f3w, kt\u00f3rych mo\u017cesz do\u015bwiadczy\u0107. Przy odpowiednim dawkowaniu u\u017cytkownicy mog\u0105 do\u015bwiadczy\u0107 wszystkiego, od \u0142agodnej stymulacji po pe\u0142ne odpr\u0119\u017cenie, dzi\u0119ki czemu jest to wszechstronna opcja dla os\u00f3b poszukuj\u0105cych r\u00f3\u017cnych rezultat\u00f3w w r\u00f3\u017cnym czasie.<\/p>\n<p>Kratopia All in One Kratom to nie tylko mieszanka li\u015bci; to przemy\u015blane po\u0142\u0105czenie, kt\u00f3re zaspokaja potrzeby zar\u00f3wno pocz\u0105tkuj\u0105cych, jak i do\u015bwiadczonych u\u017cytkownik\u00f3w. Dzi\u0119ki unikalnemu sk\u0142adowi mo\u017ce pom\u00f3c ludziom radzi\u0107 sobie ze stresem, poprawi\u0107 poziom energii, a nawet z\u0142agodzi\u0107 b\u00f3l, wszystko w zale\u017cno\u015bci od sposobu u\u017cycia.<\/p>\n<hr \/>\n<h2>Historia Kratopia All in One Kratom<\/h2>\n<p>Historia Kratopia All in One Kratom rozpoczyna si\u0119 od d\u0142ugiej tradycji stosowania Kratom w Azji Po\u0142udniowo-Wschodniej, gdzie od wiek\u00f3w jest on stosowany jako naturalny \u015brodek na r\u00f3\u017cne dolegliwo\u015bci. Ro\u015blina ta, znana naukowo jako <em>Mitragyna speciosa<\/em>by\u0142 stosowany ze wzgl\u0119du na swoje dzia\u0142anie stymuluj\u0105ce i przeciwb\u00f3lowe. Kratom sta\u0142 si\u0119 bardziej popularny w ostatnich latach, szczeg\u00f3lnie w krajach zachodnich, poniewa\u017c ludzie szukaj\u0105 naturalnych alternatyw do radzenia sobie z b\u00f3lem, stresem i zm\u0119czeniem.<\/p>\n<p>Kratopia, jako marka, wy\u0142oni\u0142a si\u0119 z rosn\u0105cego zainteresowania Kratom, maj\u0105c na celu stworzenie wszechstronnej mieszanki, kt\u00f3ra maksymalizuje korzy\u015bci p\u0142yn\u0105ce z r\u00f3\u017cnorodnych szczep\u00f3w Kratom. \u0141\u0105cz\u0105c Green, Red i White Vein Kratom wraz z Maeng Da, Kratopia All in One Kratom oferuje produkt, kt\u00f3ry zapewnia szereg efekt\u00f3w. Celem firmy jest zapewnienie u\u017cytkownikom wysokiej jako\u015bci, zr\u00f3wnowa\u017conych dozna\u0144 z Kratom, bez wzgl\u0119du na ich poziom do\u015bwiadczenia z produktami Kratom.<\/p>\n<p>Przez ca\u0142y okres opracowywania, Kratopia All in One Kratom przeszed\u0142 starann\u0105 formu\u0142\u0119, aby zapewni\u0107 sp\u00f3jne, niezawodne wyniki, z idealn\u0105 r\u00f3wnowag\u0105 efekt\u00f3w stymuluj\u0105cych i uspokajaj\u0105cych. Z biegiem czasu marka zyska\u0142a reputacj\u0119 producenta produktu, kt\u00f3ry dzia\u0142a dla szerokiego grona u\u017cytkownik\u00f3w.<\/p>\n<hr \/>\n<h2>Jak korzysta\u0107 z Kratopia All in One Kratom<\/h2>\n<p>Korzystanie z Kratopia All in One Kratom jest proste i nieskomplikowane. Na pocz\u0105tek nale\u017cy odmierzy\u0107 po\u017c\u0105dan\u0105 dawk\u0119, zazwyczaj od 4 do 5 gram\u00f3w, w zale\u017cno\u015bci od poziomu do\u015bwiadczenia i po\u017c\u0105danych efekt\u00f3w. Mo\u017cna to zrobi\u0107 za pomoc\u0105 ma\u0142ej wagi lub \u0142y\u017cki specyficznej dla Kratom.<\/p>\n<p>Po odmierzeniu dawki Kratom, najcz\u0119stszym sposobem jego spo\u017cycia jest zmieszanie go z fili\u017cank\u0105 gor\u0105cej wody lub herbaty. Aby uzyska\u0107 \u0142agodniejszy smak i zamaskowa\u0107 ziemisty posmak Kratom, mo\u017cna doda\u0107 odrobin\u0119 miodu lub innego s\u0142odzika. Dobrze wymieszaj i pij herbat\u0119 powoli, aby umo\u017cliwi\u0107 rozpocz\u0119cie dzia\u0142ania.<\/p>\n<p>Efekty stosowania Kratopia All in One Kratom mog\u0105 si\u0119 r\u00f3\u017cni\u0107 w zale\u017cno\u015bci od indywidualnej masy cia\u0142a, wra\u017cliwo\u015bci i zastosowanej dawki. Wa\u017cne jest, aby zacz\u0105\u0107 od ma\u0142ej dawki, je\u015bli dopiero zaczynasz stosowa\u0107 Kratom lub je\u015bli nie masz pewno\u015bci, jak zareaguje Tw\u00f3j organizm. Pami\u0119taj, \u017ce dzi\u0119ki Kratopia All in One Kratom do\u015bwiadczenie jest wysoce konfigurowalne - dostosuj dawk\u0119, aby znale\u017a\u0107 odpowiedni\u0105 r\u00f3wnowag\u0119 dla swoich potrzeb.<\/p>\n<hr \/>\n<h2>Sk\u0142adniki Kratopia All in One Kratom<\/h2>\n<p>G\u0142\u00f3wnym sk\u0142adnikiem Kratopia All in One Kratom jest <em>Mitragyna speciosa<\/em>to botaniczna nazwa Kratom. Ro\u015blina ta pochodzi z po\u0142udniowo-wschodniej Azji, gdzie jej li\u015bcie s\u0105 zbierane i suszone w celu wykorzystania ich r\u00f3\u017cnych w\u0142a\u015bciwo\u015bci. Kratopia All in One Kratom powstaje poprzez po\u0142\u0105czenie trzech podstawowych rodzaj\u00f3w \u017cy\u0142 Kratom: Zielonej, Czerwonej i Bia\u0142ej, z kt\u00f3rych ka\u017cda oferuje w\u0142asny, unikalny zestaw efekt\u00f3w.<\/p>\n<p>Green Vein Kratom jest znany ze swojego zr\u00f3wnowa\u017conego dzia\u0142ania, zapewniaj\u0105c \u0142agodn\u0105 stymulacj\u0119, jednocze\u015bnie promuj\u0105c skupienie i energi\u0119. Red Vein Kratom, z drugiej strony, jest bardziej uspokajaj\u0105ca i cz\u0119sto stosowana do \u0142agodzenia b\u00f3lu i relaksu. White Vein Kratom jest uznawany za swoje w\u0142a\u015bciwo\u015bci energetyzuj\u0105ce i zdolno\u015b\u0107 do poprawy jasno\u015bci umys\u0142u. Dodatek Maeng Da Kratom, znanego ze swojej silnej mocy i zdolno\u015bci do wzmacniania efekt\u00f3w innych szczep\u00f3w, nadaje mieszance dodatkowy impuls, dzi\u0119ki czemu Kratopia All in One Kratom jest pot\u0119\u017cn\u0105 mieszank\u0105.<\/p>\n<p>Sk\u0142adniki te s\u0105 precyzyjnie pozyskiwane i mieszane, dzi\u0119ki czemu ka\u017cda partia Kratopia All in One Kratom zapewnia u\u017cytkownikom sp\u00f3jne, niezawodne rezultaty.<\/p>\n<hr \/>\n<p><strong>Ostrze\u017cenie:<\/strong><\/p>\n<p>Korzystanie z Kratopia All in One Kratom jest ograniczone do os\u00f3b powy\u017cej 18 roku \u017cycia. Produkt nale\u017cy przechowywa\u0107 w miejscu niedost\u0119pnym dla dzieci. Kratom nale\u017cy stosowa\u0107 odpowiedzialnie i z umiarem. Zawsze skonsultuj si\u0119 z lekarzem przed rozpocz\u0119ciem stosowania jakiegokolwiek nowego suplementu, zw\u0142aszcza je\u015bli jeste\u015b w ci\u0105\u017cy, karmisz piersi\u0105 lub masz jakiekolwiek schorzenia.<\/p>","protected":false},"excerpt":{"rendered":"<p>Kratopia All in One Kratom to pot\u0119\u017cna mieszanka Green, Red i White Vein Kratom, wzbogacona odrobin\u0105 Maeng Da. Ta wszechstronna mieszanka oferuje szereg efekt\u00f3w, od \u0142agodzenia b\u00f3lu po zastrzyk energii, relaks i redukcj\u0119 stresu. Dostosuj swoje doznania za pomoc\u0105 odpowiedniej dawki, poniewa\u017c efekty mog\u0105 si\u0119 r\u00f3\u017cni\u0107 w zale\u017cno\u015bci od indywidualnych okoliczno\u015bci.<\/p>","protected":false},"featured_media":82407,"template":"","meta":[],"product_brand":[],"product_cat":[817,297,389,390,407,405,384],"product_tag":[],"class_list":{"0":"post-82404","1":"product","2":"type-product","3":"status-publish","4":"has-post-thumbnail","6":"product_cat-kratopia","7":"product_cat-all-products","8":"product_cat-herbs","9":"product_cat-kratom","10":"product_cat-medicinal-herbs","11":"product_cat-relax-herbs","12":"product_cat-smartshop","13":"product_shipping_class-group-7","15":"first","16":"instock","17":"taxable","18":"shipping-taxable","19":"purchasable","20":"product-type-variable","21":"has-default-attributes"},"_links":{"self":[{"href":"https:\/\/www.headshop.nl\/pl\/wp-json\/wp\/v2\/product\/82404","targetHints":{"allow":["GET"]}}],"collection":[{"href":"https:\/\/www.headshop.nl\/pl\/wp-json\/wp\/v2\/product"}],"about":[{"href":"https:\/\/www.headshop.nl\/pl\/wp-json\/wp\/v2\/types\/product"}],"wp:featuredmedia":[{"embeddable":true,"href":"https:\/\/www.headshop.nl\/pl\/wp-json\/wp\/v2\/media\/82407"}],"wp:attachment":[{"href":"https:\/\/www.headshop.nl\/pl\/wp-json\/wp\/v2\/media?parent=82404"}],"wp:term":[{"taxonomy":"product_brand","embeddable":true,"href":"https:\/\/www.headshop.nl\/pl\/wp-json\/wp\/v2\/product_brand?post=82404"},{"taxonomy":"product_cat","embeddable":true,"href":"https:\/\/www.headshop.nl\/pl\/wp-json\/wp\/v2\/product_cat?post=82404"},{"taxonomy":"product_tag","embeddable":true,"href":"https:\/\/www.headshop.nl\/pl\/wp-json\/wp\/v2\/product_tag?post=82404"}],"curies":[{"name":"wp","href":"https:\/\/api.w.org\/{rel}","templated":true}]}}