{"id":82381,"date":"2024-12-06T12:29:39","date_gmt":"2024-12-06T12:29:39","guid":{"rendered":"https:\/\/www.headshop.nl\/?post_type=product&#038;p=82381"},"modified":"2025-10-31T08:52:13","modified_gmt":"2025-10-31T08:52:13","slug":"shiitake-extract-capsules","status":"publish","type":"product","link":"https:\/\/www.headshop.nl\/pl\/shiitake-extract-capsules\/","title":{"rendered":"Kapsu\u0142ki z ekstraktem z shiitake"},"content":{"rendered":"<h2>Czym s\u0105 McMyco Shiitake Capsules?<\/h2>\n<p>McMyco Shiitake Capsules to wysokiej jako\u015bci suplement diety zawieraj\u0105cy 100% ekstraktu z grzyb\u00f3w Shiitake, wzbogacony witamin\u0105 C i cynkiem w celu dodatkowego wsparcia uk\u0142adu odporno\u015bciowego. Kapsu\u0142ki s\u0105 wykonane z owocnika grzyba Shiitake (Lentinula edodes), kt\u00f3ry jest znany ze swoich licznych korzy\u015bci zdrowotnych. Grzyby te s\u0105 nie tylko cenione w zastosowaniach kulinarnych, ale s\u0105 r\u00f3wnie\u017c cenione w medycynie tradycyjnej za ich zdolno\u015b\u0107 do promowania dobrego samopoczucia.<\/p>\n<p>Kapsu\u0142ki zawieraj\u0105 ekstrakt o pe\u0142nym spektrum dzia\u0142ania, co oznacza, \u017ce zosta\u0142 zaprojektowany w celu zachowania szerokiej gamy korzystnych zwi\u0105zk\u00f3w wyst\u0119puj\u0105cych w grzybach, takich jak beta-glukany i polisacharydy. Uwa\u017ca si\u0119, \u017ce zwi\u0105zki te wzmacniaj\u0105 funkcje odporno\u015bciowe, poprawiaj\u0105 zdrowie jelit i zmniejszaj\u0105 stan zapalny. Opr\u00f3cz tych aktywnych sk\u0142adnik\u00f3w, ka\u017cda kapsu\u0142ka jest r\u00f3wnie\u017c wzmocniona witamin\u0105 C, kt\u00f3ra pomaga chroni\u0107 kom\u00f3rki przed uszkodzeniem oksydacyjnym i pomaga we wch\u0142anianiu \u017celaza, oraz cynkiem, kt\u00f3ry wspomaga funkcje poznawcze i normaln\u0105 aktywno\u015b\u0107 uk\u0142adu odporno\u015bciowego.<\/p>\n<hr \/>\n<h2>Historia grzyb\u00f3w shiitake<\/h2>\n<p>Grzyby Shiitake maj\u0105 d\u0142ug\u0105 histori\u0119 w Azji Wschodniej, szczeg\u00f3lnie w Chinach i Japonii, gdzie s\u0105 uprawiane od ponad tysi\u0105ca lat. Grzyby Shiitake, znane jako \"kr\u00f3l grzyb\u00f3w\", s\u0142yn\u0105 nie tylko z bogatego smaku umami, ale tak\u017ce ze swoich w\u0142a\u015bciwo\u015bci leczniczych. W staro\u017cytnych Chinach by\u0142 on stosowany w leczeniu r\u00f3\u017cnych dolegliwo\u015bci, od niedobor\u00f3w uk\u0142adu odporno\u015bciowego po problemy trawienne. Grzyby te by\u0142y cz\u0119sto zarezerwowane dla elity ze wzgl\u0119du na ich postrzegane w\u0142a\u015bciwo\u015bci lecznicze.<\/p>\n<p>Uprawa Shiitake rozpocz\u0119\u0142a si\u0119 w Japonii, gdzie uprawiano je na k\u0142odach w lasach, co jest praktyk\u0105 kontynuowan\u0105 do dzi\u015b. Z czasem grzyby Shiitake rozprzestrzeni\u0142y si\u0119 na ca\u0142ym \u015bwiecie, zyskuj\u0105c popularno\u015b\u0107 zar\u00f3wno ze wzgl\u0119du na ich wszechstronno\u015b\u0107 kulinarn\u0105, jak i potencjalne korzy\u015bci zdrowotne. Obecnie badania naukowe potwierdzaj\u0105 wiele tradycyjnych zastosowa\u0144 Shiitake, w tym jego zdolno\u015b\u0107 do wzmacniania funkcji odporno\u015bciowych, promowania zdrowia jelit i zmniejszania stanu zapalnego.<\/p>\n<hr \/>\n<h2>Jak u\u017cywa\u0107 McMyco Shiitake Capsules<\/h2>\n<p>Aby w pe\u0142ni wykorzysta\u0107 dzia\u0142anie McMyco Shiitake Capsules, zaleca si\u0119 przyjmowanie jednej kapsu\u0142ki dwa razy dziennie podczas posi\u0142ku, popijaj\u0105c wod\u0105. Taka dawka umo\u017cliwia organizmowi prawid\u0142owe wch\u0142anianie sk\u0142adnik\u00f3w aktywnych w celu uzyskania maksymalnych korzy\u015bci. Niezale\u017cnie od tego, czy chcesz wzmocni\u0107 sw\u00f3j uk\u0142ad odporno\u015bciowy, czy poprawi\u0107 zdrowie uk\u0142adu trawiennego, kluczem jest konsekwencja. Kapsu\u0142ki s\u0105 \u0142atwe do w\u0142\u0105czenia do codziennej rutyny i mog\u0105 by\u0107 przyjmowane razem z innymi suplementami w celu uzyskania optymalnych korzy\u015bci zdrowotnych.<\/p>\n<p>Podczas stosowania kapsu\u0142ek wa\u017cne jest, aby przestrzega\u0107 zalecanej dawki. Przyjmowanie wi\u0119kszej ni\u017c sugerowana ilo\u015bci niekoniecznie zapewni dodatkowe korzy\u015bci i mo\u017ce prowadzi\u0107 do niepotrzebnych skutk\u00f3w ubocznych. Kapsu\u0142ki nale\u017cy zawsze przyjmowa\u0107 z posi\u0142kiem, poniewa\u017c pomo\u017ce to zwi\u0119kszy\u0107 wch\u0142anianie sk\u0142adnik\u00f3w od\u017cywczych. Je\u015bli nie masz pewno\u015bci co do interakcji suplementu z innymi lekami lub schorzeniami, skonsultuj si\u0119 ze swoim lekarzem.<\/p>\n<hr \/>\n<h2>Sk\u0142adniki McMyco Shiitake Capsules<\/h2>\n<p>Ka\u017cda kapsu\u0142ka McMyco Shiitake zawiera 400 mg organicznego ekstraktu z grzyb\u00f3w Shiitake, pochodz\u0105cego z 100% owocnik\u00f3w. Ekstrakt ten ma pe\u0142ne spektrum dzia\u0142ania, co oznacza, \u017ce zachowuje pe\u0142en zakres korzystnych zwi\u0105zk\u00f3w wyst\u0119puj\u0105cych w Shiitake, w tym 30% beta-glukan\u00f3w i polisacharyd\u00f3w, kt\u00f3re, jak si\u0119 uwa\u017ca, wspieraj\u0105 funkcje odporno\u015bciowe i zwalczaj\u0105 stany zapalne. Formu\u0142a zosta\u0142a r\u00f3wnie\u017c wzbogacona o 15 mg witaminy C i 10 mg cynku. Witamina C odgrywa kluczow\u0105 rol\u0119 w syntezie kolagenu i chroni przed uszkodzeniami oksydacyjnymi, podczas gdy cynk wspiera uk\u0142ad odporno\u015bciowy i funkcje poznawcze.<\/p>\n<p>Kapsu\u0142ki s\u0105 wykonane z wegetaria\u0144skich sk\u0142adnik\u00f3w, dzi\u0119ki czemu s\u0105 odpowiednie dla szerokiego zakresu preferencji \u017cywieniowych. Zawieraj\u0105 r\u00f3wnie\u017c celuloz\u0119 mikrokrystaliczn\u0105 jako substancj\u0119 pomocnicz\u0105, dzi\u0119ki czemu kapsu\u0142ki pozostaj\u0105 stabilne i \u0142atwe do strawienia.<\/p>\n<hr \/>\n<p><strong>Ostrze\u017cenie<\/strong><br \/>\nMcMyco Shiitake Capsules s\u0105 suplementem diety i powinny by\u0107 stosowane jako takie. Nie nale\u017cy przekracza\u0107 zalecanej dziennej dawki. Przechowywa\u0107 w miejscu niedost\u0119pnym dla dzieci. Nie jeste\u015bmy profesjonalistami medycznymi i nie mo\u017cemy stawia\u0107 diagnoz medycznych, przepisywa\u0107 leczenia ani udziela\u0107 porad medycznych. Skonsultuj si\u0119 z lekarzem przed u\u017cyciem tego produktu, je\u015bli jeste\u015b w ci\u0105\u017cy, karmisz piersi\u0105 lub masz jakiekolwiek w\u0105tpliwo\u015bci zdrowotne.<\/p>","protected":false},"excerpt":{"rendered":"<p>McMyco Shiitake Capsules to pot\u0119\u017cny suplement wykonany z ekstraktu z grzyb\u00f3w 100% Shiitake, wzbogacony witamin\u0105 C i cynkiem dla wsparcia odporno\u015bci. Kapsu\u0142ki te oferuj\u0105 naturalny spos\u00f3b na popraw\u0119 og\u00f3lnego stanu zdrowia, promuj\u0105c silniejszy uk\u0142ad odporno\u015bciowy i lepsze zdrowie jelit. Dzi\u0119ki zawarto\u015bci beta-glukan\u00f3w i polisacharyd\u00f3w 30% kapsu\u0142ki te s\u0105 wygodnym sposobem na czerpanie korzy\u015bci z grzyb\u00f3w Shiitake.<\/p>","protected":false},"featured_media":87973,"template":"","meta":[],"product_brand":[],"product_cat":[813,297,455,462,399],"product_tag":[978],"class_list":{"0":"post-82381","1":"product","2":"type-product","3":"status-publish","4":"has-post-thumbnail","6":"product_cat-mcmyco","7":"product_cat-all-products","8":"product_cat-healthshop","9":"product_cat-medicinal-mushrooms-healthshop","10":"product_cat-shroomshop","11":"product_tag-shrdeal","13":"first","14":"instock","15":"taxable","16":"shipping-taxable","17":"purchasable","18":"product-type-variable","19":"has-default-attributes"},"_links":{"self":[{"href":"https:\/\/www.headshop.nl\/pl\/wp-json\/wp\/v2\/product\/82381","targetHints":{"allow":["GET"]}}],"collection":[{"href":"https:\/\/www.headshop.nl\/pl\/wp-json\/wp\/v2\/product"}],"about":[{"href":"https:\/\/www.headshop.nl\/pl\/wp-json\/wp\/v2\/types\/product"}],"wp:featuredmedia":[{"embeddable":true,"href":"https:\/\/www.headshop.nl\/pl\/wp-json\/wp\/v2\/media\/87973"}],"wp:attachment":[{"href":"https:\/\/www.headshop.nl\/pl\/wp-json\/wp\/v2\/media?parent=82381"}],"wp:term":[{"taxonomy":"product_brand","embeddable":true,"href":"https:\/\/www.headshop.nl\/pl\/wp-json\/wp\/v2\/product_brand?post=82381"},{"taxonomy":"product_cat","embeddable":true,"href":"https:\/\/www.headshop.nl\/pl\/wp-json\/wp\/v2\/product_cat?post=82381"},{"taxonomy":"product_tag","embeddable":true,"href":"https:\/\/www.headshop.nl\/pl\/wp-json\/wp\/v2\/product_tag?post=82381"}],"curies":[{"name":"wp","href":"https:\/\/api.w.org\/{rel}","templated":true}]}}