{"id":82378,"date":"2024-12-06T12:19:05","date_gmt":"2024-12-06T12:19:05","guid":{"rendered":"https:\/\/www.headshop.nl\/?post_type=product&#038;p=82378"},"modified":"2025-10-31T08:52:29","modified_gmt":"2025-10-31T08:52:29","slug":"agaricus-blazei-extract-capsules","status":"publish","type":"product","link":"https:\/\/www.headshop.nl\/pl\/agaricus-blazei-extract-capsules\/","title":{"rendered":"Kapsu\u0142ki z ekstraktem z Agaricus Blazei"},"content":{"rendered":"<h2>Czym jest Agaricus Blazei?<\/h2>\n<p>Agaricus Blazei McMyco to suplement diety wytwarzany z grzyba Agaricus Blazei, zwanego r\u00f3wnie\u017c \"grzybem s\u0142onecznym\". Pochodz\u0105cy z Brazylii grzyb ten jest znany ze swoich szerokich korzy\u015bci zdrowotnych, w tym zdolno\u015bci do stymulowania metabolizmu, zwi\u0119kszania energii i wspomagania proces\u00f3w detoksykacji. Znany z wysokiej zawarto\u015bci beta-glukan\u00f3w i polisacharyd\u00f3w, pomaga wzmocni\u0107 uk\u0142ad odporno\u015bciowy i promowa\u0107 og\u00f3lne samopoczucie. Kapsu\u0142ki Agaricus Blazei firmy McMyco zawieraj\u0105 ekstrakt o pe\u0142nym spektrum dzia\u0142ania z 100% owocnik\u00f3w tego grzyba, zapewniaj\u0105c najwy\u017csze st\u0119\u017cenie zwi\u0105zk\u00f3w aktywnych. Ka\u017cda kapsu\u0142ka jest wzbogacona o witamin\u0119 C i cynk, kt\u00f3re s\u0105 niezb\u0119dne do zmniejszenia zm\u0119czenia i wspierania funkcji odporno\u015bciowych. Dzi\u0119ki 120 przyjaznym dla wegan kapsu\u0142kom w ka\u017cdym opakowaniu, Agaricus Blazei McMyco oferuje wygodny spos\u00f3b na w\u0142\u0105czenie korzy\u015bci p\u0142yn\u0105cych z tego pot\u0119\u017cnego grzyba do codziennej rutyny. Suplement ten jest idealny dla os\u00f3b, kt\u00f3re chc\u0105 poprawi\u0107 sw\u00f3j poziom energii, wspiera\u0107 zdrowie metaboliczne i promowa\u0107 og\u00f3ln\u0105 witalno\u015b\u0107. Agaricus Blazei McMyco jest r\u00f3wnie\u017c doskona\u0142ym dodatkiem do kompleksowego planu odnowy biologicznej, uzupe\u0142niaj\u0105c inne grzyby lecznicze i zdrowy styl \u017cycia.<\/p>\n<h2>Historia Agaricus Blazei<\/h2>\n<p>Agaricus Blazei, czyli \"s\u0142oneczny grzyb\", ma bogat\u0105 histori\u0119 zakorzenion\u0105 w tradycyjnej medycynie, szczeg\u00f3lnie w Brazylii, gdzie by\u0142 u\u017cywany przez lokalne spo\u0142eczno\u015bci ze wzgl\u0119du na swoje w\u0142a\u015bciwo\u015bci lecznicze. Znany z promowania d\u0142ugowieczno\u015bci i poprawy odporno\u015bci, grzyb ten sta\u0142 si\u0119 centralnym elementem rdzennych praktyk zdrowotnych. Jego potencjalne korzy\u015bci zdrowotne zosta\u0142y powszechnie uznane na pocz\u0105tku XX wieku, ale dopiero w latach 60. naukowcy zacz\u0119li dog\u0142\u0119bnie bada\u0107 Agaricus Blazei. Odkryli, \u017ce zawiera on wysokie st\u0119\u017cenie beta-glukan\u00f3w, grupy polisacharyd\u00f3w znanych ze swoich w\u0142a\u015bciwo\u015bci wzmacniaj\u0105cych odporno\u015b\u0107. Grzyb ten zyska\u0142 mi\u0119dzynarodowe uznanie w kolejnych dekadach, zw\u0142aszcza w Japonii i Stanach Zjednoczonych, gdzie sta\u0142 si\u0119 popularnym sk\u0142adnikiem suplement\u00f3w zdrowotnych. Obecnie Agaricus Blazei jest uprawiany na ca\u0142ym \u015bwiecie, a jego zastosowania terapeutyczne wci\u0105\u017c si\u0119 rozszerzaj\u0105, poniewa\u017c badania odkrywaj\u0105 wi\u0119cej jego potencjalnych korzy\u015bci zdrowotnych. Po\u0142\u0105czenie tradycyjnej wiedzy i nowoczesnego naukowego potwierdzenia sprawi\u0142o, \u017ce jest to zaufany wyb\u00f3r dla os\u00f3b pragn\u0105cych poprawi\u0107 swoje zdrowie i witalno\u015b\u0107.<\/p>\n<h2>Jak stosowa\u0107 Agaricus Blazei?<\/h2>\n<p>Aby stosowa\u0107 Agaricus Blazei McMyco, wystarczy przyjmowa\u0107 jedn\u0105 kapsu\u0142k\u0119 dwa razy dziennie podczas posi\u0142k\u00f3w, popijaj\u0105c wod\u0105. Zapewnia to optymalne wch\u0142anianie i u\u0142atwia integracj\u0119 z codzienn\u0105 rutyn\u0105. Zalecana dawka to 2 kapsu\u0142ki dziennie, co pozwoli do\u015bwiadczy\u0107 pe\u0142nego zakresu korzy\u015bci, jakie oferuje Agaricus Blazei, w tym poprawy metabolizmu, zwi\u0119kszonego poziomu energii i wzmocnionego uk\u0142adu odporno\u015bciowego. Aby uzyska\u0107 najlepsze rezultaty, zaleca si\u0119 konsekwentne przyjmowanie kapsu\u0142ek w po\u0142\u0105czeniu ze zbilansowan\u0105 diet\u0105 i regularn\u0105 aktywno\u015bci\u0105 fizyczn\u0105. Suplement mo\u017ce by\u0107 r\u00f3wnie\u017c stosowany wraz z innymi grzybami leczniczymi z McMyco, umo\u017cliwiaj\u0105c stworzenie spersonalizowanego planu odnowy biologicznej. Zawsze s\u0142uchaj swojego organizmu i w razie potrzeby dostosuj dawk\u0119, ale wa\u017cne jest, aby nie przekracza\u0107 zalecanego spo\u017cycia. Je\u015bli jeste\u015b nowym u\u017cytkownikiem tego suplementu, rozpocz\u0119cie od mniejszej dawki mo\u017ce pom\u00f3c w ocenie indywidualnej tolerancji. Agaricus Blazei McMyco nadaje si\u0119 do d\u0142ugotrwa\u0142ego stosowania i najlepiej przyjmowa\u0107 go w ramach holistycznego podej\u015bcia do zdrowia.<\/p>\n<h2>Sk\u0142adniki Agaricus Blazei<\/h2>\n<p>Ka\u017cda przyjazna dla wegan kapsu\u0142ka Agaricus Blazei McMyco zawiera 400 mg organicznego ekstraktu Agaricus Blazei, pochodz\u0105cego wy\u0142\u0105cznie z owocnika tego grzyba. Ten ekstrakt o pe\u0142nym spektrum dzia\u0142ania jest starannie wytwarzany poprzez po\u0142\u0105czenie metod ekstrakcji wod\u0105 i etanolem, co zapewnia zachowanie maksymalnej ilo\u015bci zwi\u0105zk\u00f3w bioaktywnych, takich jak beta-glukany i polisacharydy. Formu\u0142a zosta\u0142a wzbogacona o witamin\u0119 C i cynk, aby dodatkowo wspiera\u0107 poziom energii i funkcje odporno\u015bciowe. Witamina C jest niezb\u0119dna do zmniejszenia zm\u0119czenia i zwi\u0119kszenia og\u00f3lnej witalno\u015bci, podczas gdy cynk przyczynia si\u0119 do utrzymania zdrowego uk\u0142adu odporno\u015bciowego. Kapsu\u0142ki Agaricus Blazei McMyco nie zawieraj\u0105 sztucznych dodatk\u00f3w, a cytrynian magnezu i dwutlenek krzemu s\u0105 naturalnymi substancjami pomocniczymi. Ten produkt jest ca\u0142kowicie wega\u0144ski i zapewnia czysty, skuteczny spos\u00f3b korzystania z zalet Sun Mushroom. Po\u0142\u0105czenie tych starannie dobranych sk\u0142adnik\u00f3w dzia\u0142a synergistycznie, zapewniaj\u0105c pot\u0119\u017cny zastrzyk zdrowia, dzi\u0119ki czemu Agaricus Blazei McMyco jest doskona\u0142ym dodatkiem do codziennej rutyny suplementacyjnej.<\/p>\n<p><strong>Ostrze\u017cenie:<\/strong><\/p>\n<p>Agaricus Blazei McMyco jest suplementem diety i powinien by\u0107 stosowany jako taki. Nie nale\u017cy przekracza\u0107 zalecanej dawki. Przechowywa\u0107 w miejscu niedost\u0119pnym dla dzieci. Skonsultuj si\u0119 z lekarzem przed u\u017cyciem, je\u015bli jeste\u015b w ci\u0105\u017cy, karmisz piersi\u0105 lub masz jakiekolwiek w\u0105tpliwo\u015bci zdrowotne.<\/p>","protected":false},"excerpt":{"rendered":"<p>Kapsu\u0142ki Agaricus Blazei McMyco to pot\u0119\u017cny suplement diety wykonany ze \"s\u0142onecznego grzyba\", znanego ze swoich w\u0142a\u015bciwo\u015bci przyspieszaj\u0105cych metabolizm i detoksykuj\u0105cych. Ten wyj\u0105tkowy grzyb, pochodz\u0105cy z Brazylii, jest bogaty w beta-glukany i polisacharydy, promuj\u0105c og\u00f3lne dobre samopoczucie. Wzbogacony witamin\u0105 C i cynkiem, pomaga zmniejszy\u0107 zm\u0119czenie i wspiera poziom energii. Te przyjazne dla wegan kapsu\u0142ki s\u0105 idealne do codziennego stosowania w celu wspierania zdrowia.<\/p>","protected":false},"featured_media":87975,"template":"","meta":[],"product_brand":[],"product_cat":[813,297,455,404,462,399,384],"product_tag":[978],"class_list":{"0":"post-82378","1":"product","2":"type-product","3":"status-publish","4":"has-post-thumbnail","6":"product_cat-mcmyco","7":"product_cat-all-products","8":"product_cat-healthshop","9":"product_cat-medicinal-mushrooms-supplements","10":"product_cat-medicinal-mushrooms-healthshop","11":"product_cat-shroomshop","12":"product_cat-smartshop","13":"product_tag-shrdeal","15":"first","16":"instock","17":"taxable","18":"shipping-taxable","19":"purchasable","20":"product-type-variable","21":"has-default-attributes"},"_links":{"self":[{"href":"https:\/\/www.headshop.nl\/pl\/wp-json\/wp\/v2\/product\/82378","targetHints":{"allow":["GET"]}}],"collection":[{"href":"https:\/\/www.headshop.nl\/pl\/wp-json\/wp\/v2\/product"}],"about":[{"href":"https:\/\/www.headshop.nl\/pl\/wp-json\/wp\/v2\/types\/product"}],"wp:featuredmedia":[{"embeddable":true,"href":"https:\/\/www.headshop.nl\/pl\/wp-json\/wp\/v2\/media\/87975"}],"wp:attachment":[{"href":"https:\/\/www.headshop.nl\/pl\/wp-json\/wp\/v2\/media?parent=82378"}],"wp:term":[{"taxonomy":"product_brand","embeddable":true,"href":"https:\/\/www.headshop.nl\/pl\/wp-json\/wp\/v2\/product_brand?post=82378"},{"taxonomy":"product_cat","embeddable":true,"href":"https:\/\/www.headshop.nl\/pl\/wp-json\/wp\/v2\/product_cat?post=82378"},{"taxonomy":"product_tag","embeddable":true,"href":"https:\/\/www.headshop.nl\/pl\/wp-json\/wp\/v2\/product_tag?post=82378"}],"curies":[{"name":"wp","href":"https:\/\/api.w.org\/{rel}","templated":true}]}}