{"id":81647,"date":"2024-10-22T11:35:04","date_gmt":"2024-10-22T11:35:04","guid":{"rendered":"https:\/\/www.headshop.nl\/?post_type=product&#038;p=81647"},"modified":"2025-10-16T07:02:43","modified_gmt":"2025-10-16T07:02:43","slug":"marshmallow-shrooms-grow-kit","status":"publish","type":"product","link":"https:\/\/www.headshop.nl\/pl\/marshmallow-shrooms-grow-kit\/","title":{"rendered":"Marshmallow Zestaw do uprawy grzyb\u00f3w"},"content":{"rendered":"<h2 dir=\"auto\">Czym s\u0105 grzyby Marshmallow?<\/h2>\n<p dir=\"auto\">Marshmallow Shrooms, unikalny hybrydowy wariant cubensis stworzony przez McSmart, zosta\u0142 zaprojektowany w celu zapewnienia pot\u0119\u017cnych dozna\u0144 psychodelicznych. Znane jako \"wi\u0119ksze, grubsze, lepsze\", te magiczne grzyby s\u0105 cenione za ich solidny rozmiar i silne efekty, co czyni je wyj\u0105tkowym wyborem dla entuzjast\u00f3w poszukuj\u0105cych \u017cywych efekt\u00f3w wizualnych i wci\u0105gaj\u0105cej podr\u00f3\u017cy.<\/p>\n<p dir=\"auto\">Zestaw All-in-One GrowKit upraszcza upraw\u0119, zapewniaj\u0105c wszystko, co potrzebne do uprawy grzyb\u00f3w Marshmallow w domu, przy u\u017cyciu jedynie wody i podstawowych instrukcji. Daj\u0105c oko\u0142o 400-500 gram\u00f3w w pierwszym rzucie i umo\u017cliwiaj\u0105c do trzech zbior\u00f3w, zestaw zachowuje \u017cywotno\u015b\u0107 przez oko\u0142o sze\u015b\u0107 miesi\u0119cy, gdy jest przechowywany w temperaturze 2-4\u00b0C, oferuj\u0105c dost\u0119pn\u0105 i satysfakcjonuj\u0105c\u0105 opcj\u0119 zar\u00f3wno dla pocz\u0105tkuj\u0105cych, jak i do\u015bwiadczonych hodowc\u00f3w.<\/p>\n<h2 dir=\"auto\">Historia grzyb\u00f3w Marshmallow<\/h2>\n<p dir=\"auto\">Opracowane przez McSmart, grzyby Marshmallow stanowi\u0105 prze\u0142om w uprawie magicznych grzyb\u00f3w dzi\u0119ki wieloletniej selektywnej hodowli w celu po\u0142\u0105czenia najlepszych cech r\u00f3\u017cnych szczep\u00f3w cubensis. Ta hybryda zosta\u0142a zaprojektowana z my\u015bl\u0105 o wysokiej mocy i znacznych plonach, z wi\u0119kszymi, g\u0119stszymi owocnikami, kt\u00f3re nadaj\u0105 grzybom charakterystyczny wygl\u0105d \"pianki\".<\/p>\n<p dir=\"auto\">Wprowadzenie zestawu All-in-One GrowKit zrewolucjonizowa\u0142o dost\u0119p, umo\u017cliwiaj\u0105c ka\u017cdemu upraw\u0119 tych wyj\u0105tkowych grzyb\u00f3w w domu. Jako oferta limitowana, Marshmallow Shrooms uosabiaj\u0105 najnowocze\u015bniejsz\u0105 mikologi\u0119, zapewniaj\u0105c sp\u00f3jne, pot\u0119\u017cne doznania psychodeliczne, kt\u00f3re wyr\u00f3\u017cniaj\u0105 je w ewoluuj\u0105cym krajobrazie grzyb\u00f3w zmieniaj\u0105cych \u015bwiadomo\u015b\u0107.<\/p>\n<h2 dir=\"auto\">Jak u\u017cywa\u0107 Marshmallow Shrooms<\/h2>\n<p dir=\"auto\">Uprawa grzyb\u00f3w Marshmallow jest przyjazna dla u\u017cytkownika dzi\u0119ki zestawowi All-in-One GrowKit. Zacznij od wyczyszczenia r\u0105k i zestawu, a nast\u0119pnie zanurz go w letniej wodzie (20\u00b0C) na pi\u0119\u0107 minut, osusz i umie\u015b\u0107 w dostarczonej torbie hodowlanej z 200-250 ml wody. Uszczelnij worek, utrzymuj temperatur\u0119 20-25\u00b0C z dala od \u015bwiat\u0142a s\u0142onecznego i zapewnij wysok\u0105 wilgotno\u015b\u0107 do momentu pojawienia si\u0119 g\u0142\u00f3wek w ci\u0105gu 10-20 dni.<\/p>\n<p dir=\"auto\">Gdy utworz\u0105 si\u0119 g\u0142\u00f3wki, nale\u017cy codziennie wietrzy\u0107 worek i lekko spryskiwa\u0107, zbieraj\u0105c grzyby tu\u017c przed p\u0119kni\u0119ciem zas\u0142ony, delikatnie je wykr\u0119caj\u0105c. Aby uzyska\u0107 dodatkowe plony, nale\u017cy powt\u00f3rzy\u0107 proces namaczania i uprawy, umo\u017cliwiaj\u0105c domowym hodowcom uzyskanie wielokrotnych zbior\u00f3w i satysfakcjonuj\u0105cych, silnych wra\u017ce\u0144.<\/p>\n<h2 dir=\"auto\">Sk\u0142adniki Marshmallow Shrooms<\/h2>\n<p dir=\"auto\">G\u0142\u00f3wnym sk\u0142adnikiem Marshmallow Shrooms jest Psilocybe Qubit, ekskluzywny hybrydowy szczep cubensis McSmart. Zestaw All-in-One GrowKit zawiera wst\u0119pnie zaszczepione, bogate w sk\u0142adniki od\u017cywcze pod\u0142o\u017ce dostosowane do tego szczepu, torb\u0119 do uprawy z filtrami powietrza i dwa spinacze biurowe, zapewniaj\u0105c wszystkie niezb\u0119dne elementy do uprawy bez dodatkowych materia\u0142\u00f3w.<\/p>\n<p dir=\"auto\">Pod\u0142o\u017ce wspiera wzrost du\u017cych, silnych grzyb\u00f3w, daj\u0105c 400-500 gram\u00f3w w optymalnych warunkach. Psilocybina i psylocyna, naturalnie wyst\u0119puj\u0105ce zwi\u0105zki, nap\u0119dzaj\u0105 efekty psychodeliczne poprzez wp\u0142yw na receptory serotoniny, wywo\u0142uj\u0105c \u017cywe halucynacje i zmienion\u0105 \u015bwiadomo\u015b\u0107 bez potrzeby stosowania zewn\u0119trznych dodatk\u00f3w, zapewniaj\u0105c naturaln\u0105 czysto\u015b\u0107.<\/p>\n<p dir=\"auto\"><strong>Ostrze\u017cenie<\/strong><\/p>\n<p dir=\"auto\">Marshmallow Grzyby zawieraj\u0105 psylocybin\u0119 i psylocyn\u0119, silne halucynogeny, kt\u00f3re mog\u0105 wywo\u0142ywa\u0107 intensywne efekty zmieniaj\u0105ce \u015bwiadomo\u015b\u0107 i halucynacje. Ze wzgl\u0119du na silne w\u0142a\u015bciwo\u015bci psychoaktywne, nale\u017cy zachowa\u0107 ostro\u017cno\u015b\u0107 i przechowywa\u0107 poza zasi\u0119giem dzieci.<\/p>\n<p dir=\"auto\">Skonsultuj si\u0119 ze specjalist\u0105, je\u015bli nie masz pewno\u015bci co do ich dzia\u0142ania lub bezpiecznego stosowania.<\/p>","protected":false},"excerpt":{"rendered":"<p>Me to grzyby Marshmallow, ekskluzywna hybrydowa odmiana cubensis stworzona przez McSmart. Grzyby te wyr\u00f3\u017cniaj\u0105 si\u0119 wi\u0119kszym rozmiarem i silniejszymi efektami, oferuj\u0105c g\u0142\u0119bokie, bogate w zmys\u0142y doznania. Daj\u0105c oko\u0142o 500 gram\u00f3w z zestawu do uprawy o pojemno\u015bci 1200 cm3, zapewniaj\u0105 solidn\u0105 psychodeliczn\u0105 podr\u00f3\u017c z \u017cywymi obrazami i g\u0142\u0119bokimi doznaniami. Dla tych, kt\u00f3rzy chc\u0105 przesun\u0105\u0107 granice swoich psychodelicznych dozna\u0144, grzyby Marshmallow z limitowanej edycji s\u0105 konieczno\u015bci\u0105.<\/p>","protected":false},"featured_media":81654,"template":"","meta":[],"product_brand":[],"product_cat":[400,297,399,626,384,834],"product_tag":[978],"class_list":{"0":"post-81647","1":"product","2":"type-product","3":"status-publish","4":"has-post-thumbnail","6":"product_cat-magic-mushroom-grow-kits","7":"product_cat-all-products","8":"product_cat-shroomshop","9":"product_cat-shroomshop-top-10","10":"product_cat-smartshop","11":"product_cat-strong-magic-mushrooms","12":"product_tag-shrdeal","13":"product_shipping_class-group-7","15":"first","16":"instock","17":"taxable","18":"shipping-taxable","19":"purchasable","20":"product-type-variable","21":"has-default-attributes"},"_links":{"self":[{"href":"https:\/\/www.headshop.nl\/pl\/wp-json\/wp\/v2\/product\/81647","targetHints":{"allow":["GET"]}}],"collection":[{"href":"https:\/\/www.headshop.nl\/pl\/wp-json\/wp\/v2\/product"}],"about":[{"href":"https:\/\/www.headshop.nl\/pl\/wp-json\/wp\/v2\/types\/product"}],"wp:featuredmedia":[{"embeddable":true,"href":"https:\/\/www.headshop.nl\/pl\/wp-json\/wp\/v2\/media\/81654"}],"wp:attachment":[{"href":"https:\/\/www.headshop.nl\/pl\/wp-json\/wp\/v2\/media?parent=81647"}],"wp:term":[{"taxonomy":"product_brand","embeddable":true,"href":"https:\/\/www.headshop.nl\/pl\/wp-json\/wp\/v2\/product_brand?post=81647"},{"taxonomy":"product_cat","embeddable":true,"href":"https:\/\/www.headshop.nl\/pl\/wp-json\/wp\/v2\/product_cat?post=81647"},{"taxonomy":"product_tag","embeddable":true,"href":"https:\/\/www.headshop.nl\/pl\/wp-json\/wp\/v2\/product_tag?post=81647"}],"curies":[{"name":"wp","href":"https:\/\/api.w.org\/{rel}","templated":true}]}}