{"id":78389,"date":"2023-10-11T10:42:19","date_gmt":"2023-10-11T10:42:19","guid":{"rendered":"https:\/\/www.headshop.nl\/?post_type=product&#038;p=78389"},"modified":"2025-10-10T01:26:26","modified_gmt":"2025-10-10T01:26:26","slug":"smart-x","status":"publish","type":"product","link":"https:\/\/www.headshop.nl\/pl\/smart-x\/","title":{"rendered":"Smart X"},"content":{"rendered":"<h2>Czym jest Smart X?<\/h2>\n<p>Smart X to rewolucyjna pigu\u0142ka imprezowa, kt\u00f3ra przenosi \u015bwi\u0119towanie na wy\u017cszy poziom. Ten produkt zawiera 6 kapsu\u0142ek, z kt\u00f3rych ka\u017cda zawiera mieszank\u0119 silnych naturalnych sk\u0142adnik\u00f3w zaprojektowanych w celu zwi\u0119kszenia wra\u017ce\u0144 z imprezy. Smart X sk\u0142ada si\u0119 z 3 r\u00f3\u017cnych formu\u0142: 2 czerwone kapsu\u0142ki Speed X zapewniaj\u0105ce turbo energi\u0119, 2 r\u00f3\u017cowe kapsu\u0142ki Sexy X zapewniaj\u0105ce euforyczne doznania i 2 pomara\u0144czowe kapsu\u0142ki Party X zapewniaj\u0105ce najlepszy holenderski imprezowy klimat. Ka\u017cda kapsu\u0142ka jest starannie opracowana z mieszank\u0105 sk\u0142adnik\u00f3w, kt\u00f3re pomagaj\u0105 zwi\u0119kszy\u0107 energi\u0119, podnie\u015b\u0107 nastr\u00f3j i promowa\u0107 eufori\u0119, zapewniaj\u0105c zabawn\u0105 i \u017cyw\u0105 atmosfer\u0119.<\/p>\n<p>Smart X jest przeznaczony dla tych, kt\u00f3rzy chc\u0105 do\u015bwiadczy\u0107 najlepszej imprezowej nocy z energi\u0105 i ekscytacj\u0105. Kapsu\u0142ki oferuj\u0105 elastyczno\u015b\u0107 mieszania i dopasowywania r\u00f3\u017cnych formu\u0142, umo\u017cliwiaj\u0105c stworzenie niestandardowego do\u015bwiadczenia imprezowego. Niezale\u017cnie od tego, czy szukasz wi\u0119cej energii, czy zwi\u0119kszonej przyjemno\u015bci, Smart X oferuje dostosowane rozwi\u0105zanie, kt\u00f3re sprawi, \u017ce Twoja noc b\u0119dzie niezapomniana. Dzi\u0119ki wystarczaj\u0105cej ilo\u015bci kapsu\u0142ek dla dw\u00f3ch os\u00f3b, jest to idealny towarzysz dla ka\u017cdego, kto chce sp\u0119dzi\u0107 niesamowity czas.<\/p>\n<h2>Historia Smart X<\/h2>\n<p>Smart X zosta\u0142 stworzony w celu zaoferowania wyj\u0105tkowego do\u015bwiadczenia imprezowego, kt\u00f3re \u0142\u0105czy w sobie najlepsze aspekty energii, euforii i zabawy. Produkt jest ewolucj\u0105 linii tabletek imprezowych DNX, kt\u00f3re od lat ciesz\u0105 si\u0119 popularno\u015bci\u0105 w\u015br\u00f3d imprezowicz\u00f3w. Po\u0142\u0105czenie Speed X, Sexy X i Party X jest wynikiem szeroko zakrojonych bada\u0144 i eksperyment\u00f3w maj\u0105cych na celu stworzenie idealnej mieszanki sk\u0142adnik\u00f3w, kt\u00f3re mog\u0105 podnie\u015b\u0107 imprezow\u0105 atmosfer\u0119.<\/p>\n<p>Historia Smart X jest g\u0142\u0119boko zakorzeniona w pragnieniu zapewnienia konsumentom bezpiecznego, przyjemnego i skutecznego produktu. Jego naturalne sk\u0142adniki zosta\u0142y starannie dobrane, aby zwi\u0119kszy\u0107 zar\u00f3wno energi\u0119 fizyczn\u0105, jak i dobre samopoczucie psychiczne, tworz\u0105c niezapomniane wra\u017cenia. Z biegiem czasu Smart X sta\u0142 si\u0119 jednym z najlepszych wybor\u00f3w dla os\u00f3b poszukuj\u0105cych wysokiej jako\u015bci pigu\u0142ki imprezowej, kt\u00f3ra oferuje zr\u00f3wnowa\u017con\u0105 mieszank\u0119 euforii i energii. Dzi\u015b jest znany jako najlepszy wyb\u00f3r w\u015br\u00f3d entuzjast\u00f3w imprez, kt\u00f3rzy chc\u0105 zastrzyku energii trwaj\u0105cego przez ca\u0142\u0105 noc.<\/p>\n<h2>Jak u\u017cywa\u0107 Smart X<\/h2>\n<p>Stosowanie Smart X jest proste i nieskomplikowane. Aby do\u015bwiadczy\u0107 najlepszych rezultat\u00f3w, zaleca si\u0119 przyjmowanie po\u017c\u0105danej kombinacji kapsu\u0142ek na 30 do 45 minut przed po\u017c\u0105danym efektem, popijaj\u0105c wod\u0105 lub sokiem owocowym. Zalecana dzienna dawka to 3 kapsu\u0142ki i nie nale\u017cy przekracza\u0107 maksymalnej dozwolonej dziennej dawki.<\/p>\n<p>Elastyczno\u015b\u0107 Smart X pozwala miesza\u0107 i dopasowywa\u0107 kapsu\u0142ki do w\u0142asnych potrzeb. Na przyk\u0142ad po\u0142\u0105czenie r\u00f3\u017cowych kapsu\u0142ek Sexy X z czerwonymi kapsu\u0142kami Speed X tworzy idealn\u0105 r\u00f3wnowag\u0119 energii i euforii. Alternatywnie, po\u0142\u0105czenie wszystkich trzech kolor\u00f3w - czerwonego, r\u00f3\u017cowego i pomara\u0144czowego - zapewnia intensywne doznania zaprojektowane z my\u015bl\u0105 o hardcorowej atmosferze imprezy. Zawsze s\u0142uchaj swojego cia\u0142a i zacznij od ni\u017cszej dawki, je\u015bli dopiero zaczynasz stosowa\u0107 Smart X, i dostosuj j\u0105 w razie potrzeby do swoich osobistych preferencji.<\/p>\n<h2>Sk\u0142adniki Smart X<\/h2>\n<p>Smart X zawiera siln\u0105 kombinacj\u0119 sk\u0142adnik\u00f3w starannie dobranych pod k\u0105tem ich zdolno\u015bci do poprawy wra\u017ce\u0144 z imprezy. Czerwona kapsu\u0142ka Speed X zawiera DL-fenyloalanin\u0119, eviodiamin\u0119, kofein\u0119 i aurantium cytrusowe, kt\u00f3re zapewniaj\u0105 pot\u0119\u017cny zastrzyk energii. R\u00f3\u017cowa kapsu\u0142ka Sexy X zawiera sk\u0142adniki takie jak Damiana, Gaba, Ginkgo Biloba, ekstrakt Kanna i passiflora, kt\u00f3re dzia\u0142aj\u0105 razem, aby promowa\u0107 eufori\u0119, relaks i jasno\u015b\u0107 umys\u0142u. Pomara\u0144czowa kapsu\u0142ka Party X zawiera Black Maca, ekstrakt Kanna i cynk, kt\u00f3re pomagaj\u0105 poprawi\u0107 nastr\u00f3j i wytrzyma\u0142o\u015b\u0107.<\/p>\n<p>Ka\u017cdy z tych sk\u0142adnik\u00f3w odgrywa kluczow\u0105 rol\u0119 w dostarczaniu po\u017c\u0105danych efekt\u00f3w, takich jak zwi\u0119kszona energia, podwy\u017cszony nastr\u00f3j i zwi\u0119kszona przyjemno\u015b\u0107. Te naturalne sk\u0142adniki s\u0105 mieszane w precyzyjnych proporcjach, aby zapewni\u0107 zr\u00f3wnowa\u017cone i skuteczne doznania. Formu\u0142a Smart X zosta\u0142a opracowana z dba\u0142o\u015bci\u0105 o zapewnienie sp\u00f3jnych i silnych rezultat\u00f3w, daj\u0105c ci pewno\u015b\u0107, \u017ce mo\u017cesz cieszy\u0107 si\u0119 imprez\u0105 bez obawy o jako\u015b\u0107 lub bezpiecze\u0144stwo produktu.<\/p>\n<p><strong>Ostrze\u017cenia:<\/strong><\/p>\n<p>Smart X nie powinien by\u0107 stosowany jako substytut zr\u00f3\u017cnicowanej diety. Przechowywa\u0107 w miejscu niedost\u0119pnym dla dzieci. Produkt mo\u017ce by\u0107 stosowany wy\u0142\u0105cznie przez osoby w wieku powy\u017cej 18 lat. Unika\u0107 \u0142\u0105czenia z lekami lub innymi stymulantami, szczeg\u00f3lnie w przypadku os\u00f3b z wysokim lub niskim ci\u015bnieniem krwi, chorobami serca, zaburzeniami tarczycy, chorobami nerek, depresj\u0105, nerwowo\u015bci\u0105, dolegliwo\u015bciami fizycznymi lub psychicznymi lub w przypadku stosowania inhibitor\u00f3w MAO. Nale\u017cy zachowa\u0107 ostro\u017cno\u015b\u0107 w przypadku nadmiernego spo\u017cycia alkoholu. W razie w\u0105tpliwo\u015bci nale\u017cy skonsultowa\u0107 si\u0119 z lekarzem.<\/p>","protected":false},"excerpt":{"rendered":"<p>Uwolnij najlepsze imprezowe doznania dzi\u0119ki Smart X! Ta rewolucyjna pigu\u0142ka imprezowa \u0142\u0105czy energi\u0119, eufori\u0119 i niezr\u00f3wnane doznania imprezowe w jednej magicznej mieszance sze\u015bciu naturalnych kapsu\u0142ek. Niezale\u017cnie od tego, czy szukasz turbodo\u0142adowanej energii, euforycznych dozna\u0144 zmys\u0142owych, czy prawdziwego holenderskiego klimatu Party, Smart X ma to wszystko. Idealny do dzielenia si\u0119 z przyjacielem lub partnerem, ten zestaw daje swobod\u0119 mieszania i dopasowywania do idealnej kombinacji imprezowej. Wybierz Hardcore Sex Party, \u0142\u0105cz\u0105c r\u00f3\u017cowy, czerwony i pomara\u0144czowy, i do\u015bwiadcz najwy\u017cszej przyjemno\u015bci. Dzi\u0119ki Smart X ka\u017cda impreza to niezapomniana przygoda. Mieszaj, dopasowuj i ciesz si\u0119 Smart X - Twoim biletem do nieko\u0144cz\u0105cej si\u0119 imprezowej rado\u015bci!<\/p>","protected":false},"featured_media":78397,"template":"","meta":[],"product_brand":[],"product_cat":[408,386,384,412],"product_tag":[],"class_list":{"0":"post-78389","1":"product","2":"type-product","3":"status-publish","4":"has-post-thumbnail","6":"product_cat-dnx","7":"product_cat-party-pills","8":"product_cat-smartshop","9":"product_cat-trippy-pills","11":"first","12":"instock","13":"taxable","14":"shipping-taxable","15":"purchasable","16":"product-type-variable","17":"has-default-attributes"},"_links":{"self":[{"href":"https:\/\/www.headshop.nl\/pl\/wp-json\/wp\/v2\/product\/78389","targetHints":{"allow":["GET"]}}],"collection":[{"href":"https:\/\/www.headshop.nl\/pl\/wp-json\/wp\/v2\/product"}],"about":[{"href":"https:\/\/www.headshop.nl\/pl\/wp-json\/wp\/v2\/types\/product"}],"wp:featuredmedia":[{"embeddable":true,"href":"https:\/\/www.headshop.nl\/pl\/wp-json\/wp\/v2\/media\/78397"}],"wp:attachment":[{"href":"https:\/\/www.headshop.nl\/pl\/wp-json\/wp\/v2\/media?parent=78389"}],"wp:term":[{"taxonomy":"product_brand","embeddable":true,"href":"https:\/\/www.headshop.nl\/pl\/wp-json\/wp\/v2\/product_brand?post=78389"},{"taxonomy":"product_cat","embeddable":true,"href":"https:\/\/www.headshop.nl\/pl\/wp-json\/wp\/v2\/product_cat?post=78389"},{"taxonomy":"product_tag","embeddable":true,"href":"https:\/\/www.headshop.nl\/pl\/wp-json\/wp\/v2\/product_tag?post=78389"}],"curies":[{"name":"wp","href":"https:\/\/api.w.org\/{rel}","templated":true}]}}