{"id":76820,"date":"2023-12-11T10:39:20","date_gmt":"2023-12-11T10:39:20","guid":{"rendered":"https:\/\/www.headshop.nl\/?post_type=product&#038;p=76820"},"modified":"2026-02-08T01:26:18","modified_gmt":"2026-02-08T01:26:18","slug":"sugashrooms","status":"publish","type":"product","link":"https:\/\/www.headshop.nl\/pl\/sugashrooms\/","title":{"rendered":"SugaShrooms"},"content":{"rendered":"<h2 class=\"\" dir=\"auto\">Czym s\u0105 magiczne trufle Sugashrooms?<\/h2>\n<p class=\"break-words\" dir=\"auto\">Sugashrooms Magic Truffles to sklerocja, utworzona przez podziemne nitki grzybni, kt\u00f3re przechowuj\u0105 sk\u0142adniki od\u017cywcze dla przysz\u0142ego wzrostu grzyb\u00f3w w warunkach takich jak ni\u017csze temperatury i zwi\u0119kszona wilgotno\u015b\u0107. Po spo\u017cyciu trufle te zapewniaj\u0105 \u017cywe, halucynogenne doznania z \u017cywymi obrazami i zwi\u0119kszon\u0105 percepcj\u0105 sensoryczn\u0105, a ka\u017cde 15-gramowe pude\u0142ko zosta\u0142o stworzone z my\u015bl\u0105 o wci\u0105gaj\u0105cej, kolorowej podr\u00f3\u017cy jednego u\u017cytkownika.<\/p>\n<p class=\"break-words\" dir=\"auto\">Znane ze swoich intensywnych, onirycznych efekt\u00f3w, Sugashrooms Magic Truffles zyskuj\u0105 popularno\u015b\u0107 w\u015br\u00f3d os\u00f3b doros\u0142ych powy\u017cej 18 roku \u017cycia, poszukuj\u0105cych samopoznania i wzmocnienia zmys\u0142\u00f3w. Przechowywane w temperaturze 2\u00b0C-4\u00b0C, zachowuj\u0105 moc dla bezpiecznego, kontrolowanego do\u015bwiadczenia, oferuj\u0105c mistyczn\u0105 ucieczk\u0119 w zaufanym otoczeniu dla tych, kt\u00f3rzy d\u0105\u017c\u0105 do transformuj\u0105cej psychodelicznej przygody.<\/p>\n<h2 class=\"\" dir=\"auto\">Historia magicznych trufli Sugashrooms<\/h2>\n<p class=\"break-words\" dir=\"auto\">Pocz\u0105tki Sugashrooms Magic Truffles si\u0119gaj\u0105 staro\u017cytnych kultur Ameryki \u015arodkowej i Po\u0142udniowej, gdzie grzyby zawieraj\u0105ce psylocybin\u0119 by\u0142y u\u017cywane w duchowych ceremoniach, aby uzyska\u0107 dost\u0119p do mistycznych krain i wzmocni\u0107 samo\u015bwiadomo\u015b\u0107. W XX wieku sklerocja zyska\u0142a na znaczeniu w regionach takich jak Holandia jako legalna alternatywa dla grzyb\u00f3w obj\u0119tych ograniczeniami, a Sugashrooms zosta\u0142y opracowane ze wzgl\u0119du na ich silne, uderzaj\u0105ce wizualnie efekty.<\/p>\n<p class=\"break-words\" dir=\"auto\">Nowoczesne techniki uprawy zapewniaj\u0105 sta\u0142\u0105 jako\u015b\u0107, \u0142\u0105cz\u0105c staro\u017cytny szacunek dla psychodelik\u00f3w ze wsp\u00f3\u0142czesnymi innowacjami. Dzi\u015b trufle te s\u0105 znane ze swojej roli w rozwoju osobistym i kreatywno\u015bci, odzwierciedlaj\u0105c kulturow\u0105 zmian\u0119 w kierunku psychodelik\u00f3w i oferuj\u0105c u\u017cytkownikom \u017cyw\u0105, radosn\u0105 podr\u00f3\u017c do kalejdoskopowych krajobraz\u00f3w umys\u0142u.<\/p>\n<h2 class=\"\" dir=\"auto\">Jak u\u017cywa\u0107 magicznych trufli Sugashrooms?<\/h2>\n<p class=\"break-words\" dir=\"auto\">Dla bezpiecznego do\u015bwiadczenia, spo\u017cywaj Sugashrooms Magic Truffles w znanym, spokojnym otoczeniu, zaczynaj\u0105c od po\u0142owy 15-gramowego pude\u0142ka i oceniaj\u0105c efekty po 30-45 minutach przed przyj\u0119ciem wi\u0119kszej ilo\u015bci. Efekty osi\u0105gaj\u0105 szczyt w ci\u0105gu 1-3 godzin i zanikaj\u0105 po 5-6 godzinach; spo\u017cywa\u0107 na pusty \u017co\u0142\u0105dek, dok\u0142adnie prze\u017cuwaj\u0105c lub mieszaj\u0105c z herbat\u0105 lub zup\u0105 i przechowywa\u0107 w temperaturze 2\u00b0C-4\u00b0C w ciemnym miejscu.<\/p>\n<p class=\"break-words\" dir=\"auto\">Unikaj \u0142\u0105czenia z alkoholem, lekami lub narkotykami i nie u\u017cywaj, je\u015bli jeste\u015b w ci\u0105\u017cy, masz mniej ni\u017c 18 lat lub cierpisz na choroby takie jak depresja lub choroby serca; prowadzenie pojazd\u00f3w lub obs\u0142ugiwanie maszyn jest zabronione. Doro\u015bli ciesz\u0105cy si\u0119 dobrym zdrowiem mog\u0105 cieszy\u0107 si\u0119 t\u0119tni\u0105c\u0105 \u017cyciem, sensoryczn\u0105 podr\u00f3\u017c\u0105, pozostaj\u0105c nawodnionymi, relaksuj\u0105c si\u0119 i przestrzegaj\u0105c wytycznych dotycz\u0105cych dawkowania w celu bezpiecznej, czaruj\u0105cej podr\u00f3\u017cy.<\/p>\n<h2 class=\"\" dir=\"auto\">Sk\u0142adniki Sugashrooms Magic Truffles<\/h2>\n<p class=\"break-words\" dir=\"auto\">Sugashrooms Magic Truffles zawieraj\u0105 psylocybin\u0119, kt\u00f3ra w organizmie przekszta\u0142ca si\u0119 w psylocyn\u0119, zmieniaj\u0105c poziom serotoniny w celu uzyskania efekt\u00f3w halucynogennych, a tak\u017ce sk\u0142adniki od\u017cywcze, takie jak 110,5 kcal, 13,2 g w\u0119glowodan\u00f3w, 5,3 g bia\u0142ka, 0,4 g t\u0142uszczu i 16,7 g b\u0142onnika pokarmowego na 100 g. Dostarczaj\u0105 r\u00f3wnie\u017c 210 mg potasu, 169,3 mg fosforu, 12,5 mg wapnia, 13,6 mg sodu, 0,7 mg \u017celaza i 10 IU witaminy D, wspieraj\u0105c energi\u0119 i funkcje organizmu.<\/p>\n<p class=\"break-words\" dir=\"auto\">Trufle te, tworzone naturalnie przez sklerocj\u0119, \u0142\u0105cz\u0105 zwi\u0105zki psychoaktywne ze \u015bladowymi sk\u0142adnikami od\u017cywczymi, zapewniaj\u0105c holistyczne doznania, wzmacniaj\u0105c percepcj\u0119 sensoryczn\u0105 i emocjonaln\u0105. Odpowiedzialna konsumpcja zapewnia u\u017cytkownikom korzy\u015bci z ich wsparcia \u017cywieniowego i \u017cywych, kalejdoskopowych efekt\u00f3w, przy jednoczesnym poszanowaniu si\u0142y psilocybiny.<\/p>\n<p dir=\"auto\"><strong>Ostrze\u017cenie<\/strong><\/p>\n<p class=\"break-words\" dir=\"auto\">Sugashrooms Magic Truffles zawieraj\u0105 psylocybin\u0119 i psylocyn\u0119, silne halucynogeny, kt\u00f3re znacz\u0105co zmieniaj\u0105 percepcj\u0119 i wywo\u0142uj\u0105 \u017cywe halucynacje, wymagaj\u0105c ostro\u017cnego stosowania w kontrolowanych warunkach. Przechowywa\u0107 w miejscu niedost\u0119pnym dla dzieci i unika\u0107 w przypadku ci\u0105\u017cy, problem\u00f3w ze zdrowiem psychicznym lub chor\u00f3b, takich jak cukrzyca lub wysokie ci\u015bnienie krwi.<\/p>\n<p class=\"break-words\" dir=\"auto\">\u0141\u0105czenie z innymi substancjami zwi\u0119ksza ryzyko, a odpowiedzialna konsumpcja jest niezb\u0119dna dla bezpiecze\u0144stwa. U\u017cytkownicy musz\u0105 przestrzega\u0107 wytycznych i zapewni\u0107 odpowiedni stan psychiczny i fizyczny, aby bezpiecznie do\u015bwiadczy\u0107 transformuj\u0105cych efekt\u00f3w tych trufli.<\/p>","protected":false},"excerpt":{"rendered":"<p>Zanurz si\u0119 w mistycznym \u015bwiecie SugaShrooms, naszych czaruj\u0105cych magicznych trufli, kt\u00f3re obiecuj\u0105 kalejdoskop wibruj\u0105cych do\u015bwiadcze\u0144. Idealnie zbalansowane zar\u00f3wno dla pocz\u0105tkuj\u0105cych poszukiwaczy przyg\u00f3d, jak i do\u015bwiadczonych psychonaut\u00f3w, trufle te plasuj\u0105 si\u0119 jako nasza druga najsilniejsza odmiana, oferuj\u0105c pot\u0119\u017cn\u0105, ale \u0142atw\u0105 do opanowania podr\u00f3\u017c. Daj si\u0119 porwa\u0107 symfonii kolor\u00f3w i emocji, gdy SugaShrooms poprowadzi Ci\u0119 przez niezapomnian\u0105 przygod\u0119 z mistycyzmem i czyst\u0105 rado\u015bci\u0105. Poznaj najbardziej magiczne dzie\u0142o natury ju\u017c dzi\u015b i zmie\u0144 swoj\u0105 perspektyw\u0119!<\/p>","protected":false},"featured_media":76852,"template":"","meta":[],"product_brand":[],"product_cat":[402,297,812,706,398,399,626,384,832],"product_tag":[978],"class_list":{"0":"post-76820","1":"product","2":"type-product","3":"status-publish","4":"has-post-thumbnail","6":"product_cat-magic-truffles","7":"product_cat-all-products","8":"product_cat-mcsmart-truffles","9":"product_cat-microdosing-truffles","10":"product_cat-mushrooms","11":"product_cat-shroomshop","12":"product_cat-shroomshop-top-10","13":"product_cat-smartshop","14":"product_cat-strong-magic-truffles","15":"product_tag-shrdeal","16":"product_shipping_class-group-7","18":"first","19":"instock","20":"taxable","21":"shipping-taxable","22":"purchasable","23":"product-type-variable","24":"has-default-attributes"},"_links":{"self":[{"href":"https:\/\/www.headshop.nl\/pl\/wp-json\/wp\/v2\/product\/76820","targetHints":{"allow":["GET"]}}],"collection":[{"href":"https:\/\/www.headshop.nl\/pl\/wp-json\/wp\/v2\/product"}],"about":[{"href":"https:\/\/www.headshop.nl\/pl\/wp-json\/wp\/v2\/types\/product"}],"wp:featuredmedia":[{"embeddable":true,"href":"https:\/\/www.headshop.nl\/pl\/wp-json\/wp\/v2\/media\/76852"}],"wp:attachment":[{"href":"https:\/\/www.headshop.nl\/pl\/wp-json\/wp\/v2\/media?parent=76820"}],"wp:term":[{"taxonomy":"product_brand","embeddable":true,"href":"https:\/\/www.headshop.nl\/pl\/wp-json\/wp\/v2\/product_brand?post=76820"},{"taxonomy":"product_cat","embeddable":true,"href":"https:\/\/www.headshop.nl\/pl\/wp-json\/wp\/v2\/product_cat?post=76820"},{"taxonomy":"product_tag","embeddable":true,"href":"https:\/\/www.headshop.nl\/pl\/wp-json\/wp\/v2\/product_tag?post=76820"}],"curies":[{"name":"wp","href":"https:\/\/api.w.org\/{rel}","templated":true}]}}