{"id":74816,"date":"2023-06-20T07:37:09","date_gmt":"2023-06-20T07:37:09","guid":{"rendered":"https:\/\/www.headshop.nl\/?post_type=product&#038;p=74816"},"modified":"2025-06-06T06:35:06","modified_gmt":"2025-06-06T06:35:06","slug":"trippy-x","status":"publish","type":"product","link":"https:\/\/www.headshop.nl\/pl\/trippy-x\/","title":{"rendered":"Trippy X"},"content":{"rendered":"<h2>Czym s\u0105 Trippy X?<\/h2>\n<p>Trippy X to wyj\u0105tkowa i silna pigu\u0142ka imprezowa, kt\u00f3ra zabiera u\u017cytkownik\u00f3w w kalejdoskopow\u0105 przygod\u0119 niepodobn\u0105 do \u017cadnej innej. \u0141\u0105czy w sobie starannie dobrane naturalne sk\u0142adniki, aby stworzy\u0107 urzekaj\u0105ce do\u015bwiadczenie, kt\u00f3re poprawia percepcj\u0119 i zach\u0119ca do odkrywania g\u0142\u0119bi wyobra\u017ani. Niezale\u017cnie od tego, czy chcesz rozkr\u0119ci\u0107 imprez\u0119, czy cieszy\u0107 si\u0119 osobist\u0105 podr\u00f3\u017c\u0105 do samopoznania, Trippy X zapewnia niezapomniane wra\u017cenia, kt\u00f3re zach\u0119caj\u0105 do kreatywno\u015bci, eksploracji i nowych perspektyw. Kapsu\u0142ki te zosta\u0142y opracowane w celu wspierania wizualnej i sensorycznej transformacji, umo\u017cliwiaj\u0105c u\u017cytkownikom \u0142\u0105czenie si\u0119 z otoczeniem w g\u0142\u0119bszy spos\u00f3b. Zwi\u0119kszaj\u0105c percepcj\u0119 i zmieniaj\u0105c spos\u00f3b do\u015bwiadczania otaczaj\u0105cego \u015bwiata, Trippy X otwiera nowe sfery mo\u017cliwo\u015bci i zabawy. Dzi\u0119ki unikalnej mieszance naturalnych sk\u0142adnik\u00f3w, Trippy X zapewnia hipnotyzuj\u0105ce doznania, kt\u00f3re przenosz\u0105 Ci\u0119 w \u015bwiat \u017cywych wra\u017ce\u0144 i \u017cywych obraz\u00f3w, idealny dla tych, kt\u00f3rzy szukaj\u0105 g\u0142\u0119bszej i bardziej intensywnej przygody.<\/p>\n<h2>Historia Trippy X<\/h2>\n<p>Trippy X czerpie z wielowiekowej tradycji i naturalnego leczenia, zawieraj\u0105c sk\u0142adniki, kt\u00f3re od dawna s\u0105 znane ze swoich w\u0142a\u015bciwo\u015bci rozszerzaj\u0105cych umys\u0142. Wykorzystanie ro\u015blin do poprawy funkcji poznawczych i percepcyjnych si\u0119ga staro\u017cytnych cywilizacji. Kultury na ca\u0142ym \u015bwiecie wykorzystywa\u0142y moc natury do wywo\u0142ywania odmiennych stan\u00f3w \u015bwiadomo\u015bci, odblokowuj\u0105c nowe sposoby postrzegania i do\u015bwiadczania \u015bwiata. Trippy X to nowoczesna ewolucja tych staro\u017cytnych praktyk, \u0142\u0105cz\u0105ca to, co najlepsze w tradycyjnej m\u0105dro\u015bci z najnowocze\u015bniejszymi badaniami nad naturalnymi suplementami. Mieszanka sk\u0142adnik\u00f3w Trippy X zosta\u0142a zaprojektowana tak, aby zmaksymalizowa\u0107 do\u015bwiadczenie poszerzania umys\u0142u, pomagaj\u0105c u\u017cytkownikom wykorzysta\u0107 ich kreatywno\u015b\u0107, emocje i \u015bwiadomo\u015b\u0107 sensoryczn\u0105. Zainspirowany psychodelicznymi podr\u00f3\u017cami z przesz\u0142o\u015bci, Trippy X ma na celu zaoferowanie bezpiecznego, naturalnego sposobu na odkrywanie swojego wewn\u0119trznego \u015bwiata. Dzi\u0119ki zamkni\u0119ciu tych pot\u0119\u017cnych sk\u0142adnik\u00f3w w \u0142atwej do spo\u017cycia formie, Trippy X oferuje wygodny i kontrolowany spos\u00f3b na wyruszenie w podr\u00f3\u017c samopoznania i odkrywania.<\/p>\n<h2>Jak korzysta\u0107 z Trippy X<\/h2>\n<p>Aby do\u015bwiadczy\u0107 pe\u0142nych efekt\u00f3w Trippy X, nale\u017cy przyj\u0105\u0107 jedn\u0105 kapsu\u0142k\u0119 na 30 do 45 minut przed po\u017c\u0105danym efektem. Zalecana dawka to jedna kapsu\u0142ka, kt\u00f3r\u0105 nale\u017cy popi\u0107 wod\u0105 lub sokiem owocowym w celu uzyskania optymalnego wch\u0142aniania. Nale\u017cy przestrzega\u0107 zalecanej dawki, poniewa\u017c nie zaleca si\u0119 przekraczania maksymalnej dawki jednej kapsu\u0142ki dziennie. Trippy X zosta\u0142 zaprojektowany, aby zapewni\u0107 g\u0142\u0119boko wci\u0105gaj\u0105ce i kalejdoskopowe doznania, a wyczucie czasu jest kluczem do zapewnienia pe\u0142nych efekt\u00f3w. Formu\u0142a dzia\u0142a stopniowo, wi\u0119c przyj\u0119cie kapsu\u0142ki we w\u0142a\u015bciwym czasie pozwala wej\u015b\u0107 w podr\u00f3\u017c, gdy jeste\u015b gotowy, aby w pe\u0142ni j\u0105 przyj\u0105\u0107. Wa\u017cne jest, aby pami\u0119ta\u0107, \u017ce Trippy X to pot\u0119\u017cny suplement, kt\u00f3ry powinien by\u0107 stosowany z szacunkiem. Niezale\u017cnie od tego, czy u\u017cywasz go na imprezie, czy do osobistych do\u015bwiadcze\u0144, ustawienie odpowiedniego \u015brodowiska poprawi twoj\u0105 podr\u00f3\u017c. Zawsze upewnij si\u0119, \u017ce jeste\u015b w bezpiecznej, wygodnej przestrzeni, w kt\u00f3rej mo\u017cesz w pe\u0142ni cieszy\u0107 si\u0119 do\u015bwiadczeniem. Przygotuj si\u0119 na otwarcie umys\u0142u i odkrywanie nowych wymiar\u00f3w kreatywno\u015bci i percepcji.<\/p>\n<h2>Sk\u0142adniki Trippy X<\/h2>\n<p>Kapsu\u0142ki Trippy X zawieraj\u0105 unikaln\u0105 mieszank\u0119 sk\u0142adnik\u00f3w starannie dobranych pod k\u0105tem ich w\u0142a\u015bciwo\u015bci rozszerzaj\u0105cych umys\u0142 i wzmacniaj\u0105cych zmys\u0142y. G\u0142\u00f3wny sk\u0142adnik, Baby Hawaiian Woodrose (175 mg), by\u0142 u\u017cywany od wiek\u00f3w w tradycyjnej medycynie ze wzgl\u0119du na jego zdolno\u015b\u0107 do wywo\u0142ywania \u017cywych wizji i zwi\u0119kszania kreatywno\u015bci. Jest znany ze swojej si\u0142y dzia\u0142ania i zdolno\u015bci do przenoszenia u\u017cytkownik\u00f3w w odmienne stany \u015bwiadomo\u015bci. Passionflower 10% (250 mg) to kolejny kluczowy sk\u0142adnik, ceniony za swoje uspokajaj\u0105ce dzia\u0142anie i zdolno\u015b\u0107 do \u0142agodzenia niepokoju, pozwalaj\u0105c u\u017cytkownikom wej\u015b\u0107 w podr\u00f3\u017c z poczuciem \u0142atwo\u015bci i skupienia. Passionflower pomaga r\u00f3wnie\u017c zachowa\u0107 r\u00f3wnowag\u0119 mi\u0119dzy relaksacj\u0105 a stymulacj\u0105, co jest niezb\u0119dne dla przyjemnych dozna\u0144. Cynk (10 mg) jest zawarty w celu wspierania og\u00f3lnych funkcji poznawczych i dobrego samopoczucia, zapewniaj\u0105c, \u017ce organizm mo\u017ce w pe\u0142ni przetworzy\u0107 rozszerzaj\u0105ce umys\u0142 dzia\u0142anie innych sk\u0142adnik\u00f3w. Razem sk\u0142adniki te tworz\u0105 pot\u0119\u017cn\u0105 formu\u0142\u0119, kt\u00f3ra prowadzi u\u017cytkownik\u00f3w w kalejdoskopow\u0105 podr\u00f3\u017c, odblokowuj\u0105c nowe postrzeganie i zwi\u0119kszaj\u0105c doznania. Dzi\u0119ki Trippy X mo\u017cesz do\u015bwiadczy\u0107 g\u0142\u0119bszej, bardziej wci\u0105gaj\u0105cej podr\u00f3\u017cy, kt\u00f3ra pobudza wyobra\u017ani\u0119 i zach\u0119ca do rozwoju osobistego.<\/p>\n<p><strong>Ostrze\u017cenie:<\/strong><\/p>\n<p>Suplement diety nie mo\u017ce by\u0107 stosowany jako substytut zr\u00f3\u017cnicowanej diety. Przechowywa\u0107 w miejscu niedost\u0119pnym dla dzieci. Stosowa\u0107 wy\u0142\u0105cznie u os\u00f3b powy\u017cej 18 roku \u017cycia. Nie stosowa\u0107 w po\u0142\u0105czeniu z lekami lub innymi stymulantami, zw\u0142aszcza w przypadku wysokiego lub niskiego ci\u015bnienia krwi, chor\u00f3b serca, zaburze\u0144 tarczycy, chor\u00f3b nerek, depresji, nerwowo\u015bci lub problem\u00f3w ze zdrowiem psychicznym\/fizycznym. Podczas stosowania tego produktu nale\u017cy unika\u0107 nadmiernego spo\u017cywania alkoholu. W razie w\u0105tpliwo\u015bci nale\u017cy skonsultowa\u0107 si\u0119 z lekarzem.<\/p>","protected":false},"excerpt":{"rendered":"<p>Uwolnij magi\u0119 swojego umys\u0142u dzi\u0119ki Trippy X, najlepszej pigu\u0142ce imprezowej zaprojektowanej, aby wprowadzi\u0107 Ci\u0119 w labirynt \u017cywych kolor\u00f3w i niezr\u00f3wnanych przyg\u00f3d sensorycznych. Stworzone z charakterystycznej mikstury sk\u0142adnik\u00f3w pochodz\u0105cych z ziemi, nasze Kaleidoscopic Caps wzywaj\u0105 Ci\u0119 do transformuj\u0105cej eksploracji, g\u0142\u0119boko w niezbadane terytoria Twojej wyobra\u017ani. Poddaj si\u0119 zniewalaj\u0105cej mocy Trippy X i przygotuj si\u0119 na hipnotyczn\u0105 podr\u00f3\u017c, jakiej jeszcze nie do\u015bwiadczy\u0142e\u015b. Podnie\u015b swoje wra\u017cenia z imprezy do poziomu wykraczaj\u0105cego poza przeci\u0119tno\u015b\u0107 dzi\u0119ki Trippy X, paszportowi do hipnotyzuj\u0105co niezapomnianej eskapady.<\/p>","protected":false},"featured_media":75407,"template":"","meta":[],"product_brand":[],"product_cat":[408,386,384,412],"product_tag":[],"class_list":{"0":"post-74816","1":"product","2":"type-product","3":"status-publish","4":"has-post-thumbnail","6":"product_cat-dnx","7":"product_cat-party-pills","8":"product_cat-smartshop","9":"product_cat-trippy-pills","10":"product_shipping_class-not-allowed-group-3","12":"first","13":"instock","14":"taxable","15":"shipping-taxable","16":"purchasable","17":"product-type-variable","18":"has-default-attributes"},"_links":{"self":[{"href":"https:\/\/www.headshop.nl\/pl\/wp-json\/wp\/v2\/product\/74816","targetHints":{"allow":["GET"]}}],"collection":[{"href":"https:\/\/www.headshop.nl\/pl\/wp-json\/wp\/v2\/product"}],"about":[{"href":"https:\/\/www.headshop.nl\/pl\/wp-json\/wp\/v2\/types\/product"}],"wp:featuredmedia":[{"embeddable":true,"href":"https:\/\/www.headshop.nl\/pl\/wp-json\/wp\/v2\/media\/75407"}],"wp:attachment":[{"href":"https:\/\/www.headshop.nl\/pl\/wp-json\/wp\/v2\/media?parent=74816"}],"wp:term":[{"taxonomy":"product_brand","embeddable":true,"href":"https:\/\/www.headshop.nl\/pl\/wp-json\/wp\/v2\/product_brand?post=74816"},{"taxonomy":"product_cat","embeddable":true,"href":"https:\/\/www.headshop.nl\/pl\/wp-json\/wp\/v2\/product_cat?post=74816"},{"taxonomy":"product_tag","embeddable":true,"href":"https:\/\/www.headshop.nl\/pl\/wp-json\/wp\/v2\/product_tag?post=74816"}],"curies":[{"name":"wp","href":"https:\/\/api.w.org\/{rel}","templated":true}]}}