{"id":60094,"date":"2023-01-16T12:03:25","date_gmt":"2023-01-16T12:03:25","guid":{"rendered":"https:\/\/www.headshop.nl\/?post_type=product&#038;p=60094"},"modified":"2025-05-23T09:24:32","modified_gmt":"2025-05-23T09:24:32","slug":"cbd-sleep-well-gummies","status":"publish","type":"product","link":"https:\/\/www.headshop.nl\/pl\/cbd-sleep-well-gummies\/","title":{"rendered":"CBD Sleep Well Gummies"},"content":{"rendered":"<p><strong>CBD Sleep well Gummies:<\/strong><br \/>\nProblemy ze snem s\u0105 powszechne i maj\u0105 du\u017cy negatywny wp\u0142yw na codzienne \u017cycie. Je\u015bli cierpisz na bezsenne noce, powiniene\u015b si\u0119gn\u0105\u0107 po Dr. Candy CBD Sleep Well Gummies z CBD i melatonin\u0105. CBD jest znane ze swoich w\u0142a\u015bciwo\u015bci uspokajaj\u0105cych i przeciwb\u00f3lowych. Melatonina to substancja naturalnie wytwarzana przez organizm, kt\u00f3ra odgrywa rol\u0119 w regulacji rytmu snu i czuwania.<\/p>\n<p>Niewiele jest rzeczy bardziej frustruj\u0105cych ni\u017c problemy ze snem. W ci\u0105gu dnia czujesz si\u0119 senny, nieskoncentrowany i rozdra\u017cniony, poniewa\u017c nie spa\u0142e\u015b wystarczaj\u0105co du\u017co. Ale kiedy k\u0142adziesz si\u0119 do \u0142\u00f3\u017cka w nocy i chcesz cieszy\u0107 si\u0119 niezak\u0142\u00f3conym snem, po prostu le\u017cysz z szeroko otwartymi oczami. By\u0107 mo\u017ce tw\u00f3j umys\u0142 ci\u0105gle si\u0119 kr\u0119ci lub nie mo\u017cesz si\u0119 fizycznie zrelaksowa\u0107. Niekt\u00f3rzy ludzie zasypiaj\u0105, ale nagle budz\u0105 si\u0119 w \u015brodku nocy. Im bardziej starasz si\u0119 zasn\u0105\u0107, tym mniej ci si\u0119 to udaje.<\/p>\n<p>Przyczyn zaburze\u0144 snu mo\u017ce by\u0107 wiele. Na przyk\u0142ad stres i niepok\u00f3j mog\u0105 by\u0107 powodem, dla kt\u00f3rego nie mo\u017cesz zasn\u0105\u0107, zaburzony rytm dnia i nocy, a nawet b\u00f3l. Na szcz\u0119\u015bcie CBD i melatonina mog\u0105 pom\u00f3c w wielu z tych dolegliwo\u015bci. Obie s\u0105 naturalnymi substancjami, kt\u00f3re pomagaj\u0105 cia\u0142u i umys\u0142owi zrelaksowa\u0107 si\u0119, u\u0142atwiaj\u0105c zasypianie i lepszy sen. Ka\u017cda \u017celka Sleep Well Gummie zawiera 10 mg CBD i 0,3 mg melatoniny.<\/p>\n<p><strong>Zastosowanie:<\/strong><br \/>\nCBD dzia\u0142a w organizmie po zbudowaniu lustra. Lustro to buduje si\u0119 poprzez codzienne przyjmowanie kannabidiolu. Zawsze zalecamy rozpocz\u0119cie pierwszego tygodnia od jednego lub wi\u0119cej \u017celk\u00f3w dziennie i zwi\u0119kszanie dawki w razie potrzeby. CBD ma wiele pozytywnych w\u0142a\u015bciwo\u015bci. Przedawkowanie CBD jest bardzo ma\u0142o prawdopodobne. Nie zalecamy jednak przyjmowania wi\u0119cej ni\u017c 100 mg CBD dziennie.<\/p>\n<p><strong>Porady dotycz\u0105ce przechowywania:<\/strong><br \/>\nProdukt Dr. Candy nale\u017cy przechowywa\u0107 w ch\u0142odnym i ciemnym miejscu, takim jak szafka kuchenna, w miejscu niedost\u0119pnym dla dzieci.<\/p>\n<p><strong>Sk\u0142adniki:<\/strong><br \/>\nGlukoza, cukier, naturalne barwniki i aromaty, \u017celatyna, kwas cytrynowy, CBD, Melatonina<\/p>\n<p><strong>Ostrze\u017cenie:<\/strong><br \/>\nProdukt nie jest odpowiedni dla kobiet w ci\u0105\u017cy i dzieci.<\/p>","protected":false},"excerpt":{"rendered":"<p>Cukierki CBD Sleep Well Gummies pochodz\u0105 z kolekcji cukierk\u00f3w Dr. Candy i zawieraj\u0105 CBD. Ciesz si\u0119 s\u0142odycz\u0105 i korzystaj z wielu zalet CBD dla cia\u0142a i umys\u0142u. Idealne pomi\u0119dzy posi\u0142kami lub po prostu dlatego, \u017ce s\u0105 smaczne. Dr. Candy to marka, je\u015bli chodzi o cukierki CBD, wypr\u00f3buj je teraz.<\/p>","protected":false},"featured_media":58142,"template":"","meta":[],"product_brand":[],"product_cat":[839,297,847],"product_tag":[],"class_list":{"0":"post-60094","1":"product","2":"type-product","3":"status-publish","4":"has-post-thumbnail","6":"product_cat-dr-candy","7":"product_cat-all-products","8":"product_cat-edibles-2","10":"first","11":"instock","12":"taxable","13":"shipping-taxable","14":"purchasable","15":"product-type-variable","16":"has-default-attributes"},"_links":{"self":[{"href":"https:\/\/www.headshop.nl\/pl\/wp-json\/wp\/v2\/product\/60094","targetHints":{"allow":["GET"]}}],"collection":[{"href":"https:\/\/www.headshop.nl\/pl\/wp-json\/wp\/v2\/product"}],"about":[{"href":"https:\/\/www.headshop.nl\/pl\/wp-json\/wp\/v2\/types\/product"}],"wp:featuredmedia":[{"embeddable":true,"href":"https:\/\/www.headshop.nl\/pl\/wp-json\/wp\/v2\/media\/58142"}],"wp:attachment":[{"href":"https:\/\/www.headshop.nl\/pl\/wp-json\/wp\/v2\/media?parent=60094"}],"wp:term":[{"taxonomy":"product_brand","embeddable":true,"href":"https:\/\/www.headshop.nl\/pl\/wp-json\/wp\/v2\/product_brand?post=60094"},{"taxonomy":"product_cat","embeddable":true,"href":"https:\/\/www.headshop.nl\/pl\/wp-json\/wp\/v2\/product_cat?post=60094"},{"taxonomy":"product_tag","embeddable":true,"href":"https:\/\/www.headshop.nl\/pl\/wp-json\/wp\/v2\/product_tag?post=60094"}],"curies":[{"name":"wp","href":"https:\/\/api.w.org\/{rel}","templated":true}]}}