{"id":60090,"date":"2023-01-16T12:03:21","date_gmt":"2023-01-16T12:03:21","guid":{"rendered":"https:\/\/www.headshop.nl\/?post_type=product&#038;p=60090"},"modified":"2025-05-23T09:24:37","modified_gmt":"2025-05-23T09:24:37","slug":"cbd-cannabis-leaves-orange","status":"publish","type":"product","link":"https:\/\/www.headshop.nl\/pl\/cbd-cannabis-leaves-orange\/","title":{"rendered":"CBD Cannabis Leaves Orange"},"content":{"rendered":"<p><strong>CBD Cannabis Leaves Orange:<\/strong><br \/>\nCannabis Leaves Orange od Dr. Candy zawiera pyszne s\u0142odycze, kt\u00f3re s\u0105 dostarczane z substancj\u0105 CBD! Kannabidiol (CBD) odgrywa g\u0142\u00f3wn\u0105 rol\u0119 jako aktywny g\u0142\u00f3wny sk\u0142adnik tych gumowatych li\u015bci konopi. Substancja CBD jest ekstrahowana z konopi i ma pozytywny wp\u0142yw na cia\u0142o i umys\u0142. Kannabidiol mo\u017ce obni\u017ca\u0107 poziom l\u0119ku lub stresu w organizmie i ma w\u0142a\u015bciwo\u015bci przeciwzapalne. Ro\u015blina konopi jest pe\u0142na cennych substancji, w tym terpen\u00f3w, flawonoid\u00f3w i kannabinoid\u00f3w. Substancje te mog\u0105 mie\u0107 pozytywny wp\u0142yw zar\u00f3wno na cia\u0142o, jak i umys\u0142. Pe\u0142ne spektrum ro\u015bliny konopi obejmuje r\u00f3wnie\u017c substancje Cannabinol (CBN), Cannabigerol (CBG) i Cannabichromene (CBC). Kannabinol mo\u017ce mie\u0107 pozytywny wp\u0142yw na sen i zasypianie. Mo\u017ce r\u00f3wnie\u017c pom\u00f3c w nudno\u015bciach. Kannabigerol jest niezb\u0119dnym budulcem dla kannabinoid\u00f3w i zawiera wiele w\u0142a\u015bciwo\u015bci antybakteryjnych. Kannabichromen mo\u017ce \u0142agodzi\u0107 b\u00f3l.<\/p>\n<p>Cannabis Leaves Orange jest idealny do przyjmowania mi\u0119dzy posi\u0142kami. Ka\u017cdy z li\u015bci konopi zawiera 10 mg CBD. S\u0142odycze te nie powoduj\u0105 odurzenia. Substancja THC, kt\u00f3ra jest odpowiedzialna za psychodeliczne odczucia zwi\u0105zane z konopiami indyjskimi, nie jest obecna w tych cukierkach. Podczas ekstrakcji CBD i innych substancji specyficznych dla ro\u015blin, substancja THC jest tracona. Oznacza to, \u017ce cukierki te nie maj\u0105 efekt\u00f3w psychodelicznych. Mo\u017cna je wi\u0119c spo\u017cywa\u0107 w dowolnym miejscu i czasie.<\/p>\n<p><strong>Zastosowanie:<\/strong><br \/>\nCBD dzia\u0142a w organizmie po zbudowaniu lustra. Zawsze zalecamy rozpocz\u0119cie od dw\u00f3ch li\u015bci CBD dziennie w pierwszym tygodniu, a nast\u0119pnie rozszerzenie tej ilo\u015bci zgodnie z potrzebami. Przyjmuj\u0105c li\u015b\u0107 konopi ka\u017cdego dnia, budujesz poziom CBD we krwi, a zw\u0142aszcza wtedy pozytywne efekty staj\u0105 si\u0119 bardzo zauwa\u017calne.<\/p>\n<p><strong>Sk\u0142adniki:<\/strong><br \/>\nCBD, glukoza, cukier, naturalny barwnik, \u017celatyna, kwas cytrynowy.<\/p>\n<p><strong>Porady dotycz\u0105ce przechowywania:<\/strong><br \/>\nProdukt Dr. Candy nale\u017cy przechowywa\u0107 w ch\u0142odnym i ciemnym miejscu, takim jak szafka kuchenna, w miejscu niedost\u0119pnym dla dzieci.<\/p>\n<p><strong>Ostrze\u017cenie:<\/strong><br \/>\nProdukt nie jest odpowiedni dla kobiet w ci\u0105\u017cy i dzieci.<\/p>","protected":false},"excerpt":{"rendered":"<p>Cukierki CBD Cannabis Leaves Orange pochodz\u0105 z kolekcji cukierk\u00f3w Dr. Candy i zawieraj\u0105 CBD. Ciesz si\u0119 s\u0142odycz\u0105 i korzystaj z wielu zalet CBD dla cia\u0142a i umys\u0142u. Idealne jako przek\u0105ska pomi\u0119dzy posi\u0142kami lub tylko dlatego, \u017ce s\u0105 smaczne. Dr. Candy to marka, je\u015bli chodzi o cukierki CBD, wypr\u00f3buj je teraz.<\/p>","protected":false},"featured_media":58150,"template":"","meta":[],"product_brand":[],"product_cat":[839,297,847],"product_tag":[],"class_list":{"0":"post-60090","1":"product","2":"type-product","3":"status-publish","4":"has-post-thumbnail","6":"product_cat-dr-candy","7":"product_cat-all-products","8":"product_cat-edibles-2","10":"first","11":"instock","12":"taxable","13":"shipping-taxable","14":"purchasable","15":"product-type-variable","16":"has-default-attributes"},"_links":{"self":[{"href":"https:\/\/www.headshop.nl\/pl\/wp-json\/wp\/v2\/product\/60090","targetHints":{"allow":["GET"]}}],"collection":[{"href":"https:\/\/www.headshop.nl\/pl\/wp-json\/wp\/v2\/product"}],"about":[{"href":"https:\/\/www.headshop.nl\/pl\/wp-json\/wp\/v2\/types\/product"}],"wp:featuredmedia":[{"embeddable":true,"href":"https:\/\/www.headshop.nl\/pl\/wp-json\/wp\/v2\/media\/58150"}],"wp:attachment":[{"href":"https:\/\/www.headshop.nl\/pl\/wp-json\/wp\/v2\/media?parent=60090"}],"wp:term":[{"taxonomy":"product_brand","embeddable":true,"href":"https:\/\/www.headshop.nl\/pl\/wp-json\/wp\/v2\/product_brand?post=60090"},{"taxonomy":"product_cat","embeddable":true,"href":"https:\/\/www.headshop.nl\/pl\/wp-json\/wp\/v2\/product_cat?post=60090"},{"taxonomy":"product_tag","embeddable":true,"href":"https:\/\/www.headshop.nl\/pl\/wp-json\/wp\/v2\/product_tag?post=60090"}],"curies":[{"name":"wp","href":"https:\/\/api.w.org\/{rel}","templated":true}]}}