{"id":60080,"date":"2023-01-16T12:03:13","date_gmt":"2023-01-16T12:03:13","guid":{"rendered":"https:\/\/www.headshop.nl\/?post_type=product&#038;p=60080"},"modified":"2025-05-23T09:25:05","modified_gmt":"2025-05-23T09:25:05","slug":"cbd-gummy-bears-mix","status":"publish","type":"product","link":"https:\/\/www.headshop.nl\/pl\/cbd-gummy-bears-mix\/","title":{"rendered":"Mieszanka \u017celk\u00f3w CBD"},"content":{"rendered":"<p><strong>Mieszanka \u017celk\u00f3w CBD:<\/strong><br \/>\nCBD Gummybears Mixed flavor od Dr. Candy to pyszne s\u0142odycze z CBD, kt\u00f3re pochodzi z konopi indyjskich. Kannabidiol (CBD) jest aktywnym sk\u0142adnikiem tych \u017celk\u00f3w. Substancja CBD jest ekstrahowana z konopi i ma pozytywny wp\u0142yw na cia\u0142o i umys\u0142. Kannabidiol mo\u017ce obni\u017ca\u0107 poziom l\u0119ku lub stresu w organizmie i ma w\u0142a\u015bciwo\u015bci przeciwzapalne. Ro\u015blina konopi jest pe\u0142na wspania\u0142ych zwi\u0105zk\u00f3w, w tym terpen\u00f3w, flawonoid\u00f3w i kannabinoid\u00f3w. CBD Gummy Bears od Dr. Candy to cukierki o r\u00f3\u017cnych owocowych smakach. Idealne do spo\u017cycia mi\u0119dzy posi\u0142kami!<\/p>\n<p>\u017belki CBD zawieraj\u0105 po 5 mg CBD. Nie spowoduje to odurzenia ani upalenia. Substancja THC, kt\u00f3ra jest odpowiedzialna za psychodeliczne odczucia zwi\u0105zane z konopiami indyjskimi, nie jest obecna w tych cukierkach. Podczas ekstrakcji CBD i innych u\u017cytecznych substancji ro\u015blinnych, substancja THC jest tracona. Oznacza to, \u017ce cukierki te nie maj\u0105 efekt\u00f3w psychodelicznych. Mo\u017cesz wi\u0119c spo\u017cywa\u0107 te s\u0142odycze w dowolnym miejscu i czasie. Odkryj moc CBD Bears Mixed Flavor!<\/p>\n<p><strong>Zastosowanie:<\/strong><br \/>\nCBD dzia\u0142a w organizmie po zbudowaniu lustra. Lustro to buduje si\u0119 poprzez codzienne przyjmowanie kannabidiolu. Zawsze zalecamy rozpocz\u0119cie pierwszego tygodnia od jednego lub dw\u00f3ch s\u0142odyczy dziennie i rozszerzenie w razie potrzeby. CBD ma wiele pozytywnych w\u0142a\u015bciwo\u015bci. Przedawkowanie CBD jest bardzo ma\u0142o prawdopodobne. Nie zalecamy jednak przyjmowania wi\u0119cej ni\u017c 100 mg CBD dziennie.<\/p>\n<p><strong>Sk\u0142adniki:<\/strong><br \/>\nCBD, glukoza, cukier, naturalny barwnik, \u017celatyna, kwas cytrynowy.<\/p>\n<p><strong>Porady dotycz\u0105ce przechowywania:<\/strong><br \/>\nProdukt Dr. Candy nale\u017cy przechowywa\u0107 w ch\u0142odnym i ciemnym miejscu, takim jak szafka kuchenna, w miejscu niedost\u0119pnym dla dzieci.<\/p>\n<p><strong>Ostrze\u017cenie:<\/strong><br \/>\nProdukt nie jest odpowiedni dla kobiet w ci\u0105\u017cy i dzieci.<\/p>","protected":false},"excerpt":{"rendered":"<p>Cukierki CBD Gummy Bears mix pochodz\u0105 z kolekcji cukierk\u00f3w Dr. Candy i zawieraj\u0105 CBD. Ciesz si\u0119 s\u0142odycz\u0105 i korzystaj z wielu zalet CBD dla cia\u0142a i umys\u0142u. Idealne pomi\u0119dzy posi\u0142kami lub po prostu dlatego, \u017ce s\u0105 smaczne. Dr. Candy to marka, je\u015bli chodzi o cukierki CBD, wypr\u00f3buj je teraz.<\/p>","protected":false},"featured_media":58158,"template":"","meta":[],"product_brand":[],"product_cat":[839,297,847],"product_tag":[],"class_list":{"0":"post-60080","1":"product","2":"type-product","3":"status-publish","4":"has-post-thumbnail","6":"product_cat-dr-candy","7":"product_cat-all-products","8":"product_cat-edibles-2","10":"first","11":"instock","12":"taxable","13":"shipping-taxable","14":"purchasable","15":"product-type-variable","16":"has-default-attributes"},"_links":{"self":[{"href":"https:\/\/www.headshop.nl\/pl\/wp-json\/wp\/v2\/product\/60080","targetHints":{"allow":["GET"]}}],"collection":[{"href":"https:\/\/www.headshop.nl\/pl\/wp-json\/wp\/v2\/product"}],"about":[{"href":"https:\/\/www.headshop.nl\/pl\/wp-json\/wp\/v2\/types\/product"}],"wp:featuredmedia":[{"embeddable":true,"href":"https:\/\/www.headshop.nl\/pl\/wp-json\/wp\/v2\/media\/58158"}],"wp:attachment":[{"href":"https:\/\/www.headshop.nl\/pl\/wp-json\/wp\/v2\/media?parent=60080"}],"wp:term":[{"taxonomy":"product_brand","embeddable":true,"href":"https:\/\/www.headshop.nl\/pl\/wp-json\/wp\/v2\/product_brand?post=60080"},{"taxonomy":"product_cat","embeddable":true,"href":"https:\/\/www.headshop.nl\/pl\/wp-json\/wp\/v2\/product_cat?post=60080"},{"taxonomy":"product_tag","embeddable":true,"href":"https:\/\/www.headshop.nl\/pl\/wp-json\/wp\/v2\/product_tag?post=60080"}],"curies":[{"name":"wp","href":"https:\/\/api.w.org\/{rel}","templated":true}]}}