{"id":60076,"date":"2023-01-16T12:03:09","date_gmt":"2023-01-16T12:03:09","guid":{"rendered":"https:\/\/www.headshop.nl\/?post_type=product&#038;p=60076"},"modified":"2025-05-23T09:25:16","modified_gmt":"2025-05-23T09:25:16","slug":"cbd-love-gummies","status":"publish","type":"product","link":"https:\/\/www.headshop.nl\/pl\/cbd-love-gummies\/","title":{"rendered":"\u017belki CBD Love"},"content":{"rendered":"<p><strong>\u017belki CBD Love Gummies:<\/strong><\/p>\n<p>Dzi\u0119ki tym \u017celkom CBD Love Gummies przeniesiesz swoj\u0105 sprawno\u015b\u0107 seksualn\u0105 na wy\u017cszy poziom. Erotyczny afrodyzjak w kszta\u0142cie serca jest odpowiedni dla ka\u017cdego. Rozpal wewn\u0119trzny ogie\u0144 jak nigdy dot\u0105d i zapewnij wiecz\u00f3r pe\u0142en nami\u0119tno\u015bci, kt\u00f3rego szybko nie zapomnisz. We\u017a 1 lub 2 \u017celki i pozw\u00f3l mi\u0142o\u015bci, pasji i nami\u0119tno\u015bci zrobi\u0107 reszt\u0119. Zaskocz swojego partnera i baw si\u0119 dobrze!<\/p>\n<p>Smaczne \u017celki Love Gummies zawieraj\u0105 kilka aktywnych sk\u0142adnik\u00f3w, w tym nie mniej ni\u017c 4 mg CBD. Zawieraj\u0105 r\u00f3wnie\u017c Damiana (Turnera Diffusa) i Muira Puama (Ptychopetalum olacoides). Te dwa legendarne zio\u0142a s\u0105 znane jako pot\u0119\u017cne afrodyzjaki i s\u0105 znane jako \"viagra Amazonii\". Dzi\u0119ki s\u0142odkiemu truskawkowemu smakowi b\u0119dziesz oblizywa\u0107 palce (lub palce partnera)!<\/p>\n<p><strong>Zastosowanie:<\/strong><br \/>\nCBD dzia\u0142a w organizmie po zbudowaniu lustra. Lustro to buduje si\u0119 poprzez codzienne przyjmowanie kannabidiolu. Zawsze zalecamy rozpocz\u0119cie pierwszego tygodnia od jednego lub wi\u0119cej \u017celk\u00f3w dziennie i zwi\u0119kszanie dawki w razie potrzeby. CBD ma wiele pozytywnych w\u0142a\u015bciwo\u015bci. Przedawkowanie CBD jest bardzo ma\u0142o prawdopodobne. Nie zalecamy jednak przyjmowania wi\u0119cej ni\u017c 100 mg CBD dziennie.<\/p>\n<p><strong>Porady dotycz\u0105ce przechowywania:<\/strong><br \/>\nProdukt Dr. Candy nale\u017cy przechowywa\u0107 w ch\u0142odnym i ciemnym miejscu, takim jak szafka kuchenna, w miejscu niedost\u0119pnym dla dzieci.<\/p>\n<p><strong>Sk\u0142adniki na gum\u0119:<\/strong><br \/>\n4 mg CBD, 100 mg Damiana (Turnera Diffusa) i 100 mg Muira Puama (Ptychopetalum olacoides)<\/p>\n<p><strong>Ostrze\u017cenie:<\/strong><br \/>\nProdukt nie jest odpowiedni dla kobiet w ci\u0105\u017cy i dzieci.<\/p>","protected":false},"excerpt":{"rendered":"<p>Cukierki CBD Love Gummies pochodz\u0105 z kolekcji cukierk\u00f3w Dr. Candy i zawieraj\u0105 CBD. Ciesz si\u0119 s\u0142odycz\u0105 i korzystaj z wielu zalet CBD dla cia\u0142a i umys\u0142u. Idealne pomi\u0119dzy posi\u0142kami lub po prostu dlatego, \u017ce s\u0105 smaczne. Dr. Candy to marka, je\u015bli chodzi o cukierki CBD, wypr\u00f3buj je teraz.<\/p>","protected":false},"featured_media":58154,"template":"","meta":[],"product_brand":[],"product_cat":[839,297,847],"product_tag":[],"class_list":{"0":"post-60076","1":"product","2":"type-product","3":"status-publish","4":"has-post-thumbnail","6":"product_cat-dr-candy","7":"product_cat-all-products","8":"product_cat-edibles-2","10":"first","11":"instock","12":"taxable","13":"shipping-taxable","14":"purchasable","15":"product-type-variable","16":"has-default-attributes"},"_links":{"self":[{"href":"https:\/\/www.headshop.nl\/pl\/wp-json\/wp\/v2\/product\/60076","targetHints":{"allow":["GET"]}}],"collection":[{"href":"https:\/\/www.headshop.nl\/pl\/wp-json\/wp\/v2\/product"}],"about":[{"href":"https:\/\/www.headshop.nl\/pl\/wp-json\/wp\/v2\/types\/product"}],"wp:featuredmedia":[{"embeddable":true,"href":"https:\/\/www.headshop.nl\/pl\/wp-json\/wp\/v2\/media\/58154"}],"wp:attachment":[{"href":"https:\/\/www.headshop.nl\/pl\/wp-json\/wp\/v2\/media?parent=60076"}],"wp:term":[{"taxonomy":"product_brand","embeddable":true,"href":"https:\/\/www.headshop.nl\/pl\/wp-json\/wp\/v2\/product_brand?post=60076"},{"taxonomy":"product_cat","embeddable":true,"href":"https:\/\/www.headshop.nl\/pl\/wp-json\/wp\/v2\/product_cat?post=60076"},{"taxonomy":"product_tag","embeddable":true,"href":"https:\/\/www.headshop.nl\/pl\/wp-json\/wp\/v2\/product_tag?post=60076"}],"curies":[{"name":"wp","href":"https:\/\/api.w.org\/{rel}","templated":true}]}}