{"id":60071,"date":"2023-01-16T11:19:59","date_gmt":"2023-01-16T11:19:59","guid":{"rendered":"https:\/\/www.headshop.nl\/?post_type=product&#038;p=60071"},"modified":"2025-05-23T09:25:26","modified_gmt":"2025-05-23T09:25:26","slug":"cbd-lollys-cola","status":"publish","type":"product","link":"https:\/\/www.headshop.nl\/pl\/cbd-lollys-cola\/","title":{"rendered":"CBD Lolly's Cola"},"content":{"rendered":"<p><strong>CBD Lollipop Cola:<\/strong><br \/>\nLollypop Cola CBD od Dr.Candy to s\u0142odki przysmak z wyj\u0105tkowym akcentem! Kannabidiol lub CBD to substancja wyst\u0119puj\u0105ca w konopiach. Substancja ta ma wiele pozytywnych w\u0142a\u015bciwo\u015bci. CBD nie jest substancj\u0105, kt\u00f3ra powoduje odurzenie lub upalenie. Jednak po wypaleniu jointa CBD Lollypop mo\u017ce wzmocni\u0107 uczucie haju. Dzieje si\u0119 tak, poniewa\u017c opr\u00f3cz CBD obecne s\u0105 r\u00f3wnie\u017c inne substancje specyficzne dla ro\u015blin, takie jak CBN. Kannabinol (CBN) dzia\u0142a jako silny \u015brodek uspokajaj\u0105cy. Ilo\u015bci zawarte w tym lizaku s\u0105 dalekie od wystarczaj\u0105cych, aby odczu\u0107 kt\u00f3rykolwiek z tych efekt\u00f3w, chyba \u017ce po\u0142\u0105czysz go z THC. Po\u0142\u0105czenie tych dw\u00f3ch substancji mo\u017ce mie\u0107 pot\u0119\u017cny efekt. Cukierki CBD s\u0105 u\u017cywane ze wzgl\u0119du na sw\u00f3j smak i wyj\u0105tkowe efekty. Smak kropli oleju CBD jest silny i czasami odczuwany jako nieprzyjemny, cukierki mog\u0105 zaoferowa\u0107 rozwi\u0105zanie!<\/p>\n<p>Lizaki Dr.Candy's Cola CBD zawieraj\u0105 nie mniej ni\u017c 10 mg. CBD. Oczywi\u015bcie oferujemy te lizaki w kilku smakach, takich jak cola, jab\u0142ko, ananas, pomara\u0144cza, pina colada i konopie indyjskie. Ka\u017cdy znajdzie wi\u0119c co\u015b dla siebie.<\/p>\n<p>Lizaki Dr.Candy nie zawieraj\u0105 cukru, wi\u0119c s\u0105 odpowiednie r\u00f3wnie\u017c dla os\u00f3b na diecie bezcukrowej. Wybran\u0105 substancj\u0105 s\u0142odz\u0105c\u0105 jest izomalt. Chcesz spo\u017cywa\u0107 CBD, ale masz do\u015b\u0107 nieprzyjemnego smaku kropli CBD? W takim razie szybko zam\u00f3w te pyszne lizaki od Dr.Candy!<\/p>\n<p><strong>Zastosowanie:<\/strong><br \/>\nCBD dzia\u0142a w organizmie, gdy istnieje lustro. Zawsze zalecamy rozpocz\u0119cie od maksymalnie 1 lub 2 lizak\u00f3w CBD dziennie w pierwszym tygodniu. Spo\u017cywaj\u0105c lizaka ka\u017cdego dnia, budujesz poziom CBD we krwi. CBD ma silne w\u0142a\u015bciwo\u015bci. Przedawkowanie CBD jest bardzo ma\u0142o prawdopodobne. Nie zalecamy jednak przyjmowania wi\u0119cej ni\u017c 100 mg CBD dziennie.<\/p>\n<p><strong>Sk\u0142adniki:<\/strong><br \/>\nCBD, izomalt (E953), naturalny barwnik.<\/p>\n<p><strong>Porady dotycz\u0105ce przechowywania:<\/strong><br \/>\nProdukt Dr. Candy nale\u017cy przechowywa\u0107 w ch\u0142odnym i ciemnym miejscu, takim jak szafka kuchenna, w miejscu niedost\u0119pnym dla dzieci.<\/p>\n<p><strong>Ostrze\u017cenie:<\/strong><br \/>\nProdukt nie jest odpowiedni dla kobiet w ci\u0105\u017cy i dzieci.<\/p>","protected":false},"excerpt":{"rendered":"<p>Cukierki CBD Lolly's Cola pochodz\u0105 z kolekcji cukierk\u00f3w Dr. Candy i zawieraj\u0105 CBD. Ciesz si\u0119 s\u0142odycz\u0105 i korzystaj z wielu zalet CBD dla cia\u0142a i umys\u0142u. Idealne pomi\u0119dzy posi\u0142kami lub po prostu dlatego, \u017ce s\u0105 smaczne. Dr. Candy to marka, je\u015bli chodzi o cukierki CBD, wypr\u00f3buj je teraz.<\/p>","protected":false},"featured_media":58162,"template":"","meta":[],"product_brand":[],"product_cat":[839,297,847],"product_tag":[],"class_list":{"0":"post-60071","1":"product","2":"type-product","3":"status-publish","4":"has-post-thumbnail","6":"product_cat-dr-candy","7":"product_cat-all-products","8":"product_cat-edibles-2","10":"first","11":"instock","12":"taxable","13":"shipping-taxable","14":"purchasable","15":"product-type-variable"},"_links":{"self":[{"href":"https:\/\/www.headshop.nl\/pl\/wp-json\/wp\/v2\/product\/60071","targetHints":{"allow":["GET"]}}],"collection":[{"href":"https:\/\/www.headshop.nl\/pl\/wp-json\/wp\/v2\/product"}],"about":[{"href":"https:\/\/www.headshop.nl\/pl\/wp-json\/wp\/v2\/types\/product"}],"wp:featuredmedia":[{"embeddable":true,"href":"https:\/\/www.headshop.nl\/pl\/wp-json\/wp\/v2\/media\/58162"}],"wp:attachment":[{"href":"https:\/\/www.headshop.nl\/pl\/wp-json\/wp\/v2\/media?parent=60071"}],"wp:term":[{"taxonomy":"product_brand","embeddable":true,"href":"https:\/\/www.headshop.nl\/pl\/wp-json\/wp\/v2\/product_brand?post=60071"},{"taxonomy":"product_cat","embeddable":true,"href":"https:\/\/www.headshop.nl\/pl\/wp-json\/wp\/v2\/product_cat?post=60071"},{"taxonomy":"product_tag","embeddable":true,"href":"https:\/\/www.headshop.nl\/pl\/wp-json\/wp\/v2\/product_tag?post=60071"}],"curies":[{"name":"wp","href":"https:\/\/api.w.org\/{rel}","templated":true}]}}