{"id":47811,"date":"2022-09-13T11:18:15","date_gmt":"2022-09-13T11:18:15","guid":{"rendered":"https:\/\/www.headshop.nl\/?post_type=product&#038;p=47811"},"modified":"2025-10-31T08:52:52","modified_gmt":"2025-10-31T08:52:52","slug":"brain-booster-capsules","status":"publish","type":"product","link":"https:\/\/www.headshop.nl\/pl\/brain-booster-capsules\/","title":{"rendered":"Kapsu\u0142ki Brain Booster"},"content":{"rendered":"<h2>Co to jest Brain Booster?<\/h2>\n<p>Brain Booster to specjalnie opracowany suplement diety zaprojektowany w celu poprawy funkcji poznawczych i wspierania og\u00f3lnego zdrowia m\u00f3zgu. Jego g\u0142\u00f3wny sk\u0142adnik, grzyb Lion\u2019s Mane, znany jest ze swoich w\u0142a\u015bciwo\u015bci neuroprotekcyjnych i zdolno\u015bci do stymulowania wzrostu nerw\u00f3w. Tradycyjnie stosowany w celu poprawy pami\u0119ci, koncentracji i jasno\u015bci umys\u0142u, ten naturalny zwi\u0105zek jest pot\u0119\u017cnym sprzymierze\u0144cem dla zdrowia m\u00f3zgu.<\/p>\n<p>Opr\u00f3cz Lion\u2019s Mane, Brain Booster zawiera niezb\u0119dne sk\u0142adniki od\u017cywcze, takie jak cynk i witamina C, kt\u00f3re odgrywaj\u0105 kluczow\u0105 rol\u0119 w funkcjonowaniu m\u00f3zgu. Cynk wspiera aktywno\u015b\u0107 neuroprzeka\u017anik\u00f3w, podczas gdy witamina C pomaga zmniejszy\u0107 stres oksydacyjny. Dzi\u0119ki starannie opracowanej mieszance sk\u0142adnik\u00f3w, Brain Booster zapewnia skuteczny, naturalny spos\u00f3b na utrzymanie ostro\u015bci umys\u0142u.<\/p>\n<h2>Historia Brain Booster<\/h2>\n<p>Rozw\u00f3j Brain Booster jest inspirowany d\u0142ugotrwa\u0142ym stosowaniem grzyb\u00f3w leczniczych w medycynie tradycyjnej. Lion\u2019s Mane, kluczowy sk\u0142adnik, by\u0142 u\u017cywany od wiek\u00f3w w kulturach Wschodu ze wzgl\u0119du na swoje w\u0142a\u015bciwo\u015bci poprawiaj\u0105ce funkcje poznawcze. Buddyjscy mnisi byli znani z picia herbaty Lion\u2019s Mane w celu poprawy koncentracji i jasno\u015bci umys\u0142u podczas medytacji.<\/p>\n<p>Wsp\u00f3\u0142czesne badania naukowe potwierdzi\u0142y te tradycyjne zastosowania, ujawniaj\u0105c, \u017ce Lion\u2019s Mane stymuluje produkcj\u0119 czynnika wzrostu nerw\u00f3w (NGF), kt\u00f3ry odgrywa istotn\u0105 rol\u0119 w funkcjonowaniu m\u00f3zgu. Odkrycie to doprowadzi\u0142o do w\u0142\u0105czenia tej substancji do wsp\u00f3\u0142czesnych suplement\u00f3w diety, takich jak Brain Booster. \u0141\u0105cz\u0105c staro\u017cytn\u0105 m\u0105dro\u015b\u0107 z nowoczesn\u0105 nauk\u0105, Brain Booster oferuje naturalne rozwi\u0105zanie dla wsparcia funkcji poznawczych.<\/p>\n<h2>Jak korzysta\u0107 z Brain Booster<\/h2>\n<p>Aby uzyska\u0107 optymalne wyniki, nale\u017cy przyjmowa\u0107 Brain Booster dwa razy dziennie. Zalecana dawka to jedna kapsu\u0142ka popita wod\u0105 podczas posi\u0142ku, aby zmaksymalizowa\u0107 wch\u0142anianie sk\u0142adnik\u00f3w od\u017cywczych. Regularne i konsekwentne stosowanie wspiera d\u0142ugoterminowe funkcje poznawcze i jasno\u015b\u0107 umys\u0142u.<\/p>\n<p>Brain Booster jest \u0142atwy do w\u0142\u0105czenia do codziennej rutyny i jest idealny dla os\u00f3b, kt\u00f3re chc\u0105 poprawi\u0107 koncentracj\u0119, pami\u0119\u0107 i og\u00f3ln\u0105 wydajno\u015b\u0107 m\u00f3zgu. Mo\u017ce by\u0107 r\u00f3wnie\u017c stosowany wraz z praktykami mikrodawkowania w celu dodatkowego wzmocnienia funkcji poznawczych. Jako suplement przyjazny dla wegan, Brain Booster jest dost\u0119pny dla szerokiego grona u\u017cytkownik\u00f3w poszukuj\u0105cych naturalnego i skutecznego wsparcia m\u00f3zgu.<\/p>\n<h2>Sk\u0142adniki Brain Booster<\/h2>\n<p>Brain Booster zawiera siln\u0105 mieszank\u0119 naturalnych sk\u0142adnik\u00f3w, z kt\u00f3rych ka\u017cdy zosta\u0142 starannie dobrany pod k\u0105tem korzy\u015bci poznawczych. Ka\u017cda wegetaria\u0144ska kapsu\u0142ka zawiera:<\/p>\n<ul>\n<li><strong>184 mg Organic Lion\u2019s Mane (Hericium erinaceus) Extract<\/strong> - Ekstrakt o pe\u0142nym spektrum dzia\u0142ania z owocnika 100%, zawieraj\u0105cy polisacharydy i beta-glukany 30%.<\/li>\n<li><strong>46 mg witaminy C<\/strong> - Wspomaga funkcje poznawcze i pomaga zmniejszy\u0107 stres oksydacyjny.<\/li>\n<li><strong>23 mg alaniny, 23 mg choliny, 23 mg GABA, 23 mg L-glutaminy, 27 mg L-histydyny, 23 mg L-teaniny<\/strong> - Niezb\u0119dne aminokwasy dla funkcji neuroprzeka\u017anik\u00f3w.<\/li>\n<li><strong>11 mg magnezu<\/strong> - Wspomaga funkcje nerwowe i redukuje mg\u0142\u0119 m\u00f3zgow\u0105.<\/li>\n<li><strong>23 mg Panax Ginseng<\/strong> - Znany ze swoich w\u0142a\u015bciwo\u015bci poprawiaj\u0105cych funkcje poznawcze.<\/li>\n<li><strong>4,6 mg cynku<\/strong> - Niezb\u0119dny do funkcjonowania m\u00f3zgu i neurotransmisji.<\/li>\n<li><strong>5,8 mg kompleksu witaminy B (B1, B2, B6, B8, B11, B12)<\/strong> - Wspomaga og\u00f3lne zdrowie m\u00f3zgu i poziom energii.<\/li>\n<li><strong>1,2 mg witaminy K<\/strong> - Przyczynia si\u0119 do poprawy funkcji poznawczych i ochrony m\u00f3zgu.<\/li>\n<\/ul>\n<p>Dodatkowe substancje pomocnicze obejmuj\u0105 cytrynian magnezu i dwutlenek krzemu zapewniaj\u0105ce stabilno\u015b\u0107 i zwi\u0119kszon\u0105 absorpcj\u0119 zwi\u0105zk\u00f3w aktywnych.<\/p>\n<p><strong>Ostrze\u017cenie<\/strong><\/p>\n<p>Brain Booster jest suplementem diety i powinien by\u0107 stosowany jako taki. Nie nale\u017cy przekracza\u0107 zalecanej dziennej dawki. Przechowywa\u0107 w miejscu niedost\u0119pnym dla dzieci. Przed u\u017cyciem skonsultuj si\u0119 z lekarzem, zw\u0142aszcza je\u015bli jeste\u015b w ci\u0105\u017cy, karmisz piersi\u0105 lub masz jakiekolwiek w\u0105tpliwo\u015bci zdrowotne.<\/p>","protected":false},"excerpt":{"rendered":"<p>McMyco Brain Booster zawiera unikaln\u0105 formu\u0142\u0119 dla m\u00f3zgu. G\u0142\u00f3wnym sk\u0142adnikiem jest grzyb Lion\u2019s Mane, znany r\u00f3wnie\u017c jako naturalny sk\u0142adnik od\u017cywczy dla neuron\u00f3w. Neurony to kom\u00f3rki nerwowe, a wi\u0119c elementy sk\u0142adowe m\u00f3zgu. Te kapsu\u0142ki m\u00f3zgowe s\u0105 r\u00f3wnie\u017c wzbogacone o inne skuteczne substancje naturalne, w tym cynk i witamin\u0119 C. Obie substancje s\u0105 dobre dla pami\u0119ci i zapewniaj\u0105 dodatkow\u0105 skuteczno\u015b\u0107.<\/p>","protected":false},"featured_media":87977,"template":"","meta":[],"product_brand":[],"product_cat":[813,297,461,455,630,404,462,398,399,384,458,456],"product_tag":[978],"class_list":{"0":"post-47811","1":"product","2":"type-product","3":"status-publish","4":"has-post-thumbnail","6":"product_cat-mcmyco","7":"product_cat-all-products","8":"product_cat-detox","9":"product_cat-healthshop","10":"product_cat-healthshop-top-10","11":"product_cat-medicinal-mushrooms-supplements","12":"product_cat-medicinal-mushrooms-healthshop","13":"product_cat-mushrooms","14":"product_cat-shroomshop","15":"product_cat-smartshop","16":"product_cat-superfoods","17":"product_cat-supplements","18":"product_tag-shrdeal","19":"product_shipping_class-creditcard-on","21":"first","22":"instock","23":"taxable","24":"shipping-taxable","25":"purchasable","26":"product-type-variable","27":"has-default-attributes"},"_links":{"self":[{"href":"https:\/\/www.headshop.nl\/pl\/wp-json\/wp\/v2\/product\/47811","targetHints":{"allow":["GET"]}}],"collection":[{"href":"https:\/\/www.headshop.nl\/pl\/wp-json\/wp\/v2\/product"}],"about":[{"href":"https:\/\/www.headshop.nl\/pl\/wp-json\/wp\/v2\/types\/product"}],"wp:featuredmedia":[{"embeddable":true,"href":"https:\/\/www.headshop.nl\/pl\/wp-json\/wp\/v2\/media\/87977"}],"wp:attachment":[{"href":"https:\/\/www.headshop.nl\/pl\/wp-json\/wp\/v2\/media?parent=47811"}],"wp:term":[{"taxonomy":"product_brand","embeddable":true,"href":"https:\/\/www.headshop.nl\/pl\/wp-json\/wp\/v2\/product_brand?post=47811"},{"taxonomy":"product_cat","embeddable":true,"href":"https:\/\/www.headshop.nl\/pl\/wp-json\/wp\/v2\/product_cat?post=47811"},{"taxonomy":"product_tag","embeddable":true,"href":"https:\/\/www.headshop.nl\/pl\/wp-json\/wp\/v2\/product_tag?post=47811"}],"curies":[{"name":"wp","href":"https:\/\/api.w.org\/{rel}","templated":true}]}}