{"id":46305,"date":"2022-07-11T12:07:16","date_gmt":"2022-07-11T12:07:16","guid":{"rendered":"https:\/\/www.headshop.nl\/?post_type=product&#038;p=46305"},"modified":"2025-02-14T14:31:35","modified_gmt":"2025-02-14T14:31:35","slug":"after-e","status":"publish","type":"product","link":"https:\/\/www.headshop.nl\/pl\/after-e\/","title":{"rendered":"After E"},"content":{"rendered":"<h2 data-pm-slice=\"1 1 []\">After E - Najlepsze wsparcie Recovery od XTC i MDMA<\/h2>\n<h2>Co to jest After E?<\/h2>\n<p>After E to starannie opracowany suplement diety zaprojektowany w celu wsparcia regeneracji organizmu po intensywnej nocy. To unikalne po\u0142\u0105czenie multiwitaminy, kapsu\u0142ki guarany i dw\u00f3ch kapsu\u0142ek L-tryptofanu pomaga przywr\u00f3ci\u0107 niezb\u0119dne sk\u0142adniki od\u017cywcze, szybciej wyeliminowa\u0107 toksyny i przywr\u00f3ci\u0107 optymalny poziom witamin i minera\u0142\u00f3w. Przyjmuj\u0105c After E nast\u0119pnego dnia, w po\u0142\u0105czeniu z odpowiednim nawodnieniem, mo\u017cna wspom\u00f3c naturalny proces regeneracji organizmu.<\/p>\n<h2>Historia After E<\/h2>\n<p>Opracowanie After E wynika z rosn\u0105cego zapotrzebowania na niezawodne rozwi\u0105zanie wspomagaj\u0105ce regeneracj\u0119 po nadmiernym wysi\u0142ku. Przez lata bran\u017ca zdrowia i odnowy biologicznej koncentrowa\u0142a si\u0119 na tworzeniu suplement\u00f3w, kt\u00f3re pomagaj\u0105 przywr\u00f3ci\u0107 naturaln\u0105 r\u00f3wnowag\u0119 organizmu. After E zosta\u0142 opracowany w oparciu o badania naukowe nad korzy\u015bciami p\u0142yn\u0105cymi z kluczowych sk\u0142adnik\u00f3w, takich jak guarana i L-tryptofan, kt\u00f3re od dawna znane s\u0105 ze swoich w\u0142a\u015bciwo\u015bci regeneracyjnych. \u0141\u0105cz\u0105c te sk\u0142adniki z niezb\u0119dnymi witaminami, After E zapewnia kompleksowe rozwi\u0105zanie regeneracyjne, kt\u00f3re jest zgodne z nowoczesnym stylem \u017cycia dbaj\u0105cym o zdrowie.<\/p>\n<h2>Jak korzysta\u0107 z After E<\/h2>\n<p>Aby uzyska\u0107 najlepsze wyniki, nale\u017cy przyjmowa\u0107 After E dzie\u0144 po nocnym wyj\u015bciu, popijaj\u0105c 1 do 4 szklanek wody. Suplement jest przeznaczony do przyjmowania jako pojedyncza porcja, sk\u0142adaj\u0105ca si\u0119 z jednej multiwitaminy, jednej kapsu\u0142ki guarany i dw\u00f3ch kapsu\u0142ek L-tryptofanu. Nawodnienie jest kluczowe podczas stosowania After E, poniewa\u017c pomaga w wyp\u0142ukiwaniu toksyn i wspieraniu proces\u00f3w metabolicznych organizmu. Podczas gdy After E jest wysoce skuteczny w uzupe\u0142nianiu sk\u0142adnik\u00f3w od\u017cywczych, utrzymanie zr\u00f3wnowa\u017conej diety i uzyskanie wystarczaj\u0105cej ilo\u015bci odpoczynku dodatkowo poprawi regeneracj\u0119.<\/p>\n<h2>Sk\u0142adniki After E<\/h2>\n<p>After E zawiera pot\u0119\u017cn\u0105 mieszank\u0119 niezb\u0119dnych sk\u0142adnik\u00f3w od\u017cywczych, kt\u00f3re wspomagaj\u0105 regeneracj\u0119 organizmu. Multiwitamina dostarcza niezb\u0119dnych witamin i minera\u0142\u00f3w, aby uzupe\u0142ni\u0107 wyczerpane poziomy. Guarana, naturalne \u017ar\u00f3d\u0142o kofeiny, pomaga zwi\u0119kszy\u0107 czujno\u015b\u0107 i zmniejszy\u0107 zm\u0119czenie. L-Tryptofan, niezb\u0119dny aminokwas, odgrywa kluczow\u0105 rol\u0119 w produkcji serotoniny, kt\u00f3ra mo\u017ce poprawi\u0107 nastr\u00f3j i relaks. Sk\u0142adniki te wsp\u00f3\u0142pracuj\u0105 ze sob\u0105, oferuj\u0105c kompleksowe rozwi\u0105zanie regeneracyjne, dzi\u0119ki czemu After E jest niezb\u0119dnym suplementem dla tych, kt\u00f3rzy chc\u0105 wspiera\u0107 swoje dobre samopoczucie.<\/p>\n<p><strong>Ostrze\u017cenie<\/strong> Jest to suplement diety i powinien by\u0107 stosowany jako taki. Nie nale\u017cy stosowa\u0107 After E jako substytutu zr\u00f3\u017cnicowanej diety. Zalecana porcja to ca\u0142a zawarto\u015b\u0107 opakowania. Nie nale\u017cy przekracza\u0107 zalecanej dziennej porcji. Je\u015bli cierpisz na jakiekolwiek schorzenia lub przyjmujesz leki, przed u\u017cyciem skonsultuj si\u0119 z lekarzem.<\/p>\n<p>&nbsp;<\/p>","protected":false},"excerpt":{"rendered":"<div class=\"product-short-description\">\n<p>Czy czujesz si\u0119 zm\u0119czony i zdo\u0142owany po imprezie po wypiciu zbyt du\u017cej ilo\u015bci alkoholu lub za\u017cyciu zbyt du\u017cej ilo\u015bci narkotyk\u00f3w, takich jak MDMA lub XTC? After-E jest pe\u0142en witamin i aminokwas\u00f3w, kt\u00f3re przywr\u00f3c\u0105 normalny nastr\u00f3j i cia\u0142o.<\/p>\n<\/div>","protected":false},"featured_media":46319,"template":"","meta":[],"product_brand":[],"product_cat":[460,297,461,455,463,456,464],"product_tag":[],"class_list":{"0":"post-46305","1":"product","2":"type-product","3":"status-publish","4":"has-post-thumbnail","6":"product_cat-recovery","7":"product_cat-all-products","8":"product_cat-detox","9":"product_cat-healthshop","10":"product_cat-sport","11":"product_cat-supplements","12":"product_cat-vitamins","14":"first","15":"instock","16":"taxable","17":"shipping-taxable","18":"purchasable","19":"product-type-variable","20":"has-default-attributes"},"_links":{"self":[{"href":"https:\/\/www.headshop.nl\/pl\/wp-json\/wp\/v2\/product\/46305","targetHints":{"allow":["GET"]}}],"collection":[{"href":"https:\/\/www.headshop.nl\/pl\/wp-json\/wp\/v2\/product"}],"about":[{"href":"https:\/\/www.headshop.nl\/pl\/wp-json\/wp\/v2\/types\/product"}],"wp:featuredmedia":[{"embeddable":true,"href":"https:\/\/www.headshop.nl\/pl\/wp-json\/wp\/v2\/media\/46319"}],"wp:attachment":[{"href":"https:\/\/www.headshop.nl\/pl\/wp-json\/wp\/v2\/media?parent=46305"}],"wp:term":[{"taxonomy":"product_brand","embeddable":true,"href":"https:\/\/www.headshop.nl\/pl\/wp-json\/wp\/v2\/product_brand?post=46305"},{"taxonomy":"product_cat","embeddable":true,"href":"https:\/\/www.headshop.nl\/pl\/wp-json\/wp\/v2\/product_cat?post=46305"},{"taxonomy":"product_tag","embeddable":true,"href":"https:\/\/www.headshop.nl\/pl\/wp-json\/wp\/v2\/product_tag?post=46305"}],"curies":[{"name":"wp","href":"https:\/\/api.w.org\/{rel}","templated":true}]}}