{"id":46109,"date":"2022-07-04T10:45:41","date_gmt":"2022-07-04T10:45:41","guid":{"rendered":"https:\/\/www.headshop.nl\/?post_type=product&#038;p=46109"},"modified":"2025-05-23T09:28:39","modified_gmt":"2025-05-23T09:28:39","slug":"cola-nut-capsules","status":"publish","type":"product","link":"https:\/\/www.headshop.nl\/pl\/cola-nut-capsules\/","title":{"rendered":"Cola Nut Capsules"},"content":{"rendered":"<h2>Czym s\u0105 Cola Nut Capsules?<\/h2>\n<p>Cola Nut Capsules to <strong>naturalny suplement energetyczny<\/strong> wykonane z nasion <strong>Cola Nitida<\/strong> ro\u015blina, znana r\u00f3wnie\u017c jako Kolanoot. To tropikalne drzewo, spokrewnione z kakao, dorasta do <strong>20 metr\u00f3w wysoko\u015bci<\/strong> w lasach deszczowych Afryki. Nasiona s\u0105 naturalnie bogate w <strong>kofeina<\/strong>, zapewniaj\u0105c stymuluj\u0105ce dzia\u0142anie kapsu\u0142ek Cola Nut. Podobnie jak kawa, ten <strong>naturalny \u015brodek pobudzaj\u0105cy<\/strong> pomaga <strong>zwalcza zm\u0119czenie, poprawia koncentracj\u0119 i zwi\u0119ksza czujno\u015b\u0107 umys\u0142ow\u0105<\/strong>.<\/p>\n<p>Ka\u017cda kapsu\u0142ka dostarcza <strong>kontrolowane i wygodne<\/strong> dawki Cola Nut, oferuj\u0105c <strong>czysty, naturalny zastrzyk energii<\/strong> bez dodatku cukr\u00f3w, kt\u00f3re mo\u017cna znale\u017a\u0107 w wielu napojach energetycznych. Zalety Cola Nut obejmuj\u0105 <strong>zwi\u0119kszona wytrzyma\u0142o\u015b\u0107, lepsze skupienie i mniejsze zm\u0119czenie<\/strong>co czyni go doskona\u0142ym dodatkiem do <strong>codzienna rutyna wellness<\/strong>.<\/p>\n<h2>Historia Cola Nut<\/h2>\n<p>Cola Nut jest <strong>zszywka kulturowa i lecznicza<\/strong> w Afryce od wiek\u00f3w. Tradycyjnie plemiona afryka\u0144skie <strong>\u017cu\u0107 nasiona<\/strong> aby utrzyma\u0107 energi\u0119 podczas <strong>d\u0142ugie podr\u00f3\u017ce lub zadania wymagaj\u0105ce wysi\u0142ku fizycznego<\/strong>. By\u0142 ceniony za swoj\u0105 zdolno\u015b\u0107 do <strong>zwi\u0119kszaj\u0105 wytrzyma\u0142o\u015b\u0107, poprawiaj\u0105 koncentracj\u0119 i zmniejszaj\u0105 zm\u0119czenie<\/strong>.<\/p>\n<p>Cola Nut zyska\u0142 globalne uznanie, gdy sta\u0142 si\u0119 <strong>kluczowy sk\u0142adnik oryginalnej formu\u0142y Coca-Coli<\/strong>, przyczyniaj\u0105c si\u0119 do <strong>naturalna zawarto\u015b\u0107 kofeiny<\/strong>. Chocia\u017c nowoczesne napoje gazowane u\u017cywaj\u0105 obecnie syntetycznej kofeiny, Cola Nut pozostaje popularnym sk\u0142adnikiem w <strong>suplementy zio\u0142owe i produkty zwi\u0119kszaj\u0105ce energi\u0119<\/strong>. Jego naturalna zdolno\u015b\u0107 do <strong>stymuluj\u0105 i poprawiaj\u0105 koncentracj\u0119<\/strong> nadal sprawia, \u017ce jest to poszukiwana alternatywa dla sztucznych \u017ar\u00f3de\u0142 energii.<\/p>\n<h2>Jak u\u017cywa\u0107 Cola Nut Capsules<\/h2>\n<p>Aby uzyska\u0107 najlepsze wyniki, <strong>przyjmowa\u0107 dwie kapsu\u0142ki, popijaj\u0105c szklank\u0105 wody<\/strong> raz dziennie. Aby unikn\u0105\u0107 zaburze\u0144 snu, zaleca si\u0119 <strong>spo\u017cywa\u0107 kapsu\u0142ki Cola Nut rano lub wczesnym popo\u0142udniem<\/strong> ze wzgl\u0119du na ich <strong>wysoka zawarto\u015b\u0107 kofeiny<\/strong>. Ta kontrolowana dawka zapewnia <strong>sta\u0142e uwalnianie energii<\/strong> bez nadmiernego spo\u017cycia kofeiny.<\/p>\n<p>Je\u015bli dopiero zaczynasz korzysta\u0107 z Cola Nut lub jeste\u015b wra\u017cliwy na kofein\u0119, rozwa\u017c <strong>rozpocz\u0119cie od ni\u017cszej dawki<\/strong> aby oceni\u0107 reakcj\u0119 organizmu. Jak ka\u017cdy suplement, <strong>konsekwentne u\u017cytkowanie<\/strong> jest kluczem do osi\u0105gni\u0119cia pe\u0142nych korzy\u015bci, w tym <strong>zwi\u0119kszona koncentracja, utrzymuj\u0105ca si\u0119 energia i jasno\u015b\u0107 umys\u0142u przez ca\u0142y dzie\u0144<\/strong>.<\/p>\n<p>Opr\u00f3cz zwi\u0119kszania energii, Cola Nut mo\u017ce r\u00f3wnie\u017c wspiera\u0107 <strong>zarz\u0105dzanie wag\u0105<\/strong>. Zawarto\u015b\u0107 kofeiny mo\u017ce pom\u00f3c <strong>zwi\u0119kszaj\u0105 metabolizm i hamuj\u0105 apetyt<\/strong>co czyni go u\u017cytecznym dodatkiem do <strong>zbilansowana dieta i aktywny tryb \u017cycia<\/strong>.<\/p>\n<h2>Sk\u0142adniki Cola Nut Capsules<\/h2>\n<p>Ka\u017cdy <strong>Indian Elements Cola Nut Kapsu\u0142a<\/strong> zawiera pojedynczy, silny sk\u0142adnik: <strong>Cola Nitida<\/strong>. Ten naturalny sk\u0142adnik pochodzi z nasion <strong>Zak\u0142ad Cola Nitida<\/strong>pochodz\u0105cy z <strong>Afryka tropikalna<\/strong>. Nasiona s\u0105 bogate w <strong>kofeina<\/strong>kt\u00f3ry jest <strong>g\u0142\u00f3wny zwi\u0105zek aktywny<\/strong> odpowiedzialny za Cola Nut <strong>efekty stymuluj\u0105ce<\/strong>.<\/p>\n<p>Kofeina dzia\u0142a poprzez <strong>stymulowanie centralnego uk\u0142adu nerwowego<\/strong>pomagaj\u0105c <strong>zwi\u0119kszaj\u0105 czujno\u015b\u0107, poprawiaj\u0105 koncentracj\u0119 i zwalczaj\u0105 zm\u0119czenie<\/strong>. Dodatkowo, Cola Nut zawiera <strong>inne korzystne zwi\u0105zki<\/strong> kt\u00f3re mog\u0105 wspiera\u0107 <strong>poziom energii i metabolizm<\/strong>. To sprawia, \u017ce jest to <strong>Naturalna i skuteczna alternatywa<\/strong> do syntetycznych stymulant\u00f3w znajduj\u0105cych si\u0119 w komercyjnych napojach energetycznych.<\/p>\n<p>Indian Elements Cola Nut Capsules to <strong>100% naturalny, przyjazny dla wegan i wolny od sztucznych dodatk\u00f3w lub konserwant\u00f3w<\/strong>zapewniaj\u0105c otrzymanie <strong>Czysty produkt wysokiej jako\u015bci<\/strong> kt\u00f3ry obs\u0142uguje <strong>Czysty i zdrowy styl \u017cycia<\/strong>.<\/p>\n<p><strong>Ostrze\u017cenie<\/strong><\/p>\n<ul>\n<li><strong>Tylko dla doros\u0142ych w wieku 18 lat i starszych.<\/strong><\/li>\n<li><strong>Przechowywa\u0107 w miejscu niedost\u0119pnym dla dzieci.<\/strong><\/li>\n<li>Nie nale\u017cy u\u017cywa\u0107 Cola Nut w po\u0142\u0105czeniu z <strong>Inhibitory MAO<\/strong>.<\/li>\n<li>Niezalecane dla os\u00f3b z <strong>choroby nerek lub serca, wysokie lub niskie ci\u015bnienie krwi lub cukrzyca<\/strong>.<\/li>\n<li>Unika\u0107 stosowania pod wp\u0142ywem <strong>leki, narkotyki lub alkohol<\/strong>.<\/li>\n<li>Zawsze nale\u017cy skonsultowa\u0107 si\u0119 z <strong>dostawca opieki zdrowotnej<\/strong> przed rozpocz\u0119ciem stosowania jakiegokolwiek nowego suplementu.<\/li>\n<li>Ten produkt jest <strong>suplement diety<\/strong> i powinien by\u0107 u\u017cywany jako cz\u0119\u015b\u0107 <strong>zbilansowana dieta<\/strong>.<\/li>\n<li><strong>Nie u\u017cywa\u0107, je\u015bli plomba jest uszkodzona.<\/strong><\/li>\n<\/ul>","protected":false},"excerpt":{"rendered":"<p>Kapsu\u0142ki Cola Nut od Indian Elements zapewniaj\u0105 ca\u0142kowicie naturalny zastrzyk energii. Efekt ten wywo\u0142ywany jest przez kofein\u0119 zawart\u0105 w tym ziole. Suplement mo\u017ce mi\u0119dzy innymi poprawi\u0107 koncentracj\u0119 i zwalczy\u0107 zm\u0119czenie. Pracujesz nad utrat\u0105 wagi? R\u00f3wnie\u017c w tym przypadku Cola Nut mo\u017ce zapewni\u0107 wsparcie na r\u00f3\u017cne sposoby. Utrata wagi mo\u017ce przebiega\u0107 nieco szybciej, a tak\u017ce b\u0119dzie \u0142atwiejsza do utrzymania.<\/p>","protected":false},"featured_media":82097,"template":"","meta":[],"product_brand":[],"product_cat":[814,297,455,389,457,407,384,463,456],"product_tag":[],"class_list":{"0":"post-46109","1":"product","2":"type-product","3":"status-publish","4":"has-post-thumbnail","6":"product_cat-indian-elements","7":"product_cat-all-products","8":"product_cat-healthshop","9":"product_cat-herbs","10":"product_cat-herbs-healthshop","11":"product_cat-medicinal-herbs","12":"product_cat-smartshop","13":"product_cat-sport","14":"product_cat-supplements","16":"first","17":"instock","18":"taxable","19":"shipping-taxable","20":"purchasable","21":"product-type-variable","22":"has-default-attributes"},"_links":{"self":[{"href":"https:\/\/www.headshop.nl\/pl\/wp-json\/wp\/v2\/product\/46109","targetHints":{"allow":["GET"]}}],"collection":[{"href":"https:\/\/www.headshop.nl\/pl\/wp-json\/wp\/v2\/product"}],"about":[{"href":"https:\/\/www.headshop.nl\/pl\/wp-json\/wp\/v2\/types\/product"}],"wp:featuredmedia":[{"embeddable":true,"href":"https:\/\/www.headshop.nl\/pl\/wp-json\/wp\/v2\/media\/82097"}],"wp:attachment":[{"href":"https:\/\/www.headshop.nl\/pl\/wp-json\/wp\/v2\/media?parent=46109"}],"wp:term":[{"taxonomy":"product_brand","embeddable":true,"href":"https:\/\/www.headshop.nl\/pl\/wp-json\/wp\/v2\/product_brand?post=46109"},{"taxonomy":"product_cat","embeddable":true,"href":"https:\/\/www.headshop.nl\/pl\/wp-json\/wp\/v2\/product_cat?post=46109"},{"taxonomy":"product_tag","embeddable":true,"href":"https:\/\/www.headshop.nl\/pl\/wp-json\/wp\/v2\/product_tag?post=46109"}],"curies":[{"name":"wp","href":"https:\/\/api.w.org\/{rel}","templated":true}]}}