{"id":46107,"date":"2022-07-04T10:45:36","date_gmt":"2022-07-04T10:45:36","guid":{"rendered":"https:\/\/www.headshop.nl\/?post_type=product&#038;p=46107"},"modified":"2025-05-23T09:28:45","modified_gmt":"2025-05-23T09:28:45","slug":"absinth-capsules","status":"publish","type":"product","link":"https:\/\/www.headshop.nl\/pl\/absinth-capsules\/","title":{"rendered":"Absinth Capsules"},"content":{"rendered":"<h2>Co to jest Absinth?<\/h2>\n<p>Absinth, wytwarzany z Artemisia Absinthium (znanego r\u00f3wnie\u017c jako Alsemkruid lub Absinthe), to zio\u0142o znane ze swoich historycznych i leczniczych zastosowa\u0144. Ro\u015blina ta znana jest z charakterystycznego gorzkiego smaku i cho\u0107 najbardziej znana jest jako sk\u0142adnik napoju alkoholowego Absinthe, jej korzy\u015bci wykraczaj\u0105 daleko poza to. Zio\u0142o to wspomaga zdrowe trawienie poprzez stymulowanie apetytu i promowanie zdrowia przewodu pokarmowego. Dodatkowo, Absinth jest znany ze swojego uspokajaj\u0105cego i relaksuj\u0105cego dzia\u0142ania. Historia ro\u015bliny jest bogata w opowie\u015bci o staro\u017cytnych cywilizacjach wykorzystuj\u0105cych j\u0105 do r\u00f3\u017cnych cel\u00f3w leczniczych, a w dzisiejszych czasach jest poszukiwana ze wzgl\u0119du na swoje naturalne w\u0142a\u015bciwo\u015bci. Znany ze swojego potencja\u0142u pobudzaj\u0105cego kreatywno\u015b\u0107, Absinth zosta\u0142 nawet powi\u0105zany z efektami halucynogennymi w po\u0142\u0105czeniu z alkoholem, co sprawi\u0142o, \u017ce by\u0142 popularny w\u015br\u00f3d artyst\u00f3w w przesz\u0142o\u015bci. Dzi\u015b jest ceniony za swoje holistyczne korzy\u015bci, w tym zdolno\u015b\u0107 do pomagania w relaksacji i jasno\u015bci umys\u0142u.<\/p>\n<h2>Historia Absinth<\/h2>\n<p>Absinth ma d\u0142ug\u0105 histori\u0119, kt\u00f3rej korzenie si\u0119gaj\u0105 czas\u00f3w staro\u017cytnych. Grecy i Rzymianie byli jednymi z pierwszych, kt\u00f3rzy docenili jego w\u0142a\u015bciwo\u015bci lecznicze, wykorzystuj\u0105c go do leczenia r\u00f3\u017cnych dolegliwo\u015bci i promowania zdrowia. W tamtych czasach podr\u00f3\u017cnicy cz\u0119sto umieszczali Absinth w butach, aby z\u0142agodzi\u0107 b\u00f3l st\u00f3p i zapobiec infekcjom. Wraz z up\u0142ywem wiek\u00f3w Absinth sta\u0142 si\u0119 szerzej znany, zw\u0142aszcza w XIX wieku, kiedy sta\u0142 si\u0119 g\u0142\u00f3wnym sk\u0142adnikiem napoju alkoholowego Absinthe. Absinthe s\u0142yn\u0105\u0142 ze swoich w\u0142a\u015bciwo\u015bci pobudzaj\u0105cych, a wielu znanych artyst\u00f3w, takich jak Van Gogh i Picasso, spo\u017cywa\u0142o go ze wzgl\u0119du na rzekome dzia\u0142anie zwi\u0119kszaj\u0105ce kreatywno\u015b\u0107. Reputacja zio\u0142a zosta\u0142a jednak nadszarpni\u0119ta z powodu obaw zwi\u0105zanych z jego psychoaktywnym dzia\u0142aniem, co doprowadzi\u0142o do okresu zakaz\u00f3w. Zakazy te zosta\u0142y ostatecznie zniesione, gdy ustalono, \u017ce zio\u0142o nie jest tak toksyczne, jak pierwotnie s\u0105dzono. Absinth jest obecnie uwa\u017cany za naturalny suplement o wielu zaletach, kt\u00f3ry nadal przyci\u0105ga ludzi na ca\u0142ym \u015bwiecie.<\/p>\n<h2>Jak korzysta\u0107 z Absinth<\/h2>\n<p>Stosowanie Absinth jest proste, ale wa\u017cne jest, aby u\u017cywa\u0107 go ostro\u017cnie. Zalecana dawka to 1 gram dziennie, kt\u00f3ry mo\u017cna spo\u017cywa\u0107 w r\u00f3\u017cnych formach, takich jak parzona herbata, kapsu\u0142ki lub nalewki. Gorzki smak Absinth jest korzystny dla trawienia, pobudzania apetytu i og\u00f3lnego zdrowia przewodu pokarmowego. Zapewnia r\u00f3wnie\u017c relaksuj\u0105ce doznania, dzi\u0119ki czemu jest \u015bwietn\u0105 opcj\u0105 na odpr\u0119\u017cenie pod koniec d\u0142ugiego dnia. Wa\u017cne jest jednak, aby nie u\u017cywa\u0107 Absinth w nadmiarze, poniewa\u017c mo\u017ce to powodowa\u0107 efekty halucynacyjne, szczeg\u00f3lnie w po\u0142\u0105czeniu z alkoholem. Dla tych, kt\u00f3rzy chc\u0105 si\u0119 zrelaksowa\u0107 lub zwi\u0119kszy\u0107 kreatywno\u015b\u0107, Absinth mo\u017ce by\u0107 pomocnym suplementem wspieraj\u0105cym te cele. Zawsze nale\u017cy unika\u0107 czynno\u015bci takich jak prowadzenie pojazdu pod wp\u0142ywem alkoholu i ograniczy\u0107 stosowanie do sporadycznych dawek. Pami\u0119taj, aby post\u0119powa\u0107 zgodnie z zalecanymi wytycznymi dotycz\u0105cymi dawkowania i obserwowa\u0107, jak organizm reaguje na to zio\u0142o.<\/p>\n<h2>Sk\u0142adniki Absinth<\/h2>\n<p>Kluczowym sk\u0142adnikiem Indian Elements' Absinth jest Artemisia Absinthium, znana r\u00f3wnie\u017c jako Alsemkruid lub Absinthe. Zio\u0142o to jest bogate w naturalne zwi\u0105zki, w tym gorzkie substancje, kt\u00f3re stymuluj\u0105 trawienie, zwi\u0119kszaj\u0105 apetyt i promuj\u0105 zdrowie przewodu pokarmowego. Absinth zawiera r\u00f3wnie\u017c tujon, kt\u00f3ry kiedy\u015b uwa\u017cano za szkodliwy, ale obecnie wiadomo, \u017ce przyczynia si\u0119 do psychoaktywnego dzia\u0142ania zio\u0142a. Historycznie by\u0142 on najcz\u0119\u015bciej kojarzony z napojem Absinthe, ale jego korzy\u015bci zdrowotne wykraczaj\u0105 daleko poza to. Wiadomo, \u017ce gorycz zio\u0142a uspokaja \u017co\u0142\u0105dek, \u0142agodzi dyskomfort trawienny i wywo\u0142uje poczucie relaksu. Indian Elements' Absinth jest starannie pozyskiwany, aby zapewni\u0107 zachowanie silnych w\u0142a\u015bciwo\u015bci ro\u015bliny. Ten naturalny i wega\u0144ski produkt jest doskona\u0142ym dodatkiem do rutyny wellness, wspieraj\u0105c zar\u00f3wno fizyczne, jak i psychiczne samopoczucie.<\/p>\n<p><strong>Ostrze\u017cenie<\/strong><br \/>\nDo u\u017cytku wy\u0142\u0105cznie przez osoby w wieku 18 lat i starsze. Przechowywa\u0107 w miejscu niedost\u0119pnym dla dzieci.<br \/>\nNale\u017cy unika\u0107 regularnego u\u017cywania tego produktu. Nie nale\u017cy prowadzi\u0107 pojazd\u00f3w ani obs\u0142ugiwa\u0107 maszyn pod wp\u0142ywem Absinth. Osoby z chorobami serca lub nerek, wysokim lub niskim ci\u015bnieniem krwi, cukrzyc\u0105 lub przyjmuj\u0105ce leki nie powinny stosowa\u0107 tego zio\u0142a. Absinth nie jest lekiem; jest suplementem diety i powinien by\u0107 odpowiednio stosowany. Nie kupowa\u0107, je\u015bli plomba jest uszkodzona.<\/p>","protected":false},"excerpt":{"rendered":"<p>Kapsu\u0142ki Absinth od Indian Elements zawieraj\u0105 ekstrakt z ziela pio\u0142unu. Ro\u015blina ta przez wieki zyska\u0142a niemal mityczny status. Zio\u0142o to znamy g\u0142\u00f3wnie z nies\u0142awnego napoju alkoholowego Absinth, kt\u00f3ry by\u0142 popularny w\u015br\u00f3d kilku s\u0142ynnych malarzy. Ziele pio\u0142unu jest jednak wykorzystywane na wiele innych sposob\u00f3w. Ma ono pewne szczeg\u00f3lne w\u0142a\u015bciwo\u015bci.<\/p>","protected":false},"featured_media":82100,"template":"","meta":[],"product_brand":[],"product_cat":[814,297,455,389,457,407,384,463,456],"product_tag":[],"class_list":{"0":"post-46107","1":"product","2":"type-product","3":"status-publish","4":"has-post-thumbnail","6":"product_cat-indian-elements","7":"product_cat-all-products","8":"product_cat-healthshop","9":"product_cat-herbs","10":"product_cat-herbs-healthshop","11":"product_cat-medicinal-herbs","12":"product_cat-smartshop","13":"product_cat-sport","14":"product_cat-supplements","16":"first","17":"instock","18":"taxable","19":"shipping-taxable","20":"purchasable","21":"product-type-variable","22":"has-default-attributes"},"_links":{"self":[{"href":"https:\/\/www.headshop.nl\/pl\/wp-json\/wp\/v2\/product\/46107","targetHints":{"allow":["GET"]}}],"collection":[{"href":"https:\/\/www.headshop.nl\/pl\/wp-json\/wp\/v2\/product"}],"about":[{"href":"https:\/\/www.headshop.nl\/pl\/wp-json\/wp\/v2\/types\/product"}],"wp:featuredmedia":[{"embeddable":true,"href":"https:\/\/www.headshop.nl\/pl\/wp-json\/wp\/v2\/media\/82100"}],"wp:attachment":[{"href":"https:\/\/www.headshop.nl\/pl\/wp-json\/wp\/v2\/media?parent=46107"}],"wp:term":[{"taxonomy":"product_brand","embeddable":true,"href":"https:\/\/www.headshop.nl\/pl\/wp-json\/wp\/v2\/product_brand?post=46107"},{"taxonomy":"product_cat","embeddable":true,"href":"https:\/\/www.headshop.nl\/pl\/wp-json\/wp\/v2\/product_cat?post=46107"},{"taxonomy":"product_tag","embeddable":true,"href":"https:\/\/www.headshop.nl\/pl\/wp-json\/wp\/v2\/product_tag?post=46107"}],"curies":[{"name":"wp","href":"https:\/\/api.w.org\/{rel}","templated":true}]}}