{"id":46089,"date":"2022-07-04T10:41:47","date_gmt":"2022-07-04T10:41:47","guid":{"rendered":"https:\/\/www.headshop.nl\/?post_type=product&#038;p=46089"},"modified":"2025-05-23T09:28:49","modified_gmt":"2025-05-23T09:28:49","slug":"valerian","status":"publish","type":"product","link":"https:\/\/www.headshop.nl\/pl\/valerian\/","title":{"rendered":"Valerian Capsules"},"content":{"rendered":"<h2>Czym s\u0105 nasadki Valerian?<\/h2>\n<p>Valerian Caps to suplement diety wykonany z ro\u015bliny Valerian (Valeriana Officinalis), kt\u00f3ra znana jest ze swojego uspokajaj\u0105cego i koj\u0105cego wp\u0142ywu na organizm. Kapsu\u0142ki te zosta\u0142y specjalnie zaprojektowane, aby pom\u00f3c zmniejszy\u0107 stres, z\u0142agodzi\u0107 niepok\u00f3j i poprawi\u0107 jako\u015b\u0107 snu. Valerian jest stosowany od wiek\u00f3w jako naturalny \u015brodek wspomagaj\u0105cy relaksacj\u0119, \u0142agodz\u0105cy napi\u0119cie nerwowe i wspomagaj\u0105cy spokojny sen. Ro\u015blina Valerian jest r\u00f3wnie\u017c korzystna w \u0142agodzeniu skurcz\u00f3w mi\u0119\u015bni, b\u00f3l\u00f3w g\u0142owy i b\u00f3lu, dzi\u0119ki czemu kapsu\u0142ki te maj\u0105 wszechstronne zastosowanie w r\u00f3\u017cnych typowych problemach zdrowotnych. Kapsu\u0142ki Valerian Caps to \u0142atwy i naturalny spos\u00f3b na wprowadzenie uspokajaj\u0105cych korzy\u015bci Valerian do rutyny, pomagaj\u0105c znale\u017a\u0107 ulg\u0119 w stresie, napi\u0119ciu i zaburzeniach snu.<\/p>\n<h2>Historia nasadek Valerian<\/h2>\n<p>Valerian (Valeriana Officinalis) ma d\u0142ug\u0105 histori\u0119, si\u0119gaj\u0105c\u0105 staro\u017cytnych cywilizacji, takich jak Grecja i Rzym, gdzie by\u0142 stosowany w leczeniu bezsenno\u015bci i stan\u00f3w nerwowych. Jego uspokajaj\u0105ce dzia\u0142anie by\u0142o dobrze znane, a uzdrowiciele w tych czasach przepisywali Valerian, aby pom\u00f3c z\u0142agodzi\u0107 niepok\u00f3j, zmniejszy\u0107 stres i promowa\u0107 lepszy sen. Przez wieki Valerian nadal by\u0142 szeroko stosowanym zio\u0142owym lekiem na r\u00f3\u017cne dolegliwo\u015bci. Dzi\u015b nowoczesne badania potwierdzaj\u0105 skuteczno\u015b\u0107 Valerian we wspieraniu relaksu i poprawie snu, i pozostaje on popularnym naturalnym suplementem. Firma Indian Elements wykorzysta\u0142a zalety tego staro\u017cytnego zio\u0142a w swoich kapsu\u0142kach Valerian Caps, zapewniaj\u0105c wygodny i nowoczesny spos\u00f3b na do\u015bwiadczenie jego koj\u0105cego dzia\u0142ania, czy to w celu z\u0142agodzenia stresu, czy lepszego snu. Uspokajaj\u0105ce w\u0142a\u015bciwo\u015bci ro\u015bliny Valerian nadal sprawiaj\u0105, \u017ce jest ona istotn\u0105 cz\u0119\u015bci\u0105 zio\u0142olecznictwa.<\/p>\n<h2>Jak u\u017cywa\u0107 nasadek Valerian<\/h2>\n<p>Kapsu\u0142ki Valerian s\u0105 \u0142atwe w u\u017cyciu - wystarczy za\u017cy\u0107 jedn\u0105 kapsu\u0142k\u0119 na raz, popijaj\u0105c szklank\u0105 wody. Aby uzyska\u0107 najlepsze rezultaty, kapsu\u0142k\u0119 nale\u017cy przyjmowa\u0107 wieczorem lub przed snem, aby zapewni\u0107 sobie spokojny, spokojny sen. Mo\u017cna r\u00f3wnie\u017c przyjmowa\u0107 Valerian Caps w okresach zwi\u0119kszonego stresu, niepokoju lub dyskomfortu mi\u0119\u015bniowego, aby pom\u00f3c uspokoi\u0107 cia\u0142o i umys\u0142. Podobnie jak w przypadku ka\u017cdego suplementu, wa\u017cne jest, aby przestrzega\u0107 zalecanego dawkowania i skonsultowa\u0107 si\u0119 z lekarzem, je\u015bli masz wcze\u015bniej istniej\u0105ce schorzenia lub przyjmujesz inne leki. Aby uzyska\u0107 optymalne rezultaty, nie nale\u017cy przekracza\u0107 zalecanej dawki.<\/p>\n<h2>Sk\u0142adniki kapsu\u0142ek Valerian Caps<\/h2>\n<p>Kluczowym sk\u0142adnikiem kapsu\u0142ek Valerian Caps jest Valeriana Officinalis, znany r\u00f3wnie\u017c jako korze\u0144 Valerian. Ro\u015blina ta jest ceniona za swoje naturalne dzia\u0142anie uspokajaj\u0105ce, dzi\u0119ki zwi\u0105zkom takim jak kwas walerenowy, kt\u00f3ry pomaga rozlu\u017ani\u0107 uk\u0142ad nerwowy. Valerian jest od dawna stosowany w celu zmniejszenia niepokoju, promowania relaksu i poprawy jako\u015bci snu. Jest to naturalna alternatywa dla farmaceutyk\u00f3w dla os\u00f3b poszukuj\u0105cych \u0142agodnego sposobu radzenia sobie ze stresem i bezsenno\u015bci\u0105. Indian Elements wykorzystuje wy\u0142\u0105cznie wysokiej jako\u015bci Valerian, aby zapewni\u0107 maksymalne efekty terapeutyczne ka\u017cdej kapsu\u0142ki. Produkt jest ca\u0142kowicie naturalny i wega\u0144ski, dzi\u0119ki czemu jest odpowiedni dla szerokiego zakresu potrzeb i preferencji \u017cywieniowych.<\/p>\n<p><strong>Ostrze\u017cenie<\/strong><br \/>\nNasadki Valerian s\u0105 przeznaczone wy\u0142\u0105cznie dla os\u00f3b doros\u0142ych. Przechowywa\u0107 w miejscu niedost\u0119pnym dla dzieci. Nie nale\u017cy stosowa\u0107 tego produktu w po\u0142\u0105czeniu z inhibitorami MAO. Osoby z chorobami nerek lub serca, wysokim lub niskim ci\u015bnieniem krwi, cukrzyc\u0105 lub przyjmuj\u0105ce leki, narkotyki lub alkohol powinny unika\u0107 tego suplementu. Valerian nie jest lekiem, lecz suplementem diety i jako taki powinien by\u0107 stosowany. Nie kupuj, je\u015bli plomba jest uszkodzona.<\/p>","protected":false},"excerpt":{"rendered":"<p>Kapsu\u0142ki Valerian od Indian Elements zawieraj\u0105 ekstrakt ze specjalnej ro\u015bliny Valerian. Valerian jest tak wyj\u0105tkowy, poniewa\u017c ma w\u0142a\u015bciwo\u015bci uspokajaj\u0105ce organizm na r\u00f3\u017cne sposoby. Na przyk\u0142ad zio\u0142o to mo\u017ce by\u0107 stosowane w przypadku napi\u0119cia, stresu i niepokoju. Valerian ma r\u00f3wnie\u017c w\u0142a\u015bciwo\u015bci poprawiaj\u0105ce sen. Jest to zatem popularny naturalny produkt, kt\u00f3ry mo\u017ce wspiera\u0107 r\u00f3\u017cne zaburzenia snu, takie jak bezsenno\u015b\u0107. Cierpisz na b\u00f3le g\u0142owy, mi\u0119\u015bni i skurcze? Kapsu\u0142ki Valerian od Indian Elements r\u00f3wnie\u017c mog\u0105 zaoferowa\u0107 rozwi\u0105zanie.<\/p>","protected":false},"featured_media":82103,"template":"","meta":[],"product_brand":[],"product_cat":[814,297,455,389,457,407,384,463,456],"product_tag":[],"class_list":{"0":"post-46089","1":"product","2":"type-product","3":"status-publish","4":"has-post-thumbnail","6":"product_cat-indian-elements","7":"product_cat-all-products","8":"product_cat-healthshop","9":"product_cat-herbs","10":"product_cat-herbs-healthshop","11":"product_cat-medicinal-herbs","12":"product_cat-smartshop","13":"product_cat-sport","14":"product_cat-supplements","16":"first","17":"instock","18":"taxable","19":"shipping-taxable","20":"purchasable","21":"product-type-variable","22":"has-default-attributes"},"_links":{"self":[{"href":"https:\/\/www.headshop.nl\/pl\/wp-json\/wp\/v2\/product\/46089","targetHints":{"allow":["GET"]}}],"collection":[{"href":"https:\/\/www.headshop.nl\/pl\/wp-json\/wp\/v2\/product"}],"about":[{"href":"https:\/\/www.headshop.nl\/pl\/wp-json\/wp\/v2\/types\/product"}],"wp:featuredmedia":[{"embeddable":true,"href":"https:\/\/www.headshop.nl\/pl\/wp-json\/wp\/v2\/media\/82103"}],"wp:attachment":[{"href":"https:\/\/www.headshop.nl\/pl\/wp-json\/wp\/v2\/media?parent=46089"}],"wp:term":[{"taxonomy":"product_brand","embeddable":true,"href":"https:\/\/www.headshop.nl\/pl\/wp-json\/wp\/v2\/product_brand?post=46089"},{"taxonomy":"product_cat","embeddable":true,"href":"https:\/\/www.headshop.nl\/pl\/wp-json\/wp\/v2\/product_cat?post=46089"},{"taxonomy":"product_tag","embeddable":true,"href":"https:\/\/www.headshop.nl\/pl\/wp-json\/wp\/v2\/product_tag?post=46089"}],"curies":[{"name":"wp","href":"https:\/\/api.w.org\/{rel}","templated":true}]}}