{"id":46087,"date":"2022-07-04T10:39:25","date_gmt":"2022-07-04T10:39:25","guid":{"rendered":"https:\/\/www.headshop.nl\/?post_type=product&#038;p=46087"},"modified":"2025-05-23T09:28:55","modified_gmt":"2025-05-23T09:28:55","slug":"guarana","status":"publish","type":"product","link":"https:\/\/www.headshop.nl\/pl\/guarana\/","title":{"rendered":"Guarana Capsules"},"content":{"rendered":"<h2>Czym s\u0105 Guarana Capsules?<\/h2>\n<p>Indian Elements Guarana Capsules s\u0105 naturalnym suplementem energetycznym wyprodukowanym z nasion <strong>Paullinia Cupana<\/strong> Ro\u015blina pochodz\u0105ca z amazo\u0144skich las\u00f3w deszczowych. U\u017cywana od wiek\u00f3w przez rdzenne plemiona ze wzgl\u0119du na swoje pobudzaj\u0105ce dzia\u0142anie, guarana jest znana ze swoich <strong>wysoka zawarto\u015b\u0107 kofeiny - od 4 do 6 razy wi\u0119ksza ni\u017c w kawie<\/strong>-dzi\u0119ki czemu jest pot\u0119\u017cnym i d\u0142ugotrwa\u0142ym wzmacniaczem energii.<\/p>\n<p>W przeciwie\u0144stwie do kawy, kt\u00f3ra zapewnia szybki skok kofeiny, guarana uwalnia kofein\u0119 stopniowo. Zapewnia to <strong>sta\u0142y poziom energii<\/strong> bez nag\u0142ego za\u0142amania, kt\u00f3re cz\u0119sto wyst\u0119puje po spo\u017cyciu kawy. Kapsu\u0142ki oferuj\u0105 wygodny spos\u00f3b na do\u015bwiadczenie korzy\u015bci p\u0142yn\u0105cych z guarany, wspieraj\u0105c <strong>zar\u00f3wno wydajno\u015b\u0107 umys\u0142owa, jak i fizyczna<\/strong>. Niezale\u017cnie od tego, czy potrzebujesz zachowa\u0107 czujno\u015b\u0107 podczas d\u0142ugich godzin pracy, czy potrzebujesz dodatkowej wytrzyma\u0142o\u015bci podczas aktywno\u015bci fizycznej, Indian Elements Guarana Capsules zapewnia <strong>Naturalne i zr\u00f3wnowa\u017cone rozwi\u0105zanie energetyczne<\/strong>.<\/p>\n<h2>Historia Guarana<\/h2>\n<p>Guarana ma g\u0142\u0119bok\u0105 histori\u0119 w Amazonii, gdzie rdzenne plemiona od wiek\u00f3w wykorzystywa\u0142y j\u0105 do cel\u00f3w leczniczych i ceremonialnych. W niekt\u00f3rych kulturach guarana posiada <strong>znaczenie duchowe i kulturowe<\/strong>wpleciony w codzienne rytua\u0142y i praktyki przetrwania. Tradycyjnie by\u0142 u\u017cywany jako <strong>stymulant do polowa\u0144 i dzia\u0142a\u0144 wojennych<\/strong>pomagaj\u0105c poprawi\u0107 <strong>skupienie, wytrzyma\u0142o\u015b\u0107 i poziom energii<\/strong>.<\/p>\n<p>Gdy jej w\u0142a\u015bciwo\u015bci energetyzuj\u0105ce sta\u0142y si\u0119 szerzej znane, guarana rozprzestrzeni\u0142a si\u0119 poza Amazoni\u0119, ostatecznie staj\u0105c si\u0119 kluczowym sk\u0142adnikiem <strong>napoje energetyczne, suplementy i produkty odchudzaj\u0105ce<\/strong>. Dzi\u015b jest ceniony na ca\u0142ym \u015bwiecie za swoje <strong>naturalna zdolno\u015b\u0107 do zwi\u0119kszania energii i koncentracji<\/strong> bez negatywnych skutk\u00f3w ubocznych syntetycznych stymulant\u00f3w.<\/p>\n<h2>Jak u\u017cywa\u0107 Guarana Capsules<\/h2>\n<p>Aby uzyska\u0107 optymalne wyniki, <strong>przyjmowa\u0107 jedn\u0105 kapsu\u0142k\u0119, popijaj\u0105c szklank\u0105 wody<\/strong> jako cz\u0119\u015b\u0107 codziennej rutyny. Najlepiej jest spo\u017cywa\u0107 Guarana Capsules w ci\u0105gu dnia. <strong>rano lub wczesnym popo\u0142udniem<\/strong> aby zapobiec wszelkim zaburzeniom snu spowodowanym wysok\u0105 zawarto\u015bci\u0105 kofeiny. Dzi\u0119ki zawarto\u015bci guarany <strong>stopniowe uwalnianie kofeiny<\/strong>do\u015bwiadczysz <strong>d\u0142ugotrwa\u0142a energia i skupienie<\/strong> bez drgawek i bez za\u0142amania zwi\u0105zanego z kaw\u0105 lub napojami energetycznymi.<\/p>\n<p>Je\u015bli jeste\u015b wra\u017cliwy na kofein\u0119 lub dopiero zaczynasz korzysta\u0107 z guarany, zacznij od <strong>mniejsza dawka<\/strong> i monitorowa\u0107 reakcj\u0119 organizmu. Guarana jest znany z <strong>zwi\u0119kszenie jasno\u015bci umys\u0142u, poprawa koncentracji i zwi\u0119kszenie wydajno\u015bci fizycznej<\/strong>co czyni go doskona\u0142ym suplementem dla <strong>sportowcy, studenci i profesjonali\u015bci<\/strong> pragn\u0105cych zachowa\u0107 koncentracj\u0119 i energi\u0119 przez ca\u0142y dzie\u0144.<\/p>\n<p>Opr\u00f3cz zwi\u0119kszania energii, guarana mo\u017ce r\u00f3wnie\u017c wspiera\u0107 <strong>zarz\u0105dzanie wag\u0105<\/strong>dzi\u0119ki jego <strong>\u0142agodne w\u0142a\u015bciwo\u015bci hamuj\u0105ce apetyt i bogata zawarto\u015b\u0107 przeciwutleniaczy<\/strong>. To sprawia, \u017ce jest to popularny wyb\u00f3r dla os\u00f3b, kt\u00f3re chc\u0105 <strong>utrzymywa\u0107 zdrow\u0105 diet\u0119 i rutyn\u0119 fitness<\/strong>.<\/p>\n<h2>Sk\u0142adniki Guarana Capsules<\/h2>\n<p>Jedynym aktywnym sk\u0142adnikiem Indian Elements Guarana Capsules jest <strong>Paullinia Cupana<\/strong>naturalne nasiona guarany. Nasiona te s\u0105 bogate w kofein\u0119, g\u0142\u00f3wny zwi\u0105zek odpowiedzialny za dzia\u0142anie guarany. <strong>silne dzia\u0142anie energetyzuj\u0105ce<\/strong>. Zawieraj\u0105ce <strong>4 do 6 razy wi\u0119cej kofeiny ni\u017c kawa<\/strong>guarana jest jednym z najbardziej <strong>Dost\u0119pne silne naturalne stymulanty<\/strong>.<\/p>\n<p>Opr\u00f3cz kofeiny, nasiona guarany s\u0105 pe\u0142ne <strong>przeciwutleniacze<\/strong> kt\u00f3re pomagaj\u0105 zwalcza\u0107 <strong>stres oksydacyjny<\/strong> i promowa\u0107 og\u00f3lne dobre samopoczucie. W przeciwie\u0144stwie do syntetycznych stymulant\u00f3w, guarana zapewnia <strong>zr\u00f3wnowa\u017cony i trwa\u0142y zastrzyk energii<\/strong> bez ekstremalnych wzlot\u00f3w i upadk\u00f3w.<\/p>\n<p>Indian Elements Guarana Capsules to <strong>100% naturalny, wega\u0144ski i wolny od sztucznych dodatk\u00f3w<\/strong>zapewniaj\u0105c otrzymanie <strong>Czysto\u015b\u0107 i wysoka jako\u015b\u0107<\/strong> suplement, kt\u00f3ry wspiera <strong>zdrowy styl \u017cycia<\/strong>.<\/p>\n<p><strong>Ostrze\u017cenie<\/strong><\/p>\n<ul>\n<li><strong>Tylko dla doros\u0142ych w wieku 18 lat i starszych.<\/strong><\/li>\n<li><strong>Przechowywa\u0107 w miejscu niedost\u0119pnym dla dzieci.<\/strong><\/li>\n<li>Niezalecane dla os\u00f3b z <strong>choroby serca<\/strong>.<\/li>\n<li>Skonsultowa\u0107 si\u0119 z <strong>dostawca opieki zdrowotnej<\/strong> przed u\u017cyciem w przypadku jakichkolwiek w\u0105tpliwo\u015bci medycznych.<\/li>\n<li>To jest <strong>suplement diety<\/strong> i powinien by\u0107 stosowany jako cz\u0119\u015b\u0107 zbilansowanej diety.<\/li>\n<li><strong>Nie u\u017cywa\u0107, je\u015bli plomba jest uszkodzona.<\/strong><\/li>\n<\/ul>","protected":false},"excerpt":{"rendered":"<p>Guarana od Indian Elements to naturalny wzmacniacz energii. Poniewa\u017c zio\u0142o jest bogate w kofein\u0119, mo\u017ce pom\u00f3c poprawi\u0107 zar\u00f3wno wydajno\u015b\u0107 fizyczn\u0105, jak i psychiczn\u0105. Na przyk\u0142ad, produkt mo\u017ce zapewni\u0107 wi\u0119cej energii i lepsze skupienie. Dlatego kapsu\u0142ki Guarana s\u0105 uwielbiane mi\u0119dzy innymi przez sportowc\u00f3w i student\u00f3w pracuj\u0105cych w nocy.<\/p>","protected":false},"featured_media":82106,"template":"","meta":[],"product_brand":[],"product_cat":[814,297,455,389,457,407,384,463,456],"product_tag":[],"class_list":{"0":"post-46087","1":"product","2":"type-product","3":"status-publish","4":"has-post-thumbnail","6":"product_cat-indian-elements","7":"product_cat-all-products","8":"product_cat-healthshop","9":"product_cat-herbs","10":"product_cat-herbs-healthshop","11":"product_cat-medicinal-herbs","12":"product_cat-smartshop","13":"product_cat-sport","14":"product_cat-supplements","16":"first","17":"instock","18":"taxable","19":"shipping-taxable","20":"purchasable","21":"product-type-variable","22":"has-default-attributes"},"_links":{"self":[{"href":"https:\/\/www.headshop.nl\/pl\/wp-json\/wp\/v2\/product\/46087","targetHints":{"allow":["GET"]}}],"collection":[{"href":"https:\/\/www.headshop.nl\/pl\/wp-json\/wp\/v2\/product"}],"about":[{"href":"https:\/\/www.headshop.nl\/pl\/wp-json\/wp\/v2\/types\/product"}],"wp:featuredmedia":[{"embeddable":true,"href":"https:\/\/www.headshop.nl\/pl\/wp-json\/wp\/v2\/media\/82106"}],"wp:attachment":[{"href":"https:\/\/www.headshop.nl\/pl\/wp-json\/wp\/v2\/media?parent=46087"}],"wp:term":[{"taxonomy":"product_brand","embeddable":true,"href":"https:\/\/www.headshop.nl\/pl\/wp-json\/wp\/v2\/product_brand?post=46087"},{"taxonomy":"product_cat","embeddable":true,"href":"https:\/\/www.headshop.nl\/pl\/wp-json\/wp\/v2\/product_cat?post=46087"},{"taxonomy":"product_tag","embeddable":true,"href":"https:\/\/www.headshop.nl\/pl\/wp-json\/wp\/v2\/product_tag?post=46087"}],"curies":[{"name":"wp","href":"https:\/\/api.w.org\/{rel}","templated":true}]}}