{"id":46001,"date":"2022-07-04T10:15:46","date_gmt":"2022-07-04T10:15:46","guid":{"rendered":"https:\/\/www.headshop.nl\/?post_type=product&#038;p=46001"},"modified":"2025-05-23T09:29:18","modified_gmt":"2025-05-23T09:29:18","slug":"relax-mix","status":"publish","type":"product","link":"https:\/\/www.headshop.nl\/pl\/relax-mix\/","title":{"rendered":"Relax mix"},"content":{"rendered":"<h2>Co to jest Relax Mix?<\/h2>\n<p>Relax Mix by Indian Elements to specjalnie opracowana mieszanka zi\u00f3\u0142, kt\u00f3ra pomaga si\u0119 zrelaksowa\u0107 i odnale\u017a\u0107 spok\u00f3j. Mieszanka ta zawiera trzy dobrze znane zio\u0142a uspokajaj\u0105ce: Passion Flower (Passiflora Incarnata), Sweet Woodruff (Asperula Odorata) i Catmint (Nepeta Cataria). Poszczeg\u00f3lne zio\u0142a znane s\u0105 ze swoich relaksuj\u0105cych w\u0142a\u015bciwo\u015bci, a razem tworz\u0105 siln\u0105 mieszank\u0119, kt\u00f3ra sprzyja odpr\u0119\u017ceniu i wyciszeniu umys\u0142u. Idealna do stosowania w codziennej rutynie wellness, mieszanka Relax jest szczeg\u00f3lnie korzystna w \u0142agodzeniu stresu i zach\u0119caniu do spokojnego snu. Jest r\u00f3wnie\u017c powszechnie stosowany w celu wspierania zdrowia uk\u0142adu trawiennego.<\/p>\n<p>Niezale\u017cnie od tego, czy szukasz spokojnego sposobu na zako\u0144czenie dnia, czy naturalnego remedium na stres, mieszanka Relax zapewnia \u0142agodne rozwi\u0105zanie. Ta 50-gramowa mieszanka zi\u00f3\u0142 jest idealna dla ka\u017cdego, kto chce do\u015bwiadczy\u0107 dobrego samopoczucia i spokoju. Mieszanka jest \u0142atwa w przygotowaniu i mo\u017ce by\u0107 spo\u017cywana jako uspokajaj\u0105ca herbata lub w\u0142\u0105czona do innych praktyk wellness w celu uzyskania optymalnych rezultat\u00f3w.<\/p>\n<h2>Historia mieszanki Relax<\/h2>\n<p>Mieszanka Relax czerpie z wielowiekowych tradycji zio\u0142owych stosowanych na ca\u0142ym \u015bwiecie w celu promowania zdrowia i relaksu. Passion Flower, Sweet Woodruff i Catmint s\u0105 od dawna cenione za swoje w\u0142a\u015bciwo\u015bci uspokajaj\u0105ce. Passion Flower by\u0142 u\u017cywany przez plemiona rdzennych Amerykan\u00f3w ze wzgl\u0119du na jego zdolno\u015b\u0107 do \u0142agodzenia niepokoju i wywo\u0142ywania snu. Podobnie, Catmint, ze swoim \u0142agodnym dzia\u0142aniem uspokajaj\u0105cym, ma g\u0142\u0119boko zakorzenion\u0105 histori\u0119 w europejskich i p\u00f3\u0142nocnoameryka\u0144skich praktykach zielarskich. S\u0142odka Woodruff, ceniona za swoje w\u0142a\u015bciwo\u015bci uspokajaj\u0105ce, by\u0142a podstaw\u0105 europejskiej medycyny od czas\u00f3w \u015bredniowiecza.<\/p>\n<p>Zio\u0142a te zosta\u0142y wybrane nie tylko ze wzgl\u0119du na ich indywidualne korzy\u015bci terapeutyczne, ale tak\u017ce ze wzgl\u0119du na pot\u0119\u017cne efekty, kt\u00f3re tworz\u0105 w po\u0142\u0105czeniu. Z biegiem czasu mieszanka ta zosta\u0142a udoskonalona, aby sta\u0107 si\u0119 dost\u0119pn\u0105 obecnie mieszank\u0105 Relax. Wraz ze wzrostem zainteresowania naturalnymi \u015brodkami leczniczymi, mieszanka Relax zyska\u0142a popularno\u015b\u0107 dzi\u0119ki swojej zdolno\u015bci do pomagania ludziom w znalezieniu spokoju psychicznego i fizycznego bez polegania na sztucznych substancjach lub syntetykach.<\/p>\n<h2>Jak u\u017cywa\u0107 Relax Mix<\/h2>\n<p>Mieszanka Relax jest wszechstronna i mo\u017ce by\u0107 u\u017cywana na kilka sposob\u00f3w, aby zapewni\u0107 relaks i spok\u00f3j. Najpopularniejsz\u0105 metod\u0105 jest zaparzenie koj\u0105cej herbaty. Wystarczy parzy\u0107 jeden gram mieszanki zi\u00f3\u0142 w gor\u0105cej wodzie przez 5-10 minut, pozwalaj\u0105c zio\u0142om na zaparzenie i uwolnienie ich uspokajaj\u0105cych w\u0142a\u015bciwo\u015bci. Herbata ta jest idealna do odpr\u0119\u017cenia si\u0119 pod koniec pracowitego dnia lub przygotowania si\u0119 do spokojnego snu.<\/p>\n<p>Opr\u00f3cz herbaty, mieszanka Relax mo\u017ce by\u0107 r\u00f3wnie\u017c u\u017cywana do k\u0105pieli lub stosowana jako ok\u0142ad w celu miejscowego odpr\u0119\u017cenia. Uspokajaj\u0105cy aromat zi\u00f3\u0142 mo\u017ce by\u0107 r\u00f3wnie\u017c wykorzystywany w aromaterapii, gdzie ich koj\u0105cy zapach promuje spok\u00f3j umys\u0142u. Aby uzyska\u0107 najlepsze rezultaty, nale\u017cy spo\u017cywa\u0107 nie wi\u0119cej ni\u017c jeden gram dziennie. Regularne stosowanie mieszanki Relax mo\u017ce zwi\u0119kszy\u0107 jej korzy\u015bci, ale nadmierne spo\u017cycie mo\u017ce prowadzi\u0107 do niepo\u017c\u0105danych efekt\u00f3w.<\/p>\n<h2>Sk\u0142adniki mieszanki Relax<\/h2>\n<p>Indian Elements' Relax Mix sk\u0142ada si\u0119 z trzech ca\u0142kowicie naturalnych sk\u0142adnik\u00f3w ro\u015blinnych: Asperula Odorata (Sweet Woodruff), Nepeta Cataria (Catmint) i Passiflora Incarnata (Passion Flower). Ka\u017cdy sk\u0142adnik ma swoje unikalne w\u0142a\u015bciwo\u015bci terapeutyczne. Passion Flower jest znany ze swojej zdolno\u015bci do uspokajania umys\u0142u, \u0142agodzenia niepokoju i zach\u0119cania do snu, co czyni go popularnym wyborem w medycynie zio\u0142owej do \u0142agodzenia stresu.<\/p>\n<p>Catmint, zio\u0142o z rodziny mi\u0119towatych, znane jest z \u0142agodnego dzia\u0142ania uspokajaj\u0105cego i stosowane jest w celu \u0142agodzenia stresu i \u0142agodnego niepokoju. Sweet Woodruff, zio\u0142o od wiek\u00f3w stosowane w medycynie europejskiej, jest cenione za \u0142agodne w\u0142a\u015bciwo\u015bci uspokajaj\u0105ce, kt\u00f3re pomagaj\u0105 z\u0142agodzi\u0107 napi\u0119cie i promowa\u0107 relaks. W po\u0142\u0105czeniu te trzy zio\u0142a tworz\u0105 pot\u0119\u017cne naturalne lekarstwo na stres, niepok\u00f3j i bezsenno\u015b\u0107.<\/p>\n<p>Ta mieszanka nie zawiera THC i jest ca\u0142kowicie naturalna, wega\u0144ska i wolna od sztucznych dodatk\u00f3w, dzi\u0119ki czemu jest bezpiecznym i zdrowym wyborem dla ka\u017cdego, kto szuka naturalnego sposobu na relaks.<\/p>\n<p><strong>Ostrze\u017cenie:<\/strong><\/p>\n<p>Nieodpowiednie dla os\u00f3b poni\u017cej 18 roku \u017cycia. Przechowywa\u0107 w miejscu niedost\u0119pnym dla dzieci. Nie zaleca si\u0119 stosowania przez osoby z chorobami nerek lub serca, wysokim lub niskim ci\u015bnieniem krwi, cukrzyc\u0105 lub osoby obecnie stosuj\u0105ce leki, alkohol lub narkotyki. Ten produkt nie jest lekiem i nie powinien by\u0107 stosowany jako taki. Jest to suplement diety i powinien by\u0107 odpowiednio spo\u017cywany. Nie kupowa\u0107, je\u015bli plomba jest uszkodzona.<\/p>","protected":false},"excerpt":{"rendered":"<p>Indian Elements' Relax Mix to koj\u0105ca mieszanka zio\u0142owa, kt\u00f3ra wspomaga relaks i wyciszenie. \u0141\u0105cz\u0105c trzy silne zio\u0142a - Passion Flower, Catmint i Sweet Woodruff - mieszanka ta jest idealna do \u0142agodzenia stresu i promowania spokojnego snu. Dzi\u0119ki swoim uspokajaj\u0105cym w\u0142a\u015bciwo\u015bciom pomaga przynie\u015b\u0107 spok\u00f3j i relaks, szczeg\u00f3lnie w chwilach przyt\u0142oczenia. Mo\u017cna j\u0105 spo\u017cywa\u0107 na r\u00f3\u017cne sposoby, na przyk\u0142ad w postaci pocieszaj\u0105cej herbaty zio\u0142owej.<\/p>","protected":false},"featured_media":82118,"template":"","meta":[],"product_brand":[],"product_cat":[814,297,391,455,389,457,407,406,396,405,384],"product_tag":[],"class_list":{"0":"post-46001","1":"product","2":"type-product","3":"status-publish","4":"has-post-thumbnail","6":"product_cat-indian-elements","7":"product_cat-all-products","8":"product_cat-extracts","9":"product_cat-healthshop","10":"product_cat-herbs","11":"product_cat-herbs-healthshop","12":"product_cat-medicinal-herbs","13":"product_cat-psychedelic-herbs","14":"product_cat-relax","15":"product_cat-relax-herbs","16":"product_cat-smartshop","18":"first","19":"instock","20":"taxable","21":"shipping-taxable","22":"purchasable","23":"product-type-variable","24":"has-default-attributes"},"_links":{"self":[{"href":"https:\/\/www.headshop.nl\/pl\/wp-json\/wp\/v2\/product\/46001","targetHints":{"allow":["GET"]}}],"collection":[{"href":"https:\/\/www.headshop.nl\/pl\/wp-json\/wp\/v2\/product"}],"about":[{"href":"https:\/\/www.headshop.nl\/pl\/wp-json\/wp\/v2\/types\/product"}],"wp:featuredmedia":[{"embeddable":true,"href":"https:\/\/www.headshop.nl\/pl\/wp-json\/wp\/v2\/media\/82118"}],"wp:attachment":[{"href":"https:\/\/www.headshop.nl\/pl\/wp-json\/wp\/v2\/media?parent=46001"}],"wp:term":[{"taxonomy":"product_brand","embeddable":true,"href":"https:\/\/www.headshop.nl\/pl\/wp-json\/wp\/v2\/product_brand?post=46001"},{"taxonomy":"product_cat","embeddable":true,"href":"https:\/\/www.headshop.nl\/pl\/wp-json\/wp\/v2\/product_cat?post=46001"},{"taxonomy":"product_tag","embeddable":true,"href":"https:\/\/www.headshop.nl\/pl\/wp-json\/wp\/v2\/product_tag?post=46001"}],"curies":[{"name":"wp","href":"https:\/\/api.w.org\/{rel}","templated":true}]}}