{"id":45997,"date":"2022-07-04T10:15:37","date_gmt":"2022-07-04T10:15:37","guid":{"rendered":"https:\/\/www.headshop.nl\/?post_type=product&#038;p=45997"},"modified":"2025-07-09T13:26:16","modified_gmt":"2025-07-09T13:26:16","slug":"skullcap","status":"publish","type":"product","link":"https:\/\/www.headshop.nl\/pl\/skullcap\/","title":{"rendered":"Skullcap"},"content":{"rendered":"<h2 data-pm-slice=\"1 3 []\">Co to jest Skullcap?<\/h2>\n<p>Skullcap, zwany r\u00f3wnie\u017c glidkruid, to zio\u0142o z rodziny mi\u0119towatych, cenione od wiek\u00f3w za swoje uspokajaj\u0105ce i \u0142agodnie uspokajaj\u0105ce dzia\u0142anie. Jej botaniczna nazwa, obejmuj\u0105ca oko\u0142o 200 gatunk\u00f3w rosn\u0105cych na ca\u0142ym \u015bwiecie, brzmi <em>Scutellaria<\/em>. Odmiana stosowana w Indian Elements Skullcap to <em>Scutellaria Lateriflora<\/em>Znana r\u00f3wnie\u017c jako jarmu\u0142ka niebieska lub jarmu\u0142ka w\u015bciek\u0142ego psa. Pochodzi z Ameryki P\u00f3\u0142nocnej i mo\u017cna j\u0105 rozpozna\u0107 po ma\u0142ych fioletowych kwiatach przypominaj\u0105cych he\u0142my. Obecnie Skullcap jest powszechnie doceniany za swoj\u0105 zdolno\u015b\u0107 do promowania relaksu, \u0142agodzenia napi\u0119cia nerwowego i wspierania zdrowego cyklu snu. Niezale\u017cnie od tego, czy chodzi o stres, napi\u0119cie mi\u0119\u015bni czy zaburzenia snu, Skullcap zapewnia naturalne i \u0142agodne lekarstwo.<\/p>\n<div><\/div>\n<h2>Historia Skullcap<\/h2>\n<p>Skullcap od dawna jest niezb\u0119dnym zio\u0142em w tradycyjnej medycynie. W staro\u017cytnych Chinach by\u0142 kluczowym sk\u0142adnikiem znanego zio\u0142owego leku Huangqin, uwa\u017canego za rozpraszaj\u0105cy negatywn\u0105 energi\u0119 i przywracaj\u0105cy r\u00f3wnowag\u0119. Rdzenne spo\u0142eczno\u015bci ameryka\u0144skie u\u017cywa\u0142y Skullcap do wspierania zdrowia kobiet, \u0142agodzenia nerwowo\u015bci i wywo\u0142ywania spokoju. Europejscy zielarze r\u00f3wnie\u017c docenili jego relaksuj\u0105ce w\u0142a\u015bciwo\u015bci, cz\u0119sto zalecaj\u0105c go w celu zmniejszenia stresu i poprawy snu. Na przestrzeni wiek\u00f3w Skullcap utrzyma\u0142 swoj\u0105 reputacj\u0119 jako zaufany naturalny \u015brodek relaksuj\u0105cy. Dzi\u015b pozostaje popularnym zio\u0142owym wyborem dla os\u00f3b poszukuj\u0105cych relaksu i dobrego samopoczucia, zakorzenionym w bogatej historii tradycyjnych praktyk leczniczych.<\/p>\n<div><\/div>\n<h2>Jak korzysta\u0107 z Skullcap<\/h2>\n<p>Indian Elements Skullcap jest prosty i wygodny w u\u017cyciu. Najcz\u0119stszym sposobem jej spo\u017cywania jest parzenie herbaty. Aby j\u0105 przygotowa\u0107, nale\u017cy parzy\u0107 1 gram Skullcap w gor\u0105cej wodzie przez oko\u0142o 10 minut, pozwalaj\u0105c jej korzystnym zwi\u0105zkom przenikn\u0105\u0107 do p\u0142ynu w celu uzyskania uspokajaj\u0105cego napoju zio\u0142owego. Wielu u\u017cytkownik\u00f3w zg\u0142asza uczucie relaksu i spokoju, dzi\u0119ki czemu jest to doskona\u0142a opcja na relaks po stresuj\u0105cym dniu. Opr\u00f3cz herbaty, Skullcap mo\u017ce by\u0107 sk\u0142adnikiem mieszanek zio\u0142owych, nalewek lub kapsu\u0142ek. Chocia\u017c indywidualne do\u015bwiadczenia mog\u0105 si\u0119 r\u00f3\u017cni\u0107, regularne stosowanie mo\u017ce sprzyja\u0107 relaksacji, poprawia\u0107 sen i \u0142agodzi\u0107 dyskomfort mi\u0119\u015bni. Aby uzyska\u0107 optymalne korzy\u015bci, zaleca si\u0119 dzienn\u0105 dawk\u0119 1 grama. Produkt nale\u017cy przechowywa\u0107 w ch\u0142odnym i suchym miejscu, aby zachowa\u0107 jego \u015bwie\u017co\u015b\u0107 i moc.<\/p>\n<div><\/div>\n<h2>Sk\u0142adniki Skullcap<\/h2>\n<p>Indian Elements Skullcap zawiera pojedynczy sk\u0142adnik wysokiej jako\u015bci: <em>Scutellaria Lateriflora<\/em>. Zapewnia to czysty, naturalny produkt wolny od dodatk\u00f3w, wype\u0142niaczy i sztucznych substancji. Zio\u0142o jest starannie pozyskiwane i przygotowywane w celu zachowania jego korzystnych w\u0142a\u015bciwo\u015bci. Jako produkt wega\u0144ski 100%, Skullcap dobrze pasuje do naturalnego stylu \u017cycia wellness. Niezale\u017cnie od tego, czy jest stosowany samodzielnie, czy w po\u0142\u0105czeniu z innymi koj\u0105cymi zio\u0142ami, Skullcap oferuje skuteczny i delikatny spos\u00f3b na relaks i og\u00f3lne dobre samopoczucie. Wybieraj\u0105c Indian Elements Skullcap, si\u0119gasz po u\u015bwi\u0119cony tradycj\u0105 \u015brodek zio\u0142owy, kt\u00f3remu ufaj\u0105 ca\u0142e pokolenia.<\/p>\n<div><\/div>\n<p><strong>Ostrze\u017cenie:<\/strong><\/p>\n<ul data-spread=\"false\">\n<li>Do u\u017cytku wy\u0142\u0105cznie przez osoby doros\u0142e w wieku powy\u017cej 18 lat. Przechowywa\u0107 w miejscu niedost\u0119pnym dla dzieci.<\/li>\n<li>Nie stosowa\u0107 w po\u0142\u0105czeniu z inhibitorami MAO.<\/li>\n<li>Niezalecane dla os\u00f3b z chorobami nerek lub serca, wysokim lub niskim ci\u015bnieniem krwi, cukrzyc\u0105 lub b\u0119d\u0105cych pod wp\u0142ywem lek\u00f3w, narkotyk\u00f3w lub alkoholu.<\/li>\n<li>Ten produkt nie jest lekiem, lecz suplementem diety i powinien by\u0107 stosowany zgodnie z zaleceniami.<\/li>\n<li>Nie spo\u017cywa\u0107, je\u015bli plomba jest uszkodzona. Przechowywa\u0107 w ciemnym, suchym miejscu dla zachowania optymalnej \u015bwie\u017co\u015bci.<\/li>\n<\/ul>","protected":false},"excerpt":{"rendered":"<p data-pm-slice=\"1 1 []\">Indian Elements Skullcap to naturalny suplement zio\u0142owy znany ze swoich w\u0142a\u015bciwo\u015bci koj\u0105cych i relaksuj\u0105cych. Pochodzi z <em>Scutellaria Lateriflora<\/em>pomaga z\u0142agodzi\u0107 stres, poprawia jako\u015b\u0107 snu i wspomaga og\u00f3lne samopoczucie. Idealny dla os\u00f3b szukaj\u0105cych naturalnego sposobu na relaks, Skullcap mo\u017ce by\u0107 spo\u017cywany jako herbata lub w innych formach.<\/p>","protected":false},"featured_media":82124,"template":"","meta":[],"product_brand":[],"product_cat":[814,297,391,455,389,457,407,406,396,405,384],"product_tag":[],"class_list":{"0":"post-45997","1":"product","2":"type-product","3":"status-publish","4":"has-post-thumbnail","6":"product_cat-indian-elements","7":"product_cat-all-products","8":"product_cat-extracts","9":"product_cat-healthshop","10":"product_cat-herbs","11":"product_cat-herbs-healthshop","12":"product_cat-medicinal-herbs","13":"product_cat-psychedelic-herbs","14":"product_cat-relax","15":"product_cat-relax-herbs","16":"product_cat-smartshop","18":"first","19":"instock","20":"taxable","21":"shipping-taxable","22":"purchasable","23":"product-type-variable"},"_links":{"self":[{"href":"https:\/\/www.headshop.nl\/pl\/wp-json\/wp\/v2\/product\/45997","targetHints":{"allow":["GET"]}}],"collection":[{"href":"https:\/\/www.headshop.nl\/pl\/wp-json\/wp\/v2\/product"}],"about":[{"href":"https:\/\/www.headshop.nl\/pl\/wp-json\/wp\/v2\/types\/product"}],"wp:featuredmedia":[{"embeddable":true,"href":"https:\/\/www.headshop.nl\/pl\/wp-json\/wp\/v2\/media\/82124"}],"wp:attachment":[{"href":"https:\/\/www.headshop.nl\/pl\/wp-json\/wp\/v2\/media?parent=45997"}],"wp:term":[{"taxonomy":"product_brand","embeddable":true,"href":"https:\/\/www.headshop.nl\/pl\/wp-json\/wp\/v2\/product_brand?post=45997"},{"taxonomy":"product_cat","embeddable":true,"href":"https:\/\/www.headshop.nl\/pl\/wp-json\/wp\/v2\/product_cat?post=45997"},{"taxonomy":"product_tag","embeddable":true,"href":"https:\/\/www.headshop.nl\/pl\/wp-json\/wp\/v2\/product_tag?post=45997"}],"curies":[{"name":"wp","href":"https:\/\/api.w.org\/{rel}","templated":true}]}}