{"id":45993,"date":"2022-07-04T10:15:31","date_gmt":"2022-07-04T10:15:31","guid":{"rendered":"https:\/\/www.headshop.nl\/?post_type=product&#038;p=45993"},"modified":"2025-05-23T09:29:39","modified_gmt":"2025-05-23T09:29:39","slug":"herbal-spliff-mix","status":"publish","type":"product","link":"https:\/\/www.headshop.nl\/pl\/herbal-spliff-mix\/","title":{"rendered":"Herbal Spliff Mix"},"content":{"rendered":"<h2>Co to jest Herbal Spliff Mix?<\/h2>\n<p>Herbal Spliff Mix to profesjonalnie przygotowana mieszanka zio\u0142owa z r\u00f3\u017cnych naturalnych zi\u00f3\u0142, z kt\u00f3rych ka\u017cde zosta\u0142o wybrane ze wzgl\u0119du na swoje uspokajaj\u0105ce dzia\u0142anie. Ta specjalna mieszanka jest idealna dla os\u00f3b poszukuj\u0105cych relaksuj\u0105cych dozna\u0144, niezale\u017cnie od tego, czy jest stosowana samodzielnie, czy te\u017c w celu wzmocnienia dzia\u0142ania konopi indyjskich. Herbal Spliff Mix to wszechstronny produkt, idealny do parzenia herbaty lub mieszania z innymi zio\u0142ami w celu uzyskania bardziej z\u0142o\u017conych dozna\u0144. Koj\u0105ce w\u0142a\u015bciwo\u015bci tej mieszanki sprawiaj\u0105, \u017ce jest ona doskona\u0142ym wyborem do relaksu po d\u0142ugim dniu lub do uspokojenia umys\u0142u przed snem. Dzi\u0119ki zalecanej dziennej dawce wynosz\u0105cej jeden gram, \u0142atwo jest w\u0142\u0105czy\u0107 j\u0105 do swojej rutyny. Jej uspokajaj\u0105cy charakter i unikalny zio\u0142owy smak sprawiaj\u0105, \u017ce Herbal Spliff Mix jest popularnym wyborem dla ka\u017cdego, kto szuka spokoju i wyciszenia w naturalnej formie.<\/p>\n<h2>Historia Herbal Spliff Mix<\/h2>\n<p>Herbal Spliff Mix jest inspirowany wieloletnimi tradycjami zio\u0142olecznictwa, w kt\u00f3rych r\u00f3\u017cne ro\u015bliny i zio\u0142a by\u0142y \u0142\u0105czone w celu wykorzystania ich naturalnych w\u0142a\u015bciwo\u015bci terapeutycznych. Z biegiem czasu r\u00f3\u017cne kultury wykorzystywa\u0142y zio\u0142a do tworzenia mieszanek maj\u0105cych na celu ukojenie cia\u0142a i umys\u0142u. Ta nowoczesna wersja Herbal Spliff Mix czerpie z tych staro\u017cytnych tradycji, \u0142\u0105cz\u0105c najlepsz\u0105 zio\u0142ow\u0105 m\u0105dro\u015b\u0107 z koncentracj\u0105 na wysokiej jako\u015bci sk\u0142adnikach. Mieszanka zosta\u0142a starannie opracowana, aby wzmocni\u0107 uspokajaj\u0105ce dzia\u0142anie konopi, zapewniaj\u0105c jednocze\u015bnie wyj\u0105tkowy, naturalny smak. Maj\u0105c swoje korzenie w wielowiekowej wiedzy zielarskiej, mieszanka ta ewoluowa\u0142a, aby zaspokoi\u0107 potrzeby wsp\u00f3\u0142czesnych konsument\u00f3w, kt\u00f3rzy ceni\u0105 sobie naturalny relaks i dobre samopoczucie. Dzi\u015b Herbal Spliff Mix nadal jest zaufanym wyborem dla os\u00f3b poszukuj\u0105cych koj\u0105cych dozna\u0144, kt\u00f3re uzupe\u0142niaj\u0105 ich styl \u017cycia.<\/p>\n<h2>Jak u\u017cywa\u0107 Herbal Spliff Mix<\/h2>\n<p>Herbal Spliff Mix oferuje szereg zastosowa\u0144 dostosowanych do r\u00f3\u017cnych preferencji. Najpopularniejszym sposobem na delektowanie si\u0119 t\u0105 mieszank\u0105 jest zaparzenie z niej uspokajaj\u0105cej herbaty. Wystarczy zaparzy\u0107 jeden gram mieszanki w gor\u0105cej wodzie przez kilka minut, pozwalaj\u0105c smakom i koj\u0105cym efektom przenikn\u0105\u0107 do p\u0142ynu. Herbat\u0119 mo\u017cna wzbogaci\u0107 miodem lub cytryn\u0105, aby poprawi\u0107 jej smak. Je\u015bli wolisz pali\u0107 lub waporyzowa\u0107, Herbal Spliff Mix mo\u017cna zmiesza\u0107 z konopiami indyjskimi, aby wzmocni\u0107 jego relaksuj\u0105ce w\u0142a\u015bciwo\u015bci. Zalecana dawka to jeden gram dziennie, co zapewnia \u0142agodne doznania, kt\u00f3re s\u0105 zar\u00f3wno uspokajaj\u0105ce, jak i przyjemne. Niezale\u017cnie od tego, czy jest u\u017cywana do herbaty, czy jako dodatek do konopi, Herbal Spliff Mix to \u015bwietny spos\u00f3b na naturalny relaks. Aby uzyska\u0107 optymalny relaks, nale\u017cy zawsze przestrzega\u0107 zalecanego dawkowania.<\/p>\n<h2>Sk\u0142adniki Herbal Spliff Mix<\/h2>\n<p>Herbal Spliff Mix sk\u0142ada si\u0119 z 100% naturalnej mieszanki zi\u00f3\u0142, starannie dobranych ze wzgl\u0119du na ich w\u0142a\u015bciwo\u015bci uspokajaj\u0105ce i koj\u0105ce. Ka\u017cdy sk\u0142adnik zosta\u0142 wybrany ze wzgl\u0119du na swoje korzy\u015bci terapeutyczne, zapewniaj\u0105c najwy\u017csz\u0105 jako\u015b\u0107 i najskuteczniejsz\u0105 mieszank\u0119. Mieszanka nie zawiera sztucznych dodatk\u00f3w, substancji chemicznych ani konserwant\u00f3w, dzi\u0119ki czemu jest bezpiecznym i naturalnym wyborem dla relaksu. Chocia\u017c dok\u0142adna kombinacja zi\u00f3\u0142 pozostaje tajemnic\u0105 handlow\u0105, mieszanka ta znana jest z charakterystycznego, bogatego smaku, kt\u00f3ry odr\u00f3\u017cnia j\u0105 od innych mieszanek zio\u0142owych. Indian Elements wykorzystuje wy\u0142\u0105cznie najlepsze zio\u0142a, gwarantuj\u0105c produkt najwy\u017cszej jako\u015bci, kt\u00f3ry zapewnia zar\u00f3wno relaks, jak i przyjemne zio\u0142owe doznania. Ta w pe\u0142ni naturalna mieszanka jest idealna dla os\u00f3b poszukuj\u0105cych naturalnej alternatywy dla z\u0142agodzenia stresu.<\/p>\n<p><strong>Ostrze\u017cenie<\/strong><br \/>\nWy\u0142\u0105cznie dla os\u00f3b powy\u017cej 18 roku \u017cycia. Przechowywa\u0107 w miejscu niedost\u0119pnym dla dzieci. Je\u015bli jeste\u015b w ci\u0105\u017cy, karmisz piersi\u0105 lub masz jakiekolwiek schorzenia, przed u\u017cyciem skonsultuj si\u0119 z lekarzem. Nie jest zalecany dla os\u00f3b z chorobami nerek lub serca, wysokim lub niskim ci\u015bnieniem krwi, cukrzyc\u0105 lub os\u00f3b pod wp\u0142ywem alkoholu, narkotyk\u00f3w lub lek\u00f3w. Ten produkt nie jest lekiem i powinien by\u0107 stosowany jako suplement diety. Nie kupowa\u0107, je\u015bli plomba jest uszkodzona.<\/p>","protected":false},"excerpt":{"rendered":"<p>Herbal Spliff Mix to najwy\u017cszej jako\u015bci mieszanka ca\u0142kowicie naturalnych zi\u00f3\u0142 zaprojektowanych w celu promowania relaksu i wzmacniania efekt\u00f3w marihuany. Znana ze swoich uspokajaj\u0105cych w\u0142a\u015bciwo\u015bci, ta wyj\u0105tkowa mieszanka mo\u017ce by\u0107 u\u017cywana na wiele sposob\u00f3w, na przyk\u0142ad do parzenia koj\u0105cej herbaty. Jej charakterystyczny smak wynika z po\u0142\u0105czenia starannie wyselekcjonowanych zi\u00f3\u0142, idealnych dla os\u00f3b poszukuj\u0105cych naturalnego sposobu na relaks.<\/p>","protected":false},"featured_media":82130,"template":"","meta":[],"product_brand":[],"product_cat":[814,297,391,455,389,457,407,406,396,405,384],"product_tag":[],"class_list":{"0":"post-45993","1":"product","2":"type-product","3":"status-publish","4":"has-post-thumbnail","6":"product_cat-indian-elements","7":"product_cat-all-products","8":"product_cat-extracts","9":"product_cat-healthshop","10":"product_cat-herbs","11":"product_cat-herbs-healthshop","12":"product_cat-medicinal-herbs","13":"product_cat-psychedelic-herbs","14":"product_cat-relax","15":"product_cat-relax-herbs","16":"product_cat-smartshop","18":"first","19":"instock","20":"taxable","21":"shipping-taxable","22":"purchasable","23":"product-type-variable","24":"has-default-attributes"},"_links":{"self":[{"href":"https:\/\/www.headshop.nl\/pl\/wp-json\/wp\/v2\/product\/45993","targetHints":{"allow":["GET"]}}],"collection":[{"href":"https:\/\/www.headshop.nl\/pl\/wp-json\/wp\/v2\/product"}],"about":[{"href":"https:\/\/www.headshop.nl\/pl\/wp-json\/wp\/v2\/types\/product"}],"wp:featuredmedia":[{"embeddable":true,"href":"https:\/\/www.headshop.nl\/pl\/wp-json\/wp\/v2\/media\/82130"}],"wp:attachment":[{"href":"https:\/\/www.headshop.nl\/pl\/wp-json\/wp\/v2\/media?parent=45993"}],"wp:term":[{"taxonomy":"product_brand","embeddable":true,"href":"https:\/\/www.headshop.nl\/pl\/wp-json\/wp\/v2\/product_brand?post=45993"},{"taxonomy":"product_cat","embeddable":true,"href":"https:\/\/www.headshop.nl\/pl\/wp-json\/wp\/v2\/product_cat?post=45993"},{"taxonomy":"product_tag","embeddable":true,"href":"https:\/\/www.headshop.nl\/pl\/wp-json\/wp\/v2\/product_tag?post=45993"}],"curies":[{"name":"wp","href":"https:\/\/api.w.org\/{rel}","templated":true}]}}