{"id":45958,"date":"2022-07-04T10:00:34","date_gmt":"2022-07-04T10:00:34","guid":{"rendered":"https:\/\/www.headshop.nl\/?post_type=product&#038;p=45958"},"modified":"2025-10-31T08:54:28","modified_gmt":"2025-10-31T08:54:28","slug":"maitake-extract-capsules","status":"publish","type":"product","link":"https:\/\/www.headshop.nl\/pl\/maitake-extract-capsules\/","title":{"rendered":"Maitake Extract Capsules"},"content":{"rendered":"<h2>Co to jest Maitake?<\/h2>\n<p>Maitake (Grifola Frondosa), znany r\u00f3wnie\u017c jako \"Hen of the Woods\", to wyj\u0105tkowy grzyb leczniczy, kt\u00f3ry zwykle ro\u015bnie u podstawy drzew, zw\u0142aszcza d\u0119b\u00f3w. Wysoko ceniony w tradycyjnej medycynie japo\u0144skiej i chi\u0144skiej ze wzgl\u0119du na swoje korzystne w\u0142a\u015bciwo\u015bci, Maitake jest pe\u0142en niezb\u0119dnych sk\u0142adnik\u00f3w od\u017cywczych, w tym polisacharyd\u00f3w, takich jak beta-glukany, o kt\u00f3rych wiadomo, \u017ce wspieraj\u0105 uk\u0142ad odporno\u015bciowy. W przeciwie\u0144stwie do popularnych grzyb\u00f3w kulinarnych, Maitake jest cz\u0119sto spo\u017cywany w formie suplementu, aby zmaksymalizowa\u0107 jego korzy\u015bci zdrowotne. Jego zdolno\u015b\u0107 do rozwoju w \u015brodowisku naturalnym, w po\u0142\u0105czeniu z imponuj\u0105cym profilem sk\u0142adnik\u00f3w od\u017cywczych, czyni go obecnie popularnym superfood.<\/p>\n<h2>Historia Maitake<\/h2>\n<p>Maitake ma bogat\u0105 histori\u0119, kt\u00f3ra si\u0119ga ponad 3000 lat. W Japonii by\u0142 tak ceniony, \u017ce czasami wykorzystywano go jako walut\u0119. Nazwa \"Maitake\", oznaczaj\u0105ca \"ta\u0144cz\u0105cy grzyb\", pochodzi z folkloru, kt\u00f3ry sugeruje, \u017ce ludzie ta\u0144czyli z rado\u015bci po znalezieniu go ze wzgl\u0119du na jego wyj\u0105tkow\u0105 warto\u015b\u0107. Praktycy medycyny wschodniej od dawna stosuj\u0105 Maitake w celu promowania zdrowia i d\u0142ugowieczno\u015bci, wierz\u0105c, \u017ce pomaga przywr\u00f3ci\u0107 r\u00f3wnowag\u0119 w organizmie. Obecnie badania nadal badaj\u0105 jego potencjalne korzy\u015bci, w szczeg\u00f3lno\u015bci jego rol\u0119 we wspieraniu odporno\u015bci i og\u00f3lnym samopoczuciu. Maitake pozostaje cenionym naturalnym \u015brodkiem leczniczym, znanym ze swojego historycznego znaczenia i w\u0142a\u015bciwo\u015bci prozdrowotnych.<\/p>\n<h2>Jak korzysta\u0107 z Maitake<\/h2>\n<p>Maitake jest dost\u0119pny w r\u00f3\u017cnych formach, w tym w proszkach, herbatach i kapsu\u0142kach. Nasze kapsu\u0142ki Maitake oferuj\u0105 wygodny spos\u00f3b na w\u0142\u0105czenie tego pot\u0119\u017cnego grzyba do codziennej rutyny. Zalecana dawka to jedna do dw\u00f3ch kapsu\u0142ek dwa razy dziennie, przyjmowanych z posi\u0142kami i wod\u0105. Konsekwentne stosowanie jest niezb\u0119dne, aby do\u015bwiadczy\u0107 pe\u0142nych korzy\u015bci. Maitake jest powszechnie stosowany jako cz\u0119\u015b\u0107 schematu odnowy biologicznej w celu wspierania odporno\u015bci, promowania witalno\u015bci i zwi\u0119kszania naturalnej odporno\u015bci organizmu. Podczas gdy niekt\u00f3rzy u\u017cytkownicy mog\u0105 zauwa\u017cy\u0107 korzy\u015bci ju\u017c po kilku tygodniach, inni mog\u0105 potrzebowa\u0107 wi\u0119cej czasu. Aby zoptymalizowa\u0107 potencja\u0142 Maitake, nale\u017cy po\u0142\u0105czy\u0107 go ze zbilansowan\u0105 diet\u0105 i zdrowym stylem \u017cycia. Podobnie jak w przypadku ka\u017cdego suplementu, nale\u017cy przestrzega\u0107 zalecanego dawkowania i skonsultowa\u0107 si\u0119 z lekarzem, je\u015bli masz jakiekolwiek istniej\u0105ce wcze\u015bniej schorzenia.<\/p>\n<h2>Sk\u0142adniki Maitake Capsules<\/h2>\n<p>Ka\u017cda przyjazna dla wegan kapsu\u0142ka zawiera 400 mg organicznego ekstraktu Maitake (Grifola Frondosa) pochodz\u0105cego z owocnik\u00f3w 100%. Ten ekstrakt o pe\u0142nym spektrum jest uzyskiwany poprzez ekstrakcj\u0119 wod\u0105 i etanolem, aby zapewni\u0107 wysokie st\u0119\u017cenie korzystnych zwi\u0105zk\u00f3w. Ekstrakt jest standaryzowany na zawarto\u015b\u0107 beta-glukan\u00f3w 30%, znanych ze swoich w\u0142a\u015bciwo\u015bci wspomagaj\u0105cych uk\u0142ad odporno\u015bciowy. Inne sk\u0142adniki obejmuj\u0105 cytrynian magnezu i dwutlenek krzemu, kt\u00f3re pomagaj\u0105 poprawi\u0107 stabilno\u015b\u0107 i wch\u0142anianie suplementu. Kapsu\u0142ki McMyco Maitake spe\u0142niaj\u0105 najwy\u017csze standardy jako\u015bci i s\u0105 wolne od sztucznych dodatk\u00f3w, oferuj\u0105c naturalny spos\u00f3b wspierania dobrego samopoczucia.<\/p>\n<p><strong>Ostrze\u017cenie<\/strong><\/p>\n<p>Maitake by McMyco jest suplementem diety i powinien by\u0107 stosowany zgodnie z zaleceniami. Nie nale\u017cy przekracza\u0107 zalecanej dziennej dawki. Produkt nale\u017cy przechowywa\u0107 w miejscu niedost\u0119pnym dla dzieci. Przed u\u017cyciem skonsultuj si\u0119 z lekarzem, zw\u0142aszcza je\u015bli jeste\u015b w ci\u0105\u017cy, karmisz piersi\u0105 lub masz jakiekolwiek schorzenia. Przechowywa\u0107 w ch\u0142odnym, ciemnym miejscu w temperaturze pokojowej.<\/p>","protected":false},"excerpt":{"rendered":"<p>Odkryj zalety Maitake, cz\u0119sto nazywanego \"kr\u00f3lem grzyb\u00f3w\". Pe\u0142en niezb\u0119dnych sk\u0142adnik\u00f3w od\u017cywczych i beta-glukan\u00f3w, ten pot\u0119\u017cny suplement jest uznawany za najwy\u017cszej klasy super\u017cywno\u015b\u0107. Z bogat\u0105 histori\u0105 w tradycyjnym japo\u0144skim wellness, Maitake promuje og\u00f3lne samopoczucie i witalno\u015b\u0107<\/p>","protected":false},"featured_media":87987,"template":"","meta":[],"product_brand":[],"product_cat":[813,297,461,455,630,404,462,398,399,384,458,456],"product_tag":[978],"class_list":{"0":"post-45958","1":"product","2":"type-product","3":"status-publish","4":"has-post-thumbnail","6":"product_cat-mcmyco","7":"product_cat-all-products","8":"product_cat-detox","9":"product_cat-healthshop","10":"product_cat-healthshop-top-10","11":"product_cat-medicinal-mushrooms-supplements","12":"product_cat-medicinal-mushrooms-healthshop","13":"product_cat-mushrooms","14":"product_cat-shroomshop","15":"product_cat-smartshop","16":"product_cat-superfoods","17":"product_cat-supplements","18":"product_tag-shrdeal","19":"product_shipping_class-creditcard-on","21":"first","22":"instock","23":"taxable","24":"shipping-taxable","25":"purchasable","26":"product-type-variable","27":"has-default-attributes"},"_links":{"self":[{"href":"https:\/\/www.headshop.nl\/pl\/wp-json\/wp\/v2\/product\/45958","targetHints":{"allow":["GET"]}}],"collection":[{"href":"https:\/\/www.headshop.nl\/pl\/wp-json\/wp\/v2\/product"}],"about":[{"href":"https:\/\/www.headshop.nl\/pl\/wp-json\/wp\/v2\/types\/product"}],"wp:featuredmedia":[{"embeddable":true,"href":"https:\/\/www.headshop.nl\/pl\/wp-json\/wp\/v2\/media\/87987"}],"wp:attachment":[{"href":"https:\/\/www.headshop.nl\/pl\/wp-json\/wp\/v2\/media?parent=45958"}],"wp:term":[{"taxonomy":"product_brand","embeddable":true,"href":"https:\/\/www.headshop.nl\/pl\/wp-json\/wp\/v2\/product_brand?post=45958"},{"taxonomy":"product_cat","embeddable":true,"href":"https:\/\/www.headshop.nl\/pl\/wp-json\/wp\/v2\/product_cat?post=45958"},{"taxonomy":"product_tag","embeddable":true,"href":"https:\/\/www.headshop.nl\/pl\/wp-json\/wp\/v2\/product_tag?post=45958"}],"curies":[{"name":"wp","href":"https:\/\/api.w.org\/{rel}","templated":true}]}}