{"id":45947,"date":"2022-07-04T09:57:20","date_gmt":"2022-07-04T09:57:20","guid":{"rendered":"https:\/\/www.headshop.nl\/?post_type=product&#038;p=45947"},"modified":"2025-10-31T08:54:45","modified_gmt":"2025-10-31T08:54:45","slug":"fantastic-5-capsules","status":"publish","type":"product","link":"https:\/\/www.headshop.nl\/pl\/fantastic-5-capsules\/","title":{"rendered":"Fantastic 5 Capsules"},"content":{"rendered":"<h2 dir=\"ltr\" data-pm-slice=\"1 1 []\">Czym s\u0105 Fantastic 5 Capsules?<\/h2>\n<p dir=\"ltr\">Kapsu\u0142ki McMyco Fantastic 5 \u0142\u0105cz\u0105 pi\u0119\u0107 niezwyk\u0142ych grzyb\u00f3w leczniczych - Reishi, Cordyceps Sinensis, Lion\u2019s Mane, Chaga i Maitake - w silnym, ro\u015blinnym suplemencie zaprojektowanym w celu poprawy samopoczucia. Ka\u017cda kapsu\u0142ka dostarcza 80 mg organicznego ekstraktu z ka\u017cdego grzyba, wzbogaconego o 15 mg witaminy C zwalczaj\u0105cej zm\u0119czenie i 2 mg cynku wspomagaj\u0105cego odporno\u015b\u0107. Ta synergiczna mieszanka czerpie ze staro\u017cytnych tradycji zio\u0142owych, aby promowa\u0107 energi\u0119, wyostrza\u0107 koncentracj\u0119 i wzmacnia\u0107 odporno\u015b\u0107. W\u0142a\u015bciwo\u015bci przeciwutleniaj\u0105ce Chaga, wsparcie poznawcze Lion\u2019s Mane i dzia\u0142anie wzmacniaj\u0105ce wytrzyma\u0142o\u015b\u0107 Cordyceps \u0142\u0105cz\u0105 si\u0119, tworz\u0105c holistyczne rozwi\u0105zanie zdrowotne. Kapsu\u0142ki Fantastic 5 s\u0105 wega\u0144skie, wolne od sztucznych dodatk\u00f3w i stworzone z my\u015bl\u0105 o czysto\u015bci i sile dzia\u0142ania. Idealny dla ka\u017cdego, kto szuka naturalnej witalno\u015bci, od aktywnych profesjonalist\u00f3w po entuzjast\u00f3w dobrego samopoczucia, suplement ten p\u0142ynnie integruje si\u0119 z codzienn\u0105 rutyn\u0105. Wykorzystuj\u0105c bioaktywne zwi\u0105zki, takie jak beta-glukany i polisacharydy, kapsu\u0142ki Fantastic 5 oferuj\u0105 kompleksowe podej\u015bcie do wspierania odporno\u015bci, jasno\u015bci umys\u0142u i wytrzyma\u0142o\u015bci fizycznej, co czyni je niezb\u0119dnym dodatkiem do zr\u00f3wnowa\u017conego, \u015bwiadomego zdrowia stylu \u017cycia skoncentrowanego na naturalnym, d\u0142ugotrwa\u0142ym samopoczuciu.<\/p>\n<h2 dir=\"ltr\">Historia Fantastic 5 Capsules<\/h2>\n<p dir=\"ltr\">Pocz\u0105tki kapsu\u0142ek Fantastic 5 si\u0119gaj\u0105 staro\u017cytnych praktyk stosowania grzyb\u00f3w leczniczych w r\u00f3\u017cnych kulturach. Reishi, czczony w Chinach jako \"grzyb nie\u015bmiertelno\u015bci\", jest ceniony od ponad dw\u00f3ch tysi\u0105cleci ze wzgl\u0119du na swoje w\u0142a\u015bciwo\u015bci przed\u0142u\u017caj\u0105ce \u017cycie. Cordyceps Sinensis, znany jako \"himalajskie z\u0142oto\", by\u0142 historycznie ceniony za zwi\u0119kszanie wytrzyma\u0142o\u015bci w trudnych warunkach. Lion\u2019s Mane, znany jako wzmacniacz funkcji poznawczych, ma g\u0142\u0119bokie korzenie w azjatyckim zio\u0142olecznictwie. Chaga, ceniony na Syberii i w Europie P\u00f3\u0142nocnej, zyska\u0142 przydomek \"czarnego z\u0142ota\" ze wzgl\u0119du na bogactwo przeciwutleniaczy. Maitake, japo\u0144ski \"kr\u00f3l grzyb\u00f3w\", jest podstaw\u0105 \u017cywieniow\u0105 od ponad 3000 lat. Te szanowane grzyby, niegdy\u015b dost\u0119pne wy\u0142\u0105cznie dla uzdrowicieli i elit, s\u0105 teraz fachowo mieszane w kapsu\u0142kach McMyco Fantastic 5. \u0141\u0105cz\u0105c tradycyjn\u0105 wiedz\u0119 z najnowocze\u015bniejszymi metodami ekstrakcji, McMyco zachowuje silne zwi\u0105zki grzyb\u00f3w, zapewniaj\u0105c wsp\u00f3\u0142czesnym u\u017cytkownikom dost\u0119p do ich sprawdzonych korzy\u015bci. To po\u0142\u0105czenie historii i innowacji sprawia, \u017ce kapsu\u0142ki Fantastic 5 stanowi\u0105 pomost mi\u0119dzy staro\u017cytn\u0105 m\u0105dro\u015bci\u0105 a wsp\u00f3\u0142czesnym zdrowiem, oferuj\u0105c naturalne rozwi\u0105zanie dla tych, kt\u00f3rzy chc\u0105 poprawi\u0107 swoje zdrowie dzi\u0119ki mocy najbardziej cenionych grzyb\u00f3w natury.<\/p>\n<h2 dir=\"ltr\">Jak u\u017cywa\u0107 Fantastic 5 Capsules<\/h2>\n<p dir=\"ltr\">Kapsu\u0142ki Fantastic 5 zosta\u0142y zaprojektowane z my\u015bl\u0105 o \u0142atwym w\u0142\u0105czeniu do codziennej diety. Przyjmuj jedn\u0105 kapsu\u0142k\u0119 dwa razy dziennie, popijaj\u0105c wod\u0105 podczas posi\u0142k\u00f3w, aby zoptymalizowa\u0107 wch\u0142anianie organicznych ekstrakt\u00f3w z grzyb\u00f3w i sk\u0142adnik\u00f3w od\u017cywczych, takich jak witamina C i cynk. Ten sp\u00f3jny harmonogram zapewnia trwa\u0142e korzy\u015bci, w tym zwi\u0119kszenie energii, popraw\u0119 funkcji poznawczych i siln\u0105 obron\u0119 immunologiczn\u0105. Aby uzyska\u0107 optymalne rezultaty, nale\u017cy stosowa\u0107 kapsu\u0142ki Fantastic 5 jako cz\u0119\u015b\u0107 zdrowego stylu \u017cycia, potencjalnie wraz z innymi suplementami grzybowymi McMyco w celu uzyskania spersonalizowanego podej\u015bcia. Wega\u0144skie kapsu\u0142ki s\u0105 wygodne do stosowania w napi\u0119tych harmonogramach, niezale\u017cnie od tego, czy przygotowujesz si\u0119 do produktywnego dnia, czy te\u017c priorytetem jest d\u0142ugoterminowa witalno\u015b\u0107. Nowi u\u017cytkownicy powinni zacz\u0105\u0107 od jednej kapsu\u0142ki dziennie, aby oceni\u0107 tolerancj\u0119 przed przej\u015bciem do pe\u0142nej dawki. W przypadku schorze\u0144 lub przyjmowania lek\u00f3w zaleca si\u0119 konsultacj\u0119 z lekarzem, aby zapewni\u0107 bezpieczn\u0105 integracj\u0119. Dzi\u0119ki kapsu\u0142kom Fantastic 5 mo\u017cesz bez wysi\u0142ku wykorzysta\u0107 rewitalizuj\u0105c\u0105 moc pi\u0119ciu grzyb\u00f3w leczniczych, aby wesprze\u0107 bystro\u015b\u0107 umys\u0142u, wytrzyma\u0142o\u015b\u0107 fizyczn\u0105 i og\u00f3ln\u0105 r\u00f3wnowag\u0119, dzi\u0119ki czemu s\u0105 one wszechstronnym i skutecznym dodatkiem do naturalnej rutyny zdrowotnej.<\/p>\n<h2 dir=\"ltr\">Sk\u0142adniki Fantastic 5 Capsules<\/h2>\n<p dir=\"ltr\">Kapsu\u0142ki McMyco Fantastic 5 zawieraj\u0105 precyzyjn\u0105 mieszank\u0119 80 mg organicznych ekstrakt\u00f3w z pi\u0119ciu grzyb\u00f3w leczniczych: Reishi (Ganoderma Lucidum), Cordyceps Sinensis, Lion\u2019s Mane (Hericium Erinaceus), Chaga (Inonotus Obliquus) i Maitake (Grifola Frondosa). Ekstrakty te s\u0105 pe\u0142ne bioaktywnych zwi\u0105zk\u00f3w, w tym beta-glukan\u00f3w i polisacharyd\u00f3w, kt\u00f3re wspieraj\u0105 zdrowie uk\u0142adu odporno\u015bciowego, energi\u0119 i wydajno\u015b\u0107 poznawcz\u0105. Reishi wspomaga relaksacj\u0119, Cordyceps zwi\u0119ksza wytrzyma\u0142o\u015b\u0107, Lion\u2019s Mane poprawia funkcjonowanie m\u00f3zgu, Chaga dostarcza przeciwutleniaczy, a Maitake zapewnia bogate w sk\u0142adniki od\u017cywcze korzy\u015bci. Ka\u017cda kapsu\u0142ka zawiera 15 mg witaminy C \u0142agodz\u0105cej zm\u0119czenie i 2 mg cynku wzmacniaj\u0105cego odporno\u015b\u0107. Cytrynian magnezu i dwutlenek krzemu s\u0142u\u017c\u0105 jako substancje pomocnicze, utrzymuj\u0105c jako\u015b\u0107 produktu bez syntetycznych dodatk\u00f3w. W pe\u0142ni wega\u0144skie i stworzone z my\u015bl\u0105 o maksymalnej sile dzia\u0142ania kapsu\u0142ki Fantastic 5 odzwierciedlaj\u0105 zaanga\u017cowanie McMyco w czyste, naturalne zdrowie. Ta starannie opracowana mieszanka zapewnia silny, ro\u015blinny suplement, kt\u00f3ry zaspokaja r\u00f3\u017cnorodne potrzeby zdrowotne, od jasno\u015bci umys\u0142u po odporno\u015b\u0107 fizyczn\u0105, co czyni go idealnym wyborem dla os\u00f3b pragn\u0105cych poprawi\u0107 swoje samopoczucie dzi\u0119ki sprawdzonym korzy\u015bciom grzyb\u00f3w leczniczych w czystej, niezawodnej formie.<\/p>\n<p dir=\"ltr\"><strong>Ostrze\u017cenie<\/strong><br \/>\nFantastic 5 by McMyco jest suplementem diety i powinien by\u0107 odpowiednio stosowany. Nie nale\u017cy przekracza\u0107 zalecanej dziennej dawki dw\u00f3ch kapsu\u0142ek. Przechowywa\u0107 w miejscu niedost\u0119pnym dla dzieci. Skonsultuj si\u0119 z lekarzem przed u\u017cyciem, je\u015bli jeste\u015b w ci\u0105\u017cy, karmisz piersi\u0105 lub masz w\u0105tpliwo\u015bci zdrowotne. Przechowywa\u0107 w ch\u0142odnym, ciemnym i suchym miejscu, aby zachowa\u0107 moc.<\/p>","protected":false},"excerpt":{"rendered":"<p dir=\"ltr\" data-pm-slice=\"1 1 []\">Wzmocnij swoje zdrowie dzi\u0119ki kapsu\u0142kom McMyco Fantastic 5, dynamicznej mieszance pi\u0119ciu pot\u0119\u017cnych grzyb\u00f3w leczniczych - Reishi, Cordyceps, Lion\u2019s Mane, Chaga i Maitake. Wzbogacony witamin\u0105 C i cynkiem, t<\/p>","protected":false},"featured_media":87989,"template":"","meta":[],"product_brand":[],"product_cat":[813,297,461,455,630,404,462,398,399,384,458,456],"product_tag":[978],"class_list":{"0":"post-45947","1":"product","2":"type-product","3":"status-publish","4":"has-post-thumbnail","6":"product_cat-mcmyco","7":"product_cat-all-products","8":"product_cat-detox","9":"product_cat-healthshop","10":"product_cat-healthshop-top-10","11":"product_cat-medicinal-mushrooms-supplements","12":"product_cat-medicinal-mushrooms-healthshop","13":"product_cat-mushrooms","14":"product_cat-shroomshop","15":"product_cat-smartshop","16":"product_cat-superfoods","17":"product_cat-supplements","18":"product_tag-shrdeal","19":"product_shipping_class-creditcard-on","21":"first","22":"instock","23":"taxable","24":"shipping-taxable","25":"purchasable","26":"product-type-variable","27":"has-default-attributes"},"_links":{"self":[{"href":"https:\/\/www.headshop.nl\/pl\/wp-json\/wp\/v2\/product\/45947","targetHints":{"allow":["GET"]}}],"collection":[{"href":"https:\/\/www.headshop.nl\/pl\/wp-json\/wp\/v2\/product"}],"about":[{"href":"https:\/\/www.headshop.nl\/pl\/wp-json\/wp\/v2\/types\/product"}],"wp:featuredmedia":[{"embeddable":true,"href":"https:\/\/www.headshop.nl\/pl\/wp-json\/wp\/v2\/media\/87989"}],"wp:attachment":[{"href":"https:\/\/www.headshop.nl\/pl\/wp-json\/wp\/v2\/media?parent=45947"}],"wp:term":[{"taxonomy":"product_brand","embeddable":true,"href":"https:\/\/www.headshop.nl\/pl\/wp-json\/wp\/v2\/product_brand?post=45947"},{"taxonomy":"product_cat","embeddable":true,"href":"https:\/\/www.headshop.nl\/pl\/wp-json\/wp\/v2\/product_cat?post=45947"},{"taxonomy":"product_tag","embeddable":true,"href":"https:\/\/www.headshop.nl\/pl\/wp-json\/wp\/v2\/product_tag?post=45947"}],"curies":[{"name":"wp","href":"https:\/\/api.w.org\/{rel}","templated":true}]}}