{"id":45884,"date":"2022-07-04T08:54:06","date_gmt":"2022-07-04T08:54:06","guid":{"rendered":"https:\/\/www.headshop.nl\/?post_type=product&#038;p=45884"},"modified":"2025-05-23T09:34:47","modified_gmt":"2025-05-23T09:34:47","slug":"magnesium-and-taurine","status":"publish","type":"product","link":"https:\/\/www.headshop.nl\/pl\/magnesium-and-taurine\/","title":{"rendered":"Magnez i tauryna"},"content":{"rendered":"<h2>Czym s\u0105 magnez i tauryna Fit4Seasons?<\/h2>\n<p>Fit4Seasons Magnesium &amp; Taurine to wyj\u0105tkowy suplement diety, kt\u00f3ry \u0142\u0105czy w sobie zalety magnezu i tauryny w jednej wygodnej tabletce. Magnez, niezb\u0119dny minera\u0142, wspiera r\u00f3\u017cne funkcje organizmu, w tym zdrowie mi\u0119\u015bni i ko\u015bci, produkcj\u0119 energii i funkcjonowanie nerw\u00f3w. Tauryna, aminokwas, odgrywa wa\u017cn\u0105 rol\u0119 w utrzymaniu prawid\u0142owego funkcjonowania kom\u00f3rek, szczeg\u00f3lnie w sytuacjach wysokiego zapotrzebowania, takich jak \u0107wiczenia lub stres. Suplement ten jest szczeg\u00f3lnie korzystny dla szerokiego grona u\u017cytkownik\u00f3w, od sportowc\u00f3w po osoby starsze, zapewniaj\u0105c naturalny spos\u00f3b wspierania zdrowia fizycznego i psychicznego.<\/p>\n<p>Ka\u017cda tabletka zawiera 200 mg magnezu i 100 mg tauryny, dzi\u0119ki czemu jest doskona\u0142ym dodatkiem do codziennej rutyny odnowy biologicznej. Niezale\u017cnie od tego, czy potrzebujesz wesprze\u0107 mi\u0119\u015bnie, poprawi\u0107 wytrzyma\u0142o\u015b\u0107 ko\u015bci, czy te\u017c zwi\u0119kszy\u0107 poziom energii, Fit4Seasons Magnesium &amp; Taurine mo\u017ce pom\u00f3c Ci osi\u0105gn\u0105\u0107 Twoje cele zdrowotne. Tabletki s\u0105 wega\u0144skie, dzi\u0119ki czemu s\u0105 odpowiednie dla wszystkich preferencji \u017cywieniowych i mo\u017cna je \u0142atwo popija\u0107 wod\u0105 podczas posi\u0142k\u00f3w.<\/p>\n<h2>Historia Fit4Seasons Magnez i tauryna<\/h2>\n<p>Fit4Seasons Magnesium &amp; Taurine jest cz\u0119\u015bci\u0105 rosn\u0105cego trendu suplement\u00f3w zaprojektowanych w celu wspierania og\u00f3lnego samopoczucia poprzez dostarczanie niezb\u0119dnych sk\u0142adnik\u00f3w od\u017cywczych, kt\u00f3rych organizm potrzebuje do optymalnej wydajno\u015bci. Znaczenie magnezu jest od dawna uznawane w tradycyjnej medycynie, gdzie by\u0142 on stosowany w leczeniu r\u00f3\u017cnych dolegliwo\u015bci, od skurcz\u00f3w mi\u0119\u015bni po zm\u0119czenie. Podobnie tauryna, pierwotnie odkryta w tkankach zwierz\u0119cych, zosta\u0142a zbadana pod k\u0105tem jej zdolno\u015bci do wspierania zdrowia uk\u0142adu sercowo-naczyniowego i funkcji mi\u0119\u015bni.<\/p>\n<p>W miar\u0119 poszerzania wiedzy na temat roli magnezu i tauryny w organizmie sta\u0142o si\u0119 jasne, \u017ce po\u0142\u0105czenie tych dw\u00f3ch sk\u0142adnik\u00f3w w jednym suplemencie mo\u017ce zapewni\u0107 szerokie spektrum korzy\u015bci. Fit4Seasons, znana marka w bran\u017cy zdrowia i odnowy biologicznej, dostrzeg\u0142a t\u0119 synergi\u0119 i opracowa\u0142a ten suplement, aby zaspokoi\u0107 potrzeby os\u00f3b pragn\u0105cych poprawi\u0107 swoje zdrowie fizyczne i psychiczne. Od momentu wprowadzenia na rynek, Fit4Seasons Magnesium &amp; Taurine sta\u0142 si\u0119 zaufanym produktem dla os\u00f3b poszukuj\u0105cych naturalnego i skutecznego sposobu na wsparcie og\u00f3lnego samopoczucia.<\/p>\n<h2>Jak stosowa\u0107 Fit4Seasons Magnez i tauryna<\/h2>\n<p>Aby w pe\u0142ni wykorzysta\u0107 mo\u017cliwo\u015bci Fit4Seasons Magnesium &amp; Taurine, zaleca si\u0119 przyjmowanie od 1 do 2 tabletek dziennie, najlepiej podczas posi\u0142ku. Tabletki nale\u017cy popija\u0107 wod\u0105, aby zapewni\u0107 prawid\u0142owe wch\u0142anianie. Wa\u017cne jest, aby przestrzega\u0107 zalecanej dawki i nie przekracza\u0107 dziennego spo\u017cycia. Magnez i tauryna s\u0105 najlepiej wch\u0142aniane, gdy s\u0105 przyjmowane z jedzeniem, dlatego ten suplement jest przeznaczony do spo\u017cywania podczas posi\u0142k\u00f3w.<\/p>\n<p>Konsekwencja jest kluczem do uzyskania pe\u0142nych korzy\u015bci z tego suplementu. Aby uzyska\u0107 optymalne wyniki, nale\u017cy w\u0142\u0105czy\u0107 Fit4Seasons Magnesium &amp; Taurine do codziennej rutyny, wraz ze zdrow\u0105 diet\u0105 i regularn\u0105 aktywno\u015bci\u0105 fizyczn\u0105. Je\u015bli cierpisz na jakiekolwiek schorzenia lub przyjmujesz leki, zawsze dobrze jest skonsultowa\u0107 si\u0119 z lekarzem przed rozpocz\u0119ciem nowego schematu suplementacji.<\/p>\n<p>Chocia\u017c Fit4Seasons Magnesium &amp; Taurine jest bezpieczny dla wi\u0119kszo\u015bci os\u00f3b, nale\u017cy pami\u0119ta\u0107, \u017ce ka\u017cdy organizm jest inny. Dostosuj dawk\u0119 do swoich indywidualnych potrzeb i upewnij si\u0119, \u017ce nie przekraczasz zalecanego spo\u017cycia.<\/p>\n<h2>Sk\u0142adniki Fit4Seasons Magnez i tauryna<\/h2>\n<p>Fit4Seasons Magnesium &amp; Taurine jest wykonany z wysokiej jako\u015bci sk\u0142adnik\u00f3w zaprojektowanych w celu wspierania og\u00f3lnego stanu zdrowia. Ka\u017cda tabletka zawiera 200 mg magnezu i 100 mg tauryny, kt\u00f3re s\u0105 niezb\u0119dnymi sk\u0142adnikami od\u017cywczymi dla organizmu. Magnez odgrywa kluczow\u0105 rol\u0119 we wspieraniu funkcji mi\u0119\u015bni, zdrowia ko\u015bci i produkcji energii, podczas gdy tauryna jest niezb\u0119dna dla zdrowia uk\u0142adu sercowo-naczyniowego i kom\u00f3rkowego.<\/p>\n<p>Opr\u00f3cz tych sk\u0142adnik\u00f3w aktywnych, tabletki zawieraj\u0105 r\u00f3wnie\u017c kilka substancji pomocniczych, kt\u00f3re wspomagaj\u0105 stabilno\u015b\u0107 tabletki i proces produkcji. Nale\u017c\u0105 do nich celuloza mikrokrystaliczna, maltodekstryna, poliwinylopirolidon, hydroksypropylometyloceluloza, powidon K30, stearynian magnezu i dwutlenek krzemu. Proszek powlekaj\u0105cy zapewnia, \u017ce tabletki s\u0105 \u0142atwe do po\u0142kni\u0119cia i pozostaj\u0105 stabilne podczas przechowywania. Suplement nie zawiera \u017cadnych sk\u0142adnik\u00f3w pochodzenia zwierz\u0119cego, dzi\u0119ki czemu jest odpowiedni dla wegan.<\/p>\n<p>\u0141\u0105cz\u0105c te sk\u0142adniki, Fit4Seasons stworzy\u0142 pot\u0119\u017cny i skuteczny suplement, kt\u00f3ry zapewnia korzy\u015bci zar\u00f3wno magnezu, jak i tauryny w wygodnej dziennej dawce.<\/p>\n<p><strong>Ostrze\u017cenie:<\/strong><br \/>\nPrzechowywa\u0107 w miejscu niedost\u0119pnym dla dzieci. Skonsultuj si\u0119 z lekarzem przed u\u017cyciem, je\u015bli jeste\u015b w ci\u0105\u017cy, karmisz piersi\u0105 lub masz jakiekolwiek w\u0105tpliwo\u015bci zdrowotne. Przechowywa\u0107 w temperaturze pokojowej w ciemnym miejscu. Nie przekracza\u0107 zalecanej dziennej dawki.<\/p>","protected":false},"excerpt":{"rendered":"<p>Fit4Seasons Magnesium &amp; Taurine to wega\u0144ski suplement diety zawieraj\u0105cy 200 mg magnezu i 100 mg tauryny w tabletce. Zaprojektowany w celu wspierania funkcji mi\u0119\u015bni, zdrowia ko\u015bci, produkcji energii i jasno\u015bci umys\u0142u, suplement ten jest idealny dla sportowc\u00f3w, senior\u00f3w i ka\u017cdego, kto chce poprawi\u0107 swoje samopoczucie fizyczne i psychiczne.<\/p>","protected":false},"featured_media":82173,"template":"","meta":[],"product_brand":[],"product_cat":[815,391,455,389,460,384,463,458,456,464],"product_tag":[],"class_list":{"0":"post-45884","1":"product","2":"type-product","3":"status-publish","4":"has-post-thumbnail","6":"product_cat-fit4seasons","7":"product_cat-extracts","8":"product_cat-healthshop","9":"product_cat-herbs","10":"product_cat-recovery","11":"product_cat-smartshop","12":"product_cat-sport","13":"product_cat-superfoods","14":"product_cat-supplements","15":"product_cat-vitamins","17":"first","18":"instock","19":"taxable","20":"shipping-taxable","21":"purchasable","22":"product-type-variable","23":"has-default-attributes"},"_links":{"self":[{"href":"https:\/\/www.headshop.nl\/pl\/wp-json\/wp\/v2\/product\/45884","targetHints":{"allow":["GET"]}}],"collection":[{"href":"https:\/\/www.headshop.nl\/pl\/wp-json\/wp\/v2\/product"}],"about":[{"href":"https:\/\/www.headshop.nl\/pl\/wp-json\/wp\/v2\/types\/product"}],"wp:featuredmedia":[{"embeddable":true,"href":"https:\/\/www.headshop.nl\/pl\/wp-json\/wp\/v2\/media\/82173"}],"wp:attachment":[{"href":"https:\/\/www.headshop.nl\/pl\/wp-json\/wp\/v2\/media?parent=45884"}],"wp:term":[{"taxonomy":"product_brand","embeddable":true,"href":"https:\/\/www.headshop.nl\/pl\/wp-json\/wp\/v2\/product_brand?post=45884"},{"taxonomy":"product_cat","embeddable":true,"href":"https:\/\/www.headshop.nl\/pl\/wp-json\/wp\/v2\/product_cat?post=45884"},{"taxonomy":"product_tag","embeddable":true,"href":"https:\/\/www.headshop.nl\/pl\/wp-json\/wp\/v2\/product_tag?post=45884"}],"curies":[{"name":"wp","href":"https:\/\/api.w.org\/{rel}","templated":true}]}}