{"id":45883,"date":"2022-07-04T08:54:01","date_gmt":"2022-07-04T08:54:01","guid":{"rendered":"https:\/\/www.headshop.nl\/?post_type=product&#038;p=45883"},"modified":"2025-12-18T01:26:33","modified_gmt":"2025-12-18T01:26:33","slug":"vitamin-d2","status":"publish","type":"product","link":"https:\/\/www.headshop.nl\/pl\/vitamin-d2\/","title":{"rendered":"Witamina D2"},"content":{"rendered":"<h2>Czym jest witamina D2 Fit4Seasons?<\/h2>\n<p>Fit4Seasons Vitamin D2 to wega\u0144ski suplement zaprojektowany w celu wspierania og\u00f3lnego stanu zdrowia poprzez dostarczanie dziennej dawki witaminy D2. Ten niezb\u0119dny sk\u0142adnik od\u017cywczy odgrywa kluczow\u0105 rol\u0119 w utrzymaniu zdrowych ko\u015bci i z\u0119b\u00f3w, wspieraniu funkcji mi\u0119\u015bni i wzmacnianiu uk\u0142adu odporno\u015bciowego. Poniewa\u017c witamina D jest pozyskiwana g\u0142\u00f3wnie z ekspozycji na s\u0142o\u0144ce i \u017cywno\u015bci pochodzenia zwierz\u0119cego, suplement ten stanowi ro\u015blinn\u0105 alternatyw\u0119 dla os\u00f3b, kt\u00f3re maj\u0105 ograniczone \u015bwiat\u0142o s\u0142oneczne lub prowadz\u0105 wega\u0144ski lub wegetaria\u0144ski styl \u017cycia. Ka\u017cda kapsu\u0142ka zawiera 25 mcg (1000 IU) witaminy D2 pochodz\u0105cej z grzyb\u00f3w, dzi\u0119ki czemu jest odpowiednia dla ka\u017cdego, kto szuka naturalnego i wega\u0144skiego \u017ar\u00f3d\u0142a witaminy D.<\/p>\n<p>Niezale\u017cnie od tego, czy chcesz utrzyma\u0107 zdrowe ko\u015bci, czy poprawi\u0107 funkcje odporno\u015bciowe, Fit4Seasons Vitamin D2 oferuje \u0142atwe w przyjmowaniu, wysokiej jako\u015bci rozwi\u0105zanie, kt\u00f3re zaspokoi Twoje codzienne zapotrzebowanie na witamin\u0119 D.<\/p>\n<h2>Historia witaminy D2 Fit4Seasons<\/h2>\n<p>Fit4Seasons Vitamin D2 to produkt firmy zaanga\u017cowanej w dostarczanie zr\u00f3wnowa\u017conych rozwi\u0105za\u0144 zdrowotnych opartych na ro\u015blinach. Historia suplementacji witamin\u0105 D si\u0119ga pocz\u0105tk\u00f3w XX wieku, kiedy to odkryto, \u017ce witamina D mo\u017ce zapobiega\u0107 krzywicy, chorobie spowodowanej niedoborem witaminy D, kt\u00f3ra wp\u0142ywa na zdrowie ko\u015bci. Tradycyjnie witamina D pochodzi\u0142a ze \u017ar\u00f3de\u0142 zwierz\u0119cych, takich jak olej z w\u0105troby ryb, ale wraz ze wzrostem diety opartej na ro\u015blinach popularno\u015b\u0107 zyska\u0142y alternatywne \u017ar\u00f3d\u0142a, takie jak grzyby.<\/p>\n<p>Fit4Seasons Vitamin D2 wykorzystuje to alternatywne \u017ar\u00f3d\u0142o, oferuj\u0105c w pe\u0142ni wega\u0144ski produkt, kt\u00f3ry jest zar\u00f3wno skuteczny, jak i odpowiedni dla os\u00f3b unikaj\u0105cych produkt\u00f3w pochodzenia zwierz\u0119cego. Wraz z rosn\u0105c\u0105 \u015bwiadomo\u015bci\u0105 znaczenia witaminy D we wspieraniu uk\u0142adu odporno\u015bciowego, zdrowia ko\u015bci i og\u00f3lnego samopoczucia, firma pracowa\u0142a nad stworzeniem produktu, kt\u00f3ry jest zar\u00f3wno przyjazny dla \u015brodowiska, jak i skuteczny w zaspokajaniu potrzeb swoich klient\u00f3w.<\/p>\n<h2>Jak stosowa\u0107 Fit4Seasons Vitamin D2<\/h2>\n<p>Witamina D2 Fit4Seasons jest \u0142atwa do w\u0142\u0105czenia do codziennej rutyny. Zalecana dawka to jedna kapsu\u0142ka dziennie, przyjmowana po posi\u0142ku i popijana szklank\u0105 wody. Zapewnia to optymalne wch\u0142anianie witaminy D2. Poniewa\u017c produkt jest wega\u0144ski, nie zawiera sk\u0142adnik\u00f3w pochodzenia zwierz\u0119cego, dzi\u0119ki czemu jest odpowiedni zar\u00f3wno dla wegetarian, jak i wegan.<\/p>\n<p>W\u0142\u0105czaj\u0105c ten suplement do swojej rutyny, wa\u017cne jest, aby pami\u0119ta\u0107, \u017ce witamina D jest najlepiej wch\u0142aniana, gdy jest przyjmowana z posi\u0142kiem zawieraj\u0105cym zdrowe t\u0142uszcze, poniewa\u017c ten sk\u0142adnik od\u017cywczy jest rozpuszczalny w t\u0142uszczach. Przestrzegaj\u0105c zalece\u0144 dotycz\u0105cych dawkowania, mo\u017cna skutecznie wspiera\u0107 uk\u0142ad odporno\u015bciowy, utrzyma\u0107 zdrowie ko\u015bci i zapewni\u0107 organizmowi odpowiedni\u0105 ilo\u015b\u0107 witaminy D, zw\u0142aszcza w miesi\u0105cach o ograniczonej ekspozycji na \u015bwiat\u0142o s\u0142oneczne.<\/p>\n<h2>Sk\u0142adniki Fit4Seasons Witamina D2<\/h2>\n<p>Ka\u017cda kapsu\u0142ka Fit4Seasons Vitamin D2 zawiera starannie dobran\u0105 mieszank\u0119 sk\u0142adnik\u00f3w, aby zapewni\u0107 skuteczno\u015b\u0107 i jako\u015b\u0107. G\u0142\u00f3wnym sk\u0142adnikiem aktywnym jest 25 mcg (1000 j.m.) witaminy D2 pochodz\u0105cej z grzyb\u00f3w. Ta forma witaminy D jest pochodzenia ro\u015blinnego, co czyni j\u0105 doskona\u0142\u0105 opcj\u0105 dla os\u00f3b na diecie wega\u0144skiej lub wegetaria\u0144skiej. Opr\u00f3cz witaminy D2, kapsu\u0142ki zawieraj\u0105 celuloz\u0119 mikrokrystaliczn\u0105, kt\u00f3ra dzia\u0142a jako wype\u0142niacz, wegetaria\u0144ski stearynian magnezu, kt\u00f3ry s\u0142u\u017cy jako \u015brodek po\u015blizgowy, oraz dwutlenek krzemu, powszechny \u015brodek przeciwzbrylaj\u0105cy, kt\u00f3ry zapewnia stabilno\u015b\u0107 produktu i \u0142atwo\u015b\u0107 spo\u017cycia.<\/p>\n<p>Same kapsu\u0142ki s\u0105 wykonane z hydroksypropylotetylocelulozy (HPMC), sk\u0142adnika pochodzenia ro\u015blinnego, dzi\u0119ki czemu s\u0105 odpowiednie dla diet wega\u0144skich. Gwarantuje to, \u017ce ka\u017cda kapsu\u0142ka jest wolna od produkt\u00f3w pochodzenia zwierz\u0119cego, zapewniaj\u0105c naturaln\u0105 i zr\u00f3wnowa\u017con\u0105 alternatyw\u0119 dla os\u00f3b poszukuj\u0105cych suplementu witaminy D.<\/p>\n<p><strong>Ostrze\u017cenie<\/strong><br \/>\nPrzechowywa\u0107 w miejscu niedost\u0119pnym dla dzieci. Skonsultuj si\u0119 z lekarzem przed u\u017cyciem, je\u015bli jeste\u015b w ci\u0105\u017cy, karmisz piersi\u0105 lub masz jakiekolwiek w\u0105tpliwo\u015bci zdrowotne. Przechowywa\u0107 w ch\u0142odnym, ciemnym miejscu w temperaturze pokojowej. Nie przekracza\u0107 zalecanej dawki dziennej.<\/p>","protected":false},"excerpt":{"rendered":"<p>Kapsu\u0142ki Fit4Seasons Vitamin D2 to wega\u0144ski suplement 100% pochodz\u0105cy z grzyb\u00f3w, dostarczaj\u0105cy 25 mcg (1000 IU) witaminy D2 na kapsu\u0142k\u0119. Ten niezb\u0119dny sk\u0142adnik od\u017cywczy wspiera zdrowe ko\u015bci, z\u0119by, mi\u0119\u015bnie i funkcje odporno\u015bciowe, co czyni go idealnym wyborem dla os\u00f3b o ograniczonej ekspozycji na s\u0142o\u0144ce lub stosuj\u0105cych diet\u0119 ro\u015blinn\u0105.<\/p>","protected":false},"featured_media":82174,"template":"","meta":[],"product_brand":[],"product_cat":[815,391,455,389,460,384,463,458,456,464],"product_tag":[],"class_list":{"0":"post-45883","1":"product","2":"type-product","3":"status-publish","4":"has-post-thumbnail","6":"product_cat-fit4seasons","7":"product_cat-extracts","8":"product_cat-healthshop","9":"product_cat-herbs","10":"product_cat-recovery","11":"product_cat-smartshop","12":"product_cat-sport","13":"product_cat-superfoods","14":"product_cat-supplements","15":"product_cat-vitamins","17":"first","18":"instock","19":"taxable","20":"shipping-taxable","21":"purchasable","22":"product-type-variable","23":"has-default-attributes"},"_links":{"self":[{"href":"https:\/\/www.headshop.nl\/pl\/wp-json\/wp\/v2\/product\/45883","targetHints":{"allow":["GET"]}}],"collection":[{"href":"https:\/\/www.headshop.nl\/pl\/wp-json\/wp\/v2\/product"}],"about":[{"href":"https:\/\/www.headshop.nl\/pl\/wp-json\/wp\/v2\/types\/product"}],"wp:featuredmedia":[{"embeddable":true,"href":"https:\/\/www.headshop.nl\/pl\/wp-json\/wp\/v2\/media\/82174"}],"wp:attachment":[{"href":"https:\/\/www.headshop.nl\/pl\/wp-json\/wp\/v2\/media?parent=45883"}],"wp:term":[{"taxonomy":"product_brand","embeddable":true,"href":"https:\/\/www.headshop.nl\/pl\/wp-json\/wp\/v2\/product_brand?post=45883"},{"taxonomy":"product_cat","embeddable":true,"href":"https:\/\/www.headshop.nl\/pl\/wp-json\/wp\/v2\/product_cat?post=45883"},{"taxonomy":"product_tag","embeddable":true,"href":"https:\/\/www.headshop.nl\/pl\/wp-json\/wp\/v2\/product_tag?post=45883"}],"curies":[{"name":"wp","href":"https:\/\/api.w.org\/{rel}","templated":true}]}}