{"id":45882,"date":"2022-07-04T08:53:58","date_gmt":"2022-07-04T08:53:58","guid":{"rendered":"https:\/\/www.headshop.nl\/?post_type=product&#038;p=45882"},"modified":"2025-05-23T09:34:56","modified_gmt":"2025-05-23T09:34:56","slug":"5-htp-and-vitamin-b","status":"publish","type":"product","link":"https:\/\/www.headshop.nl\/pl\/5-htp-and-vitamin-b\/","title":{"rendered":"5-HTP i witamina B"},"content":{"rendered":"<h2>Czym s\u0105 Fit4Seasons 5-HTP i witamina B Capsules?<\/h2>\n<p>Kapsu\u0142ki Fit4Seasons 5-HTP &amp; Vitamin B to suplement diety opracowany w celu wspierania dobrego samopoczucia psychicznego i emocjonalnego. Aktywny sk\u0142adnik, 5-HTP (5-hydroksytryptofan), pochodzi z ro\u015bliny Griffonia Simplicifolia. Odgrywa on istotn\u0105 rol\u0119 jako prekursor serotoniny, cz\u0119sto nazywanej \"hormonem szcz\u0119\u015bcia\". Ten naturalny zwi\u0105zek mo\u017ce pom\u00f3c poprawi\u0107 nastr\u00f3j, a tym samym przyczyni\u0107 si\u0119 do poprawy snu poprzez zwi\u0119kszenie produkcji melatoniny.<\/p>\n<p>Opr\u00f3cz 5-HTP kapsu\u0142ki te zawieraj\u0105 mieszank\u0119 niezb\u0119dnych witamin z grupy B. Witamina B3 (niacyna) zwi\u0119ksza naturaln\u0105 energi\u0119, podczas gdy witamina B5 (kwas pantotenowy) pomaga w radzeniu sobie ze stresem. Witamina B6 wspiera funkcje odporno\u015bciowe i pomaga zachowa\u0107 jasno\u015b\u0107 umys\u0142u. W sk\u0142adzie znajduje si\u0119 r\u00f3wnie\u017c passiflora, kt\u00f3ra zapewnia dodatkowe korzy\u015bci uspokajaj\u0105ce. Kapsu\u0142ki te oferuj\u0105 synergiczny efekt dla tych, kt\u00f3rzy chc\u0105 poprawi\u0107 sw\u00f3j nastr\u00f3j, poziom energii i jasno\u015b\u0107 umys\u0142u, a wszystko to w jednym, \u0142atwym do przyj\u0119cia suplemencie.<\/p>\n<h2>Historia Fit4Seasons 5-HTP i witaminy B<\/h2>\n<p>W\u0142\u0105czenie 5-HTP do suplement\u00f3w diety ma bogat\u0105 histori\u0119 w naturalnym zdrowiu. 5-HTP to naturalnie wyst\u0119puj\u0105cy zwi\u0105zek znajduj\u0105cy si\u0119 w nasionach ro\u015bliny Griffonia Simplicifolia, pochodz\u0105cej z Afryki Zachodniej i \u015arodkowej. Przez wieki ro\u015blina ta by\u0142a wykorzystywana w medycynie tradycyjnej do wspomagania nastroju i snu. Wsp\u00f3\u0142czesna nauka uzna\u0142a jej potencja\u0142 do zwi\u0119kszania poziomu serotoniny, co doprowadzi\u0142o do w\u0142\u0105czenia jej do r\u00f3\u017cnych suplement\u00f3w maj\u0105cych na celu popraw\u0119 samopoczucia emocjonalnego i psychicznego.<\/p>\n<p>Witaminy z grupy B od dziesi\u0119cioleci stanowi\u0105 cz\u0119\u015b\u0107 re\u017cim\u00f3w zdrowotnych, a ka\u017cda z nich oferuje wyj\u0105tkowe korzy\u015bci dla organizmu. Witaminy B3, B5 i B6 odgrywaj\u0105 kluczow\u0105 rol\u0119 w utrzymywaniu poziomu energii, zmniejszaniu stresu i wspieraniu funkcji poznawczych. Po\u0142\u0105czenie tych witamin z grupy B z 5-HTP w kapsu\u0142kach Fit4Seasons wykorzystuje ich synergistyczne dzia\u0142anie, promuj\u0105c og\u00f3ln\u0105 witalno\u015b\u0107 i stabilno\u015b\u0107 nastroju. Passionflower, zio\u0142o znane ze swoich w\u0142a\u015bciwo\u015bci uspokajaj\u0105cych, zosta\u0142o r\u00f3wnie\u017c zintegrowane w celu zwi\u0119kszenia skuteczno\u015bci tego suplementu.<\/p>\n<h2>Jak stosowa\u0107 Fit4Seasons 5-HTP i witamin\u0119 B Capsules<\/h2>\n<p>Aby do\u015bwiadczy\u0107 korzy\u015bci p\u0142yn\u0105cych ze stosowania kapsu\u0142ek Fit4Seasons 5-HTP &amp; Vitamin B, wystarczy przyjmowa\u0107 jedn\u0105 kapsu\u0142k\u0119 dziennie, popijaj\u0105c wod\u0105. Najlepiej spo\u017cywa\u0107 kapsu\u0142k\u0119 z posi\u0142kiem, aby wspom\u00f3c wch\u0142anianie i zapewni\u0107 maksymaln\u0105 skuteczno\u015b\u0107. Ta prosta dzienna dawka zapewnia idealn\u0105 ilo\u015b\u0107 5-HTP i witamin z grupy B, kt\u00f3re wspieraj\u0105 nastr\u00f3j, energi\u0119 i jasno\u015b\u0107 umys\u0142u.<\/p>\n<p>Kluczem do uzyskania optymalnych rezultat\u00f3w jest konsekwencja. Uczy\u0144 ten suplement cz\u0119\u015bci\u0105 swojej codziennej rutyny, ale upewnij si\u0119, \u017ce uzupe\u0142nia on zbilansowan\u0105 diet\u0119 i zdrowy tryb \u017cycia. Nale\u017cy pami\u0119ta\u0107, \u017ce dzia\u0142anie suplement\u00f3w mo\u017ce r\u00f3\u017cni\u0107 si\u0119 w zale\u017cno\u015bci od osoby, dlatego wa\u017cne jest, aby monitorowa\u0107 swoje post\u0119py i dostosowywa\u0107 je w razie potrzeby. Zawsze przestrzegaj zalecanej dawki, aby unikn\u0105\u0107 przekroczenia dziennego spo\u017cycia.<\/p>\n<h2>Sk\u0142adniki Fit4Seasons 5-HTP i witaminy B Capsules<\/h2>\n<p>Kapsu\u0142ki Fit4Seasons 5-HTP &amp; Vitamin B zawieraj\u0105 wysokiej jako\u015bci sk\u0142adniki wspomagaj\u0105ce dobre samopoczucie. Ka\u017cda kapsu\u0142ka zawiera 250 mg ziela Griffonia, kt\u00f3re dostarcza 30,6% 5-Hydroksytryptofanu, co czyni go g\u0142\u00f3wnym sk\u0142adnikiem aktywnym. Opr\u00f3cz 5-HTP, ka\u017cda kapsu\u0142ka zawiera 130 mg passiflory, znanej ze swoich w\u0142a\u015bciwo\u015bci uspokajaj\u0105cych i relaksuj\u0105cych.<\/p>\n<p>Mieszanka witamin z grupy B obejmuje witamin\u0119 B3 (niacyn\u0119) w dawce 15 mg, witamin\u0119 B5 (kwas pantotenowy) w dawce 5 mg i witamin\u0119 B6 w dawce 5 mg. Witaminy te przyczyniaj\u0105 si\u0119 do produkcji energii, wsparcia odporno\u015bci i jasno\u015bci umys\u0142u. Kapsu\u0142ki zawieraj\u0105 r\u00f3wnie\u017c 25 mg skrobi ry\u017cowej i 5 mg stearynianu wapnia, kt\u00f3re s\u0142u\u017c\u0105 jako stabilizatory i pomagaj\u0105 w tworzeniu kapsu\u0142ki.<\/p>\n<p>Sk\u0142adniki te zosta\u0142y po\u0142\u0105czone w kapsu\u0142ce przyjaznej dla wegetarian i wegan, dzi\u0119ki czemu jest to idealny wyb\u00f3r dla os\u00f3b poszukuj\u0105cych naturalnego, ro\u015blinnego suplementu poprawiaj\u0105cego samopoczucie.<\/p>\n<p><strong>Ostrze\u017cenie:<\/strong><\/p>\n<p>Nie przekracza\u0107 zalecanego dziennego spo\u017cycia. Ten produkt nie zast\u0119puje zr\u00f3\u017cnicowanej i zbilansowanej diety ani zdrowego stylu \u017cycia. Przechowywa\u0107 w miejscu niedost\u0119pnym dla dzieci, w ch\u0142odnym i suchym miejscu. W przypadku chor\u00f3b lub przyjmowania lek\u00f3w przed u\u017cyciem nale\u017cy skonsultowa\u0107 si\u0119 z lekarzem. Produkt nieodpowiedni dla kobiet w ci\u0105\u017cy i karmi\u0105cych piersi\u0105. Po za\u017cyciu suplementu nie nale\u017cy wykonywa\u0107 czynno\u015bci wymagaj\u0105cych pe\u0142nej czujno\u015bci, takich jak prowadzenie pojazdu.<\/p>","protected":false},"excerpt":{"rendered":"<p>Kapsu\u0142ki Fit4Seasons 5-HTP &amp; Vitamin B \u0142\u0105cz\u0105 w sobie moc 5-HTP pochodz\u0105cego z Griffonia Simplicifolia i mieszanki witamin z grupy B, w tym B3, B5 i B6, aby wspiera\u0107 naturaln\u0105 energi\u0119, jasno\u015b\u0107 umys\u0142u i og\u00f3lne samopoczucie. Wzbogacony o passiflor\u0119, suplement ten jest odpowiedni dla wegetarian i wegan, zapewniaj\u0105c holistyczne podej\u015bcie do regulacji nastroju i energii.<\/p>","protected":false},"featured_media":82175,"template":"","meta":[],"product_brand":[],"product_cat":[815,391,455,389,460,384,463,458,456,464],"product_tag":[],"class_list":{"0":"post-45882","1":"product","2":"type-product","3":"status-publish","4":"has-post-thumbnail","6":"product_cat-fit4seasons","7":"product_cat-extracts","8":"product_cat-healthshop","9":"product_cat-herbs","10":"product_cat-recovery","11":"product_cat-smartshop","12":"product_cat-sport","13":"product_cat-superfoods","14":"product_cat-supplements","15":"product_cat-vitamins","17":"first","18":"instock","19":"taxable","20":"shipping-taxable","21":"purchasable","22":"product-type-variable","23":"has-default-attributes"},"_links":{"self":[{"href":"https:\/\/www.headshop.nl\/pl\/wp-json\/wp\/v2\/product\/45882","targetHints":{"allow":["GET"]}}],"collection":[{"href":"https:\/\/www.headshop.nl\/pl\/wp-json\/wp\/v2\/product"}],"about":[{"href":"https:\/\/www.headshop.nl\/pl\/wp-json\/wp\/v2\/types\/product"}],"wp:featuredmedia":[{"embeddable":true,"href":"https:\/\/www.headshop.nl\/pl\/wp-json\/wp\/v2\/media\/82175"}],"wp:attachment":[{"href":"https:\/\/www.headshop.nl\/pl\/wp-json\/wp\/v2\/media?parent=45882"}],"wp:term":[{"taxonomy":"product_brand","embeddable":true,"href":"https:\/\/www.headshop.nl\/pl\/wp-json\/wp\/v2\/product_brand?post=45882"},{"taxonomy":"product_cat","embeddable":true,"href":"https:\/\/www.headshop.nl\/pl\/wp-json\/wp\/v2\/product_cat?post=45882"},{"taxonomy":"product_tag","embeddable":true,"href":"https:\/\/www.headshop.nl\/pl\/wp-json\/wp\/v2\/product_tag?post=45882"}],"curies":[{"name":"wp","href":"https:\/\/api.w.org\/{rel}","templated":true}]}}