{"id":45881,"date":"2022-07-04T08:53:56","date_gmt":"2022-07-04T08:53:56","guid":{"rendered":"https:\/\/www.headshop.nl\/?post_type=product&#038;p=45881"},"modified":"2025-05-23T09:35:03","modified_gmt":"2025-05-23T09:35:03","slug":"5-htp","status":"publish","type":"product","link":"https:\/\/www.headshop.nl\/pl\/5-htp\/","title":{"rendered":"5-HTP"},"content":{"rendered":"<h2>Czym s\u0105 Fit4Seasons 5-HTP?<\/h2>\n<p>Fit4Seasons 5-HTP to suplement diety zawieraj\u0105cy 5-hydroksytryptofan (5-HTP), naturalnie wyst\u0119puj\u0105cy zwi\u0105zek pozyskiwany z Griffonia Simplicifolia, ro\u015bliny pochodz\u0105cej z Afryki Zachodniej. 5-HTP odgrywa istotn\u0105 rol\u0119 w produkcji serotoniny, neuroprzeka\u017anika zwi\u0105zanego ze szcz\u0119\u015bciem, regulacj\u0105 nastroju i og\u00f3lnym samopoczuciem. Serotonina jest r\u00f3wnie\u017c prekursorem melatoniny, hormonu odpowiedzialnego za regulacj\u0119 snu.<\/p>\n<p>Ka\u017cda kapsu\u0142ka Fit4Seasons 5-HTP zapewnia dobrze zbilansowan\u0105 mieszank\u0119 sk\u0142adnik\u00f3w wspieraj\u0105cych zdrowie psychiczne i relaks. Opr\u00f3cz 5-HTP, formu\u0142a zosta\u0142a wzbogacona o passiflor\u0119, zio\u0142o znane ze swojego uspokajaj\u0105cego i koj\u0105cego dzia\u0142ania. Suplement ten zosta\u0142 starannie opracowany, aby spe\u0142nia\u0107 najwy\u017csze standardy jako\u015bci i jest odpowiedni zar\u00f3wno dla wegetarian, jak i wegan. Jest to pot\u0119\u017cny i naturalny spos\u00f3b na wsparcie nastroju i funkcji snu, poprawiaj\u0105c og\u00f3ln\u0105 jako\u015b\u0107 \u017cycia.<\/p>\n<h2>Historia Fit4Seasons 5-HTP<\/h2>\n<p>Kluczowy sk\u0142adnik Fit4Seasons 5-HTP, 5-hydroksytryptofan, pochodzi z nasion ro\u015bliny Griffonia Simplicifolia, kt\u00f3ra ma d\u0142ug\u0105 histori\u0119 stosowania w medycynie tradycyjnej. Pochodz\u0105ca z Afryki Zachodniej i \u015arodkowej Griffonia Simplicifolia jest od wiek\u00f3w wykorzystywana do promowania relaksu, poprawy nastroju i wspierania og\u00f3lnego zdrowia psychicznego. Odkrycie 5-HTP jako skutecznego prekursora serotoniny zrewolucjonizowa\u0142o jego zastosowanie w nowoczesnych suplementach.<\/p>\n<p>Serotonina, znana r\u00f3wnie\u017c jako neuroprzeka\u017anik \"dobrego samopoczucia\", odgrywa kluczow\u0105 rol\u0119 w regulacji nastroju, niepokoju i szcz\u0119\u015bcia. Wsp\u00f3\u0142czesny przemys\u0142 suplementacyjny doceni\u0142 silne w\u0142a\u015bciwo\u015bci Griffonia Simplicifolia, oferuj\u0105c skuteczn\u0105 naturaln\u0105 alternatyw\u0119 dla rozwi\u0105za\u0144 farmaceutycznych w zakresie nastroju i problem\u00f3w zwi\u0105zanych ze snem. Na przestrzeni lat sk\u0142ad suplement\u00f3w 5-HTP, takich jak Fit4Seasons 5-HTP, zosta\u0142 udoskonalony, aby zapewni\u0107 maksymalne korzy\u015bci, \u0142\u0105cz\u0105c si\u0142\u0119 natury z najnowszymi odkryciami naukowymi.<\/p>\n<h2>Jak stosowa\u0107 Fit4Seasons 5-HTP<\/h2>\n<p>Stosowanie Fit4Seasons 5-HTP jest proste i nieskomplikowane. Zalecana dawka to jedna kapsu\u0142ka dziennie, popijana szklank\u0105 wody. Aby uzyska\u0107 optymalne rezultaty, najlepiej przyjmowa\u0107 preparat konsekwentnie o tej samej porze ka\u017cdego dnia.<\/p>\n<p>Przed zastosowaniem suplementu warto skonsultowa\u0107 si\u0119 z lekarzem, zw\u0142aszcza je\u015bli jeste\u015b w ci\u0105\u017cy, karmisz piersi\u0105 lub przyjmujesz leki na istniej\u0105ce wcze\u015bniej schorzenia. Chocia\u017c Fit4Seasons 5-HTP jest og\u00f3lnie bezpieczny dla wi\u0119kszo\u015bci ludzi, wa\u017cne jest, aby przestrzega\u0107 zalecanej dawki i nie przekracza\u0107 sugerowanego dziennego spo\u017cycia.<\/p>\n<p>Nale\u017cy r\u00f3wnie\u017c pami\u0119ta\u0107, \u017ce produkt ten nie jest przeznaczony do zast\u0105pienia zdrowej diety lub stylu \u017cycia. Dzia\u0142a najlepiej jako cz\u0119\u015b\u0107 og\u00f3lnego podej\u015bcia do dobrego samopoczucia, kt\u00f3re obejmuje prawid\u0142owe od\u017cywianie, aktywno\u015b\u0107 fizyczn\u0105 i zarz\u0105dzanie stresem.<\/p>\n<h2>Sk\u0142adniki Fit4Seasons 5-HTP<\/h2>\n<p>Ka\u017cda kapsu\u0142ka Fit4Seasons 5-HTP zawiera starannie dobran\u0105 mieszank\u0119 sk\u0142adnik\u00f3w zaprojektowanych w celu promowania og\u00f3lnego dobrego samopoczucia. Podstawowy sk\u0142adnik, ekstrakt z Griffonia Simplicifolia, dostarcza 250 mg 5-hydroksytryptofanu, zwi\u0105zku wspomagaj\u0105cego produkcj\u0119 serotoniny. Opr\u00f3cz 5-HTP, suplement zawiera 130 mg passiflory, uspokajaj\u0105cego zio\u0142a, kt\u00f3re jest tradycyjnie stosowane w celu wspomagania relaksu i zmniejszenia stresu.<\/p>\n<p>Inne sk\u0142adniki obejmuj\u0105 skrobi\u0119 ry\u017cow\u0105, kt\u00f3ra s\u0142u\u017cy jako naturalny wype\u0142niacz, oraz 5 mg stearynianu wapnia, \u015brodka po\u015blizgowego stosowanego w celu zapewnienia p\u0142ynnej produkcji kapsu\u0142ek. Preparat nie zawiera sk\u0142adnik\u00f3w pochodzenia zwierz\u0119cego, dzi\u0119ki czemu jest idealnym wyborem dla wegetarian i wegan. Jako\u015b\u0107 sk\u0142adnik\u00f3w i precyzyjny sk\u0142ad sprawiaj\u0105, \u017ce Fit4Seasons 5-HTP mo\u017ce zapewni\u0107 sta\u0142e, skuteczne wsparcie dla nastroju i snu.<\/p>\n<p><strong>Ostrze\u017cenie:<\/strong><\/p>\n<p>Przed rozpocz\u0119ciem stosowania jakiegokolwiek suplementu, w szczeg\u00f3lno\u015bci Fit4Seasons 5-HTP, nale\u017cy skonsultowa\u0107 si\u0119 z lekarzem, je\u015bli jeste\u015b w ci\u0105\u017cy, karmisz piersi\u0105 lub masz jakiekolwiek schorzenia. Nie nale\u017cy przekracza\u0107 zalecanej dziennej dawki. Ten produkt nie zast\u0119puje zr\u00f3\u017cnicowanej i zbilansowanej diety. Przechowywa\u0107 w miejscu niedost\u0119pnym dla dzieci. Unika\u0107 stosowania produktu przed wykonywaniem czynno\u015bci wymagaj\u0105cych pe\u0142nej czujno\u015bci, takich jak prowadzenie pojazd\u00f3w lub obs\u0142uga maszyn.<\/p>","protected":false},"excerpt":{"rendered":"<p>Fit4Seasons 5-HTP to wysokiej jako\u015bci suplement zawieraj\u0105cy 40 kapsu\u0142ek z 5-hydroksytryptofanem (5-HTP), pochodz\u0105cym z Griffonia Simplicifolia. Ten silny prekursor serotoniny, cz\u0119sto znany jako \"hormon szcz\u0119\u015bcia\", mo\u017ce pom\u00f3c w poprawie nastroju i relaksacji. Formu\u0142a zosta\u0142a wzbogacona o Passionflower i jest odpowiednia dla wegetarian i wegan.<\/p>","protected":false},"featured_media":82177,"template":"","meta":[],"product_brand":[],"product_cat":[815,391,455,389,460,384,463,458,456],"product_tag":[],"class_list":{"0":"post-45881","1":"product","2":"type-product","3":"status-publish","4":"has-post-thumbnail","6":"product_cat-fit4seasons","7":"product_cat-extracts","8":"product_cat-healthshop","9":"product_cat-herbs","10":"product_cat-recovery","11":"product_cat-smartshop","12":"product_cat-sport","13":"product_cat-superfoods","14":"product_cat-supplements","16":"first","17":"instock","18":"taxable","19":"shipping-taxable","20":"purchasable","21":"product-type-variable","22":"has-default-attributes"},"_links":{"self":[{"href":"https:\/\/www.headshop.nl\/pl\/wp-json\/wp\/v2\/product\/45881","targetHints":{"allow":["GET"]}}],"collection":[{"href":"https:\/\/www.headshop.nl\/pl\/wp-json\/wp\/v2\/product"}],"about":[{"href":"https:\/\/www.headshop.nl\/pl\/wp-json\/wp\/v2\/types\/product"}],"wp:featuredmedia":[{"embeddable":true,"href":"https:\/\/www.headshop.nl\/pl\/wp-json\/wp\/v2\/media\/82177"}],"wp:attachment":[{"href":"https:\/\/www.headshop.nl\/pl\/wp-json\/wp\/v2\/media?parent=45881"}],"wp:term":[{"taxonomy":"product_brand","embeddable":true,"href":"https:\/\/www.headshop.nl\/pl\/wp-json\/wp\/v2\/product_brand?post=45881"},{"taxonomy":"product_cat","embeddable":true,"href":"https:\/\/www.headshop.nl\/pl\/wp-json\/wp\/v2\/product_cat?post=45881"},{"taxonomy":"product_tag","embeddable":true,"href":"https:\/\/www.headshop.nl\/pl\/wp-json\/wp\/v2\/product_tag?post=45881"}],"curies":[{"name":"wp","href":"https:\/\/api.w.org\/{rel}","templated":true}]}}