{"id":45879,"date":"2022-07-04T08:53:51","date_gmt":"2022-07-04T08:53:51","guid":{"rendered":"https:\/\/www.headshop.nl\/?post_type=product&#038;p=45879"},"modified":"2025-05-23T09:35:13","modified_gmt":"2025-05-23T09:35:13","slug":"5-htp-and-cbd","status":"publish","type":"product","link":"https:\/\/www.headshop.nl\/pl\/5-htp-and-cbd\/","title":{"rendered":"5-HTP i CBD"},"content":{"rendered":"<h2>Czym s\u0105 Fit4Seasons 5-HTP i CBD Capsules?<\/h2>\n<p>Kapsu\u0142ki Fit4Seasons 5-HTP &amp; CBD to naturalny suplement zaprojektowany w celu wspierania dobrego samopoczucia emocjonalnego i relaksu. Zawieraj\u0105 dwa pot\u0119\u017cne sk\u0142adniki: 5-HTP (5-hydroksytryptofan) z ro\u015bliny Griffonia Simplicifolia i CBD (kannabidiol), kt\u00f3re razem tworz\u0105 siln\u0105 formu\u0142\u0119. 5-HTP jest prekursorem serotoniny, cz\u0119sto nazywanej \"hormonem szcz\u0119\u015bcia\", kt\u00f3ra odgrywa istotn\u0105 rol\u0119 w regulacji nastroju, relaksacji i \u015bnie. CBD, pochodz\u0105ce z konopi indyjskich, jest chwalone za swoje uspokajaj\u0105ce i niepsychoaktywne w\u0142a\u015bciwo\u015bci, dzi\u0119ki czemu jest popularnym wyborem dla os\u00f3b poszukuj\u0105cych ulgi od stresu i niepokoju.<\/p>\n<p>Dodatkowo, kapsu\u0142ki Fit4Seasons zawieraj\u0105 passiflor\u0119, zio\u0142o tradycyjnie stosowane ze wzgl\u0119du na swoje uspokajaj\u0105ce dzia\u0142anie, dzi\u0119ki czemu suplement ten jest jeszcze bardziej korzystny dla os\u00f3b potrzebuj\u0105cych r\u00f3wnowagi emocjonalnej i spokojnego snu. Odpowiedni zar\u00f3wno dla wegetarian, jak i wegan, suplement ten zosta\u0142 stworzony z wysokiej jako\u015bci sk\u0142adnik\u00f3w, aby zapewni\u0107 skuteczne, naturalne rozwi\u0105zanie dla codziennego dobrego samopoczucia.<\/p>\n<h2>Historia Fit4Seasons 5-HTP i CBD Capsules<\/h2>\n<p>Po\u0142\u0105czenie 5-HTP i CBD jest stosunkowo nowoczesne, ale oba sk\u0142adniki maj\u0105 g\u0142\u0119bokie historyczne korzenie w tradycyjnej medycynie. 5-HTP, pochodz\u0105cy z ro\u015bliny Griffonia Simplicifolia pochodz\u0105cej z Afryki Zachodniej, by\u0142 u\u017cywany od wiek\u00f3w ze wzgl\u0119du na sw\u00f3j potencja\u0142 poprawy nastroju i wspierania zdrowego cyklu snu. Wraz z rozwojem nauki naukowcy odkryli, \u017ce rola 5-HTP jako prekursora serotoniny sprawia, \u017ce ma on kluczowe znaczenie dla zarz\u0105dzania dobrym samopoczuciem emocjonalnym.<\/p>\n<p>Z drugiej strony, CBD ma swoje korzenie w stosowaniu konopi indyjskich do cel\u00f3w leczniczych. Podczas gdy konopie indyjskie s\u0105 u\u017cywane od tysi\u0119cy lat w r\u00f3\u017cnych kulturach, samo CBD zyska\u0142o ostatnio powszechn\u0105 uwag\u0119 ze wzgl\u0119du na potencjalne korzy\u015bci terapeutyczne. Z biegiem czasu badania wykaza\u0142y, \u017ce CBD, ekstrahowane z konopi indyjskich, jest niepsychoaktywne i oferuje wiele korzy\u015bci zdrowotnych, w tym wsparcie w zakresie stresu, l\u0119ku i stan\u00f3w zapalnych.<\/p>\n<p>W ostatnich latach synergia po\u0142\u0105czenia 5-HTP i CBD sta\u0142a si\u0119 coraz bardziej popularna, poniewa\u017c oferuje naturalny i skuteczny spos\u00f3b zarz\u0105dzania nastrojem, stresem i snem bez skutk\u00f3w ubocznych zwi\u0105zanych z lekami farmaceutycznymi. Firma Fit4Seasons wykorzysta\u0142a t\u0119 pot\u0119\u017cn\u0105 kombinacj\u0119 do stworzenia wysokiej jako\u015bci suplementu, kt\u00f3ry wspiera og\u00f3lne zdrowie psychiczne i emocjonalne.<\/p>\n<h2>Jak stosowa\u0107 Fit4Seasons 5-HTP i CBD Capsules<\/h2>\n<p>Stosowanie kapsu\u0142ek Fit4Seasons 5-HTP &amp; CBD jest proste i wygodne. Zaleca si\u0119 przyjmowanie jednej kapsu\u0142ki dziennie, popijaj\u0105c wod\u0105, najlepiej w trakcie lub po posi\u0142ku. Dawka ta zosta\u0142a opracowana w celu zapewnienia optymalnych rezultat\u00f3w bez ryzyka nadmiernego spo\u017cycia.<\/p>\n<p>Kapsu\u0142k\u0119 nale\u017cy po\u0142kn\u0105\u0107 w ca\u0142o\u015bci i najlepiej trzyma\u0107 si\u0119 sugerowanej dawki, aby zapewni\u0107 bezpieczne i skuteczne stosowanie. Wiele os\u00f3b preferuje przyjmowanie kapsu\u0142ek wieczorem w ramach nocnej rutyny, poniewa\u017c zar\u00f3wno 5-HTP, jak i CBD mog\u0105 sprzyja\u0107 relaksacji i poprawia\u0107 jako\u015b\u0107 snu. Mo\u017cna jednak przyjmowa\u0107 preparat o dowolnej porze dnia, kt\u00f3ra najlepiej pasuje do harmonogramu i stylu \u017cycia.<\/p>\n<p>Jak w przypadku ka\u017cdego suplementu, kluczowa jest konsekwencja. Aby uzyska\u0107 najlepsze rezultaty, nale\u017cy rozwa\u017cy\u0107 regularne przyjmowanie kapsu\u0142ek Fit4Seasons 5-HTP &amp; CBD, pozwalaj\u0105c organizmowi czerpa\u0107 korzy\u015bci ze skumulowanego dzia\u0142ania sk\u0142adnik\u00f3w w czasie. Zawsze skonsultuj si\u0119 z lekarzem przed rozpocz\u0119ciem nowego schematu suplementacji, szczeg\u00f3lnie je\u015bli jeste\u015b w ci\u0105\u017cy, karmisz piersi\u0105 lub przyjmujesz inne leki.<\/p>\n<h2>Sk\u0142adniki Fit4Seasons 5-HTP i CBD Capsules<\/h2>\n<p>Ka\u017cda kapsu\u0142ka Fit4Seasons 5-HTP &amp; CBD zawiera starannie dobran\u0105 mieszank\u0119 wysokiej jako\u015bci sk\u0142adnik\u00f3w zaprojektowanych w celu poprawy samopoczucia. G\u0142\u00f3wnym sk\u0142adnikiem jest ekstrakt z Griffonia, kt\u00f3ry dostarcza 250 mg 5-HTP na kapsu\u0142k\u0119. Jako prekursor serotoniny, 5-HTP odgrywa istotn\u0105 rol\u0119 w utrzymaniu r\u00f3wnowagi nastroju, zmniejszaniu stresu i wspieraniu spokojnego snu.<\/p>\n<p>Kapsu\u0142ki zawieraj\u0105 r\u00f3wnie\u017c 130 mg passiflory, zio\u0142a znanego ze swoich w\u0142a\u015bciwo\u015bci uspokajaj\u0105cych. Kwiat m\u0119czennicy od wiek\u00f3w stosowany jest w medycynie tradycyjnej jako pomoc w stanach l\u0119kowych i zaburzeniach snu. Dodatkowo, ka\u017cda kapsu\u0142ka zawiera 15 mg izolatu CBD, pozyskiwanego z konopi, kt\u00f3ry znany jest ze swojego uspokajaj\u0105cego i terapeutycznego wp\u0142ywu na cia\u0142o i umys\u0142.<\/p>\n<p>Pozosta\u0142e sk\u0142adniki kapsu\u0142ek obejmuj\u0105 skrobi\u0119 ry\u017cow\u0105, stearynian wapnia i niewielk\u0105 ilo\u015b\u0107 stearynianu magnezu. Sk\u0142adniki te pomagaj\u0105 utrzyma\u0107 struktur\u0119 i integralno\u015b\u0107 kapsu\u0142ki. Formu\u0142a jest ca\u0142kowicie oparta na ro\u015blinach i nie zawiera \u017cadnych sk\u0142adnik\u00f3w pochodzenia zwierz\u0119cego, dzi\u0119ki czemu jest odpowiednia zar\u00f3wno dla wegetarian, jak i wegan.<\/p>\n<p><strong>Ostrze\u017cenie:<\/strong><\/p>\n<p>Wa\u017cne jest, aby przestrzega\u0107 zalecanego dawkowania i nie przekracza\u0107 dziennej dawki jednej kapsu\u0142ki. Zawsze nale\u017cy skonsultowa\u0107 si\u0119 z lekarzem, je\u015bli pacjent przyjmuje inne leki lub cierpi na jakiekolwiek schorzenia. Niniejszy produkt nie jest przeznaczony do diagnozowania, leczenia ani zapobiegania jakimkolwiek chorobom. Przechowywa\u0107 w miejscu niedost\u0119pnym dla dzieci.<\/p>","protected":false},"excerpt":{"rendered":"<p>Kapsu\u0142ki Fit4Seasons 5-HTP &amp; CBD \u0142\u0105cz\u0105 w sobie dwa najbardziej lubiane sk\u0142adniki natury, 5-HTP z Griffonia Simplicifolia i wysokiej jako\u015bci CBD. Wraz z Passionflower, suplement ten zosta\u0142 zaprojektowany w celu poprawy samopoczucia, promowania poziomu serotoniny i wspierania zr\u00f3wnowa\u017conego nastroju bez \u017cadnych efekt\u00f3w psychoaktywnych. Idealne dla wegetarian i wegan, kapsu\u0142ki te oferuj\u0105 unikalne i skuteczne rozwi\u0105zanie dla codziennego zdrowia.<\/p>","protected":false},"featured_media":82178,"template":"","meta":[],"product_brand":[],"product_cat":[815,484,451,391,455,389,384,463,458,456],"product_tag":[],"class_list":{"0":"post-45879","1":"product","2":"type-product","3":"status-publish","4":"has-post-thumbnail","6":"product_cat-fit4seasons","7":"product_cat-cbd-capsules","8":"product_cat-cbdshop","9":"product_cat-extracts","10":"product_cat-healthshop","11":"product_cat-herbs","12":"product_cat-smartshop","13":"product_cat-sport","14":"product_cat-superfoods","15":"product_cat-supplements","17":"first","18":"instock","19":"taxable","20":"shipping-taxable","21":"purchasable","22":"product-type-variable","23":"has-default-attributes"},"_links":{"self":[{"href":"https:\/\/www.headshop.nl\/pl\/wp-json\/wp\/v2\/product\/45879","targetHints":{"allow":["GET"]}}],"collection":[{"href":"https:\/\/www.headshop.nl\/pl\/wp-json\/wp\/v2\/product"}],"about":[{"href":"https:\/\/www.headshop.nl\/pl\/wp-json\/wp\/v2\/types\/product"}],"wp:featuredmedia":[{"embeddable":true,"href":"https:\/\/www.headshop.nl\/pl\/wp-json\/wp\/v2\/media\/82178"}],"wp:attachment":[{"href":"https:\/\/www.headshop.nl\/pl\/wp-json\/wp\/v2\/media?parent=45879"}],"wp:term":[{"taxonomy":"product_brand","embeddable":true,"href":"https:\/\/www.headshop.nl\/pl\/wp-json\/wp\/v2\/product_brand?post=45879"},{"taxonomy":"product_cat","embeddable":true,"href":"https:\/\/www.headshop.nl\/pl\/wp-json\/wp\/v2\/product_cat?post=45879"},{"taxonomy":"product_tag","embeddable":true,"href":"https:\/\/www.headshop.nl\/pl\/wp-json\/wp\/v2\/product_tag?post=45879"}],"curies":[{"name":"wp","href":"https:\/\/api.w.org\/{rel}","templated":true}]}}