{"id":45876,"date":"2022-07-04T08:53:45","date_gmt":"2022-07-04T08:53:45","guid":{"rendered":"https:\/\/www.headshop.nl\/?post_type=product&#038;p=45876"},"modified":"2025-05-23T09:35:28","modified_gmt":"2025-05-23T09:35:28","slug":"vitamine-b12","status":"publish","type":"product","link":"https:\/\/www.headshop.nl\/pl\/vitamine-b12\/","title":{"rendered":"Witamina B12"},"content":{"rendered":"<h2>Czym s\u0105 tabletki Fit4Seasons z witamin\u0105 B12?<\/h2>\n<p>Tabletki Fit4Seasons Vitamin B12 to specjalnie opracowane suplementy diety zaprojektowane w celu zapewnienia optymalnego poziomu witaminy B12 w jej najbardziej biodost\u0119pnych formach: Methylcobalamin i Adenosylcobalamin. Ka\u017cda tabletka dostarcza 20 mcg tego niezb\u0119dnego sk\u0142adnika od\u017cywczego, kt\u00f3ry wspomaga odnow\u0119 kom\u00f3rek, produkcj\u0119 czerwonych krwinek i prawid\u0142owe funkcjonowanie uk\u0142adu nerwowego.<\/p>\n<p>Tabletki te, idealne dla wegetarian, wegan i os\u00f3b o ograniczonym wch\u0142anianiu witaminy B12, maj\u0105 przyjemny wi\u015bniowy smak u\u0142atwiaj\u0105cy codzienne spo\u017cywanie. Fit4Seasons Vitamin B12 to wygodny i skuteczny spos\u00f3b na utrzymanie poziomu energii i og\u00f3lnego samopoczucia.<\/p>\n<h2>Historia witaminy B12<\/h2>\n<p>Witamina B12, znana r\u00f3wnie\u017c jako kobalamina, zosta\u0142a po raz pierwszy zidentyfikowana w po\u0142owie XX wieku jako kluczowy sk\u0142adnik od\u017cywczy w walce z niedokrwisto\u015bci\u0105 z\u0142o\u015bliw\u0105. Naturalnie wyst\u0119puj\u0105ca w \u017cywno\u015bci pochodzenia zwierz\u0119cego, takiej jak mi\u0119so, ryby i nabia\u0142, odgrywa kluczow\u0105 rol\u0119 w produkcji energii i zdrowiu neurologicznym.<\/p>\n<p>Wraz z rosn\u0105c\u0105 popularno\u015bci\u0105 wegetaria\u0144skiego i wega\u0144skiego stylu \u017cycia, wzros\u0142o zapotrzebowanie na suplementy B12. Tabletki Fit4Seasons Vitamin B12 zosta\u0142y opracowane w celu zaspokojenia tej potrzeby, zapewniaj\u0105c skuteczne rozwi\u0105zanie dla utrzymania zdrowego poziomu witaminy B12 bez polegania na produktach pochodzenia zwierz\u0119cego.<\/p>\n<h2>Jak stosowa\u0107 tabletki z witamin\u0105 B12 Fit4Seasons?<\/h2>\n<p>Aby uzyska\u0107 najlepsze rezultaty, nale\u017cy przyjmowa\u0107 jedn\u0105 tabletk\u0119 dziennie, popijaj\u0105c wod\u0105 podczas posi\u0142ku. Regularne stosowanie zwi\u0119ksza wch\u0142anianie i maksymalizuje korzy\u015bci witaminy B12, wspieraj\u0105c poziom energii, jasno\u015b\u0107 umys\u0142u i og\u00f3lny stan zdrowia.<\/p>\n<p>Tabletki o smaku wi\u015bniowym s\u0105 \u0142atwe do spo\u017cycia i idealnie pasuj\u0105 do codziennej rutyny. Niezale\u017cnie od tego, czy chcesz zwi\u0119kszy\u0107 swoj\u0105 energi\u0119, wzmocni\u0107 uk\u0142ad odporno\u015bciowy, czy te\u017c wspom\u00f3c funkcjonowanie uk\u0142adu nerwowego, tabletki Fit4Seasons Vitamin B12 Tablets stanowi\u0105 proste i skuteczne rozwi\u0105zanie.<\/p>\n<p>Zawsze przestrzegaj zalecanego dawkowania i skonsultuj si\u0119 z lekarzem, je\u015bli jeste\u015b w ci\u0105\u017cy, karmisz piersi\u0105 lub masz okre\u015blone obawy zdrowotne.<\/p>\n<h2>Sk\u0142adniki tabletek z witamin\u0105 B12 Fit4Seasons<\/h2>\n<p>Ka\u017cda tabletka zawiera wysokiej jako\u015bci, przyjazne dla wegan sk\u0142adniki zapewniaj\u0105ce maksymaln\u0105 skuteczno\u015b\u0107 i bezpiecze\u0144stwo:<\/p>\n<ul>\n<li><strong>Metylokobalamina (10 mcg):<\/strong> Bioaktywna forma witaminy B12, kt\u00f3ra wspiera zdrowie m\u00f3zgu i nerw\u00f3w.<\/li>\n<li><strong>Adenozylokobalamina (10 mcg):<\/strong> Aktywna forma witaminy B12 niezb\u0119dna dla metabolizmu energetycznego i funkcji kom\u00f3rkowych.<\/li>\n<li><strong>Izomalt (186 mg):<\/strong> Niskokaloryczny zamiennik cukru zapewniaj\u0105cy g\u0142adk\u0105 konsystencj\u0119 tabletki.<\/li>\n<li><strong>Smak wi\u015bniowy (4 mg):<\/strong> Wzmacnia smak, zapewniaj\u0105c przyjemne doznania podczas konsumpcji.<\/li>\n<li><strong>Wegetaria\u0144ski stearynian magnezu (5 mg):<\/strong> Naturalny stabilizator, kt\u00f3ry utrzymuje konsystencj\u0119 produktu.<\/li>\n<li><strong>Krzemionka (5 mcg):<\/strong> Pomaga utrzyma\u0107 struktur\u0119 tabletki i zapobiega zbrylaniu.<\/li>\n<\/ul>\n<p>Ta starannie opracowana formu\u0142a nie zawiera produkt\u00f3w pochodzenia zwierz\u0119cego, dzi\u0119ki czemu jest idealna dla wegetarian i wegan, zapewniaj\u0105c jednocze\u015bnie najwy\u017csz\u0105 jako\u015b\u0107.<\/p>\n<h2>Dodatkowe korzy\u015bci witaminy B12<\/h2>\n<ul>\n<li>Niezb\u0119dny do tworzenia czerwonych krwinek<\/li>\n<li>Wspomaga prawid\u0142owy podzia\u0142 kom\u00f3rek<\/li>\n<li>Przyczynia si\u0119 do metabolizmu energetycznego i poziomu energii<\/li>\n<li>Wzmacnia uk\u0142ad odporno\u015bciowy<\/li>\n<li>Wspomaga jasno\u015b\u0107 umys\u0142u<\/li>\n<li>Odgrywa istotn\u0105 rol\u0119 w rozwoju kom\u00f3rek nerwowych<\/li>\n<\/ul>\n<h2>Ostrze\u017cenie<\/h2>\n<p>Przechowywa\u0107 w miejscu niedost\u0119pnym dla dzieci. Skonsultuj si\u0119 z lekarzem przed u\u017cyciem, je\u015bli jeste\u015b w ci\u0105\u017cy, karmisz piersi\u0105 lub cierpisz na schorzenia. Przechowywa\u0107 w ch\u0142odnym, ciemnym miejscu w temperaturze pokojowej. Nie przekracza\u0107 zalecanej dziennej dawki.<\/p>","protected":false},"excerpt":{"rendered":"<p>Witamina B12, znana r\u00f3wnie\u017c jako kobalamina, jest niezb\u0119dn\u0105 witamin\u0105, kt\u00f3ra odgrywa kluczow\u0105 rol\u0119 w r\u00f3\u017cnych funkcjach organizmu. Wspomaga odnow\u0119 kom\u00f3rek, pomaga w produkcji czerwonych krwinek i przyczynia si\u0119 do prawid\u0142owego funkcjonowania uk\u0142adu nerwowego.<\/p>\n<p>Naturalnie witamina B12 znajduje si\u0119 tylko w \u017cywno\u015bci pochodzenia zwierz\u0119cego, takiej jak mi\u0119so, ryby, produkty mleczne i jaja, co mo\u017ce stanowi\u0107 wyzwanie dla wegetarian i wegan. Niedob\u00f3r witaminy B12 mo\u017ce prowadzi\u0107 do anemii, zm\u0119czenia i utraty pami\u0119ci. Ponadto osoby starsze lub osoby z obni\u017conym wch\u0142anianiem witaminy B12 mog\u0105 r\u00f3wnie\u017c do\u015bwiadcza\u0107 tych objaw\u00f3w.<\/p>","protected":false},"featured_media":82181,"template":"","meta":[],"product_brand":[],"product_cat":[815,391,455,389,384,463,458,456],"product_tag":[],"class_list":{"0":"post-45876","1":"product","2":"type-product","3":"status-publish","4":"has-post-thumbnail","6":"product_cat-fit4seasons","7":"product_cat-extracts","8":"product_cat-healthshop","9":"product_cat-herbs","10":"product_cat-smartshop","11":"product_cat-sport","12":"product_cat-superfoods","13":"product_cat-supplements","15":"first","16":"instock","17":"taxable","18":"shipping-taxable","19":"purchasable","20":"product-type-variable","21":"has-default-attributes"},"_links":{"self":[{"href":"https:\/\/www.headshop.nl\/pl\/wp-json\/wp\/v2\/product\/45876","targetHints":{"allow":["GET"]}}],"collection":[{"href":"https:\/\/www.headshop.nl\/pl\/wp-json\/wp\/v2\/product"}],"about":[{"href":"https:\/\/www.headshop.nl\/pl\/wp-json\/wp\/v2\/types\/product"}],"wp:featuredmedia":[{"embeddable":true,"href":"https:\/\/www.headshop.nl\/pl\/wp-json\/wp\/v2\/media\/82181"}],"wp:attachment":[{"href":"https:\/\/www.headshop.nl\/pl\/wp-json\/wp\/v2\/media?parent=45876"}],"wp:term":[{"taxonomy":"product_brand","embeddable":true,"href":"https:\/\/www.headshop.nl\/pl\/wp-json\/wp\/v2\/product_brand?post=45876"},{"taxonomy":"product_cat","embeddable":true,"href":"https:\/\/www.headshop.nl\/pl\/wp-json\/wp\/v2\/product_cat?post=45876"},{"taxonomy":"product_tag","embeddable":true,"href":"https:\/\/www.headshop.nl\/pl\/wp-json\/wp\/v2\/product_tag?post=45876"}],"curies":[{"name":"wp","href":"https:\/\/api.w.org\/{rel}","templated":true}]}}