{"id":45875,"date":"2022-07-04T08:53:43","date_gmt":"2022-07-04T08:53:43","guid":{"rendered":"https:\/\/www.headshop.nl\/?post_type=product&#038;p=45875"},"modified":"2025-05-23T09:35:35","modified_gmt":"2025-05-23T09:35:35","slug":"chlorella","status":"publish","type":"product","link":"https:\/\/www.headshop.nl\/pl\/chlorella\/","title":{"rendered":"Chlorella"},"content":{"rendered":"<h2>Czym s\u0105 tabletki Chlorella?<\/h2>\n<p>Tabletki Fit4Seasons Chlorella to suplement diety wyprodukowany z organicznego proszku chlorelli 100%. Chlorella to jednokom\u00f3rkowa zielona alga s\u0142odkowodna, jedna z najstarszych form \u017cycia ro\u015blinnego na Ziemi, znana z wyj\u0105tkowego profilu od\u017cywczego. Tabletki te stanowi\u0105 naturalne \u017ar\u00f3d\u0142o niezb\u0119dnych aminokwas\u00f3w, witamin i minera\u0142\u00f3w, w tym wapnia, \u017celaza, magnezu, potasu i fosforu. Te sk\u0142adniki od\u017cywcze wspieraj\u0105 r\u00f3\u017cne funkcje organizmu, takie jak utrzymanie zdrowych ko\u015bci, wzmocnienie uk\u0142adu odporno\u015bciowego i zwi\u0119kszenie produkcji energii.<\/p>\n<p>Chlorella jest szczeg\u00f3lnie ceniona za swoje w\u0142a\u015bciwo\u015bci detoksykacyjne. Uwa\u017ca si\u0119, \u017ce pomaga usuwa\u0107 metale ci\u0119\u017ckie, takie jak rt\u0119\u0107, z organizmu, promuj\u0105c og\u00f3lny stan zdrowia i witalno\u015b\u0107. Jej bogata zawarto\u015b\u0107 chlorofilu wspiera r\u00f3wnie\u017c naturalne procesy detoksykacji organizmu. Tabletki Organic Chlorella Fit4Seasons to wygodny i przyjazny dla wegan spos\u00f3b na w\u0142\u0105czenie tej pot\u0119\u017cnej super\u017cywno\u015bci do diety.<\/p>\n<h2>Historia chlorelli<\/h2>\n<p>Chlorella ma d\u0142ug\u0105 histori\u0119 jako super\u017cywno\u015b\u0107, a jej niesamowita warto\u015b\u0107 od\u017cywcza zosta\u0142a po raz pierwszy doceniona w XX wieku. Zosta\u0142a odkryta w XIX wieku przez holenderskiego mikrobiologa Martinusa Beijerincka, kt\u00f3ry zauwa\u017cy\u0142 jej potencja\u0142 jako \u017ar\u00f3d\u0142a po\u017cywienia. W po\u0142owie XIX wieku japo\u0144scy naukowcy zbadali korzy\u015bci zdrowotne Chlorelli, w szczeg\u00f3lno\u015bci jej w\u0142a\u015bciwo\u015bci detoksykuj\u0105ce i wzmacniaj\u0105ce odporno\u015b\u0107.<\/p>\n<p>Ze wzgl\u0119du na szybki wzrost i wysokie st\u0119\u017cenie sk\u0142adnik\u00f3w od\u017cywczych, Chlorella sta\u0142a si\u0119 jedn\u0105 z najcz\u0119\u015bciej badanych alg na \u015bwiecie. Obok Spiruliny, zosta\u0142a ona szeroko przebadana pod k\u0105tem jej roli w detoksykacji i wspieraniu uk\u0142adu odporno\u015bciowego. Z biegiem lat zyska\u0142a popularno\u015b\u0107 jako suplement diety, pomagaj\u0105c ludziom poprawi\u0107 poziom energii, wzmocni\u0107 uk\u0142ad odporno\u015bciowy i utrzyma\u0107 og\u00f3lny stan zdrowia.<\/p>\n<p>Obecnie Chlorella pozostaje istotn\u0105 cz\u0119\u015bci\u0105 rutyny wielu os\u00f3b dbaj\u0105cych o zdrowie, szczeg\u00f3lnie w\u015br\u00f3d os\u00f3b stosuj\u0105cych diety ro\u015blinne. Jako organiczne, kompletne \u017ar\u00f3d\u0142o bia\u0142ka pe\u0142ne korzystnych sk\u0142adnik\u00f3w od\u017cywczych, nadal jest zaufanym superfood.<\/p>\n<h2>Jak stosowa\u0107 tabletki Chlorella<\/h2>\n<p>Aby w\u0142\u0105czy\u0107 Fit4Seasons Organic Chlorella Tablets do codziennej rutyny, nale\u017cy przyjmowa\u0107 1-2 tabletki trzy razy dziennie podczas posi\u0142k\u00f3w, popijaj\u0105c wod\u0105. Taka dawka zwi\u0119ksza wch\u0142anianie sk\u0142adnik\u00f3w od\u017cywczych Chlorelli, wspomagaj\u0105c detoksykacj\u0119, zwi\u0119kszaj\u0105c energi\u0119 i promuj\u0105c og\u00f3lne samopoczucie.<\/p>\n<p>Je\u015bli dopiero zaczynasz stosowa\u0107 Chlorell\u0119, zaleca si\u0119 rozpocz\u0119cie od ni\u017cszej dawki i stopniowe jej zwi\u0119kszanie w miar\u0119 adaptacji organizmu. Regularne stosowanie mo\u017ce wspom\u00f3c zr\u00f3wnowa\u017con\u0105 diet\u0119 i poprawi\u0107 witalno\u015b\u0107, ale suplementy diety powinny uzupe\u0142nia\u0107, a nie zast\u0119powa\u0107 zdrowy styl \u017cycia.<\/p>\n<p>Aby uzyska\u0107 najlepsze rezultaty, nale\u017cy konsekwentnie stosowa\u0107 preparat przez d\u0142u\u017cszy czas, aby do\u015bwiadczy\u0107 pe\u0142nego zakresu korzy\u015bci, w tym zwi\u0119kszonego poziomu energii i wsparcia uk\u0142adu odporno\u015bciowego. Je\u015bli jeste\u015b w ci\u0105\u017cy, karmisz piersi\u0105 lub cierpisz na jakiekolwiek schorzenia, przed u\u017cyciem skonsultuj si\u0119 z lekarzem.<\/p>\n<h2>Sk\u0142adniki tabletek Chlorella<\/h2>\n<p>Ka\u017cda tabletka Fit4Seasons Chlorella zawiera <strong>100% organiczna chlorella w proszku<\/strong>dostarczaj\u0105c moc niezb\u0119dnych sk\u0142adnik\u00f3w od\u017cywczych w skoncentrowanej formie. Kluczowe sk\u0142adniki od\u017cywcze obejmuj\u0105:<\/p>\n<ul>\n<li><strong>Vitamins:<\/strong> A, C, E, K oraz szerok\u0105 gam\u0119 witamin z grupy B, w tym kwas foliowy.<\/li>\n<li><strong>Minera\u0142y:<\/strong> Wap\u0144, \u017celazo, magnez, potas i fosfor.<\/li>\n<li><strong>Aminokwasy:<\/strong> Niezb\u0119dny budulec bia\u0142ek, kluczowy dla og\u00f3lnego stanu zdrowia.<\/li>\n<li><strong>Chlorofil:<\/strong> Wspomaga naturalne procesy detoksykacji organizmu i og\u00f3ln\u0105 witalno\u015b\u0107.<\/li>\n<\/ul>\n<p>Chlorella jest szczeg\u00f3lnie znana ze swojej zdolno\u015bci do wspomagania detoksykacji, wspierania zdrowej sk\u00f3ry, ko\u015bci i funkcji odporno\u015bciowych oraz dostarczania pe\u0142nowarto\u015bciowego bia\u0142ka pochodzenia ro\u015blinnego. Dzi\u0119ki bogatemu w sk\u0142adniki od\u017cywcze profilowi, organiczne tabletki chlorelli Fit4Seasons s\u0105 doskona\u0142ym wyborem dla ka\u017cdego, kto chce w naturalny spos\u00f3b poprawi\u0107 og\u00f3lny stan zdrowia.<\/p>\n<h2>Ostrze\u017cenia<\/h2>\n<ul>\n<li>Przechowywa\u0107 w miejscu niedost\u0119pnym dla dzieci.<\/li>\n<li>Skonsultuj si\u0119 z lekarzem przed u\u017cyciem, je\u015bli jeste\u015b w ci\u0105\u017cy, karmisz piersi\u0105 lub masz jakiekolwiek schorzenia.<\/li>\n<li>Przechowywa\u0107 w ch\u0142odnym, suchym miejscu, z dala od bezpo\u015bredniego \u015bwiat\u0142a s\u0142onecznego, w temperaturze pokojowej.<\/li>\n<\/ul>","protected":false},"excerpt":{"rendered":"<p>Chlorella jest zielon\u0105, jednokom\u00f3rkow\u0105 alg\u0105 s\u0142odkowodn\u0105 i nale\u017cy do najstarszych form \u017cycia ro\u015blinnego na Ziemi, dlatego jest niezwykle odpowiednia dla wegan. Ten gatunek alg ma bardzo kompletny profil bia\u0142kowy. Chlorella zawiera r\u00f3wnie\u017c wiele minera\u0142\u00f3w i witamin. Chlorella jest cz\u0119sto stosowana do detoksykacji organizmu.<\/p>\n<p>Wraz ze spirulin\u0105 jest to jedna z najlepiej przebadanych alg na \u015bwiecie.<br \/>\nZawiera dobry sk\u0142ad niezb\u0119dnych aminokwas\u00f3w i minera\u0142\u00f3w, takich jak wap\u0144, \u017celazo, magnez, potas, fosfor i chlorofil. Ponadto Chlorella zawiera witaminy A, C, E, K i wi\u0119kszo\u015b\u0107 witamin z grupy B, w tym kwas foliowy.<\/p>","protected":false},"featured_media":82182,"template":"","meta":[],"product_brand":[],"product_cat":[815,391,455,389,384,463,458,456],"product_tag":[],"class_list":{"0":"post-45875","1":"product","2":"type-product","3":"status-publish","4":"has-post-thumbnail","6":"product_cat-fit4seasons","7":"product_cat-extracts","8":"product_cat-healthshop","9":"product_cat-herbs","10":"product_cat-smartshop","11":"product_cat-sport","12":"product_cat-superfoods","13":"product_cat-supplements","15":"first","16":"instock","17":"taxable","18":"shipping-taxable","19":"purchasable","20":"product-type-variable","21":"has-default-attributes"},"_links":{"self":[{"href":"https:\/\/www.headshop.nl\/pl\/wp-json\/wp\/v2\/product\/45875","targetHints":{"allow":["GET"]}}],"collection":[{"href":"https:\/\/www.headshop.nl\/pl\/wp-json\/wp\/v2\/product"}],"about":[{"href":"https:\/\/www.headshop.nl\/pl\/wp-json\/wp\/v2\/types\/product"}],"wp:featuredmedia":[{"embeddable":true,"href":"https:\/\/www.headshop.nl\/pl\/wp-json\/wp\/v2\/media\/82182"}],"wp:attachment":[{"href":"https:\/\/www.headshop.nl\/pl\/wp-json\/wp\/v2\/media?parent=45875"}],"wp:term":[{"taxonomy":"product_brand","embeddable":true,"href":"https:\/\/www.headshop.nl\/pl\/wp-json\/wp\/v2\/product_brand?post=45875"},{"taxonomy":"product_cat","embeddable":true,"href":"https:\/\/www.headshop.nl\/pl\/wp-json\/wp\/v2\/product_cat?post=45875"},{"taxonomy":"product_tag","embeddable":true,"href":"https:\/\/www.headshop.nl\/pl\/wp-json\/wp\/v2\/product_tag?post=45875"}],"curies":[{"name":"wp","href":"https:\/\/api.w.org\/{rel}","templated":true}]}}