{"id":45845,"date":"2020-07-04T08:45:16","date_gmt":"2020-07-04T08:45:16","guid":{"rendered":"https:\/\/www.headshop.nl\/?post_type=product&#038;p=45845"},"modified":"2026-04-21T07:12:31","modified_gmt":"2026-04-21T07:12:31","slug":"aphrodisiac-party-shot-royal-s","status":"publish","type":"product","link":"https:\/\/www.headshop.nl\/pl\/aphrodisiac-party-shot-royal-s\/","title":{"rendered":"Aphrodisiac party shot &#8211; Royal S"},"content":{"rendered":"<p>Royal Line zosta\u0142a opracowana przez i dla McSmart, aby przej\u015b\u0107 na inny poziom w naturalny spos\u00f3b. Rozwijaj\u0105c t\u0119 lini\u0119, oferujemy bezpieczne, legalne i niedrogie do\u015bwiadczenie, kt\u00f3rym b\u0119dziesz si\u0119 cieszy\u0107!!!<\/p>\n<p>Ze wzgl\u0119du na p\u0142ynn\u0105 form\u0119, shoty s\u0105 szybko wch\u0142aniane przez organizm, a efekt jest szybko odczuwalny. Ciesz si\u0119 wspania\u0142ymi doznaniami, kt\u00f3re oferuje Royals i daj si\u0119 zaskoczy\u0107 pysznymi w\u0142a\u015bciwo\u015bciami tych zi\u00f3\u0142.<\/p>\n<p><strong>Zalecane dawkowanie:<\/strong>\u00a015 ml<\/p>","protected":false},"excerpt":{"rendered":"<p>Royal S to zastrzyk afrodyzjakalny. Daje afrodyzjak stymuluj\u0105cy, kt\u00f3ry wprowadza w odpowiedni nastr\u00f3j. Ten zastrzyk mo\u017ce da\u0107 ci bodziec do czterech godzin, kt\u00f3ry pomo\u017ce ci cieszy\u0107 si\u0119 sob\u0105 do maksimum<\/p>","protected":false},"featured_media":82285,"template":"","meta":[],"product_brand":[],"product_cat":[395,411,391,386,1047,705,384],"product_tag":[],"class_list":{"0":"post-45845","1":"product","2":"type-product","3":"status-publish","4":"has-post-thumbnail","6":"product_cat-aphrodisiacs","7":"product_cat-energy-pills","8":"product_cat-extracts","9":"product_cat-party-pills","10":"product_cat-party-shots","11":"product_cat-sex-shop","12":"product_cat-smartshop","13":"product_shipping_class-not-allowed-group-1","15":"first","16":"instock","17":"taxable","18":"shipping-taxable","19":"purchasable","20":"product-type-simple"},"_links":{"self":[{"href":"https:\/\/www.headshop.nl\/pl\/wp-json\/wp\/v2\/product\/45845","targetHints":{"allow":["GET"]}}],"collection":[{"href":"https:\/\/www.headshop.nl\/pl\/wp-json\/wp\/v2\/product"}],"about":[{"href":"https:\/\/www.headshop.nl\/pl\/wp-json\/wp\/v2\/types\/product"}],"wp:featuredmedia":[{"embeddable":true,"href":"https:\/\/www.headshop.nl\/pl\/wp-json\/wp\/v2\/media\/82285"}],"wp:attachment":[{"href":"https:\/\/www.headshop.nl\/pl\/wp-json\/wp\/v2\/media?parent=45845"}],"wp:term":[{"taxonomy":"product_brand","embeddable":true,"href":"https:\/\/www.headshop.nl\/pl\/wp-json\/wp\/v2\/product_brand?post=45845"},{"taxonomy":"product_cat","embeddable":true,"href":"https:\/\/www.headshop.nl\/pl\/wp-json\/wp\/v2\/product_cat?post=45845"},{"taxonomy":"product_tag","embeddable":true,"href":"https:\/\/www.headshop.nl\/pl\/wp-json\/wp\/v2\/product_tag?post=45845"}],"curies":[{"name":"wp","href":"https:\/\/api.w.org\/{rel}","templated":true}]}}