{"id":45842,"date":"2020-07-04T08:36:06","date_gmt":"2020-07-04T08:36:06","guid":{"rendered":"https:\/\/www.headshop.nl\/?post_type=product&#038;p=45842"},"modified":"2026-04-21T07:12:55","modified_gmt":"2026-04-21T07:12:55","slug":"energy-party-shot-royal-e","status":"publish","type":"product","link":"https:\/\/www.headshop.nl\/pl\/energy-party-shot-royal-e\/","title":{"rendered":"Energy party shot &#8211; Royal E"},"content":{"rendered":"<p>Dobrze wstrz\u0105sn\u0105\u0107, a\u017c zawarto\u015b\u0107 ca\u0142kowicie si\u0119 rozpu\u015bci. Przyjmowa\u0107 godzin\u0119 po posi\u0142ku. Najpierw wypij po\u0142ow\u0119, aby sprawdzi\u0107 swoj\u0105 reakcj\u0119. Po spo\u017cyciu wypi\u0107 szklank\u0119 wody.<\/p>\n<p>Royal Line zosta\u0142a opracowana przez i dla McSmart, aby przej\u015b\u0107 na inny poziom w naturalny spos\u00f3b. Opracowuj\u0105c t\u0119 lini\u0119, oferujemy bezpieczne, legalne i niedrogie do\u015bwiadczenie, kt\u00f3rym b\u0119dziesz si\u0119 cieszy\u0107!!! Ze wzgl\u0119du na p\u0142ynn\u0105 form\u0119, shoty s\u0105 szybko wch\u0142aniane przez organizm, a efekt jest szybko odczuwalny. Ciesz si\u0119 wspania\u0142ymi do\u015bwiadczeniami, kt\u00f3re oferuje Royals i daj si\u0119 zaskoczy\u0107 pysznymi w\u0142a\u015bciwo\u015bciami tych zi\u00f3\u0142.<\/p>\n<p><strong>Zalecane dawkowanie:<\/strong>\u00a05 do 15 ml<\/p>","protected":false},"excerpt":{"rendered":"<p>W przypadku Liquid Royal E mo\u017cna powiedzie\u0107, \u017ce je\u015bli przyda Ci si\u0119 dodatkowa odrobina energii, ten zastrzyk mo\u017ce sprawi\u0107, \u017ce zn\u00f3w ruszysz do przodu. Uczucie to mo\u017ce utrzymywa\u0107 si\u0119 przez oko\u0142o 4 godziny, co wystarcza na mi\u0142\u0105 noc.<\/p>","protected":false},"featured_media":82282,"template":"","meta":[],"product_brand":[],"product_cat":[297,411,391,386,1047,384,412],"product_tag":[],"class_list":{"0":"post-45842","1":"product","2":"type-product","3":"status-publish","4":"has-post-thumbnail","6":"product_cat-all-products","7":"product_cat-energy-pills","8":"product_cat-extracts","9":"product_cat-party-pills","10":"product_cat-party-shots","11":"product_cat-smartshop","12":"product_cat-trippy-pills","13":"product_shipping_class-not-allowed-group-1","15":"first","16":"instock","17":"taxable","18":"shipping-taxable","19":"purchasable","20":"product-type-simple"},"_links":{"self":[{"href":"https:\/\/www.headshop.nl\/pl\/wp-json\/wp\/v2\/product\/45842","targetHints":{"allow":["GET"]}}],"collection":[{"href":"https:\/\/www.headshop.nl\/pl\/wp-json\/wp\/v2\/product"}],"about":[{"href":"https:\/\/www.headshop.nl\/pl\/wp-json\/wp\/v2\/types\/product"}],"wp:featuredmedia":[{"embeddable":true,"href":"https:\/\/www.headshop.nl\/pl\/wp-json\/wp\/v2\/media\/82282"}],"wp:attachment":[{"href":"https:\/\/www.headshop.nl\/pl\/wp-json\/wp\/v2\/media?parent=45842"}],"wp:term":[{"taxonomy":"product_brand","embeddable":true,"href":"https:\/\/www.headshop.nl\/pl\/wp-json\/wp\/v2\/product_brand?post=45842"},{"taxonomy":"product_cat","embeddable":true,"href":"https:\/\/www.headshop.nl\/pl\/wp-json\/wp\/v2\/product_cat?post=45842"},{"taxonomy":"product_tag","embeddable":true,"href":"https:\/\/www.headshop.nl\/pl\/wp-json\/wp\/v2\/product_tag?post=45842"}],"curies":[{"name":"wp","href":"https:\/\/api.w.org\/{rel}","templated":true}]}}