{"id":45841,"date":"2020-07-04T08:33:53","date_gmt":"2020-07-04T08:33:53","guid":{"rendered":"https:\/\/www.headshop.nl\/?post_type=product&#038;p=45841"},"modified":"2026-04-21T07:13:01","modified_gmt":"2026-04-21T07:13:01","slug":"psychedelic-party-shot-royal-t","status":"publish","type":"product","link":"https:\/\/www.headshop.nl\/pl\/psychedelic-party-shot-royal-t\/","title":{"rendered":"Psychedelic party shot &#8211; Royal T"},"content":{"rendered":"<p><strong>U\u017cycie:<\/strong>\u00a0Dobrze wstrz\u0105sn\u0105\u0107, a\u017c zawarto\u015b\u0107 ca\u0142kowicie si\u0119 rozpu\u015bci. Przyjmowa\u0107 godzin\u0119 po posi\u0142ku. Najpierw wypij po\u0142ow\u0119, aby sprawdzi\u0107 swoj\u0105 reakcj\u0119. Po spo\u017cyciu wypi\u0107 szklank\u0119 wody.<\/p>\n<p>Mog\u0105 wyst\u0105pi\u0107 nudno\u015bci lub zawroty g\u0142owy!<\/p>\n<p>Royal Line zosta\u0142a opracowana przez i dla McSmart, aby przej\u015b\u0107 na inny poziom w naturalny spos\u00f3b. Opracowuj\u0105c t\u0119 lini\u0119, oferujemy bezpieczne, legalne i niedrogie do\u015bwiadczenie, kt\u00f3rym b\u0119dziesz si\u0119 cieszy\u0107!!! Ze wzgl\u0119du na p\u0142ynn\u0105 form\u0119, shoty s\u0105 szybko wch\u0142aniane przez organizm, a efekt jest szybko odczuwalny. Ciesz si\u0119 wspania\u0142ymi do\u015bwiadczeniami, kt\u00f3re oferuje Royals i daj si\u0119 zaskoczy\u0107 pysznymi w\u0142a\u015bciwo\u015bciami tych zi\u00f3\u0142.<\/p>\n<p><strong>Zalecane dawkowanie:<\/strong>\u00a05 do 15 ml<\/p>","protected":false},"excerpt":{"rendered":"<p>Liquid Royal T to zio\u0142owa strzelanka, kt\u00f3rej efekty s\u0105 bardzo podobne do niekt\u00f3rych psychodelik\u00f3w. W ten spos\u00f3b mo\u017cna legalnie do\u015bwiadczy\u0107 tripu, kt\u00f3ry mo\u017ce trwa\u0107 do czterech godzin. Je\u015bli mia\u0142e\u015b pracowity tydzie\u0144 w pracy, niska dawka mo\u017ce by\u0107 przyjemna. Je\u015bli chcesz spr\u00f3bowa\u0107, wy\u017csza dawka powinna by\u0107 uwa\u017cana za przyjemniejsz\u0105 dla wielu os\u00f3b.<\/p>","protected":false},"featured_media":82284,"template":"","meta":[],"product_brand":[],"product_cat":[384,391,386,1047,412],"product_tag":[],"class_list":{"0":"post-45841","1":"product","2":"type-product","3":"status-publish","4":"has-post-thumbnail","6":"product_cat-smartshop","7":"product_cat-extracts","8":"product_cat-party-pills","9":"product_cat-party-shots","10":"product_cat-trippy-pills","11":"product_shipping_class-not-allowed-group-1","13":"first","14":"instock","15":"taxable","16":"shipping-taxable","17":"purchasable","18":"product-type-simple"},"_links":{"self":[{"href":"https:\/\/www.headshop.nl\/pl\/wp-json\/wp\/v2\/product\/45841","targetHints":{"allow":["GET"]}}],"collection":[{"href":"https:\/\/www.headshop.nl\/pl\/wp-json\/wp\/v2\/product"}],"about":[{"href":"https:\/\/www.headshop.nl\/pl\/wp-json\/wp\/v2\/types\/product"}],"wp:featuredmedia":[{"embeddable":true,"href":"https:\/\/www.headshop.nl\/pl\/wp-json\/wp\/v2\/media\/82284"}],"wp:attachment":[{"href":"https:\/\/www.headshop.nl\/pl\/wp-json\/wp\/v2\/media?parent=45841"}],"wp:term":[{"taxonomy":"product_brand","embeddable":true,"href":"https:\/\/www.headshop.nl\/pl\/wp-json\/wp\/v2\/product_brand?post=45841"},{"taxonomy":"product_cat","embeddable":true,"href":"https:\/\/www.headshop.nl\/pl\/wp-json\/wp\/v2\/product_cat?post=45841"},{"taxonomy":"product_tag","embeddable":true,"href":"https:\/\/www.headshop.nl\/pl\/wp-json\/wp\/v2\/product_tag?post=45841"}],"curies":[{"name":"wp","href":"https:\/\/api.w.org\/{rel}","templated":true}]}}