{"id":42554,"date":"2022-04-06T08:29:37","date_gmt":"2022-04-06T08:29:37","guid":{"rendered":"https:\/\/www.headshop.nl\/?post_type=product&#038;p=42554"},"modified":"2025-10-16T07:03:22","modified_gmt":"2025-10-16T07:03:22","slug":"pink-paradise-magic-truffles","status":"publish","type":"product","link":"https:\/\/www.headshop.nl\/pl\/pink-paradise-magic-truffles\/","title":{"rendered":"Pink Paradise"},"content":{"rendered":"<h2 class=\"\" dir=\"auto\">Czym s\u0105 magiczne trufle Pink Paradise?<\/h2>\n<p class=\"break-words\" dir=\"auto\">Pink Paradise Magic Truffles, odmiana sklerocji Psilocybe Roseus, s\u0105 tworzone przez podziemne nitki grzybni, kt\u00f3re przechowuj\u0105 sk\u0142adniki od\u017cywcze do wzrostu grzyb\u00f3w w okre\u015blonych warunkach temperatury i wilgotno\u015bci. Znane z wywo\u0142ywania uczu\u0107 mi\u0142o\u015bci, jedno\u015bci i wolno\u015bci, ka\u017cde 15-gramowe opakowanie jest przeznaczone dla jednego u\u017cytkownika, zapewniaj\u0105c silne, oparte na psilocybinie do\u015bwiadczenie halucynogenne z \u017cywymi obrazami i g\u0142\u0119bokim wgl\u0105dem.<\/p>\n<p class=\"break-words\" dir=\"auto\">Ich rosn\u0105ca popularno\u015b\u0107 wynika z ich zdolno\u015bci do oferowania bezpiecznej, magicznej podr\u00f3\u017cy dla doros\u0142ych powy\u017cej 18 roku \u017cycia poszukuj\u0105cych osobistego rozwoju lub \u017cywego po\u0142\u0105czenia, cz\u0119sto opisywanego jako wewn\u0119trzna przygoda. Przechowywane w temperaturze 2\u00b0C-4\u00b0C, trufle Pink Paradise zapewniaj\u0105 niezawodne, transformuj\u0105ce do\u015bwiadczenie w zaufanym \u015brodowisku, atrakcyjne dla os\u00f3b badaj\u0105cych zmienione stany \u015bwiadomo\u015bci w celu samopoznania lub emocjonalnej harmonii.<\/p>\n<h2 class=\"\" dir=\"auto\">Historia magicznych trufli Pink Paradise<\/h2>\n<p class=\"break-words\" dir=\"auto\">Pocz\u0105tki Pink Paradise Magic Truffles si\u0119gaj\u0105 staro\u017cytnych kultur Ameryki \u015arodkowej i Po\u0142udniowej, gdzie grzyby zawieraj\u0105ce psylocybin\u0119 by\u0142y u\u017cywane w duchowych ceremoniach, aby po\u0142\u0105czy\u0107 si\u0119 z natur\u0105 i bosko\u015bci\u0105. W erze nowo\u017cytnej trufle te zyska\u0142y popularno\u015b\u0107 w Holandii jako legalna alternatywa dla grzyb\u00f3w podlegaj\u0105cych regulacjom prawnym, z wariantem Psilocybe Roseus opracowanym w celu uciele\u015bnienia mi\u0142o\u015bci i harmonii, zainspirowanym kontrkulturowym przyj\u0119ciem psychodelik\u00f3w w latach 1960.<\/p>\n<p class=\"break-words\" dir=\"auto\">Naukowe zainteresowanie wp\u0142ywem psylocybiny na \u015bwiadomo\u015b\u0107 i zdrowie psychiczne wzros\u0142o, \u0142\u0105cz\u0105c tradycyjn\u0105 m\u0105dro\u015b\u0107 ze wsp\u00f3\u0142czesnymi technikami uprawy. Dzi\u015b trufle Pink Paradise odzwierciedlaj\u0105 t\u0119 fuzj\u0119, spe\u0142niaj\u0105c rosn\u0105c\u0105 kulturow\u0105 akceptacj\u0119 psychodelik\u00f3w dla rozwoju osobistego i oferuj\u0105c u\u017cytkownikom bezpieczny, celowy spos\u00f3b na odkrywanie emocjonalnej wi\u0119zi i refleksji filozoficznej.<\/p>\n<h2 class=\"\" dir=\"auto\">Jak u\u017cywa\u0107 Pink Paradise Magic Truffles<\/h2>\n<p class=\"break-words\" dir=\"auto\">Aby bezpiecznie do\u015bwiadczy\u0107 magicznych trufli Pink Paradise, nale\u017cy spo\u017cywa\u0107 je w spokojnym, znajomym otoczeniu, samemu lub z zaufanymi towarzyszami, zaczynaj\u0105c od po\u0142owy 15-gramowego opakowania, dok\u0142adnie prze\u017cuwaj\u0105c dla lepszego wch\u0142aniania lub zaparzaj\u0105c w herbacie lub zupie. Odczekaj 30-45 minut, aby oceni\u0107 efekty, zanim rozwa\u017cysz wi\u0119cej, nigdy nie przekraczaj\u0105c jednego opakowania na sesj\u0119, i przyjmuj na pusty \u017co\u0142\u0105dek, aby uzyska\u0107 optymalne wyniki, przechowuj\u0105c niewykorzystane trufle w temperaturze 2 \u00b0 C-4 \u00b0 C w ciemnym miejscu.<\/p>\n<p class=\"break-words\" dir=\"auto\">Efekty osi\u0105gaj\u0105 szczyt w ci\u0105gu 1-3 godzin i utrzymuj\u0105 si\u0119 przez 5-6 godzin; nale\u017cy unika\u0107 \u0142\u0105czenia z alkoholem, lekami lub substancjami, a tak\u017ce powstrzyma\u0107 si\u0119 od prowadzenia pojazd\u00f3w lub wykonywania ryzykownych czynno\u015bci. Odpowiedni dla os\u00f3b ciesz\u0105cych si\u0119 dobrym zdrowiem, nawodnionych, zrelaksowanych i zaanga\u017cowanych w introspektywn\u0105 podr\u00f3\u017c, zapewniaj\u0105c \u017cywe, transformuj\u0105ce do\u015bwiadczenie poprzez przestrzeganie wytycznych dotycz\u0105cych dawkowania i utrzymywanie pozytywnego nastawienia.<\/p>\n<h2 class=\"\" dir=\"auto\">Sk\u0142adniki Pink Paradise Magic Truffles<\/h2>\n<p class=\"break-words\" dir=\"auto\">Magiczne trufle Pink Paradise, pochodz\u0105ce ze sklerocji Psilocybe Roseus, zawieraj\u0105 psylocybin\u0119, kt\u00f3ra przekszta\u0142ca si\u0119 w psylocyn\u0119, wp\u0142ywaj\u0105c na poziom serotoniny, wywo\u0142uj\u0105c efekty halucynogenne, a tak\u017ce sk\u0142adniki od\u017cywcze, takie jak 110,5 kcal, 13,2 g w\u0119glowodan\u00f3w, 5,3 g bia\u0142ka, 0,4 g t\u0142uszczu i 16,7 g b\u0142onnika pokarmowego na 100 g. Dostarczaj\u0105 r\u00f3wnie\u017c 210 mg potasu, 169,3 mg fosforu, 13,6 mg sodu, 12,5 mg wapnia, 0,7 mg \u017celaza, 0,3 g soli i 10 IU witaminy D, wspieraj\u0105c energi\u0119 i funkcje organizmu.<\/p>\n<p class=\"break-words\" dir=\"auto\">Wolne od sztucznych dodatk\u00f3w, trufle te oferuj\u0105 naturaln\u0105 mieszank\u0119 w\u0142a\u015bciwo\u015bci psychoaktywnych i od\u017cywczych, sprzyjaj\u0105c mi\u0142o\u015bci, harmonii i introspekcji. Ich unikalny sk\u0142ad sprawia, \u017ce s\u0105 one holistycznym wyborem do eksploracji umys\u0142u i cia\u0142a, pod warunkiem, \u017ce u\u017cytkownicy szanuj\u0105 moc psilocybiny i przestrzegaj\u0105 bezpiecznych praktyk konsumpcyjnych, aby uzyska\u0107 g\u0142\u0119bokie, zr\u00f3wnowa\u017cone do\u015bwiadczenie.<\/p>\n<p dir=\"auto\"><strong>Ostrze\u017cenie<\/strong><\/p>\n<p class=\"break-words\" dir=\"auto\">Pink Paradise Magic Truffles zawieraj\u0105 psylocybin\u0119 i psylocyn\u0119, silne halucynogeny, kt\u00f3re wywo\u0142uj\u0105 \u017cywe halucynacje i znacz\u0105ce efekty zmieniaj\u0105ce \u015bwiadomo\u015b\u0107, wymagaj\u0105ce ostro\u017cnego stosowania w kontrolowanych warunkach. Unikaj spo\u017cywania, je\u015bli masz mniej ni\u017c 18 lat, jeste\u015b w ci\u0105\u017cy, karmisz piersi\u0105 lub masz problemy ze zdrowiem psychicznym, depresj\u0119, choroby serca lub p\u0142uc, cukrzyc\u0119 lub wysokie \/ niskie ci\u015bnienie krwi i trzymaj poza zasi\u0119giem dzieci ze wzgl\u0119du na ich silne dzia\u0142anie.<\/p>\n<p class=\"break-words\" dir=\"auto\">Nie \u0142\u0105czy\u0107 z alkoholem, lekami lub innymi substancjami, a tak\u017ce powstrzyma\u0107 si\u0119 od prowadzenia pojazd\u00f3w lub anga\u017cowania si\u0119 w ryzykowne dzia\u0142ania. Odpowiedzialne u\u017cytkowanie, zgodnie z wytycznymi dotycz\u0105cymi bezpiecze\u0144stwa, ma zasadnicze znaczenie dla zapewnienia pozytywnego i bezpiecznego do\u015bwiadczenia z tymi transformuj\u0105cymi truflami.<\/p>","protected":false},"excerpt":{"rendered":"<p>Z magicznymi truflami Pink Paradise wracasz do esencji \u017cycia. Mi\u0142o\u015b\u0107, wolno\u015b\u0107 i jedno\u015b\u0107 id\u0105 w parze. Udaj si\u0119 w niesamowit\u0105 podr\u00f3\u017c i poczuj jedno\u015b\u0107 z natur\u0105, jedno\u015b\u0107 z wszech\u015bwiatem i jedno\u015b\u0107 ze swoj\u0105 dusz\u0105. Kolorowe wizualizacje, duchowe przemy\u015blenia, chwile intensywnej euforii i niepohamowane wybuchy \u015bmiechu. Uwolnij sw\u00f3j umys\u0142, otw\u00f3rz serce i ciesz si\u0119 podr\u00f3\u017c\u0105!<\/p>","protected":false},"featured_media":42580,"template":"","meta":[],"product_brand":[],"product_cat":[402,812,706,399,626,832,384,398,297],"product_tag":[978],"class_list":{"0":"post-42554","1":"product","2":"type-product","3":"status-publish","4":"has-post-thumbnail","6":"product_cat-magic-truffles","7":"product_cat-mcsmart-truffles","8":"product_cat-microdosing-truffles","9":"product_cat-shroomshop","10":"product_cat-shroomshop-top-10","11":"product_cat-strong-magic-truffles","12":"product_cat-smartshop","13":"product_cat-mushrooms","14":"product_cat-all-products","15":"product_tag-shrdeal","16":"product_shipping_class-group-7","18":"first","19":"instock","20":"taxable","21":"shipping-taxable","22":"purchasable","23":"product-type-variable","24":"has-default-attributes"},"_links":{"self":[{"href":"https:\/\/www.headshop.nl\/pl\/wp-json\/wp\/v2\/product\/42554","targetHints":{"allow":["GET"]}}],"collection":[{"href":"https:\/\/www.headshop.nl\/pl\/wp-json\/wp\/v2\/product"}],"about":[{"href":"https:\/\/www.headshop.nl\/pl\/wp-json\/wp\/v2\/types\/product"}],"wp:featuredmedia":[{"embeddable":true,"href":"https:\/\/www.headshop.nl\/pl\/wp-json\/wp\/v2\/media\/42580"}],"wp:attachment":[{"href":"https:\/\/www.headshop.nl\/pl\/wp-json\/wp\/v2\/media?parent=42554"}],"wp:term":[{"taxonomy":"product_brand","embeddable":true,"href":"https:\/\/www.headshop.nl\/pl\/wp-json\/wp\/v2\/product_brand?post=42554"},{"taxonomy":"product_cat","embeddable":true,"href":"https:\/\/www.headshop.nl\/pl\/wp-json\/wp\/v2\/product_cat?post=42554"},{"taxonomy":"product_tag","embeddable":true,"href":"https:\/\/www.headshop.nl\/pl\/wp-json\/wp\/v2\/product_tag?post=42554"}],"curies":[{"name":"wp","href":"https:\/\/api.w.org\/{rel}","templated":true}]}}