{"id":41724,"date":"2022-03-14T10:03:56","date_gmt":"2022-03-14T10:03:56","guid":{"rendered":"https:\/\/www.headshop.nl\/?post_type=product&#038;p=41724"},"modified":"2025-05-23T09:39:12","modified_gmt":"2025-05-23T09:39:12","slug":"jumbo-classic-king-size","status":"publish","type":"product","link":"https:\/\/www.headshop.nl\/pl\/jumbo-classic-king-size\/","title":{"rendered":"Jumbo Classic King Size"},"content":{"rendered":"<h2>Jumbo Smoking Materia\u0142y eksploatacyjne<\/h2>\n<p>Jumbo to wysokiej jako\u015bci holenderska marka bibu\u0142ek i akcesori\u00f3w do palenia, kt\u00f3rej celem jest zapewnienie palaczom wysokiej jako\u015bci produkt\u00f3w w przyst\u0119pnej cenie. Tw\u00f3rcy Jumbo twierdz\u0105, \u017ce wszystkie ich produkty s\u0105 wytwarzane w tych samych fabrykach, co inne, bardziej popularne i uznane marki, wi\u0119c ich jako\u015b\u0107 powinna dor\u00f3wna\u0107 ka\u017cdemu producentowi tytoniu na rynku! Jumbo jest r\u00f3wnie\u017c znany ze swoich unikalnych, wielokolorowych bibu\u0142ek.<\/p>","protected":false},"excerpt":{"rendered":"<p>Kiedy musisz zwin\u0105\u0107 grubego jointa, potrzebujesz porz\u0105dnego papieru king-size. W takich chwilach warto si\u0119gn\u0105\u0107 po paczk\u0119 bletek Jumbo king-size i spokojnie zwija\u0107 swoje jointy. \u015awietne bletki w \u015bwietnej cenie!<\/p>","protected":false},"featured_media":44208,"template":"","meta":[],"product_brand":[],"product_cat":[810,297,414,801,446,421],"product_tag":[],"class_list":{"0":"post-41724","1":"product","2":"type-product","3":"status-publish","4":"has-post-thumbnail","6":"product_cat-jumbo","7":"product_cat-all-products","8":"product_cat-headshop","9":"product_cat-king-size","10":"product_cat-papers","11":"product_cat-rolling-papers","12":"product_shipping_class-creditcard-on","14":"first","15":"instock","16":"taxable","17":"shipping-taxable","18":"purchasable","19":"product-type-variable","20":"has-default-attributes"},"_links":{"self":[{"href":"https:\/\/www.headshop.nl\/pl\/wp-json\/wp\/v2\/product\/41724","targetHints":{"allow":["GET"]}}],"collection":[{"href":"https:\/\/www.headshop.nl\/pl\/wp-json\/wp\/v2\/product"}],"about":[{"href":"https:\/\/www.headshop.nl\/pl\/wp-json\/wp\/v2\/types\/product"}],"wp:featuredmedia":[{"embeddable":true,"href":"https:\/\/www.headshop.nl\/pl\/wp-json\/wp\/v2\/media\/44208"}],"wp:attachment":[{"href":"https:\/\/www.headshop.nl\/pl\/wp-json\/wp\/v2\/media?parent=41724"}],"wp:term":[{"taxonomy":"product_brand","embeddable":true,"href":"https:\/\/www.headshop.nl\/pl\/wp-json\/wp\/v2\/product_brand?post=41724"},{"taxonomy":"product_cat","embeddable":true,"href":"https:\/\/www.headshop.nl\/pl\/wp-json\/wp\/v2\/product_cat?post=41724"},{"taxonomy":"product_tag","embeddable":true,"href":"https:\/\/www.headshop.nl\/pl\/wp-json\/wp\/v2\/product_tag?post=41724"}],"curies":[{"name":"wp","href":"https:\/\/api.w.org\/{rel}","templated":true}]}}