{"id":41700,"date":"2022-03-14T10:03:43","date_gmt":"2022-03-14T10:03:43","guid":{"rendered":"https:\/\/www.headshop.nl\/?post_type=product&#038;p=41700"},"modified":"2024-09-17T10:58:49","modified_gmt":"2024-09-17T10:58:49","slug":"jumbo-pink-king-size-cones-prerolled-34x","status":"publish","type":"product","link":"https:\/\/www.headshop.nl\/pl\/jumbo-pink-king-size-cones-prerolled-34x\/","title":{"rendered":"Jumbo Pink King Size Cones Prerolled 34x"},"content":{"rendered":"<h2>R\u00f3\u017cowy Rolling Papers<\/h2>\n<p>Chcesz skr\u0119ci\u0107 i zapali\u0107 r\u00f3\u017cowego jointa? Kolekcja bletek i tip\u00f3w Jumbo Pink zawiera wszystko, czego potrzebujesz do palenia joint\u00f3w w r\u00f3\u017cowym stylu! Maj\u0105 nawet r\u00f3\u017cowe wst\u0119pnie zwini\u0119te sto\u017cki dla leniwych palaczy... Je\u015bli kochasz r\u00f3\u017cowy, pokochasz my\u015bl, \u017ce od teraz wszystkie twoje jointy mog\u0105 by\u0107 r\u00f3\u017cowe! Zaopatrz si\u0119 w r\u00f3\u017cowe akcesoria do skr\u0119cania od Jumbo.<\/p>\n<h2>Jumbo Smoking Materia\u0142y eksploatacyjne<\/h2>\n<p>Jumbo to wysokiej jako\u015bci holenderska marka bibu\u0142ek i akcesori\u00f3w do palenia, kt\u00f3rej celem jest zapewnienie palaczom wysokiej jako\u015bci produkt\u00f3w w przyst\u0119pnej cenie. Tw\u00f3rcy Jumbo twierdz\u0105, \u017ce wszystkie ich produkty s\u0105 wytwarzane w tych samych fabrykach, co inne, bardziej popularne i uznane marki, wi\u0119c ich jako\u015b\u0107 powinna dor\u00f3wna\u0107 ka\u017cdemu producentowi tytoniu na rynku! Jumbo jest r\u00f3wnie\u017c znany ze swoich unikalnych, wielokolorowych bibu\u0142ek.<\/p>","protected":false},"excerpt":{"rendered":"<p>Sto\u017cki Classic king-size, ale w kolorze r\u00f3\u017cowym! Tak, te sto\u017cki s\u0105 r\u00f3\u017cowe i pozwalaj\u0105 na zwijanie r\u00f3\u017cowych joint\u00f3w w najszybszy i naj\u0142atwiejszy spos\u00f3b. Wszystkie r\u00f3\u017cowe skr\u0119ty b\u0119d\u0105 wygl\u0105da\u0107 r\u00f3wno i b\u0119d\u0105 pali\u0107 si\u0119 powoli. Najprostszy spos\u00f3b na zwijanie r\u00f3\u017cowych joint\u00f3w w mie\u015bcie!<\/p>","protected":false},"featured_media":44046,"template":"","meta":[],"product_brand":[],"product_cat":[483,297,793,414,810,807,421],"product_tag":[],"class_list":{"0":"post-41700","1":"product","2":"type-product","3":"status-publish","4":"has-post-thumbnail","6":"product_cat-cones","7":"product_cat-all-products","8":"product_cat-color-papers","9":"product_cat-headshop","10":"product_cat-jumbo","11":"product_cat-pink-papers","12":"product_cat-rolling-papers","13":"product_shipping_class-creditcard-on","15":"first","16":"instock","17":"taxable","18":"shipping-taxable","19":"purchasable","20":"product-type-variable","21":"has-default-attributes"},"_links":{"self":[{"href":"https:\/\/www.headshop.nl\/pl\/wp-json\/wp\/v2\/product\/41700","targetHints":{"allow":["GET"]}}],"collection":[{"href":"https:\/\/www.headshop.nl\/pl\/wp-json\/wp\/v2\/product"}],"about":[{"href":"https:\/\/www.headshop.nl\/pl\/wp-json\/wp\/v2\/types\/product"}],"wp:featuredmedia":[{"embeddable":true,"href":"https:\/\/www.headshop.nl\/pl\/wp-json\/wp\/v2\/media\/44046"}],"wp:attachment":[{"href":"https:\/\/www.headshop.nl\/pl\/wp-json\/wp\/v2\/media?parent=41700"}],"wp:term":[{"taxonomy":"product_brand","embeddable":true,"href":"https:\/\/www.headshop.nl\/pl\/wp-json\/wp\/v2\/product_brand?post=41700"},{"taxonomy":"product_cat","embeddable":true,"href":"https:\/\/www.headshop.nl\/pl\/wp-json\/wp\/v2\/product_cat?post=41700"},{"taxonomy":"product_tag","embeddable":true,"href":"https:\/\/www.headshop.nl\/pl\/wp-json\/wp\/v2\/product_tag?post=41700"}],"curies":[{"name":"wp","href":"https:\/\/api.w.org\/{rel}","templated":true}]}}