{"id":41695,"date":"2022-03-14T10:03:42","date_gmt":"2022-03-14T10:03:42","guid":{"rendered":"https:\/\/www.headshop.nl\/?post_type=product&#038;p=41695"},"modified":"2025-05-23T09:43:39","modified_gmt":"2025-05-23T09:43:39","slug":"mascotte-original-tips","status":"publish","type":"product","link":"https:\/\/www.headshop.nl\/pl\/mascotte-original-tips\/","title":{"rendered":"Mascotte Original Tips"},"content":{"rendered":"<h2>Mascotte Tips<\/h2>\n<p>Je\u015bli szukasz wysokiej jako\u015bci ko\u0144c\u00f3wek, kt\u00f3re pasuj\u0105 do wszystkich twoich ulubionych rozmiar\u00f3w bletek, si\u0119gnij po ksi\u0105\u017ceczk\u0119 z ko\u0144c\u00f3wkami od Mascotte. Dzi\u0119ki wieloletniemu do\u015bwiadczeniu w produkcji akcesori\u00f3w dla palaczy, zesp\u00f3\u0142 Mascotte dba o to, by ka\u017cdy wypuszczany przez nich produkt by\u0142 najwy\u017cszej klasy. Oznacza to, \u017ce mo\u017cesz spodziewa\u0107 si\u0119 naprawd\u0119 pi\u0119knych zaci\u0105gni\u0119\u0107, je\u015bli zdecydujesz si\u0119 na ko\u0144c\u00f3wki do bletek Mascotte!<\/p>\n<h2>Mascotte Rolling Supplies<\/h2>\n<p>Mascotte to holenderski producent bibu\u0142ek i akcesori\u00f3w do palenia, kt\u00f3ry jest dobrze znany w\u015br\u00f3d spo\u0142eczno\u015bci palaczy w Holandii. Wysokiej jako\u015bci bletki od Mascotte mo\u017cna znale\u017a\u0107 w niemal ka\u017cdym sklepie na rogu. Nie bez powodu! Mascotte produkuje wysokiej jako\u015bci bletki, kt\u00f3re zaspokoj\u0105 potrzeby ka\u017cdego palacza. Kolekcja artyku\u0142\u00f3w dla palaczy Mascotte jest wype\u0142niona r\u00f3\u017cnymi produktami, kt\u00f3re mog\u0105 pasowa\u0107 do ka\u017cdej preferencji palenia!<\/p>","protected":false},"excerpt":{"rendered":"<p>Najprostsze innowacje mog\u0105 by\u0107 genialne! Prosta ksi\u0105\u017ceczka z poradami dotycz\u0105cymi zwijania, kt\u00f3ra pasuje do wszystkich najpopularniejszych rozmiar\u00f3w bibu\u0142ek, to prosta rzecz, kt\u00f3rej potrzebuje ka\u017cdy palacz. Koniec z ci\u0119ciem wizyt\u00f3wek lub rozdzieraniem czasopism. We\u017a ko\u0144c\u00f3wk\u0119, zwi\u0144 j\u0105 i u\u017cyj w swoim joincie, to takie proste!<\/p>","protected":false},"featured_media":44601,"template":"","meta":[],"product_brand":[],"product_cat":[445,297,414,627,816,421],"product_tag":[],"class_list":{"0":"post-41695","1":"product","2":"type-product","3":"status-publish","4":"has-post-thumbnail","6":"product_cat-rolling-tips","7":"product_cat-all-products","8":"product_cat-headshop","9":"product_cat-headshop-top-10","10":"product_cat-mascotte","11":"product_cat-rolling-papers","12":"product_shipping_class-creditcard-on","14":"first","15":"instock","16":"taxable","17":"shipping-taxable","18":"purchasable","19":"product-type-variable","20":"has-default-attributes"},"_links":{"self":[{"href":"https:\/\/www.headshop.nl\/pl\/wp-json\/wp\/v2\/product\/41695","targetHints":{"allow":["GET"]}}],"collection":[{"href":"https:\/\/www.headshop.nl\/pl\/wp-json\/wp\/v2\/product"}],"about":[{"href":"https:\/\/www.headshop.nl\/pl\/wp-json\/wp\/v2\/types\/product"}],"wp:featuredmedia":[{"embeddable":true,"href":"https:\/\/www.headshop.nl\/pl\/wp-json\/wp\/v2\/media\/44601"}],"wp:attachment":[{"href":"https:\/\/www.headshop.nl\/pl\/wp-json\/wp\/v2\/media?parent=41695"}],"wp:term":[{"taxonomy":"product_brand","embeddable":true,"href":"https:\/\/www.headshop.nl\/pl\/wp-json\/wp\/v2\/product_brand?post=41695"},{"taxonomy":"product_cat","embeddable":true,"href":"https:\/\/www.headshop.nl\/pl\/wp-json\/wp\/v2\/product_cat?post=41695"},{"taxonomy":"product_tag","embeddable":true,"href":"https:\/\/www.headshop.nl\/pl\/wp-json\/wp\/v2\/product_tag?post=41695"}],"curies":[{"name":"wp","href":"https:\/\/api.w.org\/{rel}","templated":true}]}}