{"id":41694,"date":"2022-03-14T10:03:42","date_gmt":"2022-03-14T10:03:42","guid":{"rendered":"https:\/\/www.headshop.nl\/?post_type=product&#038;p=41694"},"modified":"2025-05-23T09:43:26","modified_gmt":"2025-05-23T09:43:26","slug":"mascotte-active-34-filters","status":"publish","type":"product","link":"https:\/\/www.headshop.nl\/pl\/mascotte-active-34-filters\/","title":{"rendered":"Mascotte Aktywny 34 Filters"},"content":{"rendered":"<h2>Mascotte Active Charcoal Tips<\/h2>\n<p>Ci, kt\u00f3rzy szukaj\u0105 czystszego palenia, nie trac\u0105c nic z tego, co dobre... Powinni zacz\u0105\u0107 u\u017cywa\u0107 filtr\u00f3w z w\u0119glem aktywnym i nigdy nie wraca\u0107! Dzia\u0142aj\u0105 one cuda, filtruj\u0105c ka\u017cde zaci\u0105gni\u0119cie i zapewniaj\u0105c czystszy dym i lepszy smak. Je\u015bli nigdy ich nie pr\u00f3bowa\u0142e\u015b, zdecydowanie powiniene\u015b! Ka\u017cdy, kto wypr\u00f3buje ko\u0144c\u00f3wki z w\u0119glem drzewnym, natychmiast si\u0119 w nich zakochuje.<\/p>\n<h2>Mascotte Rolling Supplies<\/h2>\n<p>Mascotte to holenderski producent bibu\u0142ek i akcesori\u00f3w do palenia, kt\u00f3ry jest dobrze znany w\u015br\u00f3d spo\u0142eczno\u015bci palaczy w Holandii. Wysokiej jako\u015bci bletki od Mascotte mo\u017cna znale\u017a\u0107 w niemal ka\u017cdym sklepie na rogu. Nie bez powodu! Mascotte produkuje wysokiej jako\u015bci bletki, kt\u00f3re zaspokoj\u0105 potrzeby ka\u017cdego palacza. Kolekcja artyku\u0142\u00f3w dla palaczy Mascotte jest wype\u0142niona r\u00f3\u017cnymi produktami, kt\u00f3re mog\u0105 pasowa\u0107 do ka\u017cdej preferencji palenia!<\/p>","protected":false},"excerpt":{"rendered":"<p>Ko\u0144c\u00f3wki z w\u0119glem drzewnym na stawy szturmem zdobywaj\u0105 \u015bwiat. Nie bez powodu! Odfiltrowuj\u0105 one wszystkie szkodliwe substancje z dymu, nie zmieniaj\u0105c przy tym efekt\u00f3w uzyskiwanych z jointa. Prowadzi to nie tylko do czystszego palenia, ale tak\u017ce do lepszego smaku joint\u00f3w. Spr\u00f3buj, je\u015bli nigdy wcze\u015bniej ich nie pr\u00f3bowa\u0142e\u015b!<\/p>","protected":false},"featured_media":44605,"template":"","meta":[],"product_brand":[],"product_cat":[445,297,414,816,421],"product_tag":[],"class_list":{"0":"post-41694","1":"product","2":"type-product","3":"status-publish","4":"has-post-thumbnail","6":"product_cat-rolling-tips","7":"product_cat-all-products","8":"product_cat-headshop","9":"product_cat-mascotte","10":"product_cat-rolling-papers","11":"product_shipping_class-creditcard-on","13":"first","14":"instock","15":"taxable","16":"shipping-taxable","17":"purchasable","18":"product-type-variable","19":"has-default-attributes"},"_links":{"self":[{"href":"https:\/\/www.headshop.nl\/pl\/wp-json\/wp\/v2\/product\/41694","targetHints":{"allow":["GET"]}}],"collection":[{"href":"https:\/\/www.headshop.nl\/pl\/wp-json\/wp\/v2\/product"}],"about":[{"href":"https:\/\/www.headshop.nl\/pl\/wp-json\/wp\/v2\/types\/product"}],"wp:featuredmedia":[{"embeddable":true,"href":"https:\/\/www.headshop.nl\/pl\/wp-json\/wp\/v2\/media\/44605"}],"wp:attachment":[{"href":"https:\/\/www.headshop.nl\/pl\/wp-json\/wp\/v2\/media?parent=41694"}],"wp:term":[{"taxonomy":"product_brand","embeddable":true,"href":"https:\/\/www.headshop.nl\/pl\/wp-json\/wp\/v2\/product_brand?post=41694"},{"taxonomy":"product_cat","embeddable":true,"href":"https:\/\/www.headshop.nl\/pl\/wp-json\/wp\/v2\/product_cat?post=41694"},{"taxonomy":"product_tag","embeddable":true,"href":"https:\/\/www.headshop.nl\/pl\/wp-json\/wp\/v2\/product_tag?post=41694"}],"curies":[{"name":"wp","href":"https:\/\/api.w.org\/{rel}","templated":true}]}}