{"id":41689,"date":"2022-03-14T10:03:34","date_gmt":"2022-03-14T10:03:34","guid":{"rendered":"https:\/\/www.headshop.nl\/?post_type=product&#038;p=41689"},"modified":"2025-05-23T09:44:20","modified_gmt":"2025-05-23T09:44:20","slug":"mascotte-extra-thin-combi-slim-size","status":"publish","type":"product","link":"https:\/\/www.headshop.nl\/pl\/mascotte-extra-thin-combi-slim-size\/","title":{"rendered":"Mascotte Extra Thin Combi Slim Size"},"content":{"rendered":"<h2>Mascotte Tips i Papers<\/h2>\n<p>Je\u015bli lubisz mie\u0107 zawsze przy sobie wszystko, czego potrzebujesz do skr\u0119cenia jointa, potrzebujesz zestawu combi od Mascotte. Jest to zestaw combo, kt\u00f3ry zawiera zar\u00f3wno wysokiej jako\u015bci bletki, jak i pasuj\u0105ce ko\u0144c\u00f3wki, dzi\u0119ki czemu \u0142atwo b\u0119dzie zwija\u0107 jointy w podr\u00f3\u017cy!<\/p>\n<h2>Mascotte Rolling Supplies<\/h2>\n<p>Mascotte to holenderski producent bibu\u0142ek i akcesori\u00f3w do palenia, kt\u00f3ry jest dobrze znany w\u015br\u00f3d spo\u0142eczno\u015bci palaczy w Holandii. Wysokiej jako\u015bci bletki od Mascotte mo\u017cna znale\u017a\u0107 w niemal ka\u017cdym sklepie na rogu. Nie bez powodu! Mascotte produkuje wysokiej jako\u015bci bletki, kt\u00f3re zaspokoj\u0105 potrzeby ka\u017cdego palacza. Kolekcja artyku\u0142\u00f3w dla palaczy Mascotte jest wype\u0142niona r\u00f3\u017cnymi produktami, kt\u00f3re mog\u0105 pasowa\u0107 do ka\u017cdej preferencji palenia!<\/p>","protected":false},"excerpt":{"rendered":"<p>Je\u015bli potrzebujesz wyj\u0105tkowo cienkiej bibu\u0142ki z ko\u0144c\u00f3wkami, to jest to odpowiedni produkt dla Ciebie! Ci, kt\u00f3rzy przysi\u0119gaj\u0105 na cienkie bletki, pokochaj\u0105 ten niesamowity produkt od Mascotte. Opakowanie Combi oznacza, \u017ce masz mn\u00f3stwo ko\u0144c\u00f3wek, a w\u0105ski rozmiar papieru pozwala na u\u017cycie jeszcze mniejszej ilo\u015bci papieru, wi\u0119c jest to idealny produkt dla wszystkich rodzaj\u00f3w palaczy!<\/p>","protected":false},"featured_media":44637,"template":"","meta":[],"product_brand":[],"product_cat":[421,297,414,816,447,802],"product_tag":[],"class_list":{"0":"post-41689","1":"product","2":"type-product","3":"status-publish","4":"has-post-thumbnail","6":"product_cat-rolling-papers","7":"product_cat-all-products","8":"product_cat-headshop","9":"product_cat-mascotte","10":"product_cat-papers-with-tips","11":"product_cat-slim-size","12":"product_shipping_class-creditcard-on","14":"first","15":"instock","16":"taxable","17":"shipping-taxable","18":"purchasable","19":"product-type-variable","20":"has-default-attributes"},"_links":{"self":[{"href":"https:\/\/www.headshop.nl\/pl\/wp-json\/wp\/v2\/product\/41689","targetHints":{"allow":["GET"]}}],"collection":[{"href":"https:\/\/www.headshop.nl\/pl\/wp-json\/wp\/v2\/product"}],"about":[{"href":"https:\/\/www.headshop.nl\/pl\/wp-json\/wp\/v2\/types\/product"}],"wp:featuredmedia":[{"embeddable":true,"href":"https:\/\/www.headshop.nl\/pl\/wp-json\/wp\/v2\/media\/44637"}],"wp:attachment":[{"href":"https:\/\/www.headshop.nl\/pl\/wp-json\/wp\/v2\/media?parent=41689"}],"wp:term":[{"taxonomy":"product_brand","embeddable":true,"href":"https:\/\/www.headshop.nl\/pl\/wp-json\/wp\/v2\/product_brand?post=41689"},{"taxonomy":"product_cat","embeddable":true,"href":"https:\/\/www.headshop.nl\/pl\/wp-json\/wp\/v2\/product_cat?post=41689"},{"taxonomy":"product_tag","embeddable":true,"href":"https:\/\/www.headshop.nl\/pl\/wp-json\/wp\/v2\/product_tag?post=41689"}],"curies":[{"name":"wp","href":"https:\/\/api.w.org\/{rel}","templated":true}]}}