{"id":41683,"date":"2022-03-14T10:03:33","date_gmt":"2022-03-14T10:03:33","guid":{"rendered":"https:\/\/www.headshop.nl\/?post_type=product&#038;p=41683"},"modified":"2025-05-23T09:45:42","modified_gmt":"2025-05-23T09:45:42","slug":"mascotte-extra-thin-slim-size-rolling-papers","status":"publish","type":"product","link":"https:\/\/www.headshop.nl\/pl\/mascotte-extra-thin-slim-size-rolling-papers\/","title":{"rendered":"Mascotte Extra Thin Slim Size Rolling Papers"},"content":{"rendered":"<h2>Slim Mascotte Papers<\/h2>\n<p>Smuk\u0142e bletki s\u0105 obecnie prawdopodobnie najpopularniejszymi bletkami na \u015bwiecie. Przy tak du\u017cym popycie na smuk\u0142e bibu\u0142ki, marki takie jak Mascotte musz\u0105 stworzy\u0107 idealn\u0105 smuk\u0142\u0105 bibu\u0142k\u0119. Uwa\u017camy, \u017ce zesp\u00f3\u0142 Mascotte wykorzysta\u0142 swoje dziesi\u0119ciolecia do\u015bwiadczenia w produkcji materia\u0142\u00f3w do palenia, aby dostarczy\u0107 idealne bletki, kt\u00f3re wszyscy kochaj\u0105!<\/p>\n<h2>Mascotte Rolling Supplies<\/h2>\n<p>Mascotte to holenderski producent bibu\u0142ek i akcesori\u00f3w do palenia, kt\u00f3ry jest dobrze znany w\u015br\u00f3d spo\u0142eczno\u015bci palaczy w Holandii. Wysokiej jako\u015bci bletki od Mascotte mo\u017cna znale\u017a\u0107 w niemal ka\u017cdym sklepie na rogu. Nie bez powodu! Mascotte produkuje wysokiej jako\u015bci bletki, kt\u00f3re zaspokoj\u0105 potrzeby ka\u017cdego palacza. Kolekcja artyku\u0142\u00f3w dla palaczy Mascotte jest wype\u0142niona r\u00f3\u017cnymi produktami, kt\u00f3re mog\u0105 pasowa\u0107 do ka\u017cdej preferencji palenia!<\/p>","protected":false},"excerpt":{"rendered":"<p>Mi\u0142o\u015bnicy cienkich bibu\u0142ek bardzo lubi\u0105 ten prosty produkt od Mascotte! Bibu\u0142ki te pal\u0105 si\u0119 powoli i r\u00f3wnomiernie, a ich niewielki rozmiar zapewnia, \u017ce do zwini\u0119cia wysokiej jako\u015bci jointa zu\u017cywana jest jak najmniejsza ilo\u015b\u0107 papieru. Firma Mascotte sp\u0119dzi\u0142a dziesi\u0119ciolecia na doskonaleniu swojej linii cienkich bibu\u0142ek i mo\u017cesz poczu\u0107, \u017ce ca\u0142y ten wysi\u0142ek si\u0119 op\u0142aci\u0142!<\/p>","protected":false},"featured_media":44651,"template":"","meta":[],"product_brand":[],"product_cat":[421,297,414,816,446,802],"product_tag":[],"class_list":{"0":"post-41683","1":"product","2":"type-product","3":"status-publish","4":"has-post-thumbnail","6":"product_cat-rolling-papers","7":"product_cat-all-products","8":"product_cat-headshop","9":"product_cat-mascotte","10":"product_cat-papers","11":"product_cat-slim-size","12":"product_shipping_class-creditcard-on","14":"first","15":"instock","16":"taxable","17":"shipping-taxable","18":"purchasable","19":"product-type-variable","20":"has-default-attributes"},"_links":{"self":[{"href":"https:\/\/www.headshop.nl\/pl\/wp-json\/wp\/v2\/product\/41683","targetHints":{"allow":["GET"]}}],"collection":[{"href":"https:\/\/www.headshop.nl\/pl\/wp-json\/wp\/v2\/product"}],"about":[{"href":"https:\/\/www.headshop.nl\/pl\/wp-json\/wp\/v2\/types\/product"}],"wp:featuredmedia":[{"embeddable":true,"href":"https:\/\/www.headshop.nl\/pl\/wp-json\/wp\/v2\/media\/44651"}],"wp:attachment":[{"href":"https:\/\/www.headshop.nl\/pl\/wp-json\/wp\/v2\/media?parent=41683"}],"wp:term":[{"taxonomy":"product_brand","embeddable":true,"href":"https:\/\/www.headshop.nl\/pl\/wp-json\/wp\/v2\/product_brand?post=41683"},{"taxonomy":"product_cat","embeddable":true,"href":"https:\/\/www.headshop.nl\/pl\/wp-json\/wp\/v2\/product_cat?post=41683"},{"taxonomy":"product_tag","embeddable":true,"href":"https:\/\/www.headshop.nl\/pl\/wp-json\/wp\/v2\/product_tag?post=41683"}],"curies":[{"name":"wp","href":"https:\/\/api.w.org\/{rel}","templated":true}]}}