{"id":41671,"date":"2022-03-14T10:03:31","date_gmt":"2022-03-14T10:03:31","guid":{"rendered":"https:\/\/www.headshop.nl\/?post_type=product&#038;p=41671"},"modified":"2025-05-23T09:46:20","modified_gmt":"2025-05-23T09:46:20","slug":"foldable-rolling-stand","status":"publish","type":"product","link":"https:\/\/www.headshop.nl\/pl\/foldable-rolling-stand\/","title":{"rendered":"Sk\u0142adany stojak na k\u00f3\u0142kach"},"content":{"rendered":"<h2>Niegrzeczna walizka<\/h2>\n<p>\u015awiat palenia marihuany nie zawsze musi by\u0107 innowacyjny dzi\u0119ki drogim, zaawansowanym technologiom, takim jak waporyzatory. Czasami na rynku pojawia si\u0119 nowy produkt, kt\u00f3ry mo\u017cna wykona\u0107 z prostego kawa\u0142ka tektury i kilku ma\u0142ych magnes\u00f3w. Dok\u0142adnie to zrobi\u0142 zesp\u00f3\u0142 stoj\u0105cy za stojakiem Naughty Briefcase. Prosty geniusz i pasuje do rozmiaru twoich papier\u00f3w!<\/p>","protected":false},"excerpt":{"rendered":"<p>Czym jest przeno\u015bny magnetyczny stojak na bletki? Jest to ma\u0142e, funkcjonalne urz\u0105dzenie kartonowe, kt\u00f3re jest dok\u0142adnie wielko\u015bci paczki bletek, dzi\u0119ki czemu jest niezwykle \u0142atwe do przenoszenia. Ten sk\u0142adany sprz\u0119t zosta\u0142 stworzony, aby u\u0142atwi\u0107 zwijanie idealnego jointa, poniewa\u017c b\u0119dzie trzyma\u0142 bletk\u0119 podczas dodawania mieszanki zi\u00f3\u0142 i tytoniu. Po zako\u0144czeniu rozprowadzania dobrych rzeczy, we\u017a papier i zwi\u0144 go. Proste i genialne!<\/p>","protected":false},"featured_media":44885,"template":"","meta":[],"product_brand":[],"product_cat":[448,297,414,421],"product_tag":[],"class_list":{"0":"post-41671","1":"product","2":"type-product","3":"status-publish","4":"has-post-thumbnail","6":"product_cat-rolling-machines","7":"product_cat-all-products","8":"product_cat-headshop","9":"product_cat-rolling-papers","10":"product_shipping_class-creditcard-on","12":"first","13":"instock","14":"taxable","15":"shipping-taxable","16":"purchasable","17":"product-type-variable","18":"has-default-attributes"},"_links":{"self":[{"href":"https:\/\/www.headshop.nl\/pl\/wp-json\/wp\/v2\/product\/41671","targetHints":{"allow":["GET"]}}],"collection":[{"href":"https:\/\/www.headshop.nl\/pl\/wp-json\/wp\/v2\/product"}],"about":[{"href":"https:\/\/www.headshop.nl\/pl\/wp-json\/wp\/v2\/types\/product"}],"wp:featuredmedia":[{"embeddable":true,"href":"https:\/\/www.headshop.nl\/pl\/wp-json\/wp\/v2\/media\/44885"}],"wp:attachment":[{"href":"https:\/\/www.headshop.nl\/pl\/wp-json\/wp\/v2\/media?parent=41671"}],"wp:term":[{"taxonomy":"product_brand","embeddable":true,"href":"https:\/\/www.headshop.nl\/pl\/wp-json\/wp\/v2\/product_brand?post=41671"},{"taxonomy":"product_cat","embeddable":true,"href":"https:\/\/www.headshop.nl\/pl\/wp-json\/wp\/v2\/product_cat?post=41671"},{"taxonomy":"product_tag","embeddable":true,"href":"https:\/\/www.headshop.nl\/pl\/wp-json\/wp\/v2\/product_tag?post=41671"}],"curies":[{"name":"wp","href":"https:\/\/api.w.org\/{rel}","templated":true}]}}