{"id":41668,"date":"2022-03-14T10:03:30","date_gmt":"2022-03-14T10:03:30","guid":{"rendered":"https:\/\/www.headshop.nl\/?post_type=product&#038;p=41668"},"modified":"2025-05-23T09:46:48","modified_gmt":"2025-05-23T09:46:48","slug":"elements-artesano-with-tips-and-tray","status":"publish","type":"product","link":"https:\/\/www.headshop.nl\/pl\/elements-artesano-with-tips-and-tray\/","title":{"rendered":"Elements Artesano z Tips i podstawk\u0105"},"content":{"rendered":"<h2>Elements Rolling Papers<\/h2>\n<p>Dzi\u0119ki tysi\u0105com lat do\u015bwiadczenia, ludzko\u015b\u0107 mo\u017ce wytwarza\u0107 papier z niemal ka\u017cdego materia\u0142u. Materia\u0142y do palenia Elements wykorzystuj\u0105 to do\u015bwiadczenie ludzko\u015bci i stosuj\u0105 je podczas produkcji wysokiej jako\u015bci bibu\u0142ek. W\u0142a\u015bnie dlatego ich organicznie pozyskiwane bibu\u0142ki maj\u0105 tak wielu zachwyconych fan\u00f3w na ca\u0142ym \u015bwiecie! Spr\u00f3buj, jeste\u015bmy pewni, \u017ce ci si\u0119 spodoba.<\/p>","protected":false},"excerpt":{"rendered":"<p>Jest to por\u0119czna paczka ma\u0142ych bibu\u0142ek do zwijania wraz z kilkoma ko\u0144c\u00f3wkami i sk\u0142adan\u0105 tack\u0105, w kt\u00f3rej mo\u017cna miesza\u0107 zio\u0142o i tyto\u0144. Innymi s\u0142owy, jest to wszystko, czego potrzebujesz do skr\u0119cenia spliffa lub ma\u0142ego jointa w podr\u00f3\u017cy. Otw\u00f3rz opakowanie, wymieszaj tyto\u0144 na tacce, przygotuj ko\u0144c\u00f3wk\u0119 i zwi\u0144 j\u0105. B\u0119dziesz pali\u0142 tego jointa w mgnieniu oka!<\/p>","protected":false},"featured_media":45104,"template":"","meta":[],"product_brand":[],"product_cat":[421,297,414,447],"product_tag":[],"class_list":{"0":"post-41668","1":"product","2":"type-product","3":"status-publish","4":"has-post-thumbnail","6":"product_cat-rolling-papers","7":"product_cat-all-products","8":"product_cat-headshop","9":"product_cat-papers-with-tips","10":"product_shipping_class-creditcard-on","12":"first","13":"instock","14":"taxable","15":"shipping-taxable","16":"purchasable","17":"product-type-variable","18":"has-default-attributes"},"_links":{"self":[{"href":"https:\/\/www.headshop.nl\/pl\/wp-json\/wp\/v2\/product\/41668","targetHints":{"allow":["GET"]}}],"collection":[{"href":"https:\/\/www.headshop.nl\/pl\/wp-json\/wp\/v2\/product"}],"about":[{"href":"https:\/\/www.headshop.nl\/pl\/wp-json\/wp\/v2\/types\/product"}],"wp:featuredmedia":[{"embeddable":true,"href":"https:\/\/www.headshop.nl\/pl\/wp-json\/wp\/v2\/media\/45104"}],"wp:attachment":[{"href":"https:\/\/www.headshop.nl\/pl\/wp-json\/wp\/v2\/media?parent=41668"}],"wp:term":[{"taxonomy":"product_brand","embeddable":true,"href":"https:\/\/www.headshop.nl\/pl\/wp-json\/wp\/v2\/product_brand?post=41668"},{"taxonomy":"product_cat","embeddable":true,"href":"https:\/\/www.headshop.nl\/pl\/wp-json\/wp\/v2\/product_cat?post=41668"},{"taxonomy":"product_tag","embeddable":true,"href":"https:\/\/www.headshop.nl\/pl\/wp-json\/wp\/v2\/product_tag?post=41668"}],"curies":[{"name":"wp","href":"https:\/\/api.w.org\/{rel}","templated":true}]}}