{"id":41666,"date":"2022-03-14T10:03:30","date_gmt":"2022-03-14T10:03:30","guid":{"rendered":"https:\/\/www.headshop.nl\/?post_type=product&#038;p=41666"},"modified":"2025-05-23T09:46:38","modified_gmt":"2025-05-23T09:46:38","slug":"elements-king-size-slim-thin","status":"publish","type":"product","link":"https:\/\/www.headshop.nl\/pl\/elements-king-size-slim-thin\/","title":{"rendered":"Elements King Size Slim Thin"},"content":{"rendered":"<h2>Elements Cienki ry\u017c Rolling Papers<\/h2>\n<p>Dzi\u0119ki tysi\u0105com lat do\u015bwiadczenia, ludzko\u015b\u0107 mo\u017ce wytwarza\u0107 papier z niemal ka\u017cdego materia\u0142u. Materia\u0142y do palenia Elements wykorzystuj\u0105 to do\u015bwiadczenie ludzko\u015bci i stosuj\u0105 je podczas produkcji wysokiej jako\u015bci bibu\u0142ek. W\u0142a\u015bnie dlatego ich organicznie pozyskiwane bibu\u0142ki maj\u0105 tak wielu zachwyconych fan\u00f3w na ca\u0142ym \u015bwiecie! Spr\u00f3buj, jeste\u015bmy pewni, \u017ce ci si\u0119 spodoba.<\/p>","protected":false},"excerpt":{"rendered":"<p>Mi\u0142o\u015bnicy cienkich bibu\u0142ek, radujcie si\u0119! Wykonane z ry\u017cu bibu\u0142ki s\u0105 jednymi z najcie\u0144szych, jakie mo\u017cna znale\u017a\u0107 na rynku akcesori\u00f3w dla palaczy. Dzi\u0119ki smuk\u0142emu rozmiarowi, kt\u00f3ry wszyscy kochaj\u0105, po zwini\u0119ciu te bibu\u0142ki zaowocuj\u0105 wolno pal\u0105cym si\u0119 jointem i og\u00f3lnie niesamowitymi wra\u017ceniami z palenia.<\/p>","protected":false},"featured_media":45090,"template":"","meta":[],"product_brand":[],"product_cat":[421,297,414,446,802],"product_tag":[],"class_list":{"0":"post-41666","1":"product","2":"type-product","3":"status-publish","4":"has-post-thumbnail","6":"product_cat-rolling-papers","7":"product_cat-all-products","8":"product_cat-headshop","9":"product_cat-papers","10":"product_cat-slim-size","11":"product_shipping_class-creditcard-on","13":"first","14":"instock","15":"taxable","16":"shipping-taxable","17":"purchasable","18":"product-type-variable","19":"has-default-attributes"},"_links":{"self":[{"href":"https:\/\/www.headshop.nl\/pl\/wp-json\/wp\/v2\/product\/41666","targetHints":{"allow":["GET"]}}],"collection":[{"href":"https:\/\/www.headshop.nl\/pl\/wp-json\/wp\/v2\/product"}],"about":[{"href":"https:\/\/www.headshop.nl\/pl\/wp-json\/wp\/v2\/types\/product"}],"wp:featuredmedia":[{"embeddable":true,"href":"https:\/\/www.headshop.nl\/pl\/wp-json\/wp\/v2\/media\/45090"}],"wp:attachment":[{"href":"https:\/\/www.headshop.nl\/pl\/wp-json\/wp\/v2\/media?parent=41666"}],"wp:term":[{"taxonomy":"product_brand","embeddable":true,"href":"https:\/\/www.headshop.nl\/pl\/wp-json\/wp\/v2\/product_brand?post=41666"},{"taxonomy":"product_cat","embeddable":true,"href":"https:\/\/www.headshop.nl\/pl\/wp-json\/wp\/v2\/product_cat?post=41666"},{"taxonomy":"product_tag","embeddable":true,"href":"https:\/\/www.headshop.nl\/pl\/wp-json\/wp\/v2\/product_tag?post=41666"}],"curies":[{"name":"wp","href":"https:\/\/api.w.org\/{rel}","templated":true}]}}