{"id":41665,"date":"2022-03-14T10:03:29","date_gmt":"2022-03-14T10:03:29","guid":{"rendered":"https:\/\/www.headshop.nl\/?post_type=product&#038;p=41665"},"modified":"2025-05-23T09:46:55","modified_gmt":"2025-05-23T09:46:55","slug":"elements-king-size-thin","status":"publish","type":"product","link":"https:\/\/www.headshop.nl\/pl\/elements-king-size-thin\/","title":{"rendered":"Elements King Size Cienki"},"content":{"rendered":"<h2>Elements Cienki Rolling Papers<\/h2>\n<p>Dzi\u0119ki tysi\u0105com lat do\u015bwiadczenia, ludzko\u015b\u0107 mo\u017ce wytwarza\u0107 papier z niemal ka\u017cdego materia\u0142u. Materia\u0142y do palenia Elements wykorzystuj\u0105 to do\u015bwiadczenie ludzko\u015bci i stosuj\u0105 je podczas produkcji wysokiej jako\u015bci bibu\u0142ek. W\u0142a\u015bnie dlatego ich organicznie pozyskiwane bibu\u0142ki maj\u0105 tak wielu zachwyconych fan\u00f3w na ca\u0142ym \u015bwiecie! Spr\u00f3buj, jeste\u015bmy pewni, \u017ce ci si\u0119 spodoba.<\/p>","protected":false},"excerpt":{"rendered":"<p>Kr\u00f3lewskie bletki wykonane z ry\u017cu, kt\u00f3re zapewniaj\u0105 powolne spalanie! Jest to jeden z powod\u00f3w, dla kt\u00f3rych wi\u0119kszo\u015b\u0107 mi\u0142o\u015bnik\u00f3w cienkich bibu\u0142ek wybiera elementy, kt\u00f3re wiedz\u0105, jak u\u017cywa\u0107 materia\u0142\u00f3w organicznych we w\u0142a\u015bciwy spos\u00f3b, aby uzyska\u0107 idealny papier, kt\u00f3ry wywo\u0142uje rado\u015b\u0107 na twarzy podczas palenia jointa.<\/p>","protected":false},"featured_media":45120,"template":"","meta":[],"product_brand":[],"product_cat":[421,297,414,801,446],"product_tag":[],"class_list":{"0":"post-41665","1":"product","2":"type-product","3":"status-publish","4":"has-post-thumbnail","6":"product_cat-rolling-papers","7":"product_cat-all-products","8":"product_cat-headshop","9":"product_cat-king-size","10":"product_cat-papers","11":"product_shipping_class-creditcard-on","13":"first","14":"instock","15":"taxable","16":"shipping-taxable","17":"purchasable","18":"product-type-variable","19":"has-default-attributes"},"_links":{"self":[{"href":"https:\/\/www.headshop.nl\/pl\/wp-json\/wp\/v2\/product\/41665","targetHints":{"allow":["GET"]}}],"collection":[{"href":"https:\/\/www.headshop.nl\/pl\/wp-json\/wp\/v2\/product"}],"about":[{"href":"https:\/\/www.headshop.nl\/pl\/wp-json\/wp\/v2\/types\/product"}],"wp:featuredmedia":[{"embeddable":true,"href":"https:\/\/www.headshop.nl\/pl\/wp-json\/wp\/v2\/media\/45120"}],"wp:attachment":[{"href":"https:\/\/www.headshop.nl\/pl\/wp-json\/wp\/v2\/media?parent=41665"}],"wp:term":[{"taxonomy":"product_brand","embeddable":true,"href":"https:\/\/www.headshop.nl\/pl\/wp-json\/wp\/v2\/product_brand?post=41665"},{"taxonomy":"product_cat","embeddable":true,"href":"https:\/\/www.headshop.nl\/pl\/wp-json\/wp\/v2\/product_cat?post=41665"},{"taxonomy":"product_tag","embeddable":true,"href":"https:\/\/www.headshop.nl\/pl\/wp-json\/wp\/v2\/product_tag?post=41665"}],"curies":[{"name":"wp","href":"https:\/\/api.w.org\/{rel}","templated":true}]}}