{"id":41656,"date":"2022-03-14T10:03:21","date_gmt":"2022-03-14T10:03:21","guid":{"rendered":"https:\/\/www.headshop.nl\/?post_type=product&#038;p=41656"},"modified":"2025-05-23T09:47:47","modified_gmt":"2025-05-23T09:47:47","slug":"raw-organic-hemp-king-size-slim-rolling-papers","status":"publish","type":"product","link":"https:\/\/www.headshop.nl\/pl\/raw-organic-hemp-king-size-slim-rolling-papers\/","title":{"rendered":"Raw Organic Hemp King Size Slim Rolling Papers"},"content":{"rendered":"<h2>Raw Organic Hemp Papers<\/h2>\n<p>Linia produkt\u00f3w Raw Organic Hemp to w pe\u0142ni naturalny smak dymu z konopi, kt\u00f3ry pojawia si\u0119, gdy u\u017cywasz bibu\u0142ek konopnych do zwijania joint\u00f3w. Nic nie pasuje lepiej do smaku marihuany ni\u017c... sama marihuana! Bibu\u0142ki konopne to \u015bwietny organiczny i nierafinowany spos\u00f3b na zwijanie joint\u00f3w!<\/p>\n<h2>Raw Smoking Materia\u0142y eksploatacyjne<\/h2>\n<p>Raw jest znany z wysokiej jako\u015bci autentycznych materia\u0142\u00f3w do palenia, kt\u00f3re s\u0105 uwielbiane przez miliony palaczy na ca\u0142ym \u015bwiecie. Raw to jedna z najbardziej rozpoznawalnych marek papieru do palenia, kt\u00f3rej mo\u017cna zaufa\u0107 dzi\u0119ki najbardziej organicznemu, naturalnemu i najwy\u017cszej jako\u015bci papierowi do palenia.<\/p>","protected":false},"excerpt":{"rendered":"<p>Szukasz najwy\u017cszej jako\u015bci papieru konopnego w rozmiarze king size? Nie szukaj wi\u0119cej, Raw zapewni Ci ochron\u0119! Rozmiar bletki Classic i najwy\u017cszej jako\u015bci naturalne materia\u0142y, jakie mo\u017cna sobie wyobrazi\u0107. Nic nie pali si\u0119 \u0142adniej i p\u0142ynniej ni\u017c wysokiej jako\u015bci bletka Raw w rozmiarze king size!<\/p>","protected":false},"featured_media":43336,"template":"","meta":[],"product_brand":[],"product_cat":[421,297,414,791,801,446,771],"product_tag":[],"class_list":{"0":"post-41656","1":"product","2":"type-product","3":"status-publish","4":"has-post-thumbnail","6":"product_cat-rolling-papers","7":"product_cat-all-products","8":"product_cat-headshop","9":"product_cat-hemp-papers","10":"product_cat-king-size","11":"product_cat-papers","12":"product_cat-raw","13":"product_shipping_class-creditcard-on","15":"first","16":"instock","17":"taxable","18":"shipping-taxable","19":"purchasable","20":"product-type-variable","21":"has-default-attributes"},"_links":{"self":[{"href":"https:\/\/www.headshop.nl\/pl\/wp-json\/wp\/v2\/product\/41656","targetHints":{"allow":["GET"]}}],"collection":[{"href":"https:\/\/www.headshop.nl\/pl\/wp-json\/wp\/v2\/product"}],"about":[{"href":"https:\/\/www.headshop.nl\/pl\/wp-json\/wp\/v2\/types\/product"}],"wp:featuredmedia":[{"embeddable":true,"href":"https:\/\/www.headshop.nl\/pl\/wp-json\/wp\/v2\/media\/43336"}],"wp:attachment":[{"href":"https:\/\/www.headshop.nl\/pl\/wp-json\/wp\/v2\/media?parent=41656"}],"wp:term":[{"taxonomy":"product_brand","embeddable":true,"href":"https:\/\/www.headshop.nl\/pl\/wp-json\/wp\/v2\/product_brand?post=41656"},{"taxonomy":"product_cat","embeddable":true,"href":"https:\/\/www.headshop.nl\/pl\/wp-json\/wp\/v2\/product_cat?post=41656"},{"taxonomy":"product_tag","embeddable":true,"href":"https:\/\/www.headshop.nl\/pl\/wp-json\/wp\/v2\/product_tag?post=41656"}],"curies":[{"name":"wp","href":"https:\/\/api.w.org\/{rel}","templated":true}]}}