{"id":41642,"date":"2022-03-14T10:03:18","date_gmt":"2022-03-14T10:03:18","guid":{"rendered":"https:\/\/www.headshop.nl\/?post_type=product&#038;p=41642"},"modified":"2025-05-23T09:50:26","modified_gmt":"2025-05-23T09:50:26","slug":"tattoo-movie-flipbook-tips","status":"publish","type":"product","link":"https:\/\/www.headshop.nl\/pl\/tattoo-movie-flipbook-tips\/","title":{"rendered":"Tattoo Movie Flipbook Tips"},"content":{"rendered":"<h2>Rolling Tips<\/h2>\n<p>By\u0142 taki czas, kiedy zwijali\u015bmy jointy robi\u0105c tipsy z wizyt\u00f3wek, magazyn\u00f3w i ka\u017cdego mocnego papieru, jaki wpad\u0142 nam w r\u0119ce. Ten czas ju\u017c min\u0105\u0142! Ka\u017cdy palacz powinien teraz korzysta\u0107 z najprostszego i genialnego wynalazku, jakim jest ksi\u0105\u017ceczka z filter tipami. Wystarczy wyrwa\u0107 jedn\u0105 ko\u0144c\u00f3wk\u0119, zwin\u0105\u0107 j\u0105 i u\u017cy\u0107 do swojego jointa. Po\u017cegnaj si\u0119 z przypadkowym u\u017cyciem tej wa\u017cnej wizyt\u00f3wki do kilku joint\u00f3w. Przywitaj si\u0119 z idealnym rozmiarem i wytrzyma\u0142o\u015bci\u0105 ko\u0144c\u00f3wek stworzonych specjalnie do zwijania joint\u00f3w!<\/p>","protected":false},"excerpt":{"rendered":"<p>Te wskaz\u00f3wki s\u0105 nie tylko idealne do zwijania staw\u00f3w, ale tak\u017ce do rozpocz\u0119cia rozmowy z kumplami. Dlaczego? Poniewa\u017c ta broszura jest r\u00f3wnie\u017c ma\u0142ym filmem typu flipbook. Je\u015bli przewr\u00f3cisz t\u0119 broszur\u0119 naprawd\u0119 szybko, zobaczysz ma\u0142\u0105 animacj\u0119, poniewa\u017c ka\u017cda wskaz\u00f3wka ma inny projekt, kt\u00f3ry tworzy ma\u0142\u0105 sekwencj\u0119 filmow\u0105!<\/p>","protected":false},"featured_media":44871,"template":"","meta":[],"product_brand":[],"product_cat":[445,297,414,421],"product_tag":[],"class_list":{"0":"post-41642","1":"product","2":"type-product","3":"status-publish","4":"has-post-thumbnail","6":"product_cat-rolling-tips","7":"product_cat-all-products","8":"product_cat-headshop","9":"product_cat-rolling-papers","10":"product_shipping_class-creditcard-on","12":"first","13":"instock","14":"taxable","15":"shipping-taxable","16":"purchasable","17":"product-type-variable","18":"has-default-attributes"},"_links":{"self":[{"href":"https:\/\/www.headshop.nl\/pl\/wp-json\/wp\/v2\/product\/41642","targetHints":{"allow":["GET"]}}],"collection":[{"href":"https:\/\/www.headshop.nl\/pl\/wp-json\/wp\/v2\/product"}],"about":[{"href":"https:\/\/www.headshop.nl\/pl\/wp-json\/wp\/v2\/types\/product"}],"wp:featuredmedia":[{"embeddable":true,"href":"https:\/\/www.headshop.nl\/pl\/wp-json\/wp\/v2\/media\/44871"}],"wp:attachment":[{"href":"https:\/\/www.headshop.nl\/pl\/wp-json\/wp\/v2\/media?parent=41642"}],"wp:term":[{"taxonomy":"product_brand","embeddable":true,"href":"https:\/\/www.headshop.nl\/pl\/wp-json\/wp\/v2\/product_brand?post=41642"},{"taxonomy":"product_cat","embeddable":true,"href":"https:\/\/www.headshop.nl\/pl\/wp-json\/wp\/v2\/product_cat?post=41642"},{"taxonomy":"product_tag","embeddable":true,"href":"https:\/\/www.headshop.nl\/pl\/wp-json\/wp\/v2\/product_tag?post=41642"}],"curies":[{"name":"wp","href":"https:\/\/api.w.org\/{rel}","templated":true}]}}