{"id":41634,"date":"2022-03-14T10:03:16","date_gmt":"2022-03-14T10:03:16","guid":{"rendered":"https:\/\/www.headshop.nl\/?post_type=product&#038;p=41634"},"modified":"2024-09-17T10:59:21","modified_gmt":"2024-09-17T10:59:21","slug":"raw-pre-rolled-king-size-cones","status":"publish","type":"product","link":"https:\/\/www.headshop.nl\/pl\/raw-pre-rolled-king-size-cones\/","title":{"rendered":"Raw wst\u0119pnie walcowane King Size Cones"},"content":{"rendered":"<h2>RAW Classic Rolling Papers<\/h2>\n<p>Raw classic to produkty, kt\u00f3re pokocha ka\u017cdy palacz! Wszystkie bibu\u0142ki RAW s\u0105 wykonane z materia\u0142\u00f3w organicznych, wszystko jest niebielone i nic nie jest traktowane chemikaliami, dlatego ka\u017cde palenie RAW jest czyste, a smak jest niesamowity! Wszystkie bibu\u0142ki do palenia Classic RAW i inne produkty do palenia s\u0105 kochane przez miliony i b\u0119d\u0105 kochane przez ka\u017cdego palacza, kt\u00f3ry je wypr\u00f3buje!<\/p>\n<h2>Raw Smoking Materia\u0142y eksploatacyjne<\/h2>\n<p>Raw jest znany z wysokiej jako\u015bci autentycznych materia\u0142\u00f3w do palenia, kt\u00f3re s\u0105 uwielbiane przez miliony palaczy na ca\u0142ym \u015bwiecie. Raw to jedna z najbardziej rozpoznawalnych marek papieru do palenia, kt\u00f3rej mo\u017cna zaufa\u0107 dzi\u0119ki najbardziej organicznemu, naturalnemu i najwy\u017cszej jako\u015bci papierowi do palenia. Najlepsze artyku\u0142y dla palaczy!<\/p>","protected":false},"excerpt":{"rendered":"<p>Leniwi palacze, ten produkt jest stworzony specjalnie dla was! Chwy\u0107 sto\u017cek, nabierz zio\u0142a i pal od razu! Do\u015bwiadczenie w zwijaniu joint\u00f3w nie jest wymagane. Wszyscy pocz\u0105tkuj\u0105cy lub ci, kt\u00f3rzy nie potrafi\u0105 \u0142adnie zwija\u0107 swoich joint\u00f3w, powinni wypr\u00f3bowa\u0107 sto\u017cek. To proste i pali si\u0119 niesamowicie r\u00f3wnomiernie!<\/p>","protected":false},"featured_media":43605,"template":"","meta":[],"product_brand":[],"product_cat":[483,297,414,771,421],"product_tag":[],"class_list":{"0":"post-41634","1":"product","2":"type-product","3":"status-publish","4":"has-post-thumbnail","6":"product_cat-cones","7":"product_cat-all-products","8":"product_cat-headshop","9":"product_cat-raw","10":"product_cat-rolling-papers","11":"product_shipping_class-creditcard-on","13":"first","14":"instock","15":"taxable","16":"shipping-taxable","17":"purchasable","18":"product-type-variable","19":"has-default-attributes"},"_links":{"self":[{"href":"https:\/\/www.headshop.nl\/pl\/wp-json\/wp\/v2\/product\/41634","targetHints":{"allow":["GET"]}}],"collection":[{"href":"https:\/\/www.headshop.nl\/pl\/wp-json\/wp\/v2\/product"}],"about":[{"href":"https:\/\/www.headshop.nl\/pl\/wp-json\/wp\/v2\/types\/product"}],"wp:featuredmedia":[{"embeddable":true,"href":"https:\/\/www.headshop.nl\/pl\/wp-json\/wp\/v2\/media\/43605"}],"wp:attachment":[{"href":"https:\/\/www.headshop.nl\/pl\/wp-json\/wp\/v2\/media?parent=41634"}],"wp:term":[{"taxonomy":"product_brand","embeddable":true,"href":"https:\/\/www.headshop.nl\/pl\/wp-json\/wp\/v2\/product_brand?post=41634"},{"taxonomy":"product_cat","embeddable":true,"href":"https:\/\/www.headshop.nl\/pl\/wp-json\/wp\/v2\/product_cat?post=41634"},{"taxonomy":"product_tag","embeddable":true,"href":"https:\/\/www.headshop.nl\/pl\/wp-json\/wp\/v2\/product_tag?post=41634"}],"curies":[{"name":"wp","href":"https:\/\/api.w.org\/{rel}","templated":true}]}}