{"id":41633,"date":"2022-03-14T10:03:09","date_gmt":"2022-03-14T10:03:09","guid":{"rendered":"https:\/\/www.headshop.nl\/?post_type=product&#038;p=41633"},"modified":"2025-05-23T09:52:26","modified_gmt":"2025-05-23T09:52:26","slug":"cyclones-hemp-wonderberry-blunt-cones","status":"publish","type":"product","link":"https:\/\/www.headshop.nl\/pl\/cyclones-hemp-wonderberry-blunt-cones\/","title":{"rendered":"Cyclones Hemp Wonderberry Blunt Cones"},"content":{"rendered":"<h2>Hemp Blunt Cones<\/h2>\n<p>Podczas gdy u\u017cywanie li\u015bci tytoniu do zwijania oldschoolowego blunta nadal mo\u017ce by\u0107 klasyczne, mo\u017cesz mie\u0107 jeszcze lepsze wra\u017cenia z palenia, u\u017cywaj\u0105c owijek do blunta wykonanych z prawdziwych ro\u015blin konopi. A poniewa\u017c te owijki s\u0105 dost\u0119pne w sto\u017ckach, nie musisz nawet zmaga\u0107 si\u0119 z ich zwijaniem. Dodaj swoje zio\u0142o i pal!<\/p>","protected":false},"excerpt":{"rendered":"<p>Wszyscy wiemy, \u017ce najbardziej irytuj\u0105c\u0105 rzecz\u0105 w zwijaniu blunta jest jego zwijanie! Dlaczego nie u\u017cy\u0107 wst\u0119pnie zwini\u0119tego sto\u017cka, kt\u00f3ry zosta\u0142 wykonany z organicznych konopi i wykorzystuje pi\u0119kn\u0105 drewnian\u0105 ko\u0144c\u00f3wk\u0119. Wystarczy nabi\u0107 zio\u0142o i zapali\u0107. Proste jak to! Powolne palenie blunta bez konieczno\u015bci zwijania!<\/p>","protected":false},"featured_media":44984,"template":"","meta":[],"product_brand":[],"product_cat":[483,297,443,414,444,421],"product_tag":[],"class_list":{"0":"post-41633","1":"product","2":"type-product","3":"status-publish","4":"has-post-thumbnail","6":"product_cat-cones","7":"product_cat-all-products","8":"product_cat-blunts","9":"product_cat-headshop","10":"product_cat-hemp-wraps","11":"product_cat-rolling-papers","12":"product_shipping_class-creditcard-on","14":"first","15":"instock","16":"taxable","17":"shipping-taxable","18":"purchasable","19":"product-type-variable","20":"has-default-attributes"},"_links":{"self":[{"href":"https:\/\/www.headshop.nl\/pl\/wp-json\/wp\/v2\/product\/41633","targetHints":{"allow":["GET"]}}],"collection":[{"href":"https:\/\/www.headshop.nl\/pl\/wp-json\/wp\/v2\/product"}],"about":[{"href":"https:\/\/www.headshop.nl\/pl\/wp-json\/wp\/v2\/types\/product"}],"wp:featuredmedia":[{"embeddable":true,"href":"https:\/\/www.headshop.nl\/pl\/wp-json\/wp\/v2\/media\/44984"}],"wp:attachment":[{"href":"https:\/\/www.headshop.nl\/pl\/wp-json\/wp\/v2\/media?parent=41633"}],"wp:term":[{"taxonomy":"product_brand","embeddable":true,"href":"https:\/\/www.headshop.nl\/pl\/wp-json\/wp\/v2\/product_brand?post=41633"},{"taxonomy":"product_cat","embeddable":true,"href":"https:\/\/www.headshop.nl\/pl\/wp-json\/wp\/v2\/product_cat?post=41633"},{"taxonomy":"product_tag","embeddable":true,"href":"https:\/\/www.headshop.nl\/pl\/wp-json\/wp\/v2\/product_tag?post=41633"}],"curies":[{"name":"wp","href":"https:\/\/api.w.org\/{rel}","templated":true}]}}