{"id":41629,"date":"2022-03-14T10:03:08","date_gmt":"2022-03-14T10:03:08","guid":{"rendered":"https:\/\/www.headshop.nl\/?post_type=product&#038;p=41629"},"modified":"2025-05-23T09:53:01","modified_gmt":"2025-05-23T09:53:01","slug":"mascotte-extra-slim-filters","status":"publish","type":"product","link":"https:\/\/www.headshop.nl\/pl\/mascotte-extra-slim-filters\/","title":{"rendered":"Mascotte Extra Slim Filters"},"content":{"rendered":"<h2>Mascotte Rolling Supplies<\/h2>\n<p>Mascotte to holenderski producent bibu\u0142ek i akcesori\u00f3w do palenia, kt\u00f3ry jest dobrze znany w\u015br\u00f3d spo\u0142eczno\u015bci palaczy w Holandii. Wysokiej jako\u015bci bletki od Mascotte mo\u017cna znale\u017a\u0107 w niemal ka\u017cdym sklepie na rogu. Nie bez powodu! Mascotte produkuje wysokiej jako\u015bci bletki, kt\u00f3re zaspokoj\u0105 potrzeby ka\u017cdego palacza. Kolekcja artyku\u0142\u00f3w dla palaczy Mascotte jest wype\u0142niona r\u00f3\u017cnymi produktami, kt\u00f3re mog\u0105 pasowa\u0107 do ka\u017cdej preferencji palenia!<\/p>","protected":false},"excerpt":{"rendered":"<p>Palacze shag znaj\u0105 te wysokiej jako\u015bci filtry i kochaj\u0105 je w ca\u0142ej Europie. Nie bez powodu! Mascotte jest wiod\u0105c\u0105 mark\u0105 w Holandii od dziesi\u0119cioleci, dlatego tak wielu palaczy ufa ich wysokiej jako\u015bci ko\u0144c\u00f3wkom filtr\u00f3w i u\u017cywa ich ka\u017cdego dnia. Je\u015bli nigdy nie wypr\u00f3bowa\u0142e\u015b tych filtr\u00f3w, teraz jest na to czas!<\/p>","protected":false},"featured_media":75277,"template":"","meta":[],"product_brand":[],"product_cat":[445,297,414,627,816,421],"product_tag":[],"class_list":{"0":"post-41629","1":"product","2":"type-product","3":"status-publish","4":"has-post-thumbnail","6":"product_cat-rolling-tips","7":"product_cat-all-products","8":"product_cat-headshop","9":"product_cat-headshop-top-10","10":"product_cat-mascotte","11":"product_cat-rolling-papers","12":"product_shipping_class-creditcard-on","14":"first","15":"instock","16":"taxable","17":"shipping-taxable","18":"purchasable","19":"product-type-variable","20":"has-default-attributes"},"_links":{"self":[{"href":"https:\/\/www.headshop.nl\/pl\/wp-json\/wp\/v2\/product\/41629","targetHints":{"allow":["GET"]}}],"collection":[{"href":"https:\/\/www.headshop.nl\/pl\/wp-json\/wp\/v2\/product"}],"about":[{"href":"https:\/\/www.headshop.nl\/pl\/wp-json\/wp\/v2\/types\/product"}],"wp:featuredmedia":[{"embeddable":true,"href":"https:\/\/www.headshop.nl\/pl\/wp-json\/wp\/v2\/media\/75277"}],"wp:attachment":[{"href":"https:\/\/www.headshop.nl\/pl\/wp-json\/wp\/v2\/media?parent=41629"}],"wp:term":[{"taxonomy":"product_brand","embeddable":true,"href":"https:\/\/www.headshop.nl\/pl\/wp-json\/wp\/v2\/product_brand?post=41629"},{"taxonomy":"product_cat","embeddable":true,"href":"https:\/\/www.headshop.nl\/pl\/wp-json\/wp\/v2\/product_cat?post=41629"},{"taxonomy":"product_tag","embeddable":true,"href":"https:\/\/www.headshop.nl\/pl\/wp-json\/wp\/v2\/product_tag?post=41629"}],"curies":[{"name":"wp","href":"https:\/\/api.w.org\/{rel}","templated":true}]}}