{"id":41610,"date":"2022-03-14T10:03:05","date_gmt":"2022-03-14T10:03:05","guid":{"rendered":"https:\/\/www.headshop.nl\/?post_type=product&#038;p=41610"},"modified":"2025-05-23T09:56:38","modified_gmt":"2025-05-23T09:56:38","slug":"ocb-premium-rolls","status":"publish","type":"product","link":"https:\/\/www.headshop.nl\/pl\/ocb-premium-rolls\/","title":{"rendered":"OCB Premium Rolls"},"content":{"rendered":"<h2>OCB Rolling Paper<\/h2>\n<p>Cho\u0107 jest to bardzo popularna marka bibu\u0142ek w niekt\u00f3rych krajach, niewiele os\u00f3b wie o bibu\u0142kach OCB z Francji. Szkoda, poniewa\u017c je\u015bli chodzi o jako\u015b\u0107 papieru i jako\u015b\u0107 gumy, nie ma zbyt wielu odpowiednik\u00f3w tej marki. Szczeg\u00f3lnie warte wypr\u00f3bowania, je\u015bli zawsze za ma\u0142o lub za du\u017co palisz. Te bibu\u0142ki automatycznie rozwi\u0105\u017c\u0105 ten problem!<\/p>","protected":false},"excerpt":{"rendered":"<p>Ka\u017cdy chce, aby jego bletka by\u0142a najlepsza, ale wszystko staje si\u0119 oczywiste, gdy spr\u00f3bujesz j\u0105 zwin\u0105\u0107 i zapali\u0107. C\u00f3\u017c, je\u015bli nigdy nie pr\u00f3bowa\u0142e\u015b OCB Rolls, zdecydowanie powiniene\u015b! Jedna z najbardziej niezawodnych gum w mie\u015bcie, kt\u00f3rej nie da si\u0119 przeoczy\u0107 i prawdziwa okazja, je\u015bli chodzi o wytrzyma\u0142o\u015b\u0107 jointa i powolne spalanie. Je\u015bli to czytasz i nigdy nie pr\u00f3bowa\u0142e\u015b OCB, rzu\u0107 wszystko i zdob\u0105d\u017a troch\u0119 teraz, to mo\u017ce zmieni\u0107 twoj\u0105 perspektyw\u0119 na to, jaki mo\u017ce by\u0107 najlepszy papier do zwijania!<\/p>","protected":false},"featured_media":45015,"template":"","meta":[],"product_brand":[],"product_cat":[421,297,414,803],"product_tag":[],"class_list":{"0":"post-41610","1":"product","2":"type-product","3":"status-publish","4":"has-post-thumbnail","6":"product_cat-rolling-papers","7":"product_cat-all-products","8":"product_cat-headshop","9":"product_cat-rolls","10":"product_shipping_class-creditcard-on","12":"first","13":"instock","14":"taxable","15":"shipping-taxable","16":"purchasable","17":"product-type-variable","18":"has-default-attributes"},"_links":{"self":[{"href":"https:\/\/www.headshop.nl\/pl\/wp-json\/wp\/v2\/product\/41610","targetHints":{"allow":["GET"]}}],"collection":[{"href":"https:\/\/www.headshop.nl\/pl\/wp-json\/wp\/v2\/product"}],"about":[{"href":"https:\/\/www.headshop.nl\/pl\/wp-json\/wp\/v2\/types\/product"}],"wp:featuredmedia":[{"embeddable":true,"href":"https:\/\/www.headshop.nl\/pl\/wp-json\/wp\/v2\/media\/45015"}],"wp:attachment":[{"href":"https:\/\/www.headshop.nl\/pl\/wp-json\/wp\/v2\/media?parent=41610"}],"wp:term":[{"taxonomy":"product_brand","embeddable":true,"href":"https:\/\/www.headshop.nl\/pl\/wp-json\/wp\/v2\/product_brand?post=41610"},{"taxonomy":"product_cat","embeddable":true,"href":"https:\/\/www.headshop.nl\/pl\/wp-json\/wp\/v2\/product_cat?post=41610"},{"taxonomy":"product_tag","embeddable":true,"href":"https:\/\/www.headshop.nl\/pl\/wp-json\/wp\/v2\/product_tag?post=41610"}],"curies":[{"name":"wp","href":"https:\/\/api.w.org\/{rel}","templated":true}]}}